{"id":94,"date":"2014-12-01T15:46:50","date_gmt":"2014-12-01T15:46:50","guid":{"rendered":"https:\/\/www.tournus.com\/?page_id=94"},"modified":"2025-02-25T13:53:06","modified_gmt":"2025-02-25T12:53:06","slug":"unsere-mittel","status":"publish","type":"page","link":"https:\/\/www.tournus.com\/de\/unser-unternehmen\/unsere-mittel\/","title":{"rendered":"Unsere Mittel"},"content":{"rendered":"\t\t<div data-elementor-type=\"wp-post\" data-elementor-id=\"94\" class=\"elementor elementor-94\" data-elementor-post-type=\"page\">\n\t\t\t\t\t\t<section class=\"elementor-section elementor-top-section elementor-element elementor-element-1198711f elementor-section-full_width elementor-section-height-default elementor-section-height-default\" data-id=\"1198711f\" data-element_type=\"section\" data-e-type=\"section\">\n\t\t\t\t\t\t<div class=\"elementor-container elementor-column-gap-default\">\n\t\t\t\t\t<div class=\"elementor-column elementor-col-100 elementor-top-column elementor-element elementor-element-70e1172e\" data-id=\"70e1172e\" data-element_type=\"column\" data-e-type=\"column\">\n\t\t\t<div class=\"elementor-widget-wrap elementor-element-populated\">\n\t\t\t\t\t\t<section class=\"elementor-section elementor-inner-section elementor-element elementor-element-c13ab57 elementor-section-full_width elementor-section-height-default elementor-section-height-default\" data-id=\"c13ab57\" data-element_type=\"section\" data-e-type=\"section\">\n\t\t\t\t\t\t<div class=\"elementor-container elementor-column-gap-default\">\n\t\t\t\t\t<div class=\"elementor-column elementor-col-50 elementor-inner-column elementor-element elementor-element-9cb3c17\" data-id=\"9cb3c17\" data-element_type=\"column\" data-e-type=\"column\">\n\t\t\t<div class=\"elementor-widget-wrap elementor-element-populated\">\n\t\t\t\t\t\t<div class=\"elementor-element elementor-element-c03c7f5 elementor-widget elementor-widget-image\" data-id=\"c03c7f5\" data-element_type=\"widget\" data-e-type=\"widget\" data-widget_type=\"image.default\">\n\t\t\t\t<div class=\"elementor-widget-container\">\n\t\t\t\t\t\t\t\t\t\t\t\t\t\t\t<img fetchpriority=\"high\" decoding=\"async\" width=\"600\" height=\"600\" src=\"https:\/\/www.tournus.com\/de\/wp-content\/uploads\/sites\/4\/2014\/12\/les-moyens-1-tournus.jpg\" class=\"attachment-full size-full wp-image-2865\" alt=\"\" srcset=\"https:\/\/www.tournus.com\/de\/wp-content\/uploads\/sites\/4\/2014\/12\/les-moyens-1-tournus.jpg 600w, https:\/\/www.tournus.com\/de\/wp-content\/uploads\/sites\/4\/2014\/12\/les-moyens-1-tournus-300x300.jpg 300w, https:\/\/www.tournus.com\/de\/wp-content\/uploads\/sites\/4\/2014\/12\/les-moyens-1-tournus-150x150.jpg 150w\" sizes=\"(max-width: 600px) 100vw, 600px\" \/>\t\t\t\t\t\t\t\t\t\t\t\t\t\t\t<\/div>\n\t\t\t\t<\/div>\n\t\t\t\t\t<\/div>\n\t\t<\/div>\n\t\t\t\t<div class=\"elementor-column elementor-col-50 elementor-inner-column elementor-element elementor-element-19acbfc\" data-id=\"19acbfc\" data-element_type=\"column\" data-e-type=\"column\">\n\t\t\t<div class=\"elementor-widget-wrap elementor-element-populated\">\n\t\t\t\t\t\t<div class=\"elementor-element elementor-element-41514904 elementor-widget elementor-widget-text-editor\" data-id=\"41514904\" data-element_type=\"widget\" data-e-type=\"widget\" data-widget_type=\"text-editor.default\">\n\t\t\t\t<div class=\"elementor-widget-container\">\n\t\t\t\t\t\t\t\t\t<h2>Industrielle Erfahrung<\/h2><ul><li><strong>Gegr\u00fcndet im Jahr 1910:<\/strong> 114 Jahre Erfahrung im Dienst der Gro\u00dfk\u00fcchen<\/li><li>Werk mit <strong>22.000 m\u00b2 \u00fcberdachter<\/strong> Fl\u00e4che<\/li><li><strong>3500 Tonnen<\/strong> Metall werden j\u00e4hrlich verarbeitet<\/li><li><strong>5500 Angebote<\/strong> f\u00fcr komplette Installationen pro Jahr<\/li><li>Zwei <strong>vollautomatische<\/strong> Plattenbearbeitungslinien<\/li><li><strong>Werkst\u00e4tten<\/strong> f\u00fcr Sonderanfertigungen<\/li><li><strong>100.000 Pakete<\/strong> werden j\u00e4hrlich versendet<\/li><\/ul>\t\t\t\t\t\t\t\t<\/div>\n\t\t\t\t<\/div>\n\t\t\t\t\t<\/div>\n\t\t<\/div>\n\t\t\t\t\t<\/div>\n\t\t<\/section>\n\t\t\t\t<section class=\"elementor-section elementor-inner-section elementor-element elementor-element-87d6ebb elementor-section-full_width elementor-section-height-default elementor-section-height-default\" data-id=\"87d6ebb\" data-element_type=\"section\" data-e-type=\"section\">\n\t\t\t\t\t\t<div class=\"elementor-container elementor-column-gap-default\">\n\t\t\t\t\t<div class=\"elementor-column elementor-col-50 elementor-inner-column elementor-element elementor-element-83a4239\" data-id=\"83a4239\" data-element_type=\"column\" data-e-type=\"column\">\n\t\t\t<div class=\"elementor-widget-wrap elementor-element-populated\">\n\t\t\t\t\t\t<div class=\"elementor-element elementor-element-1b14676 elementor-widget elementor-widget-image\" data-id=\"1b14676\" data-element_type=\"widget\" data-e-type=\"widget\" data-widget_type=\"image.default\">\n\t\t\t\t<div class=\"elementor-widget-container\">\n\t\t\t\t\t\t\t\t\t\t\t\t\t\t\t<img decoding=\"async\" width=\"600\" height=\"600\" src=\"https:\/\/www.tournus.com\/de\/wp-content\/uploads\/sites\/4\/2014\/12\/les-moyens-2-tournus.jpg\" class=\"attachment-full size-full wp-image-2866\" alt=\"\" srcset=\"https:\/\/www.tournus.com\/de\/wp-content\/uploads\/sites\/4\/2014\/12\/les-moyens-2-tournus.jpg 600w, https:\/\/www.tournus.com\/de\/wp-content\/uploads\/sites\/4\/2014\/12\/les-moyens-2-tournus-300x300.jpg 300w, https:\/\/www.tournus.com\/de\/wp-content\/uploads\/sites\/4\/2014\/12\/les-moyens-2-tournus-150x150.jpg 150w\" sizes=\"(max-width: 600px) 100vw, 600px\" \/>\t\t\t\t\t\t\t\t\t\t\t\t\t\t\t<\/div>\n\t\t\t\t<\/div>\n\t\t\t\t\t<\/div>\n\t\t<\/div>\n\t\t\t\t<div class=\"elementor-column elementor-col-50 elementor-inner-column elementor-element elementor-element-876c5b1\" data-id=\"876c5b1\" data-element_type=\"column\" data-e-type=\"column\">\n\t\t\t<div class=\"elementor-widget-wrap elementor-element-populated\">\n\t\t\t\t\t\t<div class=\"elementor-element elementor-element-9b8012f elementor-widget elementor-widget-text-editor\" data-id=\"9b8012f\" data-element_type=\"widget\" data-e-type=\"widget\" data-widget_type=\"text-editor.default\">\n\t\t\t\t<div class=\"elementor-widget-container\">\n\t\t\t\t\t\t\t\t\t<h2>Optimale Reaktionsf\u00e4higkeit<\/h2><ul><li class=\"p1\"><strong>Produkte entworfen und hergestellt in Tournus:<\/strong> dies erleichtert den Austausch, f\u00f6rdert die Teamzusammenarbeit und verk\u00fcrzt die Lieferzeiten.<\/li><li class=\"p1\"><strong>ISO 9001 Zertifizierung:<\/strong> Anerkennung unserer Qualit\u00e4t, vom Design bis zum Versand kontrolliert.<\/li><li class=\"p1\"><strong>ISO 50 001 Zertifizierung:<\/strong> Kontrolle des Energieverbrauchs<\/li><li class=\"p1\"><strong>R\u00fcckverfolgbarkeit:<\/strong> Tournus beh\u00e4lt das Ged\u00e4chtnis jedes hergestellten Produkts.<\/li><li class=\"p1\"><strong>Versand innerhalb von 48 Stunden:<\/strong> 65% der Produkte sind auf Lager verf\u00fcgbar<\/li><\/ul>\t\t\t\t\t\t\t\t<\/div>\n\t\t\t\t<\/div>\n\t\t\t\t\t<\/div>\n\t\t<\/div>\n\t\t\t\t\t<\/div>\n\t\t<\/section>\n\t\t\t\t<section class=\"elementor-section elementor-inner-section elementor-element elementor-element-1bb1aa0 elementor-section-full_width elementor-section-height-default elementor-section-height-default\" data-id=\"1bb1aa0\" data-element_type=\"section\" data-e-type=\"section\">\n\t\t\t\t\t\t<div class=\"elementor-container elementor-column-gap-default\">\n\t\t\t\t\t<div class=\"elementor-column elementor-col-50 elementor-inner-column elementor-element elementor-element-c2ad7d6\" data-id=\"c2ad7d6\" data-element_type=\"column\" data-e-type=\"column\">\n\t\t\t<div class=\"elementor-widget-wrap elementor-element-populated\">\n\t\t\t\t\t\t<div class=\"elementor-element elementor-element-aa83a09 elementor-widget elementor-widget-image\" data-id=\"aa83a09\" data-element_type=\"widget\" data-e-type=\"widget\" data-widget_type=\"image.default\">\n\t\t\t\t<div class=\"elementor-widget-container\">\n\t\t\t\t\t\t\t\t\t\t\t\t\t\t\t<img decoding=\"async\" width=\"600\" height=\"600\" src=\"https:\/\/www.tournus.com\/de\/wp-content\/uploads\/sites\/4\/2014\/12\/les-moyens-3-tournus.jpg\" class=\"attachment-full size-full wp-image-2867\" alt=\"Nos moyens\" srcset=\"https:\/\/www.tournus.com\/de\/wp-content\/uploads\/sites\/4\/2014\/12\/les-moyens-3-tournus.jpg 600w, https:\/\/www.tournus.com\/de\/wp-content\/uploads\/sites\/4\/2014\/12\/les-moyens-3-tournus-300x300.jpg 300w, https:\/\/www.tournus.com\/de\/wp-content\/uploads\/sites\/4\/2014\/12\/les-moyens-3-tournus-150x150.jpg 150w\" sizes=\"(max-width: 600px) 100vw, 600px\" \/>\t\t\t\t\t\t\t\t\t\t\t\t\t\t\t<\/div>\n\t\t\t\t<\/div>\n\t\t\t\t\t<\/div>\n\t\t<\/div>\n\t\t\t\t<div class=\"elementor-column elementor-col-50 elementor-inner-column elementor-element elementor-element-8fc7fae\" data-id=\"8fc7fae\" data-element_type=\"column\" data-e-type=\"column\">\n\t\t\t<div class=\"elementor-widget-wrap elementor-element-populated\">\n\t\t\t\t\t\t<div class=\"elementor-element elementor-element-96acb22 elementor-widget elementor-widget-text-editor\" data-id=\"96acb22\" data-element_type=\"widget\" data-e-type=\"widget\" data-widget_type=\"text-editor.default\">\n\t\t\t\t<div class=\"elementor-widget-container\">\n\t\t\t\t\t\t\t\t\t<h2>Breites Produktsortiment<\/h2><ul><li><strong>5200 Artikel:<\/strong> Tournus bietet die M\u00f6glichkeit, mit nur einem Ansprechpartner f\u00fcr Edelstahl-Chargen und Buffetl\u00f6sungen f\u00fcr Lagerung, Zubereitung und Verteilung zu arbeiten.<\/li><\/ul>\t\t\t\t\t\t\t\t<\/div>\n\t\t\t\t<\/div>\n\t\t\t\t<div class=\"elementor-element elementor-element-2e1f4b43 elementor-widget elementor-widget-button\" data-id=\"2e1f4b43\" data-element_type=\"widget\" data-e-type=\"widget\" data-widget_type=\"button.default\">\n\t\t\t\t<div class=\"elementor-widget-container\">\n\t\t\t\t\t\t\t\t\t<div class=\"elementor-button-wrapper\">\n\t\t\t\t\t<a class=\"elementor-button elementor-button-link elementor-size-sm\" href=\"https:\/\/www.tournus.com\/de\/wp-content\/uploads\/sites\/4\/2025\/02\/Tournus-100-engagement.pdf\" target=\"_blank\">\n\t\t\t\t\t\t<span class=\"elementor-button-content-wrapper\">\n\t\t\t\t\t\t<span class=\"elementor-button-icon\">\n\t\t\t\t<i aria-hidden=\"true\" class=\"fas fa-paperclip\"><\/i>\t\t\t<\/span>\n\t\t\t\t\t\t\t\t\t<span class=\"elementor-button-text\">Firmenbrosch\u00fcre<\/span>\n\t\t\t\t\t<\/span>\n\t\t\t\t\t<\/a>\n\t\t\t\t<\/div>\n\t\t\t\t\t\t\t\t<\/div>\n\t\t\t\t<\/div>\n\t\t\t\t\t<\/div>\n\t\t<\/div>\n\t\t\t\t\t<\/div>\n\t\t<\/section>\n\t\t\t\t\t<\/div>\n\t\t<\/div>\n\t\t\t\t\t<\/div>\n\t\t<\/section>\n\t\t\t\t<\/div>\n\t\t","protected":false},"excerpt":{"rendered":"<p>Industrielle Erfahrung Gegr\u00fcndet im Jahr 1910: 114 Jahre Erfahrung im Dienst der Gro\u00dfk\u00fcchen Werk mit 22.000 m\u00b2 \u00fcberdachter Fl\u00e4che 3500 Tonnen Metall werden j\u00e4hrlich verarbeitet 5500 Angebote f\u00fcr komplette Installationen pro Jahr Zwei vollautomatische Plattenbearbeitungslinien Werkst\u00e4tten f\u00fcr Sonderanfertigungen 100.000 Pakete werden j\u00e4hrlich versendet Optimale Reaktionsf\u00e4higkeit Produkte entworfen und hergestellt in Tournus: dies erleichtert den Austausch, [&hellip;]<\/p>\n","protected":false},"author":1,"featured_media":0,"parent":26,"menu_order":20,"comment_status":"closed","ping_status":"closed","template":"","meta":{"footnotes":""},"class_list":["post-94","page","type-page","status-publish","hentry"],"yoast_head":"<!-- This site is optimized with the Yoast SEO plugin v27.3 - https:\/\/yoast.com\/product\/yoast-seo-wordpress\/ -->\n<title>Unsere Mittel - Tournus Equipement DE<\/title>\n<meta name=\"description\" content=\"Entdecken Sie die von Tournus \u00c9quipement eingesetzten Mittel zur Entwicklung professioneller Edelstahlk\u00fcchenausstattungen.\" \/>\n<meta name=\"robots\" content=\"index, follow, max-snippet:-1, max-image-preview:large, max-video-preview:-1\" \/>\n<link rel=\"canonical\" href=\"https:\/\/www.tournus.com\/de\/unser-unternehmen\/unsere-mittel\/\" \/>\n<meta property=\"og:locale\" content=\"fr_FR\" \/>\n<meta property=\"og:type\" content=\"article\" \/>\n<meta property=\"og:title\" content=\"Unsere Mittel - Tournus Equipement DE\" \/>\n<meta property=\"og:description\" content=\"Entdecken Sie die von Tournus \u00c9quipement eingesetzten Mittel zur Entwicklung professioneller Edelstahlk\u00fcchenausstattungen.\" \/>\n<meta property=\"og:url\" content=\"https:\/\/www.tournus.com\/de\/unser-unternehmen\/unsere-mittel\/\" \/>\n<meta property=\"og:site_name\" content=\"Tournus Equipement DE\" \/>\n<meta property=\"article:publisher\" content=\"https:\/\/www.facebook.com\/tournusfr\" \/>\n<meta property=\"article:modified_time\" content=\"2025-02-25T12:53:06+00:00\" \/>\n<meta property=\"og:image\" content=\"https:\/\/www.tournus.com\/de\/wp-content\/uploads\/sites\/4\/2014\/12\/les-moyens-1-tournus.jpg\" \/>\n\t<meta property=\"og:image:width\" content=\"600\" \/>\n\t<meta property=\"og:image:height\" content=\"600\" \/>\n\t<meta property=\"og:image:type\" content=\"image\/jpeg\" \/>\n<meta name=\"twitter:card\" content=\"summary_large_image\" \/>\n<meta name=\"twitter:label1\" content=\"Dur\u00e9e de lecture estim\u00e9e\" \/>\n\t<meta name=\"twitter:data1\" content=\"2 minutes\" \/>\n<script type=\"application\/ld+json\" class=\"yoast-schema-graph\">{\"@context\":\"https:\\\/\\\/schema.org\",\"@graph\":[{\"@type\":\"WebPage\",\"@id\":\"https:\\\/\\\/www.tournus.com\\\/de\\\/unser-unternehmen\\\/unsere-mittel\\\/\",\"url\":\"https:\\\/\\\/www.tournus.com\\\/de\\\/unser-unternehmen\\\/unsere-mittel\\\/\",\"name\":\"Unsere Mittel - Tournus Equipement DE\",\"isPartOf\":{\"@id\":\"https:\\\/\\\/www.tournus.com\\\/de\\\/#website\"},\"primaryImageOfPage\":{\"@id\":\"https:\\\/\\\/www.tournus.com\\\/de\\\/unser-unternehmen\\\/unsere-mittel\\\/#primaryimage\"},\"image\":{\"@id\":\"https:\\\/\\\/www.tournus.com\\\/de\\\/unser-unternehmen\\\/unsere-mittel\\\/#primaryimage\"},\"thumbnailUrl\":\"https:\\\/\\\/www.tournus.com\\\/de\\\/wp-content\\\/uploads\\\/sites\\\/4\\\/2014\\\/12\\\/les-moyens-1-tournus.jpg\",\"datePublished\":\"2014-12-01T15:46:50+00:00\",\"dateModified\":\"2025-02-25T12:53:06+00:00\",\"description\":\"Entdecken Sie die von Tournus \u00c9quipement eingesetzten Mittel zur Entwicklung professioneller Edelstahlk\u00fcchenausstattungen.\",\"breadcrumb\":{\"@id\":\"https:\\\/\\\/www.tournus.com\\\/de\\\/unser-unternehmen\\\/unsere-mittel\\\/#breadcrumb\"},\"inLanguage\":\"fr-FR\",\"potentialAction\":[{\"@type\":\"ReadAction\",\"target\":[\"https:\\\/\\\/www.tournus.com\\\/de\\\/unser-unternehmen\\\/unsere-mittel\\\/\"]}]},{\"@type\":\"ImageObject\",\"inLanguage\":\"fr-FR\",\"@id\":\"https:\\\/\\\/www.tournus.com\\\/de\\\/unser-unternehmen\\\/unsere-mittel\\\/#primaryimage\",\"url\":\"https:\\\/\\\/www.tournus.com\\\/de\\\/wp-content\\\/uploads\\\/sites\\\/4\\\/2014\\\/12\\\/les-moyens-1-tournus.jpg\",\"contentUrl\":\"https:\\\/\\\/www.tournus.com\\\/de\\\/wp-content\\\/uploads\\\/sites\\\/4\\\/2014\\\/12\\\/les-moyens-1-tournus.jpg\",\"width\":600,\"height\":600},{\"@type\":\"BreadcrumbList\",\"@id\":\"https:\\\/\\\/www.tournus.com\\\/de\\\/unser-unternehmen\\\/unsere-mittel\\\/#breadcrumb\",\"itemListElement\":[{\"@type\":\"ListItem\",\"position\":1,\"name\":\"Startseite\",\"item\":\"https:\\\/\\\/www.tournus.com\\\/de\\\/\"},{\"@type\":\"ListItem\",\"position\":2,\"name\":\"Unser Unternehmen\",\"item\":\"https:\\\/\\\/www.tournus.com\\\/de\\\/unser-unternehmen\\\/\"},{\"@type\":\"ListItem\",\"position\":3,\"name\":\"Unsere Mittel\"}]},{\"@type\":\"WebSite\",\"@id\":\"https:\\\/\\\/www.tournus.com\\\/de\\\/#website\",\"url\":\"https:\\\/\\\/www.tournus.com\\\/de\\\/\",\"name\":\"Tournus Equipement DE\",\"description\":\"Fabricant Fran\u00e7ais pour la restauration &amp; le commerce alimentaire\",\"potentialAction\":[{\"@type\":\"SearchAction\",\"target\":{\"@type\":\"EntryPoint\",\"urlTemplate\":\"https:\\\/\\\/www.tournus.com\\\/de\\\/?s={search_term_string}\"},\"query-input\":{\"@type\":\"PropertyValueSpecification\",\"valueRequired\":true,\"valueName\":\"search_term_string\"}}],\"inLanguage\":\"fr-FR\"}]}<\/script>\n<!-- \/ Yoast SEO plugin. -->","yoast_head_json":{"title":"Unsere Mittel - Tournus Equipement DE","description":"Entdecken Sie die von Tournus \u00c9quipement eingesetzten Mittel zur Entwicklung professioneller Edelstahlk\u00fcchenausstattungen.","robots":{"index":"index","follow":"follow","max-snippet":"max-snippet:-1","max-image-preview":"max-image-preview:large","max-video-preview":"max-video-preview:-1"},"canonical":"https:\/\/www.tournus.com\/de\/unser-unternehmen\/unsere-mittel\/","og_locale":"fr_FR","og_type":"article","og_title":"Unsere Mittel - Tournus Equipement DE","og_description":"Entdecken Sie die von Tournus \u00c9quipement eingesetzten Mittel zur Entwicklung professioneller Edelstahlk\u00fcchenausstattungen.","og_url":"https:\/\/www.tournus.com\/de\/unser-unternehmen\/unsere-mittel\/","og_site_name":"Tournus Equipement DE","article_publisher":"https:\/\/www.facebook.com\/tournusfr","article_modified_time":"2025-02-25T12:53:06+00:00","og_image":[{"width":600,"height":600,"url":"https:\/\/www.tournus.com\/de\/wp-content\/uploads\/sites\/4\/2014\/12\/les-moyens-1-tournus.jpg","type":"image\/jpeg"}],"twitter_card":"summary_large_image","twitter_misc":{"Dur\u00e9e de lecture estim\u00e9e":"2 minutes"},"schema":{"@context":"https:\/\/schema.org","@graph":[{"@type":"WebPage","@id":"https:\/\/www.tournus.com\/de\/unser-unternehmen\/unsere-mittel\/","url":"https:\/\/www.tournus.com\/de\/unser-unternehmen\/unsere-mittel\/","name":"Unsere Mittel - Tournus Equipement DE","isPartOf":{"@id":"https:\/\/www.tournus.com\/de\/#website"},"primaryImageOfPage":{"@id":"https:\/\/www.tournus.com\/de\/unser-unternehmen\/unsere-mittel\/#primaryimage"},"image":{"@id":"https:\/\/www.tournus.com\/de\/unser-unternehmen\/unsere-mittel\/#primaryimage"},"thumbnailUrl":"https:\/\/www.tournus.com\/de\/wp-content\/uploads\/sites\/4\/2014\/12\/les-moyens-1-tournus.jpg","datePublished":"2014-12-01T15:46:50+00:00","dateModified":"2025-02-25T12:53:06+00:00","description":"Entdecken Sie die von Tournus \u00c9quipement eingesetzten Mittel zur Entwicklung professioneller Edelstahlk\u00fcchenausstattungen.","breadcrumb":{"@id":"https:\/\/www.tournus.com\/de\/unser-unternehmen\/unsere-mittel\/#breadcrumb"},"inLanguage":"fr-FR","potentialAction":[{"@type":"ReadAction","target":["https:\/\/www.tournus.com\/de\/unser-unternehmen\/unsere-mittel\/"]}]},{"@type":"ImageObject","inLanguage":"fr-FR","@id":"https:\/\/www.tournus.com\/de\/unser-unternehmen\/unsere-mittel\/#primaryimage","url":"https:\/\/www.tournus.com\/de\/wp-content\/uploads\/sites\/4\/2014\/12\/les-moyens-1-tournus.jpg","contentUrl":"https:\/\/www.tournus.com\/de\/wp-content\/uploads\/sites\/4\/2014\/12\/les-moyens-1-tournus.jpg","width":600,"height":600},{"@type":"BreadcrumbList","@id":"https:\/\/www.tournus.com\/de\/unser-unternehmen\/unsere-mittel\/#breadcrumb","itemListElement":[{"@type":"ListItem","position":1,"name":"Startseite","item":"https:\/\/www.tournus.com\/de\/"},{"@type":"ListItem","position":2,"name":"Unser Unternehmen","item":"https:\/\/www.tournus.com\/de\/unser-unternehmen\/"},{"@type":"ListItem","position":3,"name":"Unsere Mittel"}]},{"@type":"WebSite","@id":"https:\/\/www.tournus.com\/de\/#website","url":"https:\/\/www.tournus.com\/de\/","name":"Tournus Equipement DE","description":"Fabricant Fran\u00e7ais pour la restauration &amp; le commerce alimentaire","potentialAction":[{"@type":"SearchAction","target":{"@type":"EntryPoint","urlTemplate":"https:\/\/www.tournus.com\/de\/?s={search_term_string}"},"query-input":{"@type":"PropertyValueSpecification","valueRequired":true,"valueName":"search_term_string"}}],"inLanguage":"fr-FR"}]}},"_links":{"self":[{"href":"https:\/\/www.tournus.com\/de\/wp-json\/wp\/v2\/pages\/94","targetHints":{"allow":["GET"]}}],"collection":[{"href":"https:\/\/www.tournus.com\/de\/wp-json\/wp\/v2\/pages"}],"about":[{"href":"https:\/\/www.tournus.com\/de\/wp-json\/wp\/v2\/types\/page"}],"author":[{"embeddable":true,"href":"https:\/\/www.tournus.com\/de\/wp-json\/wp\/v2\/users\/1"}],"replies":[{"embeddable":true,"href":"https:\/\/www.tournus.com\/de\/wp-json\/wp\/v2\/comments?post=94"}],"version-history":[{"count":15,"href":"https:\/\/www.tournus.com\/de\/wp-json\/wp\/v2\/pages\/94\/revisions"}],"predecessor-version":[{"id":16935,"href":"https:\/\/www.tournus.com\/de\/wp-json\/wp\/v2\/pages\/94\/revisions\/16935"}],"up":[{"embeddable":true,"href":"https:\/\/www.tournus.com\/de\/wp-json\/wp\/v2\/pages\/26"}],"wp:attachment":[{"href":"https:\/\/www.tournus.com\/de\/wp-json\/wp\/v2\/media?parent=94"}],"curies":[{"name":"wp","href":"https:\/\/api.w.org\/{rel}","templated":true}]}}