{"id":92,"date":"2014-12-01T15:46:16","date_gmt":"2014-12-01T15:46:16","guid":{"rendered":"https:\/\/www.tournus.com\/?page_id=92"},"modified":"2024-12-11T15:19:36","modified_gmt":"2024-12-11T14:19:36","slug":"unsere-geschichte","status":"publish","type":"page","link":"https:\/\/www.tournus.com\/de\/unser-unternehmen\/unsere-geschichte\/","title":{"rendered":"Unsere Geschichte"},"content":{"rendered":"\t\t<div data-elementor-type=\"wp-page\" data-elementor-id=\"92\" class=\"elementor elementor-92\" data-elementor-post-type=\"page\">\n\t\t\t\t\t\t<section class=\"elementor-section elementor-top-section elementor-element elementor-element-4a5c1d44 elementor-section-full_width elementor-section-height-default elementor-section-height-default\" data-id=\"4a5c1d44\" data-element_type=\"section\" data-e-type=\"section\">\n\t\t\t\t\t\t<div class=\"elementor-container elementor-column-gap-default\">\n\t\t\t\t\t<div class=\"elementor-column elementor-col-50 elementor-top-column elementor-element elementor-element-50b07b9a\" data-id=\"50b07b9a\" data-element_type=\"column\" data-e-type=\"column\">\n\t\t\t<div class=\"elementor-widget-wrap elementor-element-populated\">\n\t\t\t\t\t\t<div class=\"elementor-element elementor-element-14c85cc elementor-widget elementor-widget-image\" data-id=\"14c85cc\" data-element_type=\"widget\" data-e-type=\"widget\" data-widget_type=\"image.default\">\n\t\t\t\t<div class=\"elementor-widget-container\">\n\t\t\t\t\t\t\t\t\t\t\t\t\t\t\t<img fetchpriority=\"high\" decoding=\"async\" width=\"600\" height=\"375\" src=\"https:\/\/www.tournus.com\/de\/wp-content\/uploads\/sites\/4\/2014\/12\/1910bis-e1635513869564.jpg\" class=\"attachment-full size-full wp-image-2857\" alt=\"\" srcset=\"https:\/\/www.tournus.com\/de\/wp-content\/uploads\/sites\/4\/2014\/12\/1910bis-e1635513869564.jpg 600w, https:\/\/www.tournus.com\/de\/wp-content\/uploads\/sites\/4\/2014\/12\/1910bis-e1635513869564-300x188.jpg 300w\" sizes=\"(max-width: 600px) 100vw, 600px\" \/>\t\t\t\t\t\t\t\t\t\t\t\t\t\t\t<\/div>\n\t\t\t\t<\/div>\n\t\t\t\t<div class=\"elementor-element elementor-element-7b4676e elementor-widget elementor-widget-image\" data-id=\"7b4676e\" data-element_type=\"widget\" data-e-type=\"widget\" data-widget_type=\"image.default\">\n\t\t\t\t<div class=\"elementor-widget-container\">\n\t\t\t\t\t\t\t\t\t\t\t\t\t\t\t<img decoding=\"async\" width=\"600\" height=\"600\" src=\"https:\/\/www.tournus.com\/de\/wp-content\/uploads\/sites\/4\/2014\/12\/1950-tournus.jpg\" class=\"attachment-full size-full wp-image-2859\" alt=\"\" srcset=\"https:\/\/www.tournus.com\/de\/wp-content\/uploads\/sites\/4\/2014\/12\/1950-tournus.jpg 600w, https:\/\/www.tournus.com\/de\/wp-content\/uploads\/sites\/4\/2014\/12\/1950-tournus-300x300.jpg 300w, https:\/\/www.tournus.com\/de\/wp-content\/uploads\/sites\/4\/2014\/12\/1950-tournus-150x150.jpg 150w\" sizes=\"(max-width: 600px) 100vw, 600px\" \/>\t\t\t\t\t\t\t\t\t\t\t\t\t\t\t<\/div>\n\t\t\t\t<\/div>\n\t\t\t\t<div class=\"elementor-element elementor-element-d6ee219 elementor-widget elementor-widget-image\" data-id=\"d6ee219\" data-element_type=\"widget\" data-e-type=\"widget\" data-widget_type=\"image.default\">\n\t\t\t\t<div class=\"elementor-widget-container\">\n\t\t\t\t\t\t\t\t\t\t\t\t\t\t\t<img decoding=\"async\" width=\"600\" height=\"444\" src=\"https:\/\/www.tournus.com\/de\/wp-content\/uploads\/sites\/4\/2014\/12\/1964-tournus-e1635514142247.jpg\" class=\"attachment-full size-full wp-image-2861\" alt=\"\" srcset=\"https:\/\/www.tournus.com\/de\/wp-content\/uploads\/sites\/4\/2014\/12\/1964-tournus-e1635514142247.jpg 600w, https:\/\/www.tournus.com\/de\/wp-content\/uploads\/sites\/4\/2014\/12\/1964-tournus-e1635514142247-300x222.jpg 300w\" sizes=\"(max-width: 600px) 100vw, 600px\" \/>\t\t\t\t\t\t\t\t\t\t\t\t\t\t\t<\/div>\n\t\t\t\t<\/div>\n\t\t\t\t\t<\/div>\n\t\t<\/div>\n\t\t\t\t<div class=\"elementor-column elementor-col-50 elementor-top-column elementor-element elementor-element-1671f2e\" data-id=\"1671f2e\" data-element_type=\"column\" data-e-type=\"column\">\n\t\t\t<div class=\"elementor-widget-wrap elementor-element-populated\">\n\t\t\t\t\t\t<div class=\"elementor-element elementor-element-576243dc elementor-widget elementor-widget-text-editor\" data-id=\"576243dc\" data-element_type=\"widget\" data-e-type=\"widget\" data-widget_type=\"text-editor.default\">\n\t\t\t\t<div class=\"elementor-widget-container\">\n\t\t\t\t\t\t\t\t\t<h2>1910<\/h2><p>Als die Reblauskrise die Rodung eines Gro\u00dfteils der lokalen Weinberge verursachte, gr\u00fcndeten Notabeln und Ingenieure im September 1910 die \u00ab\u00a0Manufacture M\u00e9tallurgique de Tournus\u00a0\u00bb zur Herstellung von Aluminiumprodukten. Der Bau des ersten Geb\u00e4udes wurde im Juni 1911 abgeschlossen. Bereits im ersten Jahr besch\u00e4ftigte das Unternehmen 40 Arbeiter.<\/p><h2>1932<\/h2><p>1932 stieg P\u00e9chiney ins Kapital des Unternehmens ein. Zahlreiche Innovationen, der Erwerb neuer Fertigkeiten wie das Tiefziehen und der Kauf neuer hydraulischer Pressen erm\u00f6glichten eine schnelle Gesch\u00e4ftsentwicklung. Das Unternehmen besch\u00e4ftigte 400 Personen, und Aluminium wurde zum Symbol des Wohlstands.<\/p><h2>1950<\/h2><p>Viele junge Menschen traten in das Unternehmen ein und brachten frischen Wind in die Fabrik. Die MMT, die mehr als 600 Mitarbeiter besch\u00e4ftigte, war inzwischen f\u00fcr die Qualit\u00e4t und Robustheit ihrer Produkte anerkannt. Die meisten Sendungen wurden per Bahn abgewickelt, und eine eigene Linie f\u00fchrte direkt in die Fabrik, um das Verladen der Produkte zu erleichtern.<\/p><h2>1964<\/h2><p>Eine neue Werkhalle wurde f\u00fcr die Abteilung \u00ab\u00a0Materialtransport\u00a0\u00bb gebaut, die Beh\u00e4lter, Isoliercontainer und Wagen f\u00fcr die Lebensmittelindustrie, den Fischhandel und die \u00f6ffentliche Hand herstellt: dies ist der Ursprung von Tournus Equipement. Das Unternehmen begann, Edelstahl f\u00fcr seine Produkte zu verwenden.<\/p><h2>1991<\/h2><p>In den 1980er Jahren wurde die MMT zun\u00e4chst von Vivalp und dann von Terraillon \u00fcbernommen. 1991 wurde Tournus Equipement an einen Lyoner Aktion\u00e4r, Herrn Ren\u00e9 Aldeguer, der auch Eigent\u00fcmer der Morice-Herde war, verkauft. Die Gesch\u00e4ftsentwicklung wurde klar auf Edelstahleinrichtungen f\u00fcr Gro\u00dfk\u00fcchen und Selbstbedienungslinien ausgerichtet.<\/p><h2>2010<\/h2><p>Qualium (Gruppe Caisse des D\u00e9p\u00f4ts) wurde Mehrheitsaktion\u00e4r von Tournus Equipement. Wichtige Investitionen und die st\u00e4ndige Einf\u00fchrung neuer Produkte positionieren Tournus Equipement heute als f\u00fchrend in Frankreich im Bereich Edelstahlumgebungen f\u00fcr Gro\u00dfk\u00fcchen und Fischverkaufsst\u00e4nde.<\/p><h2>2013<\/h2><p>Qualium \u00fcbergab Tournus Equipement an sein Managementteam, das sich mit MML Capital, UI Gestion und Bpifrance (\u00d6ffentliche Investitionsbank) zusammenschloss. Die Gesch\u00e4ftsf\u00fchrung h\u00e4lt die Mehrheit des Kapitals. Ein neues Abenteuer beginnt f\u00fcr Tournus Equipement, das das Unternehmen dazu f\u00fchrt, seine Rolle als wichtiger Akteur in Frankreich zu st\u00e4rken und sich international weiterzuentwickeln.<\/p><h2>2016<\/h2><p>Tournus Equipement beschleunigt sein Wachstum durch den Erwerb des britischen Unternehmens Catering Equipment Design, das \u00fcber einen anerkannten Katalog und technische sowie kommerzielle Expertise im Bereich Schnellgastronomie und Take-away sowie f\u00fcr ma\u00dfgeschneiderte Buffets zur Essensausgabe verf\u00fcgt.<\/p><h2>2024<\/h2><p>Heute sind die Gesch\u00e4ftsf\u00fchrer und die Mitarbeiteraktion\u00e4re mit Unigrains, Andera und Bpifrance verbunden und halten 68 % des Kapitals. Das Unternehmen st\u00e4rkt seine Rolle als bedeutender Akteur in Frankreich und setzt seine internationale Expansion fort.<\/p>\t\t\t\t\t\t\t\t<\/div>\n\t\t\t\t<\/div>\n\t\t\t\t\t<\/div>\n\t\t<\/div>\n\t\t\t\t\t<\/div>\n\t\t<\/section>\n\t\t\t\t<\/div>\n\t\t","protected":false},"excerpt":{"rendered":"<p>1910 Als die Reblauskrise die Rodung eines Gro\u00dfteils der lokalen Weinberge verursachte, gr\u00fcndeten Notabeln und Ingenieure im September 1910 die \u00ab\u00a0Manufacture M\u00e9tallurgique de Tournus\u00a0\u00bb zur Herstellung von Aluminiumprodukten. Der Bau des ersten Geb\u00e4udes wurde im Juni 1911 abgeschlossen. Bereits im ersten Jahr besch\u00e4ftigte das Unternehmen 40 Arbeiter. 1932 1932 stieg P\u00e9chiney ins Kapital des Unternehmens [&hellip;]<\/p>\n","protected":false},"author":1,"featured_media":0,"parent":26,"menu_order":10,"comment_status":"closed","ping_status":"closed","template":"","meta":{"footnotes":""},"class_list":["post-92","page","type-page","status-publish","hentry"],"yoast_head":"<!-- This site is optimized with the Yoast SEO plugin v27.3 - https:\/\/yoast.com\/product\/yoast-seo-wordpress\/ -->\n<title>Unsere Geschichte - Tournus Equipement DE<\/title>\n<meta name=\"description\" content=\"Tournus \u00c9quipement ist ein Profi in der Konzeption von Edelstahlk\u00fcchenausstattungen seit 1910.\" \/>\n<meta name=\"robots\" content=\"index, follow, max-snippet:-1, max-image-preview:large, max-video-preview:-1\" \/>\n<link rel=\"canonical\" href=\"https:\/\/www.tournus.com\/de\/unser-unternehmen\/unsere-geschichte\/\" \/>\n<meta property=\"og:locale\" content=\"fr_FR\" \/>\n<meta property=\"og:type\" content=\"article\" \/>\n<meta property=\"og:title\" content=\"Unsere Geschichte - Tournus Equipement DE\" \/>\n<meta property=\"og:description\" content=\"Tournus \u00c9quipement ist ein Profi in der Konzeption von Edelstahlk\u00fcchenausstattungen seit 1910.\" \/>\n<meta property=\"og:url\" content=\"https:\/\/www.tournus.com\/de\/unser-unternehmen\/unsere-geschichte\/\" \/>\n<meta property=\"og:site_name\" content=\"Tournus Equipement DE\" \/>\n<meta property=\"article:publisher\" content=\"https:\/\/www.facebook.com\/tournusfr\" \/>\n<meta property=\"article:modified_time\" content=\"2024-12-11T14:19:36+00:00\" \/>\n<meta property=\"og:image\" content=\"https:\/\/www.tournus.com\/de\/wp-content\/uploads\/sites\/4\/2014\/12\/1910bis-e1635513869564.jpg\" \/>\n<meta name=\"twitter:card\" content=\"summary_large_image\" \/>\n<meta name=\"twitter:label1\" content=\"Dur\u00e9e de lecture estim\u00e9e\" \/>\n\t<meta name=\"twitter:data1\" content=\"3 minutes\" \/>\n<script type=\"application\/ld+json\" class=\"yoast-schema-graph\">{\"@context\":\"https:\\\/\\\/schema.org\",\"@graph\":[{\"@type\":\"WebPage\",\"@id\":\"https:\\\/\\\/www.tournus.com\\\/de\\\/unser-unternehmen\\\/unsere-geschichte\\\/\",\"url\":\"https:\\\/\\\/www.tournus.com\\\/de\\\/unser-unternehmen\\\/unsere-geschichte\\\/\",\"name\":\"Unsere Geschichte - Tournus Equipement DE\",\"isPartOf\":{\"@id\":\"https:\\\/\\\/www.tournus.com\\\/de\\\/#website\"},\"primaryImageOfPage\":{\"@id\":\"https:\\\/\\\/www.tournus.com\\\/de\\\/unser-unternehmen\\\/unsere-geschichte\\\/#primaryimage\"},\"image\":{\"@id\":\"https:\\\/\\\/www.tournus.com\\\/de\\\/unser-unternehmen\\\/unsere-geschichte\\\/#primaryimage\"},\"thumbnailUrl\":\"https:\\\/\\\/www.tournus.com\\\/de\\\/wp-content\\\/uploads\\\/sites\\\/4\\\/2014\\\/12\\\/1910bis-e1635513869564.jpg\",\"datePublished\":\"2014-12-01T15:46:16+00:00\",\"dateModified\":\"2024-12-11T14:19:36+00:00\",\"description\":\"Tournus \u00c9quipement ist ein Profi in der Konzeption von Edelstahlk\u00fcchenausstattungen seit 1910.\",\"breadcrumb\":{\"@id\":\"https:\\\/\\\/www.tournus.com\\\/de\\\/unser-unternehmen\\\/unsere-geschichte\\\/#breadcrumb\"},\"inLanguage\":\"fr-FR\",\"potentialAction\":[{\"@type\":\"ReadAction\",\"target\":[\"https:\\\/\\\/www.tournus.com\\\/de\\\/unser-unternehmen\\\/unsere-geschichte\\\/\"]}]},{\"@type\":\"ImageObject\",\"inLanguage\":\"fr-FR\",\"@id\":\"https:\\\/\\\/www.tournus.com\\\/de\\\/unser-unternehmen\\\/unsere-geschichte\\\/#primaryimage\",\"url\":\"https:\\\/\\\/www.tournus.com\\\/de\\\/wp-content\\\/uploads\\\/sites\\\/4\\\/2014\\\/12\\\/1910bis-e1635513869564.jpg\",\"contentUrl\":\"https:\\\/\\\/www.tournus.com\\\/de\\\/wp-content\\\/uploads\\\/sites\\\/4\\\/2014\\\/12\\\/1910bis-e1635513869564.jpg\",\"width\":600,\"height\":375},{\"@type\":\"BreadcrumbList\",\"@id\":\"https:\\\/\\\/www.tournus.com\\\/de\\\/unser-unternehmen\\\/unsere-geschichte\\\/#breadcrumb\",\"itemListElement\":[{\"@type\":\"ListItem\",\"position\":1,\"name\":\"Startseite\",\"item\":\"https:\\\/\\\/www.tournus.com\\\/de\\\/\"},{\"@type\":\"ListItem\",\"position\":2,\"name\":\"Unser Unternehmen\",\"item\":\"https:\\\/\\\/www.tournus.com\\\/de\\\/unser-unternehmen\\\/\"},{\"@type\":\"ListItem\",\"position\":3,\"name\":\"Unsere Geschichte\"}]},{\"@type\":\"WebSite\",\"@id\":\"https:\\\/\\\/www.tournus.com\\\/de\\\/#website\",\"url\":\"https:\\\/\\\/www.tournus.com\\\/de\\\/\",\"name\":\"Tournus Equipement DE\",\"description\":\"Fabricant Fran\u00e7ais pour la restauration &amp; le commerce alimentaire\",\"potentialAction\":[{\"@type\":\"SearchAction\",\"target\":{\"@type\":\"EntryPoint\",\"urlTemplate\":\"https:\\\/\\\/www.tournus.com\\\/de\\\/?s={search_term_string}\"},\"query-input\":{\"@type\":\"PropertyValueSpecification\",\"valueRequired\":true,\"valueName\":\"search_term_string\"}}],\"inLanguage\":\"fr-FR\"}]}<\/script>\n<!-- \/ Yoast SEO plugin. -->","yoast_head_json":{"title":"Unsere Geschichte - Tournus Equipement DE","description":"Tournus \u00c9quipement ist ein Profi in der Konzeption von Edelstahlk\u00fcchenausstattungen seit 1910.","robots":{"index":"index","follow":"follow","max-snippet":"max-snippet:-1","max-image-preview":"max-image-preview:large","max-video-preview":"max-video-preview:-1"},"canonical":"https:\/\/www.tournus.com\/de\/unser-unternehmen\/unsere-geschichte\/","og_locale":"fr_FR","og_type":"article","og_title":"Unsere Geschichte - Tournus Equipement DE","og_description":"Tournus \u00c9quipement ist ein Profi in der Konzeption von Edelstahlk\u00fcchenausstattungen seit 1910.","og_url":"https:\/\/www.tournus.com\/de\/unser-unternehmen\/unsere-geschichte\/","og_site_name":"Tournus Equipement DE","article_publisher":"https:\/\/www.facebook.com\/tournusfr","article_modified_time":"2024-12-11T14:19:36+00:00","og_image":[{"url":"https:\/\/www.tournus.com\/de\/wp-content\/uploads\/sites\/4\/2014\/12\/1910bis-e1635513869564.jpg","type":"","width":"","height":""}],"twitter_card":"summary_large_image","twitter_misc":{"Dur\u00e9e de lecture estim\u00e9e":"3 minutes"},"schema":{"@context":"https:\/\/schema.org","@graph":[{"@type":"WebPage","@id":"https:\/\/www.tournus.com\/de\/unser-unternehmen\/unsere-geschichte\/","url":"https:\/\/www.tournus.com\/de\/unser-unternehmen\/unsere-geschichte\/","name":"Unsere Geschichte - Tournus Equipement DE","isPartOf":{"@id":"https:\/\/www.tournus.com\/de\/#website"},"primaryImageOfPage":{"@id":"https:\/\/www.tournus.com\/de\/unser-unternehmen\/unsere-geschichte\/#primaryimage"},"image":{"@id":"https:\/\/www.tournus.com\/de\/unser-unternehmen\/unsere-geschichte\/#primaryimage"},"thumbnailUrl":"https:\/\/www.tournus.com\/de\/wp-content\/uploads\/sites\/4\/2014\/12\/1910bis-e1635513869564.jpg","datePublished":"2014-12-01T15:46:16+00:00","dateModified":"2024-12-11T14:19:36+00:00","description":"Tournus \u00c9quipement ist ein Profi in der Konzeption von Edelstahlk\u00fcchenausstattungen seit 1910.","breadcrumb":{"@id":"https:\/\/www.tournus.com\/de\/unser-unternehmen\/unsere-geschichte\/#breadcrumb"},"inLanguage":"fr-FR","potentialAction":[{"@type":"ReadAction","target":["https:\/\/www.tournus.com\/de\/unser-unternehmen\/unsere-geschichte\/"]}]},{"@type":"ImageObject","inLanguage":"fr-FR","@id":"https:\/\/www.tournus.com\/de\/unser-unternehmen\/unsere-geschichte\/#primaryimage","url":"https:\/\/www.tournus.com\/de\/wp-content\/uploads\/sites\/4\/2014\/12\/1910bis-e1635513869564.jpg","contentUrl":"https:\/\/www.tournus.com\/de\/wp-content\/uploads\/sites\/4\/2014\/12\/1910bis-e1635513869564.jpg","width":600,"height":375},{"@type":"BreadcrumbList","@id":"https:\/\/www.tournus.com\/de\/unser-unternehmen\/unsere-geschichte\/#breadcrumb","itemListElement":[{"@type":"ListItem","position":1,"name":"Startseite","item":"https:\/\/www.tournus.com\/de\/"},{"@type":"ListItem","position":2,"name":"Unser Unternehmen","item":"https:\/\/www.tournus.com\/de\/unser-unternehmen\/"},{"@type":"ListItem","position":3,"name":"Unsere Geschichte"}]},{"@type":"WebSite","@id":"https:\/\/www.tournus.com\/de\/#website","url":"https:\/\/www.tournus.com\/de\/","name":"Tournus Equipement DE","description":"Fabricant Fran\u00e7ais pour la restauration &amp; le commerce alimentaire","potentialAction":[{"@type":"SearchAction","target":{"@type":"EntryPoint","urlTemplate":"https:\/\/www.tournus.com\/de\/?s={search_term_string}"},"query-input":{"@type":"PropertyValueSpecification","valueRequired":true,"valueName":"search_term_string"}}],"inLanguage":"fr-FR"}]}},"_links":{"self":[{"href":"https:\/\/www.tournus.com\/de\/wp-json\/wp\/v2\/pages\/92","targetHints":{"allow":["GET"]}}],"collection":[{"href":"https:\/\/www.tournus.com\/de\/wp-json\/wp\/v2\/pages"}],"about":[{"href":"https:\/\/www.tournus.com\/de\/wp-json\/wp\/v2\/types\/page"}],"author":[{"embeddable":true,"href":"https:\/\/www.tournus.com\/de\/wp-json\/wp\/v2\/users\/1"}],"replies":[{"embeddable":true,"href":"https:\/\/www.tournus.com\/de\/wp-json\/wp\/v2\/comments?post=92"}],"version-history":[{"count":15,"href":"https:\/\/www.tournus.com\/de\/wp-json\/wp\/v2\/pages\/92\/revisions"}],"predecessor-version":[{"id":15233,"href":"https:\/\/www.tournus.com\/de\/wp-json\/wp\/v2\/pages\/92\/revisions\/15233"}],"up":[{"embeddable":true,"href":"https:\/\/www.tournus.com\/de\/wp-json\/wp\/v2\/pages\/26"}],"wp:attachment":[{"href":"https:\/\/www.tournus.com\/de\/wp-json\/wp\/v2\/media?parent=92"}],"curies":[{"name":"wp","href":"https:\/\/api.w.org\/{rel}","templated":true}]}}