{"id":89,"date":"2014-12-01T15:45:04","date_gmt":"2014-12-01T15:45:04","guid":{"rendered":"https:\/\/www.tournus.com\/?page_id=89"},"modified":"2025-01-10T14:15:25","modified_gmt":"2025-01-10T13:15:25","slug":"abnahmeunterlagen","status":"publish","type":"page","link":"https:\/\/www.tournus.com\/de\/die-vorteile-von-tournus\/abnahmeunterlagen\/","title":{"rendered":"Abnahmeunterlagen"},"content":{"rendered":"\t\t<div data-elementor-type=\"wp-page\" data-elementor-id=\"89\" class=\"elementor elementor-89\" data-elementor-post-type=\"page\">\n\t\t\t\t\t\t<section class=\"elementor-section elementor-top-section elementor-element elementor-element-3f9cf9da elementor-section-full_width elementor-section-height-default elementor-section-height-default\" data-id=\"3f9cf9da\" data-element_type=\"section\" data-e-type=\"section\">\n\t\t\t\t\t\t<div class=\"elementor-container elementor-column-gap-default\">\n\t\t\t\t\t<div class=\"elementor-column elementor-col-100 elementor-top-column elementor-element elementor-element-5e50545f\" data-id=\"5e50545f\" data-element_type=\"column\" data-e-type=\"column\">\n\t\t\t<div class=\"elementor-widget-wrap elementor-element-populated\">\n\t\t\t\t\t\t<div class=\"elementor-element elementor-element-5243533c elementor-widget elementor-widget-text-editor\" data-id=\"5243533c\" data-element_type=\"widget\" data-e-type=\"widget\" data-widget_type=\"text-editor.default\">\n\t\t\t\t<div class=\"elementor-widget-container\">\n\t\t\t\t\t\t\t\t\t<p>Laden Sie die vollst\u00e4ndigen Abnahmeunterlagen f\u00fcr Ihre Baustellenauftr\u00e4ge herunter. Eine enorme Zeitersparnis!<\/p>\t\t\t\t\t\t\t\t<\/div>\n\t\t\t\t<\/div>\n\t\t\t\t\t<\/div>\n\t\t<\/div>\n\t\t\t\t\t<\/div>\n\t\t<\/section>\n\t\t\t\t<section class=\"elementor-section elementor-top-section elementor-element elementor-element-d833821 elementor-section-full_width elementor-section-height-default elementor-section-height-default\" data-id=\"d833821\" data-element_type=\"section\" data-e-type=\"section\">\n\t\t\t\t\t\t<div class=\"elementor-container elementor-column-gap-default\">\n\t\t\t\t\t<div class=\"elementor-column elementor-col-50 elementor-top-column elementor-element elementor-element-b080932\" data-id=\"b080932\" data-element_type=\"column\" data-e-type=\"column\">\n\t\t\t<div class=\"elementor-widget-wrap elementor-element-populated\">\n\t\t\t\t\t\t<div class=\"elementor-element elementor-element-e898471 elementor-widget elementor-widget-image\" data-id=\"e898471\" data-element_type=\"widget\" data-e-type=\"widget\" data-widget_type=\"image.default\">\n\t\t\t\t<div class=\"elementor-widget-container\">\n\t\t\t\t\t\t\t\t\t\t\t\t\t\t\t<img decoding=\"async\" src=\"https:\/\/www.tournus.com\/de\/wp-content\/uploads\/sites\/4\/elementor\/thumbs\/Umweltdokumentation-zum-Herunterladen-4-qzsxeyxl1o9ebjscuq3tcvwk6a9u3ea34qwgtrgutg.jpg\" title=\"Umweltdokumentation zum Herunterladen! (4)\" alt=\"Umweltdokumentation zum Herunterladen! (4)\" loading=\"lazy\" \/>\t\t\t\t\t\t\t\t\t\t\t\t\t\t\t<\/div>\n\t\t\t\t<\/div>\n\t\t\t\t<div class=\"elementor-element elementor-element-5c1cae09 elementor-widget elementor-widget-button\" data-id=\"5c1cae09\" data-element_type=\"widget\" data-e-type=\"widget\" data-widget_type=\"button.default\">\n\t\t\t\t<div class=\"elementor-widget-container\">\n\t\t\t\t\t\t\t\t\t<div class=\"elementor-button-wrapper\">\n\t\t\t\t\t<a class=\"elementor-button elementor-button-link elementor-size-sm\" href=\"https:\/\/partenaire.tournus.com\/de.html\" target=\"_blank\">\n\t\t\t\t\t\t<span class=\"elementor-button-content-wrapper\">\n\t\t\t\t\t\t<span class=\"elementor-button-icon\">\n\t\t\t\t<i aria-hidden=\"true\" class=\"fas fa-download\"><\/i>\t\t\t<\/span>\n\t\t\t\t\t\t\t\t\t<span class=\"elementor-button-text\">Um Ihre eigenen DOE herunterzuladen<\/span>\n\t\t\t\t\t<\/span>\n\t\t\t\t\t<\/a>\n\t\t\t\t<\/div>\n\t\t\t\t\t\t\t\t<\/div>\n\t\t\t\t<\/div>\n\t\t\t\t\t<\/div>\n\t\t<\/div>\n\t\t\t\t<div class=\"elementor-column elementor-col-50 elementor-top-column elementor-element elementor-element-ea72ac4\" data-id=\"ea72ac4\" data-element_type=\"column\" data-e-type=\"column\">\n\t\t\t<div class=\"elementor-widget-wrap elementor-element-populated\">\n\t\t\t\t\t\t<div class=\"elementor-element elementor-element-e2d1c39 elementor-widget elementor-widget-text-editor\" data-id=\"e2d1c39\" data-element_type=\"widget\" data-e-type=\"widget\" data-widget_type=\"text-editor.default\">\n\t\t\t\t<div class=\"elementor-widget-container\">\n\t\t\t\t\t\t\t\t\t<h2>Alle Informationen mit nur einem Klick<\/h2><p>Alle n\u00fctzlichen Informationen f\u00fcr Ihre Baustelle sind zusammengefasst: technische Datenbl\u00e4tter, Bedienungsanleitungen, Umweltzertifikate, Zertifikate, Einbaupl\u00e4ne, Ansichten\u2026<\/p><h2>Zwei Darstellungsmodi<\/h2><ul><li>Windows-Baumstruktur: Die pdf-Dateien sind nach den in Ihrer Bestellung angegebenen Kennzeichnungen geordnet.<\/li><li>PDF-Format: Eine einzige PDF-Datei fasst alle Seiten zusammen und erm\u00f6glicht den Druck aller dokumentbezogenen Seiten f\u00fcr Ihre Baustelle mit nur einem Klick.<\/li><\/ul><h2>Alle Dokumente sind geordnet und an einem Ort verf\u00fcgbar<\/h2><ul><li>Eine enorme Zeitersparnis<\/li><li>Die Informationen sind 6 Monate lang verf\u00fcgbar f\u00fcr alle Bestellungen mit 7 oder mehr Positionen<\/li><li>Das Drucken der Dokumente und die Zusammenstellung der Unterlagen werden erleichtert<\/li><li>Der D.O.E. besteht aus aktuellen Dokumenten<\/li><\/ul>\t\t\t\t\t\t\t\t<\/div>\n\t\t\t\t<\/div>\n\t\t\t\t\t<\/div>\n\t\t<\/div>\n\t\t\t\t\t<\/div>\n\t\t<\/section>\n\t\t\t\t<\/div>\n\t\t","protected":false},"excerpt":{"rendered":"<p>Laden Sie die vollst\u00e4ndigen Abnahmeunterlagen f\u00fcr Ihre Baustellenauftr\u00e4ge herunter. Eine enorme Zeitersparnis! Um Ihre eigenen DOE herunterzuladen Alle Informationen mit nur einem Klick Alle n\u00fctzlichen Informationen f\u00fcr Ihre Baustelle sind zusammengefasst: technische Datenbl\u00e4tter, Bedienungsanleitungen, Umweltzertifikate, Zertifikate, Einbaupl\u00e4ne, Ansichten\u2026 Zwei Darstellungsmodi Windows-Baumstruktur: Die pdf-Dateien sind nach den in Ihrer Bestellung angegebenen Kennzeichnungen geordnet. PDF-Format: Eine einzige [&hellip;]<\/p>\n","protected":false},"author":1,"featured_media":0,"parent":24,"menu_order":60,"comment_status":"closed","ping_status":"closed","template":"","meta":{"footnotes":""},"class_list":["post-89","page","type-page","status-publish","hentry"],"yoast_head":"<!-- This site is optimized with the Yoast SEO plugin v27.3 - https:\/\/yoast.com\/product\/yoast-seo-wordpress\/ -->\n<title>Abnahmeunterlagen - Tournus Equipement DE<\/title>\n<meta name=\"description\" content=\"Laden Sie die vollst\u00e4ndigen Abnahmeunterlagen f\u00fcr Ihre Baustellenauftr\u00e4ge herunter. Eine enorme Zeitersparnis! Um Ihre eigenen DOE herunterzuladen Alle\" \/>\n<meta name=\"robots\" content=\"index, follow, max-snippet:-1, max-image-preview:large, max-video-preview:-1\" \/>\n<link rel=\"canonical\" href=\"https:\/\/www.tournus.com\/de\/die-vorteile-von-tournus\/abnahmeunterlagen\/\" \/>\n<meta property=\"og:locale\" content=\"fr_FR\" \/>\n<meta property=\"og:type\" content=\"article\" \/>\n<meta property=\"og:title\" content=\"Abnahmeunterlagen - Tournus Equipement DE\" \/>\n<meta property=\"og:description\" content=\"Laden Sie die vollst\u00e4ndigen Abnahmeunterlagen f\u00fcr Ihre Baustellenauftr\u00e4ge herunter. Eine enorme Zeitersparnis! Um Ihre eigenen DOE herunterzuladen Alle\" \/>\n<meta property=\"og:url\" content=\"https:\/\/www.tournus.com\/de\/die-vorteile-von-tournus\/abnahmeunterlagen\/\" \/>\n<meta property=\"og:site_name\" content=\"Tournus Equipement DE\" \/>\n<meta property=\"article:publisher\" content=\"https:\/\/www.facebook.com\/tournusfr\" \/>\n<meta property=\"article:modified_time\" content=\"2025-01-10T13:15:25+00:00\" \/>\n<meta property=\"og:image\" content=\"https:\/\/www.tournus.com\/de\/wp-content\/uploads\/sites\/4\/elementor\/thumbs\/Umweltdokumentation-zum-Herunterladen-4-qzsxeyxl1o9ebjscuq3tcvwk6a9u3ea34qwgtrgutq.jpg\" \/>\n<meta name=\"twitter:card\" content=\"summary_large_image\" \/>\n<meta name=\"twitter:label1\" content=\"Dur\u00e9e de lecture estim\u00e9e\" \/>\n\t<meta name=\"twitter:data1\" content=\"1 minute\" \/>\n<script type=\"application\/ld+json\" class=\"yoast-schema-graph\">{\"@context\":\"https:\\\/\\\/schema.org\",\"@graph\":[{\"@type\":\"WebPage\",\"@id\":\"https:\\\/\\\/www.tournus.com\\\/de\\\/die-vorteile-von-tournus\\\/abnahmeunterlagen\\\/\",\"url\":\"https:\\\/\\\/www.tournus.com\\\/de\\\/die-vorteile-von-tournus\\\/abnahmeunterlagen\\\/\",\"name\":\"Abnahmeunterlagen - Tournus Equipement DE\",\"isPartOf\":{\"@id\":\"https:\\\/\\\/www.tournus.com\\\/de\\\/#website\"},\"primaryImageOfPage\":{\"@id\":\"https:\\\/\\\/www.tournus.com\\\/de\\\/die-vorteile-von-tournus\\\/abnahmeunterlagen\\\/#primaryimage\"},\"image\":{\"@id\":\"https:\\\/\\\/www.tournus.com\\\/de\\\/die-vorteile-von-tournus\\\/abnahmeunterlagen\\\/#primaryimage\"},\"thumbnailUrl\":\"https:\\\/\\\/www.tournus.com\\\/de\\\/wp-content\\\/uploads\\\/sites\\\/4\\\/elementor\\\/thumbs\\\/Umweltdokumentation-zum-Herunterladen-4-qzsxeyxl1o9ebjscuq3tcvwk6a9u3ea34qwgtrgutq.jpg\",\"datePublished\":\"2014-12-01T15:45:04+00:00\",\"dateModified\":\"2025-01-10T13:15:25+00:00\",\"description\":\"Laden Sie die vollst\u00e4ndigen Abnahmeunterlagen f\u00fcr Ihre Baustellenauftr\u00e4ge herunter. Eine enorme Zeitersparnis! Um Ihre eigenen DOE herunterzuladen Alle\",\"breadcrumb\":{\"@id\":\"https:\\\/\\\/www.tournus.com\\\/de\\\/die-vorteile-von-tournus\\\/abnahmeunterlagen\\\/#breadcrumb\"},\"inLanguage\":\"fr-FR\",\"potentialAction\":[{\"@type\":\"ReadAction\",\"target\":[\"https:\\\/\\\/www.tournus.com\\\/de\\\/die-vorteile-von-tournus\\\/abnahmeunterlagen\\\/\"]}]},{\"@type\":\"ImageObject\",\"inLanguage\":\"fr-FR\",\"@id\":\"https:\\\/\\\/www.tournus.com\\\/de\\\/die-vorteile-von-tournus\\\/abnahmeunterlagen\\\/#primaryimage\",\"url\":\"https:\\\/\\\/www.tournus.com\\\/de\\\/wp-content\\\/uploads\\\/sites\\\/4\\\/elementor\\\/thumbs\\\/Umweltdokumentation-zum-Herunterladen-4-qzsxeyxl1o9ebjscuq3tcvwk6a9u3ea34qwgtrgutq.jpg\",\"contentUrl\":\"https:\\\/\\\/www.tournus.com\\\/de\\\/wp-content\\\/uploads\\\/sites\\\/4\\\/elementor\\\/thumbs\\\/Umweltdokumentation-zum-Herunterladen-4-qzsxeyxl1o9ebjscuq3tcvwk6a9u3ea34qwgtrgutq.jpg\"},{\"@type\":\"BreadcrumbList\",\"@id\":\"https:\\\/\\\/www.tournus.com\\\/de\\\/die-vorteile-von-tournus\\\/abnahmeunterlagen\\\/#breadcrumb\",\"itemListElement\":[{\"@type\":\"ListItem\",\"position\":1,\"name\":\"Startseite\",\"item\":\"https:\\\/\\\/www.tournus.com\\\/de\\\/\"},{\"@type\":\"ListItem\",\"position\":2,\"name\":\"Die Vorteile von Tournus\",\"item\":\"https:\\\/\\\/www.tournus.com\\\/de\\\/die-vorteile-von-tournus\\\/\"},{\"@type\":\"ListItem\",\"position\":3,\"name\":\"Abnahmeunterlagen\"}]},{\"@type\":\"WebSite\",\"@id\":\"https:\\\/\\\/www.tournus.com\\\/de\\\/#website\",\"url\":\"https:\\\/\\\/www.tournus.com\\\/de\\\/\",\"name\":\"Tournus Equipement DE\",\"description\":\"Fabricant Fran\u00e7ais pour la restauration &amp; le commerce alimentaire\",\"potentialAction\":[{\"@type\":\"SearchAction\",\"target\":{\"@type\":\"EntryPoint\",\"urlTemplate\":\"https:\\\/\\\/www.tournus.com\\\/de\\\/?s={search_term_string}\"},\"query-input\":{\"@type\":\"PropertyValueSpecification\",\"valueRequired\":true,\"valueName\":\"search_term_string\"}}],\"inLanguage\":\"fr-FR\"}]}<\/script>\n<!-- \/ Yoast SEO plugin. -->","yoast_head_json":{"title":"Abnahmeunterlagen - Tournus Equipement DE","description":"Laden Sie die vollst\u00e4ndigen Abnahmeunterlagen f\u00fcr Ihre Baustellenauftr\u00e4ge herunter. Eine enorme Zeitersparnis! Um Ihre eigenen DOE herunterzuladen Alle","robots":{"index":"index","follow":"follow","max-snippet":"max-snippet:-1","max-image-preview":"max-image-preview:large","max-video-preview":"max-video-preview:-1"},"canonical":"https:\/\/www.tournus.com\/de\/die-vorteile-von-tournus\/abnahmeunterlagen\/","og_locale":"fr_FR","og_type":"article","og_title":"Abnahmeunterlagen - Tournus Equipement DE","og_description":"Laden Sie die vollst\u00e4ndigen Abnahmeunterlagen f\u00fcr Ihre Baustellenauftr\u00e4ge herunter. Eine enorme Zeitersparnis! Um Ihre eigenen DOE herunterzuladen Alle","og_url":"https:\/\/www.tournus.com\/de\/die-vorteile-von-tournus\/abnahmeunterlagen\/","og_site_name":"Tournus Equipement DE","article_publisher":"https:\/\/www.facebook.com\/tournusfr","article_modified_time":"2025-01-10T13:15:25+00:00","og_image":[{"url":"https:\/\/www.tournus.com\/de\/wp-content\/uploads\/sites\/4\/elementor\/thumbs\/Umweltdokumentation-zum-Herunterladen-4-qzsxeyxl1o9ebjscuq3tcvwk6a9u3ea34qwgtrgutq.jpg","type":"","width":"","height":""}],"twitter_card":"summary_large_image","twitter_misc":{"Dur\u00e9e de lecture estim\u00e9e":"1 minute"},"schema":{"@context":"https:\/\/schema.org","@graph":[{"@type":"WebPage","@id":"https:\/\/www.tournus.com\/de\/die-vorteile-von-tournus\/abnahmeunterlagen\/","url":"https:\/\/www.tournus.com\/de\/die-vorteile-von-tournus\/abnahmeunterlagen\/","name":"Abnahmeunterlagen - Tournus Equipement DE","isPartOf":{"@id":"https:\/\/www.tournus.com\/de\/#website"},"primaryImageOfPage":{"@id":"https:\/\/www.tournus.com\/de\/die-vorteile-von-tournus\/abnahmeunterlagen\/#primaryimage"},"image":{"@id":"https:\/\/www.tournus.com\/de\/die-vorteile-von-tournus\/abnahmeunterlagen\/#primaryimage"},"thumbnailUrl":"https:\/\/www.tournus.com\/de\/wp-content\/uploads\/sites\/4\/elementor\/thumbs\/Umweltdokumentation-zum-Herunterladen-4-qzsxeyxl1o9ebjscuq3tcvwk6a9u3ea34qwgtrgutq.jpg","datePublished":"2014-12-01T15:45:04+00:00","dateModified":"2025-01-10T13:15:25+00:00","description":"Laden Sie die vollst\u00e4ndigen Abnahmeunterlagen f\u00fcr Ihre Baustellenauftr\u00e4ge herunter. Eine enorme Zeitersparnis! Um Ihre eigenen DOE herunterzuladen Alle","breadcrumb":{"@id":"https:\/\/www.tournus.com\/de\/die-vorteile-von-tournus\/abnahmeunterlagen\/#breadcrumb"},"inLanguage":"fr-FR","potentialAction":[{"@type":"ReadAction","target":["https:\/\/www.tournus.com\/de\/die-vorteile-von-tournus\/abnahmeunterlagen\/"]}]},{"@type":"ImageObject","inLanguage":"fr-FR","@id":"https:\/\/www.tournus.com\/de\/die-vorteile-von-tournus\/abnahmeunterlagen\/#primaryimage","url":"https:\/\/www.tournus.com\/de\/wp-content\/uploads\/sites\/4\/elementor\/thumbs\/Umweltdokumentation-zum-Herunterladen-4-qzsxeyxl1o9ebjscuq3tcvwk6a9u3ea34qwgtrgutq.jpg","contentUrl":"https:\/\/www.tournus.com\/de\/wp-content\/uploads\/sites\/4\/elementor\/thumbs\/Umweltdokumentation-zum-Herunterladen-4-qzsxeyxl1o9ebjscuq3tcvwk6a9u3ea34qwgtrgutq.jpg"},{"@type":"BreadcrumbList","@id":"https:\/\/www.tournus.com\/de\/die-vorteile-von-tournus\/abnahmeunterlagen\/#breadcrumb","itemListElement":[{"@type":"ListItem","position":1,"name":"Startseite","item":"https:\/\/www.tournus.com\/de\/"},{"@type":"ListItem","position":2,"name":"Die Vorteile von Tournus","item":"https:\/\/www.tournus.com\/de\/die-vorteile-von-tournus\/"},{"@type":"ListItem","position":3,"name":"Abnahmeunterlagen"}]},{"@type":"WebSite","@id":"https:\/\/www.tournus.com\/de\/#website","url":"https:\/\/www.tournus.com\/de\/","name":"Tournus Equipement DE","description":"Fabricant Fran\u00e7ais pour la restauration &amp; le commerce alimentaire","potentialAction":[{"@type":"SearchAction","target":{"@type":"EntryPoint","urlTemplate":"https:\/\/www.tournus.com\/de\/?s={search_term_string}"},"query-input":{"@type":"PropertyValueSpecification","valueRequired":true,"valueName":"search_term_string"}}],"inLanguage":"fr-FR"}]}},"_links":{"self":[{"href":"https:\/\/www.tournus.com\/de\/wp-json\/wp\/v2\/pages\/89","targetHints":{"allow":["GET"]}}],"collection":[{"href":"https:\/\/www.tournus.com\/de\/wp-json\/wp\/v2\/pages"}],"about":[{"href":"https:\/\/www.tournus.com\/de\/wp-json\/wp\/v2\/types\/page"}],"author":[{"embeddable":true,"href":"https:\/\/www.tournus.com\/de\/wp-json\/wp\/v2\/users\/1"}],"replies":[{"embeddable":true,"href":"https:\/\/www.tournus.com\/de\/wp-json\/wp\/v2\/comments?post=89"}],"version-history":[{"count":10,"href":"https:\/\/www.tournus.com\/de\/wp-json\/wp\/v2\/pages\/89\/revisions"}],"predecessor-version":[{"id":16442,"href":"https:\/\/www.tournus.com\/de\/wp-json\/wp\/v2\/pages\/89\/revisions\/16442"}],"up":[{"embeddable":true,"href":"https:\/\/www.tournus.com\/de\/wp-json\/wp\/v2\/pages\/24"}],"wp:attachment":[{"href":"https:\/\/www.tournus.com\/de\/wp-json\/wp\/v2\/media?parent=89"}],"curies":[{"name":"wp","href":"https:\/\/api.w.org\/{rel}","templated":true}]}}