{"id":87,"date":"2014-12-01T15:43:46","date_gmt":"2014-12-01T15:43:46","guid":{"rendered":"https:\/\/www.tournus.com\/?page_id=87"},"modified":"2025-02-25T11:51:18","modified_gmt":"2025-02-25T10:51:18","slug":"unsere-experten-tipps","status":"publish","type":"page","link":"https:\/\/www.tournus.com\/de\/die-vorteile-von-tournus\/unsere-experten-tipps\/","title":{"rendered":"Unsere Experten-Tipps"},"content":{"rendered":"\t\t<div data-elementor-type=\"wp-post\" data-elementor-id=\"87\" class=\"elementor elementor-87\" data-elementor-post-type=\"page\">\n\t\t\t\t\t\t<section class=\"elementor-section elementor-top-section elementor-element elementor-element-b3cde32 elementor-section-full_width elementor-section-content-space-around elementor-section-height-default elementor-section-height-default\" data-id=\"b3cde32\" data-element_type=\"section\" data-e-type=\"section\">\n\t\t\t\t\t\t<div class=\"elementor-container elementor-column-gap-default\">\n\t\t\t\t\t<div class=\"elementor-column elementor-col-100 elementor-top-column elementor-element elementor-element-ea7d4cc\" data-id=\"ea7d4cc\" data-element_type=\"column\" data-e-type=\"column\">\n\t\t\t<div class=\"elementor-widget-wrap elementor-element-populated\">\n\t\t\t\t\t\t<div class=\"elementor-element elementor-element-af73aaf elementor-widget elementor-widget-text-editor\" data-id=\"af73aaf\" data-element_type=\"widget\" data-e-type=\"widget\" data-widget_type=\"text-editor.default\">\n\t\t\t\t<div class=\"elementor-widget-container\">\n\t\t\t\t\t\t\t\t\t<p>Obwohl Edelstahl seit fast 100 Jahren im Alltag verwendet wird, kennen viele K\u00f6che und Akteure der Au\u00dfer-Haus-Verpflegung oft nur den Namen dieses Materials.<\/p><p>Es kursieren viele Missverst\u00e4ndnisse \u00fcber Edelstahl, und viele Benutzer wissen wenig \u00fcber die notwendigen Vorsichtsma\u00dfnahmen, um sein urspr\u00fcngliches Aussehen zu bewahren.<\/p><p>Dank unserer Brosch\u00fcre mit Pflegehinweisen und unserem Video k\u00f6nnen Sie Ihre Ausr\u00fcstung pflegen und in perfektem Zustand erhalten!<\/p><p>Die WEEE-Richtlinie basiert auf dem Prinzip der erweiterten Herstellerverantwortung (EPR), die es erm\u00f6glicht, einen Teil der Kosten f\u00fcr die Umweltfolgen in den Verkaufspreis der auf den Markt gebrachten Produkte zu integrieren.<\/p><p>Durch die EPR wird die finanzielle Last der Entsorgungskosten, die durch den Abfall entstehen, \u00fcber den Hersteller auf den Verbraucher \u00fcbertragen. Die praktische Umsetzung erm\u00f6glicht es, sowohl juristische als auch nat\u00fcrliche Personen, die f\u00fcr Umweltverschmutzung verantwortlich sind, in die Pflicht zu nehmen und f\u00f6rdert alle Ma\u00dfnahmen zur Reduzierung der Verschmutzung an der Quelle.<\/p>\t\t\t\t\t\t\t\t<\/div>\n\t\t\t\t<\/div>\n\t\t\t\t\t<\/div>\n\t\t<\/div>\n\t\t\t\t\t<\/div>\n\t\t<\/section>\n\t\t\t\t<section class=\"elementor-section elementor-top-section elementor-element elementor-element-3c75312 elementor-section-full_width elementor-section-height-default elementor-section-height-default\" data-id=\"3c75312\" data-element_type=\"section\" data-e-type=\"section\">\n\t\t\t\t\t\t<div class=\"elementor-container elementor-column-gap-default\">\n\t\t\t\t\t<div class=\"elementor-column elementor-col-50 elementor-top-column elementor-element elementor-element-bf7f2c3\" data-id=\"bf7f2c3\" data-element_type=\"column\" data-e-type=\"column\">\n\t\t\t<div class=\"elementor-widget-wrap elementor-element-populated\">\n\t\t\t\t\t\t<div class=\"elementor-element elementor-element-8879ac3 elementor-widget elementor-widget-image\" data-id=\"8879ac3\" data-element_type=\"widget\" data-e-type=\"widget\" data-widget_type=\"image.default\">\n\t\t\t\t<div class=\"elementor-widget-container\">\n\t\t\t\t\t\t\t\t\t\t\t\t\t\t\t<img decoding=\"async\" src=\"https:\/\/www.tournus.com\/wp-content\/uploads\/2024\/01\/d3e.jpg\" title=\"\" alt=\"\" loading=\"lazy\" \/>\t\t\t\t\t\t\t\t\t\t\t\t\t\t\t<\/div>\n\t\t\t\t<\/div>\n\t\t\t\t<div class=\"elementor-element elementor-element-d3351a1 elementor-align-center elementor-widget elementor-widget-button\" data-id=\"d3351a1\" data-element_type=\"widget\" data-e-type=\"widget\" data-widget_type=\"button.default\">\n\t\t\t\t<div class=\"elementor-widget-container\">\n\t\t\t\t\t\t\t\t\t<div class=\"elementor-button-wrapper\">\n\t\t\t\t\t<a class=\"elementor-button elementor-button-link elementor-size-sm\" href=\"https:\/\/www.ecologic-france.com\/\" target=\"_blank\">\n\t\t\t\t\t\t<span class=\"elementor-button-content-wrapper\">\n\t\t\t\t\t\t<span class=\"elementor-button-icon\">\n\t\t\t\t<i aria-hidden=\"true\" class=\"fas fa-paper-plane\"><\/i>\t\t\t<\/span>\n\t\t\t\t\t\t\t\t\t<span class=\"elementor-button-text\">Mehr Erfahren<\/span>\n\t\t\t\t\t<\/span>\n\t\t\t\t\t<\/a>\n\t\t\t\t<\/div>\n\t\t\t\t\t\t\t\t<\/div>\n\t\t\t\t<\/div>\n\t\t\t\t\t<\/div>\n\t\t<\/div>\n\t\t\t\t<div class=\"elementor-column elementor-col-50 elementor-top-column elementor-element elementor-element-4714d5a\" data-id=\"4714d5a\" data-element_type=\"column\" data-e-type=\"column\">\n\t\t\t<div class=\"elementor-widget-wrap elementor-element-populated\">\n\t\t\t\t\t\t<div class=\"elementor-element elementor-element-8e50d71 elementor-widget elementor-widget-image\" data-id=\"8e50d71\" data-element_type=\"widget\" data-e-type=\"widget\" data-widget_type=\"image.default\">\n\t\t\t\t<div class=\"elementor-widget-container\">\n\t\t\t\t\t\t\t\t\t\t\t\t\t\t\t<img decoding=\"async\" src=\"https:\/\/www.tournus.com\/wp-content\/uploads\/2024\/01\/cuisine-inox.jpg\" title=\"\" alt=\"\" loading=\"lazy\" \/>\t\t\t\t\t\t\t\t\t\t\t\t\t\t\t<\/div>\n\t\t\t\t<\/div>\n\t\t\t\t<div class=\"elementor-element elementor-element-83dde7a elementor-align-center elementor-widget elementor-widget-button\" data-id=\"83dde7a\" data-element_type=\"widget\" data-e-type=\"widget\" data-widget_type=\"button.default\">\n\t\t\t\t<div class=\"elementor-widget-container\">\n\t\t\t\t\t\t\t\t\t<div class=\"elementor-button-wrapper\">\n\t\t\t\t\t<a class=\"elementor-button elementor-button-link elementor-size-sm\" href=\"https:\/\/www.youtube.com\/watch?v=LHRcIJPYWXk%20\" target=\"_blank\">\n\t\t\t\t\t\t<span class=\"elementor-button-content-wrapper\">\n\t\t\t\t\t\t<span class=\"elementor-button-icon\">\n\t\t\t\t<i aria-hidden=\"true\" class=\"fab fa-youtube\"><\/i>\t\t\t<\/span>\n\t\t\t\t\t\t\t\t\t<span class=\"elementor-button-text\">das Video ansehen<\/span>\n\t\t\t\t\t<\/span>\n\t\t\t\t\t<\/a>\n\t\t\t\t<\/div>\n\t\t\t\t\t\t\t\t<\/div>\n\t\t\t\t<\/div>\n\t\t\t\t\t<\/div>\n\t\t<\/div>\n\t\t\t\t\t<\/div>\n\t\t<\/section>\n\t\t\t\t<\/div>\n\t\t","protected":false},"excerpt":{"rendered":"<p>Obwohl Edelstahl seit fast 100 Jahren im Alltag verwendet wird, kennen viele K\u00f6che und Akteure der Au\u00dfer-Haus-Verpflegung oft nur den Namen dieses Materials. Es kursieren viele Missverst\u00e4ndnisse \u00fcber Edelstahl, und viele Benutzer wissen wenig \u00fcber die notwendigen Vorsichtsma\u00dfnahmen, um sein urspr\u00fcngliches Aussehen zu bewahren. Dank unserer Brosch\u00fcre mit Pflegehinweisen und unserem Video k\u00f6nnen Sie Ihre [&hellip;]<\/p>\n","protected":false},"author":1,"featured_media":0,"parent":24,"menu_order":50,"comment_status":"closed","ping_status":"closed","template":"","meta":{"footnotes":""},"class_list":["post-87","page","type-page","status-publish","hentry"],"yoast_head":"<!-- This site is optimized with the Yoast SEO plugin v27.3 - https:\/\/yoast.com\/product\/yoast-seo-wordpress\/ -->\n<title>Ratschl\u00e4ge f\u00fcr professionelle K\u00fcchen | Tournus Equipement DE<\/title>\n<meta name=\"description\" content=\"Tournus \u00c9quipement gibt Ratschl\u00e4ge zur Pflege einer professionellen K\u00fcche und von Edelstahlger\u00e4ten.\" \/>\n<meta name=\"robots\" content=\"index, follow, max-snippet:-1, max-image-preview:large, max-video-preview:-1\" \/>\n<link rel=\"canonical\" href=\"https:\/\/www.tournus.com\/de\/die-vorteile-von-tournus\/unsere-experten-tipps\/\" \/>\n<meta property=\"og:locale\" content=\"fr_FR\" \/>\n<meta property=\"og:type\" content=\"article\" \/>\n<meta property=\"og:title\" content=\"Ratschl\u00e4ge f\u00fcr professionelle K\u00fcchen | Tournus Equipement DE\" \/>\n<meta property=\"og:description\" content=\"Tournus \u00c9quipement gibt Ratschl\u00e4ge zur Pflege einer professionellen K\u00fcche und von Edelstahlger\u00e4ten.\" \/>\n<meta property=\"og:url\" content=\"https:\/\/www.tournus.com\/de\/die-vorteile-von-tournus\/unsere-experten-tipps\/\" \/>\n<meta property=\"og:site_name\" content=\"Tournus Equipement DE\" \/>\n<meta property=\"article:publisher\" content=\"https:\/\/www.facebook.com\/tournusfr\" \/>\n<meta property=\"article:modified_time\" content=\"2025-02-25T10:51:18+00:00\" \/>\n<meta property=\"og:image\" content=\"https:\/\/www.tournus.com\/wp-content\/uploads\/2024\/01\/d3e.jpg\" \/>\n<meta name=\"twitter:card\" content=\"summary_large_image\" \/>\n<meta name=\"twitter:label1\" content=\"Dur\u00e9e de lecture estim\u00e9e\" \/>\n\t<meta name=\"twitter:data1\" content=\"2 minutes\" \/>\n<script type=\"application\/ld+json\" class=\"yoast-schema-graph\">{\"@context\":\"https:\\\/\\\/schema.org\",\"@graph\":[{\"@type\":\"WebPage\",\"@id\":\"https:\\\/\\\/www.tournus.com\\\/de\\\/die-vorteile-von-tournus\\\/unsere-experten-tipps\\\/\",\"url\":\"https:\\\/\\\/www.tournus.com\\\/de\\\/die-vorteile-von-tournus\\\/unsere-experten-tipps\\\/\",\"name\":\"Ratschl\u00e4ge f\u00fcr professionelle K\u00fcchen | Tournus Equipement DE\",\"isPartOf\":{\"@id\":\"https:\\\/\\\/www.tournus.com\\\/de\\\/#website\"},\"primaryImageOfPage\":{\"@id\":\"https:\\\/\\\/www.tournus.com\\\/de\\\/die-vorteile-von-tournus\\\/unsere-experten-tipps\\\/#primaryimage\"},\"image\":{\"@id\":\"https:\\\/\\\/www.tournus.com\\\/de\\\/die-vorteile-von-tournus\\\/unsere-experten-tipps\\\/#primaryimage\"},\"thumbnailUrl\":\"https:\\\/\\\/www.tournus.com\\\/wp-content\\\/uploads\\\/2024\\\/01\\\/d3e.jpg\",\"datePublished\":\"2014-12-01T15:43:46+00:00\",\"dateModified\":\"2025-02-25T10:51:18+00:00\",\"description\":\"Tournus \u00c9quipement gibt Ratschl\u00e4ge zur Pflege einer professionellen K\u00fcche und von Edelstahlger\u00e4ten.\",\"breadcrumb\":{\"@id\":\"https:\\\/\\\/www.tournus.com\\\/de\\\/die-vorteile-von-tournus\\\/unsere-experten-tipps\\\/#breadcrumb\"},\"inLanguage\":\"fr-FR\",\"potentialAction\":[{\"@type\":\"ReadAction\",\"target\":[\"https:\\\/\\\/www.tournus.com\\\/de\\\/die-vorteile-von-tournus\\\/unsere-experten-tipps\\\/\"]}]},{\"@type\":\"ImageObject\",\"inLanguage\":\"fr-FR\",\"@id\":\"https:\\\/\\\/www.tournus.com\\\/de\\\/die-vorteile-von-tournus\\\/unsere-experten-tipps\\\/#primaryimage\",\"url\":\"https:\\\/\\\/www.tournus.com\\\/wp-content\\\/uploads\\\/2024\\\/01\\\/d3e.jpg\",\"contentUrl\":\"https:\\\/\\\/www.tournus.com\\\/wp-content\\\/uploads\\\/2024\\\/01\\\/d3e.jpg\"},{\"@type\":\"BreadcrumbList\",\"@id\":\"https:\\\/\\\/www.tournus.com\\\/de\\\/die-vorteile-von-tournus\\\/unsere-experten-tipps\\\/#breadcrumb\",\"itemListElement\":[{\"@type\":\"ListItem\",\"position\":1,\"name\":\"Startseite\",\"item\":\"https:\\\/\\\/www.tournus.com\\\/de\\\/\"},{\"@type\":\"ListItem\",\"position\":2,\"name\":\"Die Vorteile von Tournus\",\"item\":\"https:\\\/\\\/www.tournus.com\\\/de\\\/die-vorteile-von-tournus\\\/\"},{\"@type\":\"ListItem\",\"position\":3,\"name\":\"Unsere Experten-Tipps\"}]},{\"@type\":\"WebSite\",\"@id\":\"https:\\\/\\\/www.tournus.com\\\/de\\\/#website\",\"url\":\"https:\\\/\\\/www.tournus.com\\\/de\\\/\",\"name\":\"Tournus Equipement DE\",\"description\":\"Fabricant Fran\u00e7ais pour la restauration &amp; le commerce alimentaire\",\"potentialAction\":[{\"@type\":\"SearchAction\",\"target\":{\"@type\":\"EntryPoint\",\"urlTemplate\":\"https:\\\/\\\/www.tournus.com\\\/de\\\/?s={search_term_string}\"},\"query-input\":{\"@type\":\"PropertyValueSpecification\",\"valueRequired\":true,\"valueName\":\"search_term_string\"}}],\"inLanguage\":\"fr-FR\"}]}<\/script>\n<!-- \/ Yoast SEO plugin. -->","yoast_head_json":{"title":"Ratschl\u00e4ge f\u00fcr professionelle K\u00fcchen | Tournus Equipement DE","description":"Tournus \u00c9quipement gibt Ratschl\u00e4ge zur Pflege einer professionellen K\u00fcche und von Edelstahlger\u00e4ten.","robots":{"index":"index","follow":"follow","max-snippet":"max-snippet:-1","max-image-preview":"max-image-preview:large","max-video-preview":"max-video-preview:-1"},"canonical":"https:\/\/www.tournus.com\/de\/die-vorteile-von-tournus\/unsere-experten-tipps\/","og_locale":"fr_FR","og_type":"article","og_title":"Ratschl\u00e4ge f\u00fcr professionelle K\u00fcchen | Tournus Equipement DE","og_description":"Tournus \u00c9quipement gibt Ratschl\u00e4ge zur Pflege einer professionellen K\u00fcche und von Edelstahlger\u00e4ten.","og_url":"https:\/\/www.tournus.com\/de\/die-vorteile-von-tournus\/unsere-experten-tipps\/","og_site_name":"Tournus Equipement DE","article_publisher":"https:\/\/www.facebook.com\/tournusfr","article_modified_time":"2025-02-25T10:51:18+00:00","og_image":[{"url":"https:\/\/www.tournus.com\/wp-content\/uploads\/2024\/01\/d3e.jpg","type":"","width":"","height":""}],"twitter_card":"summary_large_image","twitter_misc":{"Dur\u00e9e de lecture estim\u00e9e":"2 minutes"},"schema":{"@context":"https:\/\/schema.org","@graph":[{"@type":"WebPage","@id":"https:\/\/www.tournus.com\/de\/die-vorteile-von-tournus\/unsere-experten-tipps\/","url":"https:\/\/www.tournus.com\/de\/die-vorteile-von-tournus\/unsere-experten-tipps\/","name":"Ratschl\u00e4ge f\u00fcr professionelle K\u00fcchen | Tournus Equipement DE","isPartOf":{"@id":"https:\/\/www.tournus.com\/de\/#website"},"primaryImageOfPage":{"@id":"https:\/\/www.tournus.com\/de\/die-vorteile-von-tournus\/unsere-experten-tipps\/#primaryimage"},"image":{"@id":"https:\/\/www.tournus.com\/de\/die-vorteile-von-tournus\/unsere-experten-tipps\/#primaryimage"},"thumbnailUrl":"https:\/\/www.tournus.com\/wp-content\/uploads\/2024\/01\/d3e.jpg","datePublished":"2014-12-01T15:43:46+00:00","dateModified":"2025-02-25T10:51:18+00:00","description":"Tournus \u00c9quipement gibt Ratschl\u00e4ge zur Pflege einer professionellen K\u00fcche und von Edelstahlger\u00e4ten.","breadcrumb":{"@id":"https:\/\/www.tournus.com\/de\/die-vorteile-von-tournus\/unsere-experten-tipps\/#breadcrumb"},"inLanguage":"fr-FR","potentialAction":[{"@type":"ReadAction","target":["https:\/\/www.tournus.com\/de\/die-vorteile-von-tournus\/unsere-experten-tipps\/"]}]},{"@type":"ImageObject","inLanguage":"fr-FR","@id":"https:\/\/www.tournus.com\/de\/die-vorteile-von-tournus\/unsere-experten-tipps\/#primaryimage","url":"https:\/\/www.tournus.com\/wp-content\/uploads\/2024\/01\/d3e.jpg","contentUrl":"https:\/\/www.tournus.com\/wp-content\/uploads\/2024\/01\/d3e.jpg"},{"@type":"BreadcrumbList","@id":"https:\/\/www.tournus.com\/de\/die-vorteile-von-tournus\/unsere-experten-tipps\/#breadcrumb","itemListElement":[{"@type":"ListItem","position":1,"name":"Startseite","item":"https:\/\/www.tournus.com\/de\/"},{"@type":"ListItem","position":2,"name":"Die Vorteile von Tournus","item":"https:\/\/www.tournus.com\/de\/die-vorteile-von-tournus\/"},{"@type":"ListItem","position":3,"name":"Unsere Experten-Tipps"}]},{"@type":"WebSite","@id":"https:\/\/www.tournus.com\/de\/#website","url":"https:\/\/www.tournus.com\/de\/","name":"Tournus Equipement DE","description":"Fabricant Fran\u00e7ais pour la restauration &amp; le commerce alimentaire","potentialAction":[{"@type":"SearchAction","target":{"@type":"EntryPoint","urlTemplate":"https:\/\/www.tournus.com\/de\/?s={search_term_string}"},"query-input":{"@type":"PropertyValueSpecification","valueRequired":true,"valueName":"search_term_string"}}],"inLanguage":"fr-FR"}]}},"_links":{"self":[{"href":"https:\/\/www.tournus.com\/de\/wp-json\/wp\/v2\/pages\/87","targetHints":{"allow":["GET"]}}],"collection":[{"href":"https:\/\/www.tournus.com\/de\/wp-json\/wp\/v2\/pages"}],"about":[{"href":"https:\/\/www.tournus.com\/de\/wp-json\/wp\/v2\/types\/page"}],"author":[{"embeddable":true,"href":"https:\/\/www.tournus.com\/de\/wp-json\/wp\/v2\/users\/1"}],"replies":[{"embeddable":true,"href":"https:\/\/www.tournus.com\/de\/wp-json\/wp\/v2\/comments?post=87"}],"version-history":[{"count":12,"href":"https:\/\/www.tournus.com\/de\/wp-json\/wp\/v2\/pages\/87\/revisions"}],"predecessor-version":[{"id":16902,"href":"https:\/\/www.tournus.com\/de\/wp-json\/wp\/v2\/pages\/87\/revisions\/16902"}],"up":[{"embeddable":true,"href":"https:\/\/www.tournus.com\/de\/wp-json\/wp\/v2\/pages\/24"}],"wp:attachment":[{"href":"https:\/\/www.tournus.com\/de\/wp-json\/wp\/v2\/media?parent=87"}],"curies":[{"name":"wp","href":"https:\/\/api.w.org\/{rel}","templated":true}]}}