{"id":85,"date":"2015-05-21T10:25:12","date_gmt":"2015-05-21T10:25:12","guid":{"rendered":"https:\/\/www.tournus.com\/?page_id=85"},"modified":"2025-01-09T12:09:22","modified_gmt":"2025-01-09T11:09:22","slug":"ultraschnelle-lieferung","status":"publish","type":"page","link":"https:\/\/www.tournus.com\/de\/die-vorteile-von-tournus\/ultraschnelle-lieferung\/","title":{"rendered":"Ultraschnelle Lieferung"},"content":{"rendered":"\t\t<div data-elementor-type=\"wp-page\" data-elementor-id=\"85\" class=\"elementor elementor-85\" data-elementor-post-type=\"page\">\n\t\t\t\t\t\t<section class=\"elementor-section elementor-top-section elementor-element elementor-element-78dd06b5 elementor-section-boxed elementor-section-height-default elementor-section-height-default\" data-id=\"78dd06b5\" data-element_type=\"section\" data-e-type=\"section\">\n\t\t\t\t\t\t<div class=\"elementor-container elementor-column-gap-default\">\n\t\t\t\t\t<div class=\"elementor-column elementor-col-50 elementor-top-column elementor-element elementor-element-24dba6e0\" data-id=\"24dba6e0\" data-element_type=\"column\" data-e-type=\"column\">\n\t\t\t<div class=\"elementor-widget-wrap elementor-element-populated\">\n\t\t\t\t\t\t<div class=\"elementor-element elementor-element-38204e66 elementor--h-position-center elementor--v-position-middle elementor-arrows-position-inside elementor-pagination-position-inside elementor-widget elementor-widget-slides\" data-id=\"38204e66\" data-element_type=\"widget\" data-e-type=\"widget\" data-settings=\"{&quot;navigation&quot;:&quot;both&quot;,&quot;autoplay&quot;:&quot;yes&quot;,&quot;pause_on_hover&quot;:&quot;yes&quot;,&quot;pause_on_interaction&quot;:&quot;yes&quot;,&quot;autoplay_speed&quot;:5000,&quot;infinite&quot;:&quot;yes&quot;,&quot;transition&quot;:&quot;slide&quot;,&quot;transition_speed&quot;:500}\" data-widget_type=\"slides.default\">\n\t\t\t\t<div class=\"elementor-widget-container\">\n\t\t\t\t\t\t\t\t\t<div class=\"elementor-swiper\">\n\t\t\t\t\t<div class=\"elementor-slides-wrapper elementor-main-swiper swiper\" role=\"region\" aria-roledescription=\"carousel\" aria-label=\"Diapositives\" dir=\"ltr\" data-animation=\"fadeInUp\">\n\t\t\t\t<div class=\"swiper-wrapper elementor-slides\">\n\t\t\t\t\t\t\t\t\t\t<div class=\"elementor-repeater-item-e85f380 swiper-slide\" role=\"group\" aria-roledescription=\"slide\"><div class=\"swiper-slide-bg\" role=\"img\" aria-label=\"livraison-express-1-tournus\"><\/div><div class=\"swiper-slide-inner\" ><div class=\"swiper-slide-contents\"><\/div><\/div><\/div><div class=\"elementor-repeater-item-cb0f153 swiper-slide\" role=\"group\" aria-roledescription=\"slide\"><div class=\"swiper-slide-bg\" role=\"img\" aria-label=\"Livraison ultra rapide\"><\/div><div class=\"swiper-slide-inner\" ><div class=\"swiper-slide-contents\"><\/div><\/div><\/div>\t\t\t\t<\/div>\n\t\t\t\t\t\t\t\t\t\t\t\t\t\t\t<div class=\"elementor-swiper-button elementor-swiper-button-prev\" role=\"button\" tabindex=\"0\" aria-label=\"Diapositive pr\u00e9c\u00e9dente\">\n\t\t\t\t\t\t\t<i aria-hidden=\"true\" class=\"eicon-chevron-left\"><\/i>\t\t\t\t\t\t<\/div>\n\t\t\t\t\t\t<div class=\"elementor-swiper-button elementor-swiper-button-next\" role=\"button\" tabindex=\"0\" aria-label=\"Diapositive suivante\">\n\t\t\t\t\t\t\t<i aria-hidden=\"true\" class=\"eicon-chevron-right\"><\/i>\t\t\t\t\t\t<\/div>\n\t\t\t\t\t\t\t\t\t\t\t\t\t\t\t\t<div class=\"swiper-pagination\"><\/div>\n\t\t\t\t\t\t\t\t\t\t\t\t<\/div>\n\t\t\t\t<\/div>\n\t\t\t\t\t\t\t\t<\/div>\n\t\t\t\t<\/div>\n\t\t\t\t\t<\/div>\n\t\t<\/div>\n\t\t\t\t<div class=\"elementor-column elementor-col-50 elementor-top-column elementor-element elementor-element-f42eb7d\" data-id=\"f42eb7d\" data-element_type=\"column\" data-e-type=\"column\">\n\t\t\t<div class=\"elementor-widget-wrap elementor-element-populated\">\n\t\t\t\t\t\t<section class=\"elementor-section elementor-inner-section elementor-element elementor-element-af6f1d7 elementor-section-boxed elementor-section-height-default elementor-section-height-default\" data-id=\"af6f1d7\" data-element_type=\"section\" data-e-type=\"section\">\n\t\t\t\t\t\t<div class=\"elementor-container elementor-column-gap-default\">\n\t\t\t\t\t<div class=\"elementor-column elementor-col-50 elementor-inner-column elementor-element elementor-element-2e83eb1\" data-id=\"2e83eb1\" data-element_type=\"column\" data-e-type=\"column\">\n\t\t\t<div class=\"elementor-widget-wrap elementor-element-populated\">\n\t\t\t\t\t\t<div class=\"elementor-element elementor-element-dc76e23 elementor-widget elementor-widget-image\" data-id=\"dc76e23\" data-element_type=\"widget\" data-e-type=\"widget\" data-widget_type=\"image.default\">\n\t\t\t\t<div class=\"elementor-widget-container\">\n\t\t\t\t\t\t\t\t\t\t\t\t\t\t\t<img decoding=\"async\" src=\"https:\/\/www.tournus.com\/de\/wp-content\/uploads\/sites\/4\/elementor\/thumbs\/Theken-9-qzr19hl5ou2xifyyb0m8ekh71hnct8niwiuu0zd7f4.jpg\" title=\"-Theken (9)\" alt=\"-Theken (9)\" loading=\"lazy\" \/>\t\t\t\t\t\t\t\t\t\t\t\t\t\t\t<\/div>\n\t\t\t\t<\/div>\n\t\t\t\t\t<\/div>\n\t\t<\/div>\n\t\t\t\t<div class=\"elementor-column elementor-col-50 elementor-inner-column elementor-element elementor-element-4374655\" data-id=\"4374655\" data-element_type=\"column\" data-e-type=\"column\">\n\t\t\t<div class=\"elementor-widget-wrap elementor-element-populated\">\n\t\t\t\t\t\t<div class=\"elementor-element elementor-element-688c81ea elementor-widget elementor-widget-text-editor\" data-id=\"688c81ea\" data-element_type=\"widget\" data-e-type=\"widget\" data-widget_type=\"text-editor.default\">\n\t\t\t\t<div class=\"elementor-widget-container\">\n\t\t\t\t\t\t\t\t\t<p>Die auf Lager verf\u00fcgbaren Produkte sind innerhalb von 48 Stunden versandbereit (Artikel durch eine durchgehende Linie gekennzeichnet).<\/p>\t\t\t\t\t\t\t\t<\/div>\n\t\t\t\t<\/div>\n\t\t\t\t\t<\/div>\n\t\t<\/div>\n\t\t\t\t\t<\/div>\n\t\t<\/section>\n\t\t\t\t<section class=\"elementor-section elementor-inner-section elementor-element elementor-element-6970e9c elementor-section-boxed elementor-section-height-default elementor-section-height-default\" data-id=\"6970e9c\" data-element_type=\"section\" data-e-type=\"section\">\n\t\t\t\t\t\t<div class=\"elementor-container elementor-column-gap-default\">\n\t\t\t\t\t<div class=\"elementor-column elementor-col-50 elementor-inner-column elementor-element elementor-element-6d8f539\" data-id=\"6d8f539\" data-element_type=\"column\" data-e-type=\"column\">\n\t\t\t<div class=\"elementor-widget-wrap elementor-element-populated\">\n\t\t\t\t\t\t<div class=\"elementor-element elementor-element-fa1ed43 elementor-widget elementor-widget-image\" data-id=\"fa1ed43\" data-element_type=\"widget\" data-e-type=\"widget\" data-widget_type=\"image.default\">\n\t\t\t\t<div class=\"elementor-widget-container\">\n\t\t\t\t\t\t\t\t\t\t\t\t\t\t\t<img decoding=\"async\" src=\"https:\/\/www.tournus.com\/de\/wp-content\/uploads\/sites\/4\/elementor\/thumbs\/ConsultExpress-Anglais-qzlrt2rzftgaaezypuuf2oby0il6lq3cimdnbc247k.jpg\" title=\"ConsultExpress Anglais\" alt=\"ConsultExpress Anglais\" loading=\"lazy\" \/>\t\t\t\t\t\t\t\t\t\t\t\t\t\t\t<\/div>\n\t\t\t\t<\/div>\n\t\t\t\t\t<\/div>\n\t\t<\/div>\n\t\t\t\t<div class=\"elementor-column elementor-col-50 elementor-inner-column elementor-element elementor-element-bbae1c3\" data-id=\"bbae1c3\" data-element_type=\"column\" data-e-type=\"column\">\n\t\t\t<div class=\"elementor-widget-wrap elementor-element-populated\">\n\t\t\t\t\t\t<div class=\"elementor-element elementor-element-1ef6b66 elementor-widget elementor-widget-text-editor\" data-id=\"1ef6b66\" data-element_type=\"widget\" data-e-type=\"widget\" data-widget_type=\"text-editor.default\">\n\t\t\t\t<div class=\"elementor-widget-container\">\n\t\t\t\t\t\t\t\t\t<p><span style=\"font-size: 0.875rem\">Diese Funktion erm\u00f6glicht es Ihnen, jederzeit die aktuelle Versandzeit f\u00fcr die von Ihnen gesuchten Produkte in Echtzeit einzusehen.<\/span><\/p>\n<p>Einfach zu bedienen und schnell \u2013 Sie k\u00f6nnen die Lieferzeiten f\u00fcr mehrere Produkte gleichzeitig abfragen.<\/p>\t\t\t\t\t\t\t\t<\/div>\n\t\t\t\t<\/div>\n\t\t\t\t\t<\/div>\n\t\t<\/div>\n\t\t\t\t\t<\/div>\n\t\t<\/section>\n\t\t\t\t<div class=\"elementor-element elementor-element-cfe9977 elementor-align-center elementor-widget elementor-widget-button\" data-id=\"cfe9977\" data-element_type=\"widget\" data-e-type=\"widget\" data-widget_type=\"button.default\">\n\t\t\t\t<div class=\"elementor-widget-container\">\n\t\t\t\t\t\t\t\t\t<div class=\"elementor-button-wrapper\">\n\t\t\t\t\t<a class=\"elementor-button elementor-button-link elementor-size-sm\" href=\"https:\/\/partenaire.tournus.com\/ConsultExpress\/SearchConsultExpress.php?lang=de\">\n\t\t\t\t\t\t<span class=\"elementor-button-content-wrapper\">\n\t\t\t\t\t\t\t\t\t<span class=\"elementor-button-text\">Mehr erfahren<\/span>\n\t\t\t\t\t<\/span>\n\t\t\t\t\t<\/a>\n\t\t\t\t<\/div>\n\t\t\t\t\t\t\t\t<\/div>\n\t\t\t\t<\/div>\n\t\t\t\t\t<\/div>\n\t\t<\/div>\n\t\t\t\t\t<\/div>\n\t\t<\/section>\n\t\t\t\t<\/div>\n\t\t","protected":false},"excerpt":{"rendered":"<p>Die auf Lager verf\u00fcgbaren Produkte sind innerhalb von 48 Stunden versandbereit (Artikel durch eine durchgehende Linie gekennzeichnet). Diese Funktion erm\u00f6glicht es Ihnen, jederzeit die aktuelle Versandzeit f\u00fcr die von Ihnen gesuchten Produkte in Echtzeit einzusehen. Einfach zu bedienen und schnell \u2013 Sie k\u00f6nnen die Lieferzeiten f\u00fcr mehrere Produkte gleichzeitig abfragen. Mehr erfahren<\/p>\n","protected":false},"author":1,"featured_media":0,"parent":24,"menu_order":40,"comment_status":"closed","ping_status":"closed","template":"","meta":{"footnotes":""},"class_list":["post-85","page","type-page","status-publish","hentry"],"yoast_head":"<!-- This site is optimized with the Yoast SEO plugin v27.3 - https:\/\/yoast.com\/product\/yoast-seo-wordpress\/ -->\n<title>Ultraschnelle Lieferung: K\u00fcchenausstattung | Tournus Equipement DE<\/title>\n<meta name=\"description\" content=\"Bestellen Sie bei Tournus \u00c9quipement, Ihre Edelstahlm\u00f6bel werden schnellstm\u00f6glich geliefert.\" \/>\n<meta name=\"robots\" content=\"index, follow, max-snippet:-1, max-image-preview:large, max-video-preview:-1\" \/>\n<link rel=\"canonical\" href=\"https:\/\/www.tournus.com\/de\/die-vorteile-von-tournus\/ultraschnelle-lieferung\/\" \/>\n<meta property=\"og:locale\" content=\"fr_FR\" \/>\n<meta property=\"og:type\" content=\"article\" \/>\n<meta property=\"og:title\" content=\"Ultraschnelle Lieferung: K\u00fcchenausstattung | Tournus Equipement DE\" \/>\n<meta property=\"og:description\" content=\"Bestellen Sie bei Tournus \u00c9quipement, Ihre Edelstahlm\u00f6bel werden schnellstm\u00f6glich geliefert.\" \/>\n<meta property=\"og:url\" content=\"https:\/\/www.tournus.com\/de\/die-vorteile-von-tournus\/ultraschnelle-lieferung\/\" \/>\n<meta property=\"og:site_name\" content=\"Tournus Equipement DE\" \/>\n<meta property=\"article:publisher\" content=\"https:\/\/www.facebook.com\/tournusfr\" \/>\n<meta property=\"article:modified_time\" content=\"2025-01-09T11:09:22+00:00\" \/>\n<meta property=\"og:image\" content=\"https:\/\/www.tournus.com\/de\/wp-content\/uploads\/sites\/4\/elementor\/thumbs\/Theken-9-qzr19hl5ou2xifyyb0m8ekh71hnct8niwiuu0zd7f4.jpg\" \/>\n<meta name=\"twitter:card\" content=\"summary_large_image\" \/>\n<meta name=\"twitter:label1\" content=\"Dur\u00e9e de lecture estim\u00e9e\" \/>\n\t<meta name=\"twitter:data1\" content=\"1 minute\" \/>\n<script type=\"application\/ld+json\" class=\"yoast-schema-graph\">{\"@context\":\"https:\\\/\\\/schema.org\",\"@graph\":[{\"@type\":\"WebPage\",\"@id\":\"https:\\\/\\\/www.tournus.com\\\/de\\\/die-vorteile-von-tournus\\\/ultraschnelle-lieferung\\\/\",\"url\":\"https:\\\/\\\/www.tournus.com\\\/de\\\/die-vorteile-von-tournus\\\/ultraschnelle-lieferung\\\/\",\"name\":\"Ultraschnelle Lieferung: K\u00fcchenausstattung | Tournus Equipement DE\",\"isPartOf\":{\"@id\":\"https:\\\/\\\/www.tournus.com\\\/de\\\/#website\"},\"primaryImageOfPage\":{\"@id\":\"https:\\\/\\\/www.tournus.com\\\/de\\\/die-vorteile-von-tournus\\\/ultraschnelle-lieferung\\\/#primaryimage\"},\"image\":{\"@id\":\"https:\\\/\\\/www.tournus.com\\\/de\\\/die-vorteile-von-tournus\\\/ultraschnelle-lieferung\\\/#primaryimage\"},\"thumbnailUrl\":\"https:\\\/\\\/www.tournus.com\\\/de\\\/wp-content\\\/uploads\\\/sites\\\/4\\\/elementor\\\/thumbs\\\/Theken-9-qzr19hl5ou2xifyyb0m8ekh71hnct8niwiuu0zd7f4.jpg\",\"datePublished\":\"2015-05-21T10:25:12+00:00\",\"dateModified\":\"2025-01-09T11:09:22+00:00\",\"description\":\"Bestellen Sie bei Tournus \u00c9quipement, Ihre Edelstahlm\u00f6bel werden schnellstm\u00f6glich geliefert.\",\"breadcrumb\":{\"@id\":\"https:\\\/\\\/www.tournus.com\\\/de\\\/die-vorteile-von-tournus\\\/ultraschnelle-lieferung\\\/#breadcrumb\"},\"inLanguage\":\"fr-FR\",\"potentialAction\":[{\"@type\":\"ReadAction\",\"target\":[\"https:\\\/\\\/www.tournus.com\\\/de\\\/die-vorteile-von-tournus\\\/ultraschnelle-lieferung\\\/\"]}]},{\"@type\":\"ImageObject\",\"inLanguage\":\"fr-FR\",\"@id\":\"https:\\\/\\\/www.tournus.com\\\/de\\\/die-vorteile-von-tournus\\\/ultraschnelle-lieferung\\\/#primaryimage\",\"url\":\"https:\\\/\\\/www.tournus.com\\\/de\\\/wp-content\\\/uploads\\\/sites\\\/4\\\/elementor\\\/thumbs\\\/Theken-9-qzr19hl5ou2xifyyb0m8ekh71hnct8niwiuu0zd7f4.jpg\",\"contentUrl\":\"https:\\\/\\\/www.tournus.com\\\/de\\\/wp-content\\\/uploads\\\/sites\\\/4\\\/elementor\\\/thumbs\\\/Theken-9-qzr19hl5ou2xifyyb0m8ekh71hnct8niwiuu0zd7f4.jpg\"},{\"@type\":\"BreadcrumbList\",\"@id\":\"https:\\\/\\\/www.tournus.com\\\/de\\\/die-vorteile-von-tournus\\\/ultraschnelle-lieferung\\\/#breadcrumb\",\"itemListElement\":[{\"@type\":\"ListItem\",\"position\":1,\"name\":\"Startseite\",\"item\":\"https:\\\/\\\/www.tournus.com\\\/de\\\/\"},{\"@type\":\"ListItem\",\"position\":2,\"name\":\"Die Vorteile von Tournus\",\"item\":\"https:\\\/\\\/www.tournus.com\\\/de\\\/die-vorteile-von-tournus\\\/\"},{\"@type\":\"ListItem\",\"position\":3,\"name\":\"Ultraschnelle Lieferung\"}]},{\"@type\":\"WebSite\",\"@id\":\"https:\\\/\\\/www.tournus.com\\\/de\\\/#website\",\"url\":\"https:\\\/\\\/www.tournus.com\\\/de\\\/\",\"name\":\"Tournus Equipement DE\",\"description\":\"Fabricant Fran\u00e7ais pour la restauration &amp; le commerce alimentaire\",\"potentialAction\":[{\"@type\":\"SearchAction\",\"target\":{\"@type\":\"EntryPoint\",\"urlTemplate\":\"https:\\\/\\\/www.tournus.com\\\/de\\\/?s={search_term_string}\"},\"query-input\":{\"@type\":\"PropertyValueSpecification\",\"valueRequired\":true,\"valueName\":\"search_term_string\"}}],\"inLanguage\":\"fr-FR\"}]}<\/script>\n<!-- \/ Yoast SEO plugin. -->","yoast_head_json":{"title":"Ultraschnelle Lieferung: K\u00fcchenausstattung | Tournus Equipement DE","description":"Bestellen Sie bei Tournus \u00c9quipement, Ihre Edelstahlm\u00f6bel werden schnellstm\u00f6glich geliefert.","robots":{"index":"index","follow":"follow","max-snippet":"max-snippet:-1","max-image-preview":"max-image-preview:large","max-video-preview":"max-video-preview:-1"},"canonical":"https:\/\/www.tournus.com\/de\/die-vorteile-von-tournus\/ultraschnelle-lieferung\/","og_locale":"fr_FR","og_type":"article","og_title":"Ultraschnelle Lieferung: K\u00fcchenausstattung | Tournus Equipement DE","og_description":"Bestellen Sie bei Tournus \u00c9quipement, Ihre Edelstahlm\u00f6bel werden schnellstm\u00f6glich geliefert.","og_url":"https:\/\/www.tournus.com\/de\/die-vorteile-von-tournus\/ultraschnelle-lieferung\/","og_site_name":"Tournus Equipement DE","article_publisher":"https:\/\/www.facebook.com\/tournusfr","article_modified_time":"2025-01-09T11:09:22+00:00","og_image":[{"url":"https:\/\/www.tournus.com\/de\/wp-content\/uploads\/sites\/4\/elementor\/thumbs\/Theken-9-qzr19hl5ou2xifyyb0m8ekh71hnct8niwiuu0zd7f4.jpg","type":"","width":"","height":""}],"twitter_card":"summary_large_image","twitter_misc":{"Dur\u00e9e de lecture estim\u00e9e":"1 minute"},"schema":{"@context":"https:\/\/schema.org","@graph":[{"@type":"WebPage","@id":"https:\/\/www.tournus.com\/de\/die-vorteile-von-tournus\/ultraschnelle-lieferung\/","url":"https:\/\/www.tournus.com\/de\/die-vorteile-von-tournus\/ultraschnelle-lieferung\/","name":"Ultraschnelle Lieferung: K\u00fcchenausstattung | Tournus Equipement DE","isPartOf":{"@id":"https:\/\/www.tournus.com\/de\/#website"},"primaryImageOfPage":{"@id":"https:\/\/www.tournus.com\/de\/die-vorteile-von-tournus\/ultraschnelle-lieferung\/#primaryimage"},"image":{"@id":"https:\/\/www.tournus.com\/de\/die-vorteile-von-tournus\/ultraschnelle-lieferung\/#primaryimage"},"thumbnailUrl":"https:\/\/www.tournus.com\/de\/wp-content\/uploads\/sites\/4\/elementor\/thumbs\/Theken-9-qzr19hl5ou2xifyyb0m8ekh71hnct8niwiuu0zd7f4.jpg","datePublished":"2015-05-21T10:25:12+00:00","dateModified":"2025-01-09T11:09:22+00:00","description":"Bestellen Sie bei Tournus \u00c9quipement, Ihre Edelstahlm\u00f6bel werden schnellstm\u00f6glich geliefert.","breadcrumb":{"@id":"https:\/\/www.tournus.com\/de\/die-vorteile-von-tournus\/ultraschnelle-lieferung\/#breadcrumb"},"inLanguage":"fr-FR","potentialAction":[{"@type":"ReadAction","target":["https:\/\/www.tournus.com\/de\/die-vorteile-von-tournus\/ultraschnelle-lieferung\/"]}]},{"@type":"ImageObject","inLanguage":"fr-FR","@id":"https:\/\/www.tournus.com\/de\/die-vorteile-von-tournus\/ultraschnelle-lieferung\/#primaryimage","url":"https:\/\/www.tournus.com\/de\/wp-content\/uploads\/sites\/4\/elementor\/thumbs\/Theken-9-qzr19hl5ou2xifyyb0m8ekh71hnct8niwiuu0zd7f4.jpg","contentUrl":"https:\/\/www.tournus.com\/de\/wp-content\/uploads\/sites\/4\/elementor\/thumbs\/Theken-9-qzr19hl5ou2xifyyb0m8ekh71hnct8niwiuu0zd7f4.jpg"},{"@type":"BreadcrumbList","@id":"https:\/\/www.tournus.com\/de\/die-vorteile-von-tournus\/ultraschnelle-lieferung\/#breadcrumb","itemListElement":[{"@type":"ListItem","position":1,"name":"Startseite","item":"https:\/\/www.tournus.com\/de\/"},{"@type":"ListItem","position":2,"name":"Die Vorteile von Tournus","item":"https:\/\/www.tournus.com\/de\/die-vorteile-von-tournus\/"},{"@type":"ListItem","position":3,"name":"Ultraschnelle Lieferung"}]},{"@type":"WebSite","@id":"https:\/\/www.tournus.com\/de\/#website","url":"https:\/\/www.tournus.com\/de\/","name":"Tournus Equipement DE","description":"Fabricant Fran\u00e7ais pour la restauration &amp; le commerce alimentaire","potentialAction":[{"@type":"SearchAction","target":{"@type":"EntryPoint","urlTemplate":"https:\/\/www.tournus.com\/de\/?s={search_term_string}"},"query-input":{"@type":"PropertyValueSpecification","valueRequired":true,"valueName":"search_term_string"}}],"inLanguage":"fr-FR"}]}},"_links":{"self":[{"href":"https:\/\/www.tournus.com\/de\/wp-json\/wp\/v2\/pages\/85","targetHints":{"allow":["GET"]}}],"collection":[{"href":"https:\/\/www.tournus.com\/de\/wp-json\/wp\/v2\/pages"}],"about":[{"href":"https:\/\/www.tournus.com\/de\/wp-json\/wp\/v2\/types\/page"}],"author":[{"embeddable":true,"href":"https:\/\/www.tournus.com\/de\/wp-json\/wp\/v2\/users\/1"}],"replies":[{"embeddable":true,"href":"https:\/\/www.tournus.com\/de\/wp-json\/wp\/v2\/comments?post=85"}],"version-history":[{"count":12,"href":"https:\/\/www.tournus.com\/de\/wp-json\/wp\/v2\/pages\/85\/revisions"}],"predecessor-version":[{"id":16405,"href":"https:\/\/www.tournus.com\/de\/wp-json\/wp\/v2\/pages\/85\/revisions\/16405"}],"up":[{"embeddable":true,"href":"https:\/\/www.tournus.com\/de\/wp-json\/wp\/v2\/pages\/24"}],"wp:attachment":[{"href":"https:\/\/www.tournus.com\/de\/wp-json\/wp\/v2\/media?parent=85"}],"curies":[{"name":"wp","href":"https:\/\/api.w.org\/{rel}","templated":true}]}}