{"id":81,"date":"2014-12-01T15:41:36","date_gmt":"2014-12-01T15:41:36","guid":{"rendered":"https:\/\/www.tournus.com\/?page_id=81"},"modified":"2025-01-09T11:57:29","modified_gmt":"2025-01-09T10:57:29","slug":"planungssoftware-fur-regalsysteme","status":"publish","type":"page","link":"https:\/\/www.tournus.com\/de\/die-vorteile-von-tournus\/planungssoftware-fur-regalsysteme\/","title":{"rendered":"Planungssoftware f\u00fcr Regalsysteme"},"content":{"rendered":"\t\t<div data-elementor-type=\"wp-page\" data-elementor-id=\"81\" class=\"elementor elementor-81\" data-elementor-post-type=\"page\">\n\t\t\t\t\t\t<section class=\"elementor-section elementor-top-section elementor-element elementor-element-5489336e elementor-section-full_width elementor-section-height-default elementor-section-height-default\" data-id=\"5489336e\" data-element_type=\"section\" data-e-type=\"section\">\n\t\t\t\t\t\t<div class=\"elementor-container elementor-column-gap-default\">\n\t\t\t\t\t<div class=\"elementor-column elementor-col-100 elementor-top-column elementor-element elementor-element-5c540f62\" data-id=\"5c540f62\" data-element_type=\"column\" data-e-type=\"column\">\n\t\t\t<div class=\"elementor-widget-wrap elementor-element-populated\">\n\t\t\t\t\t\t<div class=\"elementor-element elementor-element-f30bfc0 elementor-widget elementor-widget-image\" data-id=\"f30bfc0\" data-element_type=\"widget\" data-e-type=\"widget\" data-widget_type=\"image.default\">\n\t\t\t\t<div class=\"elementor-widget-container\">\n\t\t\t\t\t\t\t\t\t\t\t\t\t\t\t<img fetchpriority=\"high\" decoding=\"async\" width=\"1140\" height=\"408\" src=\"https:\/\/www.tournus.com\/de\/wp-content\/uploads\/sites\/4\/2014\/12\/shelving-tournus.jpg\" class=\"attachment-full size-full wp-image-3061\" alt=\"Logiciel d\u2019implantation rayonnages\" srcset=\"https:\/\/www.tournus.com\/de\/wp-content\/uploads\/sites\/4\/2014\/12\/shelving-tournus.jpg 1140w, https:\/\/www.tournus.com\/de\/wp-content\/uploads\/sites\/4\/2014\/12\/shelving-tournus-300x107.jpg 300w, https:\/\/www.tournus.com\/de\/wp-content\/uploads\/sites\/4\/2014\/12\/shelving-tournus-1024x366.jpg 1024w, https:\/\/www.tournus.com\/de\/wp-content\/uploads\/sites\/4\/2014\/12\/shelving-tournus-768x275.jpg 768w\" sizes=\"(max-width: 1140px) 100vw, 1140px\" \/>\t\t\t\t\t\t\t\t\t\t\t\t\t\t\t<\/div>\n\t\t\t\t<\/div>\n\t\t\t\t<section class=\"elementor-section elementor-inner-section elementor-element elementor-element-740e616 elementor-section-full_width elementor-section-height-default elementor-section-height-default\" data-id=\"740e616\" data-element_type=\"section\" data-e-type=\"section\">\n\t\t\t\t\t\t<div class=\"elementor-container elementor-column-gap-default\">\n\t\t\t\t\t<div class=\"elementor-column elementor-col-50 elementor-inner-column elementor-element elementor-element-f351c97\" data-id=\"f351c97\" data-element_type=\"column\" data-e-type=\"column\">\n\t\t\t<div class=\"elementor-widget-wrap elementor-element-populated\">\n\t\t\t\t\t\t<div class=\"elementor-element elementor-element-30c337ba elementor-widget elementor-widget-text-editor\" data-id=\"30c337ba\" data-element_type=\"widget\" data-e-type=\"widget\" data-widget_type=\"text-editor.default\">\n\t\t\t\t<div class=\"elementor-widget-container\">\n\t\t\t\t\t\t\t\t\t<section class=\"av_textblock_section\"><div class=\"avia_textblock \"><p>Planungssoftware f\u00fcr Regalsysteme verf\u00fcgbar unter www.tournus.com. Sie erm\u00f6glicht es Ihnen, mit wenigen Klicks:<\/p><ul><li>Die optimale Platzierung Ihres Regalsystems festzulegen<\/li><li>Ein Angebot f\u00fcr Ihren Kunden zu erstellen<\/li><li>Das Angebot in eine Bestellung umzuwandeln<\/li><li>Die Verpackungsvorbereitung zu organisieren<\/li><\/ul><h2>Einfache Bedienung<\/h2><ul><li>Intuitive Navigation<\/li><li>Vorgefertigte Bauteile<\/li><li>Einfache Anpassung der Einstellungen<\/li><li>Leicht modifizierbare Platzierung<\/li><li>Angebots- und Planausgabe in Excel<\/li><\/ul><\/div><\/section>\t\t\t\t\t\t\t\t<\/div>\n\t\t\t\t<\/div>\n\t\t\t\t\t<\/div>\n\t\t<\/div>\n\t\t\t\t<div class=\"elementor-column elementor-col-50 elementor-inner-column elementor-element elementor-element-a8d1e2d\" data-id=\"a8d1e2d\" data-element_type=\"column\" data-e-type=\"column\">\n\t\t\t<div class=\"elementor-widget-wrap elementor-element-populated\">\n\t\t\t\t\t\t<div class=\"elementor-element elementor-element-c67df17 elementor-widget elementor-widget-image\" data-id=\"c67df17\" data-element_type=\"widget\" data-e-type=\"widget\" data-widget_type=\"image.default\">\n\t\t\t\t<div class=\"elementor-widget-container\">\n\t\t\t\t\t\t\t\t\t\t\t\t\t\t\t<img decoding=\"async\" src=\"https:\/\/www.tournus.com\/de\/wp-content\/uploads\/sites\/4\/elementor\/thumbs\/p2-qx00gxrtg4w8m9bk6gc6cagyb1zoq0x6bq6x2jt1mw.jpg\" title=\"p2\" alt=\"p2\" loading=\"lazy\" \/>\t\t\t\t\t\t\t\t\t\t\t\t\t\t\t<\/div>\n\t\t\t\t<\/div>\n\t\t\t\t\t<\/div>\n\t\t<\/div>\n\t\t\t\t\t<\/div>\n\t\t<\/section>\n\t\t\t\t<section class=\"elementor-section elementor-inner-section elementor-element elementor-element-4f71933 elementor-section-full_width elementor-section-height-default elementor-section-height-default\" data-id=\"4f71933\" data-element_type=\"section\" data-e-type=\"section\">\n\t\t\t\t\t\t<div class=\"elementor-container elementor-column-gap-default\">\n\t\t\t\t\t<div class=\"elementor-column elementor-col-50 elementor-inner-column elementor-element elementor-element-f72e7f3\" data-id=\"f72e7f3\" data-element_type=\"column\" data-e-type=\"column\">\n\t\t\t<div class=\"elementor-widget-wrap elementor-element-populated\">\n\t\t\t\t\t\t<div class=\"elementor-element elementor-element-0618688 elementor-widget elementor-widget-text-editor\" data-id=\"0618688\" data-element_type=\"widget\" data-e-type=\"widget\" data-widget_type=\"text-editor.default\">\n\t\t\t\t<div class=\"elementor-widget-container\">\n\t\t\t\t\t\t\t\t\t<h2>Zuverl\u00e4ssigkeit<\/h2><p>Er ber\u00fccksichtigt alle Parameter des auszur\u00fcstenden Raumes:<\/p><ul><li>\u00d6ffnungen<\/li><li>Notwendige Freir\u00e4ume<\/li><li>M\u00f6gliche Anwesenheit von Verdampfern<\/li><li>R\u00fcckvers\u00e4tze durch Hohlkehlensockel<\/li><\/ul><h2>R\u00fcckverfolgbarkeit<\/h2><ul><li>Geordnete und zug\u00e4ngliche Dateien<\/li><li>Angebote leicht anpassbar<\/li><\/ul><p>Es dient als Unterst\u00fctzung:<br \/>&#8211; zur Auftragserteilung <br \/>&#8211; zur Vorbereitung der Installation<\/p>\t\t\t\t\t\t\t\t<\/div>\n\t\t\t\t<\/div>\n\t\t\t\t\t<\/div>\n\t\t<\/div>\n\t\t\t\t<div class=\"elementor-column elementor-col-50 elementor-inner-column elementor-element elementor-element-833da8f\" data-id=\"833da8f\" data-element_type=\"column\" data-e-type=\"column\">\n\t\t\t<div class=\"elementor-widget-wrap elementor-element-populated\">\n\t\t\t\t\t\t<div class=\"elementor-element elementor-element-8116662 elementor-widget elementor-widget-image\" data-id=\"8116662\" data-element_type=\"widget\" data-e-type=\"widget\" data-widget_type=\"image.default\">\n\t\t\t\t<div class=\"elementor-widget-container\">\n\t\t\t\t\t\t\t\t\t\t\t\t\t\t\t<img decoding=\"async\" width=\"600\" height=\"600\" src=\"https:\/\/www.tournus.com\/de\/wp-content\/uploads\/sites\/4\/2014\/12\/application-3d-rayonnage-3-tournus.jpg\" class=\"attachment-large size-large wp-image-2896\" alt=\"\" srcset=\"https:\/\/www.tournus.com\/de\/wp-content\/uploads\/sites\/4\/2014\/12\/application-3d-rayonnage-3-tournus.jpg 600w, https:\/\/www.tournus.com\/de\/wp-content\/uploads\/sites\/4\/2014\/12\/application-3d-rayonnage-3-tournus-300x300.jpg 300w, https:\/\/www.tournus.com\/de\/wp-content\/uploads\/sites\/4\/2014\/12\/application-3d-rayonnage-3-tournus-150x150.jpg 150w\" sizes=\"(max-width: 600px) 100vw, 600px\" \/>\t\t\t\t\t\t\t\t\t\t\t\t\t\t\t<\/div>\n\t\t\t\t<\/div>\n\t\t\t\t\t<\/div>\n\t\t<\/div>\n\t\t\t\t\t<\/div>\n\t\t<\/section>\n\t\t\t\t\t<\/div>\n\t\t<\/div>\n\t\t\t\t\t<\/div>\n\t\t<\/section>\n\t\t\t\t<section class=\"elementor-section elementor-inner-section elementor-element elementor-element-c24231a elementor-section-full_width elementor-section-height-default elementor-section-height-default\" data-id=\"c24231a\" data-element_type=\"section\" data-e-type=\"section\">\n\t\t\t\t\t\t<div class=\"elementor-container elementor-column-gap-default\">\n\t\t\t\t\t<div class=\"elementor-column elementor-col-50 elementor-inner-column elementor-element elementor-element-3d519882\" data-id=\"3d519882\" data-element_type=\"column\" data-e-type=\"column\">\n\t\t\t<div class=\"elementor-widget-wrap elementor-element-populated\">\n\t\t\t\t\t\t<div class=\"elementor-element elementor-element-1f258d4 elementor-widget elementor-widget-button\" data-id=\"1f258d4\" data-element_type=\"widget\" data-e-type=\"widget\" data-widget_type=\"button.default\">\n\t\t\t\t<div class=\"elementor-widget-container\">\n\t\t\t\t\t\t\t\t\t<div class=\"elementor-button-wrapper\">\n\t\t\t\t\t<a class=\"elementor-button elementor-button-link elementor-size-sm\" href=\"https:\/\/youtu.be\/s9mtDMzNfwg\" target=\"_blank\">\n\t\t\t\t\t\t<span class=\"elementor-button-content-wrapper\">\n\t\t\t\t\t\t<span class=\"elementor-button-icon\">\n\t\t\t\t<i aria-hidden=\"true\" class=\"fab fa-youtube\"><\/i>\t\t\t<\/span>\n\t\t\t\t\t\t\t\t\t<span class=\"elementor-button-text\">Das Speed-Shelving-Video<\/span>\n\t\t\t\t\t<\/span>\n\t\t\t\t\t<\/a>\n\t\t\t\t<\/div>\n\t\t\t\t\t\t\t\t<\/div>\n\t\t\t\t<\/div>\n\t\t\t\t\t<\/div>\n\t\t<\/div>\n\t\t\t\t<div class=\"elementor-column elementor-col-50 elementor-inner-column elementor-element elementor-element-51cf10ac\" data-id=\"51cf10ac\" data-element_type=\"column\" data-e-type=\"column\">\n\t\t\t<div class=\"elementor-widget-wrap\">\n\t\t\t\t\t\t\t<\/div>\n\t\t<\/div>\n\t\t\t\t\t<\/div>\n\t\t<\/section>\n\t\t\t\t<\/div>\n\t\t","protected":false},"excerpt":{"rendered":"<p>Planungssoftware f\u00fcr Regalsysteme verf\u00fcgbar unter www.tournus.com. Sie erm\u00f6glicht es Ihnen, mit wenigen Klicks: Die optimale Platzierung Ihres Regalsystems festzulegen Ein Angebot f\u00fcr Ihren Kunden zu erstellen Das Angebot in eine Bestellung umzuwandeln Die Verpackungsvorbereitung zu organisieren Einfache Bedienung Intuitive Navigation Vorgefertigte Bauteile Einfache Anpassung der Einstellungen Leicht modifizierbare Platzierung Angebots- und Planausgabe in Excel Zuverl\u00e4ssigkeit [&hellip;]<\/p>\n","protected":false},"author":1,"featured_media":0,"parent":24,"menu_order":20,"comment_status":"closed","ping_status":"closed","template":"","meta":{"footnotes":""},"class_list":["post-81","page","type-page","status-publish","hentry"],"yoast_head":"<!-- This site is optimized with the Yoast SEO plugin v27.3 - https:\/\/yoast.com\/product\/yoast-seo-wordpress\/ -->\n<title>K\u00fcchenregal-Software | Tournus Equipement DE<\/title>\n<meta name=\"description\" content=\"Speed Shelving, die Referenzsoftware f\u00fcr Regalplanung, Angebotserstellung und Verpackungsvorbereitung.\" \/>\n<meta name=\"robots\" content=\"index, follow, max-snippet:-1, max-image-preview:large, max-video-preview:-1\" \/>\n<link rel=\"canonical\" href=\"https:\/\/www.tournus.com\/de\/die-vorteile-von-tournus\/planungssoftware-fur-regalsysteme\/\" \/>\n<meta property=\"og:locale\" content=\"fr_FR\" \/>\n<meta property=\"og:type\" content=\"article\" \/>\n<meta property=\"og:title\" content=\"K\u00fcchenregal-Software | Tournus Equipement DE\" \/>\n<meta property=\"og:description\" content=\"Speed Shelving, die Referenzsoftware f\u00fcr Regalplanung, Angebotserstellung und Verpackungsvorbereitung.\" \/>\n<meta property=\"og:url\" content=\"https:\/\/www.tournus.com\/de\/die-vorteile-von-tournus\/planungssoftware-fur-regalsysteme\/\" \/>\n<meta property=\"og:site_name\" content=\"Tournus Equipement DE\" \/>\n<meta property=\"article:publisher\" content=\"https:\/\/www.facebook.com\/tournusfr\" \/>\n<meta property=\"article:modified_time\" content=\"2025-01-09T10:57:29+00:00\" \/>\n<meta property=\"og:image\" content=\"https:\/\/www.tournus.com\/de\/wp-content\/uploads\/sites\/4\/2014\/12\/shelving-tournus.jpg\" \/>\n\t<meta property=\"og:image:width\" content=\"1140\" \/>\n\t<meta property=\"og:image:height\" content=\"408\" \/>\n\t<meta property=\"og:image:type\" content=\"image\/jpeg\" \/>\n<meta name=\"twitter:card\" content=\"summary_large_image\" \/>\n<meta name=\"twitter:label1\" content=\"Dur\u00e9e de lecture estim\u00e9e\" \/>\n\t<meta name=\"twitter:data1\" content=\"2 minutes\" \/>\n<script type=\"application\/ld+json\" class=\"yoast-schema-graph\">{\"@context\":\"https:\\\/\\\/schema.org\",\"@graph\":[{\"@type\":\"WebPage\",\"@id\":\"https:\\\/\\\/www.tournus.com\\\/de\\\/die-vorteile-von-tournus\\\/planungssoftware-fur-regalsysteme\\\/\",\"url\":\"https:\\\/\\\/www.tournus.com\\\/de\\\/die-vorteile-von-tournus\\\/planungssoftware-fur-regalsysteme\\\/\",\"name\":\"K\u00fcchenregal-Software | Tournus Equipement DE\",\"isPartOf\":{\"@id\":\"https:\\\/\\\/www.tournus.com\\\/de\\\/#website\"},\"primaryImageOfPage\":{\"@id\":\"https:\\\/\\\/www.tournus.com\\\/de\\\/die-vorteile-von-tournus\\\/planungssoftware-fur-regalsysteme\\\/#primaryimage\"},\"image\":{\"@id\":\"https:\\\/\\\/www.tournus.com\\\/de\\\/die-vorteile-von-tournus\\\/planungssoftware-fur-regalsysteme\\\/#primaryimage\"},\"thumbnailUrl\":\"https:\\\/\\\/www.tournus.com\\\/de\\\/wp-content\\\/uploads\\\/sites\\\/4\\\/2014\\\/12\\\/shelving-tournus.jpg\",\"datePublished\":\"2014-12-01T15:41:36+00:00\",\"dateModified\":\"2025-01-09T10:57:29+00:00\",\"description\":\"Speed Shelving, die Referenzsoftware f\u00fcr Regalplanung, Angebotserstellung und Verpackungsvorbereitung.\",\"breadcrumb\":{\"@id\":\"https:\\\/\\\/www.tournus.com\\\/de\\\/die-vorteile-von-tournus\\\/planungssoftware-fur-regalsysteme\\\/#breadcrumb\"},\"inLanguage\":\"fr-FR\",\"potentialAction\":[{\"@type\":\"ReadAction\",\"target\":[\"https:\\\/\\\/www.tournus.com\\\/de\\\/die-vorteile-von-tournus\\\/planungssoftware-fur-regalsysteme\\\/\"]}]},{\"@type\":\"ImageObject\",\"inLanguage\":\"fr-FR\",\"@id\":\"https:\\\/\\\/www.tournus.com\\\/de\\\/die-vorteile-von-tournus\\\/planungssoftware-fur-regalsysteme\\\/#primaryimage\",\"url\":\"https:\\\/\\\/www.tournus.com\\\/de\\\/wp-content\\\/uploads\\\/sites\\\/4\\\/2014\\\/12\\\/shelving-tournus.jpg\",\"contentUrl\":\"https:\\\/\\\/www.tournus.com\\\/de\\\/wp-content\\\/uploads\\\/sites\\\/4\\\/2014\\\/12\\\/shelving-tournus.jpg\",\"width\":1140,\"height\":408,\"caption\":\"Logiciel d\u2019implantation rayonnages\"},{\"@type\":\"BreadcrumbList\",\"@id\":\"https:\\\/\\\/www.tournus.com\\\/de\\\/die-vorteile-von-tournus\\\/planungssoftware-fur-regalsysteme\\\/#breadcrumb\",\"itemListElement\":[{\"@type\":\"ListItem\",\"position\":1,\"name\":\"Startseite\",\"item\":\"https:\\\/\\\/www.tournus.com\\\/de\\\/\"},{\"@type\":\"ListItem\",\"position\":2,\"name\":\"Die Vorteile von Tournus\",\"item\":\"https:\\\/\\\/www.tournus.com\\\/de\\\/die-vorteile-von-tournus\\\/\"},{\"@type\":\"ListItem\",\"position\":3,\"name\":\"Planungssoftware f\u00fcr Regalsysteme\"}]},{\"@type\":\"WebSite\",\"@id\":\"https:\\\/\\\/www.tournus.com\\\/de\\\/#website\",\"url\":\"https:\\\/\\\/www.tournus.com\\\/de\\\/\",\"name\":\"Tournus Equipement DE\",\"description\":\"Fabricant Fran\u00e7ais pour la restauration &amp; le commerce alimentaire\",\"potentialAction\":[{\"@type\":\"SearchAction\",\"target\":{\"@type\":\"EntryPoint\",\"urlTemplate\":\"https:\\\/\\\/www.tournus.com\\\/de\\\/?s={search_term_string}\"},\"query-input\":{\"@type\":\"PropertyValueSpecification\",\"valueRequired\":true,\"valueName\":\"search_term_string\"}}],\"inLanguage\":\"fr-FR\"}]}<\/script>\n<!-- \/ Yoast SEO plugin. -->","yoast_head_json":{"title":"K\u00fcchenregal-Software | Tournus Equipement DE","description":"Speed Shelving, die Referenzsoftware f\u00fcr Regalplanung, Angebotserstellung und Verpackungsvorbereitung.","robots":{"index":"index","follow":"follow","max-snippet":"max-snippet:-1","max-image-preview":"max-image-preview:large","max-video-preview":"max-video-preview:-1"},"canonical":"https:\/\/www.tournus.com\/de\/die-vorteile-von-tournus\/planungssoftware-fur-regalsysteme\/","og_locale":"fr_FR","og_type":"article","og_title":"K\u00fcchenregal-Software | Tournus Equipement DE","og_description":"Speed Shelving, die Referenzsoftware f\u00fcr Regalplanung, Angebotserstellung und Verpackungsvorbereitung.","og_url":"https:\/\/www.tournus.com\/de\/die-vorteile-von-tournus\/planungssoftware-fur-regalsysteme\/","og_site_name":"Tournus Equipement DE","article_publisher":"https:\/\/www.facebook.com\/tournusfr","article_modified_time":"2025-01-09T10:57:29+00:00","og_image":[{"width":1140,"height":408,"url":"https:\/\/www.tournus.com\/de\/wp-content\/uploads\/sites\/4\/2014\/12\/shelving-tournus.jpg","type":"image\/jpeg"}],"twitter_card":"summary_large_image","twitter_misc":{"Dur\u00e9e de lecture estim\u00e9e":"2 minutes"},"schema":{"@context":"https:\/\/schema.org","@graph":[{"@type":"WebPage","@id":"https:\/\/www.tournus.com\/de\/die-vorteile-von-tournus\/planungssoftware-fur-regalsysteme\/","url":"https:\/\/www.tournus.com\/de\/die-vorteile-von-tournus\/planungssoftware-fur-regalsysteme\/","name":"K\u00fcchenregal-Software | Tournus Equipement DE","isPartOf":{"@id":"https:\/\/www.tournus.com\/de\/#website"},"primaryImageOfPage":{"@id":"https:\/\/www.tournus.com\/de\/die-vorteile-von-tournus\/planungssoftware-fur-regalsysteme\/#primaryimage"},"image":{"@id":"https:\/\/www.tournus.com\/de\/die-vorteile-von-tournus\/planungssoftware-fur-regalsysteme\/#primaryimage"},"thumbnailUrl":"https:\/\/www.tournus.com\/de\/wp-content\/uploads\/sites\/4\/2014\/12\/shelving-tournus.jpg","datePublished":"2014-12-01T15:41:36+00:00","dateModified":"2025-01-09T10:57:29+00:00","description":"Speed Shelving, die Referenzsoftware f\u00fcr Regalplanung, Angebotserstellung und Verpackungsvorbereitung.","breadcrumb":{"@id":"https:\/\/www.tournus.com\/de\/die-vorteile-von-tournus\/planungssoftware-fur-regalsysteme\/#breadcrumb"},"inLanguage":"fr-FR","potentialAction":[{"@type":"ReadAction","target":["https:\/\/www.tournus.com\/de\/die-vorteile-von-tournus\/planungssoftware-fur-regalsysteme\/"]}]},{"@type":"ImageObject","inLanguage":"fr-FR","@id":"https:\/\/www.tournus.com\/de\/die-vorteile-von-tournus\/planungssoftware-fur-regalsysteme\/#primaryimage","url":"https:\/\/www.tournus.com\/de\/wp-content\/uploads\/sites\/4\/2014\/12\/shelving-tournus.jpg","contentUrl":"https:\/\/www.tournus.com\/de\/wp-content\/uploads\/sites\/4\/2014\/12\/shelving-tournus.jpg","width":1140,"height":408,"caption":"Logiciel d\u2019implantation rayonnages"},{"@type":"BreadcrumbList","@id":"https:\/\/www.tournus.com\/de\/die-vorteile-von-tournus\/planungssoftware-fur-regalsysteme\/#breadcrumb","itemListElement":[{"@type":"ListItem","position":1,"name":"Startseite","item":"https:\/\/www.tournus.com\/de\/"},{"@type":"ListItem","position":2,"name":"Die Vorteile von Tournus","item":"https:\/\/www.tournus.com\/de\/die-vorteile-von-tournus\/"},{"@type":"ListItem","position":3,"name":"Planungssoftware f\u00fcr Regalsysteme"}]},{"@type":"WebSite","@id":"https:\/\/www.tournus.com\/de\/#website","url":"https:\/\/www.tournus.com\/de\/","name":"Tournus Equipement DE","description":"Fabricant Fran\u00e7ais pour la restauration &amp; le commerce alimentaire","potentialAction":[{"@type":"SearchAction","target":{"@type":"EntryPoint","urlTemplate":"https:\/\/www.tournus.com\/de\/?s={search_term_string}"},"query-input":{"@type":"PropertyValueSpecification","valueRequired":true,"valueName":"search_term_string"}}],"inLanguage":"fr-FR"}]}},"_links":{"self":[{"href":"https:\/\/www.tournus.com\/de\/wp-json\/wp\/v2\/pages\/81","targetHints":{"allow":["GET"]}}],"collection":[{"href":"https:\/\/www.tournus.com\/de\/wp-json\/wp\/v2\/pages"}],"about":[{"href":"https:\/\/www.tournus.com\/de\/wp-json\/wp\/v2\/types\/page"}],"author":[{"embeddable":true,"href":"https:\/\/www.tournus.com\/de\/wp-json\/wp\/v2\/users\/1"}],"replies":[{"embeddable":true,"href":"https:\/\/www.tournus.com\/de\/wp-json\/wp\/v2\/comments?post=81"}],"version-history":[{"count":27,"href":"https:\/\/www.tournus.com\/de\/wp-json\/wp\/v2\/pages\/81\/revisions"}],"predecessor-version":[{"id":16394,"href":"https:\/\/www.tournus.com\/de\/wp-json\/wp\/v2\/pages\/81\/revisions\/16394"}],"up":[{"embeddable":true,"href":"https:\/\/www.tournus.com\/de\/wp-json\/wp\/v2\/pages\/24"}],"wp:attachment":[{"href":"https:\/\/www.tournus.com\/de\/wp-json\/wp\/v2\/media?parent=81"}],"curies":[{"name":"wp","href":"https:\/\/api.w.org\/{rel}","templated":true}]}}