{"id":79,"date":"2014-12-01T15:40:37","date_gmt":"2014-12-01T15:40:37","guid":{"rendered":"https:\/\/www.tournus.com\/?page_id=79"},"modified":"2025-01-09T11:52:42","modified_gmt":"2025-01-09T10:52:42","slug":"co-konstruktion","status":"publish","type":"page","link":"https:\/\/www.tournus.com\/de\/die-vorteile-von-tournus\/co-konstruktion\/","title":{"rendered":"Co-Konstruktion"},"content":{"rendered":"\t\t<div data-elementor-type=\"wp-post\" data-elementor-id=\"79\" class=\"elementor elementor-79\" data-elementor-post-type=\"page\">\n\t\t\t\t\t\t<section class=\"elementor-section elementor-top-section elementor-element elementor-element-5b660fd3 elementor-section-full_width elementor-section-height-default elementor-section-height-default\" data-id=\"5b660fd3\" data-element_type=\"section\" data-e-type=\"section\">\n\t\t\t\t\t\t<div class=\"elementor-container elementor-column-gap-default\">\n\t\t\t\t\t<div class=\"elementor-column elementor-col-100 elementor-top-column elementor-element elementor-element-132e1440\" data-id=\"132e1440\" data-element_type=\"column\" data-e-type=\"column\">\n\t\t\t<div class=\"elementor-widget-wrap elementor-element-populated\">\n\t\t\t\t\t\t<div class=\"elementor-element elementor-element-609c7a8c elementor-widget elementor-widget-text-editor\" data-id=\"609c7a8c\" data-element_type=\"widget\" data-e-type=\"widget\" data-widget_type=\"text-editor.default\">\n\t\t\t\t<div class=\"elementor-widget-container\">\n\t\t\t\t\t\t\t\t\t<p>Ma\u00dfanfertigungen sind das Markenzeichen von Tournus. Keine ungenauen Ma\u00dfe in der K\u00fcche: K\u00f6che haben Anspruch auf das Beste an Einrichtung. Die Tournus-Erfahrung ist ein Erfolgstrio, in dem jeder \u2013 der Kunde, der Installateur und das Tournus-Planungsb\u00fcro \u2013 sein Fachwissen einbringt. Die originellsten Projekte entstehen in Co-Konstruktion.<\/p>\t\t\t\t\t\t\t\t<\/div>\n\t\t\t\t<\/div>\n\t\t\t\t<section class=\"elementor-section elementor-inner-section elementor-element elementor-element-17f133f elementor-section-full_width elementor-section-height-default elementor-section-height-default\" data-id=\"17f133f\" data-element_type=\"section\" data-e-type=\"section\">\n\t\t\t\t\t\t<div class=\"elementor-container elementor-column-gap-default\">\n\t\t\t\t\t<div class=\"elementor-column elementor-col-50 elementor-inner-column elementor-element elementor-element-301ceaf\" data-id=\"301ceaf\" data-element_type=\"column\" data-e-type=\"column\">\n\t\t\t<div class=\"elementor-widget-wrap elementor-element-populated\">\n\t\t\t\t\t\t<div class=\"elementor-element elementor-element-0357de6 elementor-widget elementor-widget-image\" data-id=\"0357de6\" data-element_type=\"widget\" data-e-type=\"widget\" data-widget_type=\"image.default\">\n\t\t\t\t<div class=\"elementor-widget-container\">\n\t\t\t\t\t\t\t\t\t\t\t\t\t\t\t<img fetchpriority=\"high\" decoding=\"async\" width=\"640\" height=\"229\" src=\"https:\/\/www.tournus.com\/de\/wp-content\/uploads\/sites\/4\/2014\/12\/co-conception-1-tournus-1024x366.jpg\" class=\"attachment-large size-large wp-image-3141\" alt=\"Co-conception\" srcset=\"https:\/\/www.tournus.com\/de\/wp-content\/uploads\/sites\/4\/2014\/12\/co-conception-1-tournus-1024x366.jpg 1024w, https:\/\/www.tournus.com\/de\/wp-content\/uploads\/sites\/4\/2014\/12\/co-conception-1-tournus-300x107.jpg 300w, https:\/\/www.tournus.com\/de\/wp-content\/uploads\/sites\/4\/2014\/12\/co-conception-1-tournus-768x275.jpg 768w, https:\/\/www.tournus.com\/de\/wp-content\/uploads\/sites\/4\/2014\/12\/co-conception-1-tournus.jpg 1140w\" sizes=\"(max-width: 640px) 100vw, 640px\" \/>\t\t\t\t\t\t\t\t\t\t\t\t\t\t\t<\/div>\n\t\t\t\t<\/div>\n\t\t\t\t\t<\/div>\n\t\t<\/div>\n\t\t\t\t<div class=\"elementor-column elementor-col-50 elementor-inner-column elementor-element elementor-element-18f54f5\" data-id=\"18f54f5\" data-element_type=\"column\" data-e-type=\"column\">\n\t\t\t<div class=\"elementor-widget-wrap elementor-element-populated\">\n\t\t\t\t\t\t<div class=\"elementor-element elementor-element-bb63a25 elementor-widget elementor-widget-text-editor\" data-id=\"bb63a25\" data-element_type=\"widget\" data-e-type=\"widget\" data-widget_type=\"text-editor.default\">\n\t\t\t\t<div class=\"elementor-widget-container\">\n\t\t\t\t\t\t\t\t\t<h2>Technische Kompetenz<\/h2><ul><li>17 Zeichner, die auf die Ausarbeitung Ihrer Projekte spezialisiert sind<\/li><li>6 Techniker zur Erstellung Ihrer Angebote (Kalkulation von Komplettinstallationen)<\/li><li>6 Kundenberaterinnen, die Ihnen zur Seite stehen<\/li><li>2 vollautomatisierte Plattenbearbeitungslinien<\/li><li>11 Fertigungslinien, darunter zahlreiche robotisierte Linien<\/li><\/ul>\t\t\t\t\t\t\t\t<\/div>\n\t\t\t\t<\/div>\n\t\t\t\t\t<\/div>\n\t\t<\/div>\n\t\t\t\t\t<\/div>\n\t\t<\/section>\n\t\t\t\t<section class=\"elementor-section elementor-inner-section elementor-element elementor-element-6b031ad elementor-section-full_width elementor-section-height-default elementor-section-height-default\" data-id=\"6b031ad\" data-element_type=\"section\" data-e-type=\"section\">\n\t\t\t\t\t\t<div class=\"elementor-container elementor-column-gap-default\">\n\t\t\t\t\t<div class=\"elementor-column elementor-col-50 elementor-inner-column elementor-element elementor-element-2e55f5c\" data-id=\"2e55f5c\" data-element_type=\"column\" data-e-type=\"column\">\n\t\t\t<div class=\"elementor-widget-wrap elementor-element-populated\">\n\t\t\t\t\t\t<div class=\"elementor-element elementor-element-93ace35 elementor-widget elementor-widget-image\" data-id=\"93ace35\" data-element_type=\"widget\" data-e-type=\"widget\" data-widget_type=\"image.default\">\n\t\t\t\t<div class=\"elementor-widget-container\">\n\t\t\t\t\t\t\t\t\t\t\t\t\t\t\t<img decoding=\"async\" width=\"640\" height=\"229\" src=\"https:\/\/www.tournus.com\/de\/wp-content\/uploads\/sites\/4\/2014\/12\/co-conception-2-tournus-1024x366.jpg\" class=\"attachment-large size-large wp-image-3142\" alt=\"\" srcset=\"https:\/\/www.tournus.com\/de\/wp-content\/uploads\/sites\/4\/2014\/12\/co-conception-2-tournus-1024x366.jpg 1024w, https:\/\/www.tournus.com\/de\/wp-content\/uploads\/sites\/4\/2014\/12\/co-conception-2-tournus-300x107.jpg 300w, https:\/\/www.tournus.com\/de\/wp-content\/uploads\/sites\/4\/2014\/12\/co-conception-2-tournus-768x275.jpg 768w, https:\/\/www.tournus.com\/de\/wp-content\/uploads\/sites\/4\/2014\/12\/co-conception-2-tournus.jpg 1140w\" sizes=\"(max-width: 640px) 100vw, 640px\" \/>\t\t\t\t\t\t\t\t\t\t\t\t\t\t\t<\/div>\n\t\t\t\t<\/div>\n\t\t\t\t\t<\/div>\n\t\t<\/div>\n\t\t\t\t<div class=\"elementor-column elementor-col-50 elementor-inner-column elementor-element elementor-element-37d75c7\" data-id=\"37d75c7\" data-element_type=\"column\" data-e-type=\"column\">\n\t\t\t<div class=\"elementor-widget-wrap elementor-element-populated\">\n\t\t\t\t\t\t<div class=\"elementor-element elementor-element-236b668 elementor-widget elementor-widget-text-editor\" data-id=\"236b668\" data-element_type=\"widget\" data-e-type=\"widget\" data-widget_type=\"text-editor.default\">\n\t\t\t\t<div class=\"elementor-widget-container\">\n\t\t\t\t\t\t\t\t\t<h2>Industrielle Reaktivit\u00e4t<\/h2><ul><li>Alle unsere ma\u00dfgefertigten Produkte werden in Tournus entworfen und hergestellt. Das Zusammenf\u00fchren aller Berufe an einem Ort erleichtert den Austausch, f\u00f6rdert ein besseres Teamgef\u00fchl und verk\u00fcrzt die Lieferzeiten.<\/li><li>Sonderanfertigungen werden innerhalb von 3 Wochen gefertigt (au\u00dfer Juli und August).<\/li><li>Bereits bei der Konstruktion wird auf die einfache und schnelle Montage der Produkte geachtet.<\/li><\/ul>\t\t\t\t\t\t\t\t<\/div>\n\t\t\t\t<\/div>\n\t\t\t\t\t<\/div>\n\t\t<\/div>\n\t\t\t\t\t<\/div>\n\t\t<\/section>\n\t\t\t\t\t<\/div>\n\t\t<\/div>\n\t\t\t\t\t<\/div>\n\t\t<\/section>\n\t\t\t\t<section class=\"elementor-section elementor-inner-section elementor-element elementor-element-5ba6b42a elementor-section-boxed elementor-section-height-default elementor-section-height-default\" data-id=\"5ba6b42a\" data-element_type=\"section\" data-e-type=\"section\">\n\t\t\t\t\t\t<div class=\"elementor-container elementor-column-gap-default\">\n\t\t\t\t\t<div class=\"elementor-column elementor-col-100 elementor-inner-column elementor-element elementor-element-3d0ea1c7\" data-id=\"3d0ea1c7\" data-element_type=\"column\" data-e-type=\"column\">\n\t\t\t<div class=\"elementor-widget-wrap elementor-element-populated\">\n\t\t\t\t\t\t<div class=\"elementor-element elementor-element-69ac2b28 elementor-widget elementor-widget-button\" data-id=\"69ac2b28\" data-element_type=\"widget\" data-e-type=\"widget\" data-widget_type=\"button.default\">\n\t\t\t\t<div class=\"elementor-widget-container\">\n\t\t\t\t\t\t\t\t\t<div class=\"elementor-button-wrapper\">\n\t\t\t\t\t<a class=\"elementor-button elementor-button-link elementor-size-sm\" href=\"\/de\/fertigung-nach-mas\/\">\n\t\t\t\t\t\t<span class=\"elementor-button-content-wrapper\">\n\t\t\t\t\t\t<span class=\"elementor-button-icon\">\n\t\t\t\t<i aria-hidden=\"true\" class=\"fas fa-plus-square\"><\/i>\t\t\t<\/span>\n\t\t\t\t\t\t\t\t\t<span class=\"elementor-button-text\">Mehr erfahren<\/span>\n\t\t\t\t\t<\/span>\n\t\t\t\t\t<\/a>\n\t\t\t\t<\/div>\n\t\t\t\t\t\t\t\t<\/div>\n\t\t\t\t<\/div>\n\t\t\t\t\t<\/div>\n\t\t<\/div>\n\t\t\t\t\t<\/div>\n\t\t<\/section>\n\t\t\t\t<\/div>\n\t\t","protected":false},"excerpt":{"rendered":"<p>Ma\u00dfanfertigungen sind das Markenzeichen von Tournus. Keine ungenauen Ma\u00dfe in der K\u00fcche: K\u00f6che haben Anspruch auf das Beste an Einrichtung. Die Tournus-Erfahrung ist ein Erfolgstrio, in dem jeder \u2013 der Kunde, der Installateur und das Tournus-Planungsb\u00fcro \u2013 sein Fachwissen einbringt. Die originellsten Projekte entstehen in Co-Konstruktion. Technische Kompetenz 17 Zeichner, die auf die Ausarbeitung Ihrer [&hellip;]<\/p>\n","protected":false},"author":1,"featured_media":0,"parent":24,"menu_order":10,"comment_status":"closed","ping_status":"closed","template":"","meta":{"footnotes":""},"class_list":["post-79","page","type-page","status-publish","hentry"],"yoast_head":"<!-- This site is optimized with the Yoast SEO plugin v27.3 - https:\/\/yoast.com\/product\/yoast-seo-wordpress\/ -->\n<title>Einrichtung und Edelstahlm\u00f6bel f\u00fcr die K\u00fcche | Tournus Equipement DE<\/title>\n<meta name=\"description\" content=\"Tournus, Spezialist f\u00fcr K\u00fccheneinrichtungen und Edelstahlm\u00f6bel, bietet Expertise f\u00fcr ma\u00dfgeschneiderte Produkte.\" \/>\n<meta name=\"robots\" content=\"index, follow, max-snippet:-1, max-image-preview:large, max-video-preview:-1\" \/>\n<link rel=\"canonical\" href=\"https:\/\/www.tournus.com\/de\/die-vorteile-von-tournus\/co-konstruktion\/\" \/>\n<meta property=\"og:locale\" content=\"fr_FR\" \/>\n<meta property=\"og:type\" content=\"article\" \/>\n<meta property=\"og:title\" content=\"Einrichtung und Edelstahlm\u00f6bel f\u00fcr die K\u00fcche | Tournus Equipement DE\" \/>\n<meta property=\"og:description\" content=\"Tournus, Spezialist f\u00fcr K\u00fccheneinrichtungen und Edelstahlm\u00f6bel, bietet Expertise f\u00fcr ma\u00dfgeschneiderte Produkte.\" \/>\n<meta property=\"og:url\" content=\"https:\/\/www.tournus.com\/de\/die-vorteile-von-tournus\/co-konstruktion\/\" \/>\n<meta property=\"og:site_name\" content=\"Tournus Equipement DE\" \/>\n<meta property=\"article:publisher\" content=\"https:\/\/www.facebook.com\/tournusfr\" \/>\n<meta property=\"article:modified_time\" content=\"2025-01-09T10:52:42+00:00\" \/>\n<meta property=\"og:image\" content=\"https:\/\/www.tournus.com\/de\/wp-content\/uploads\/sites\/4\/2014\/12\/co-conception-1-tournus.jpg\" \/>\n\t<meta property=\"og:image:width\" content=\"1140\" \/>\n\t<meta property=\"og:image:height\" content=\"408\" \/>\n\t<meta property=\"og:image:type\" content=\"image\/jpeg\" \/>\n<meta name=\"twitter:card\" content=\"summary_large_image\" \/>\n<meta name=\"twitter:label1\" content=\"Dur\u00e9e de lecture estim\u00e9e\" \/>\n\t<meta name=\"twitter:data1\" content=\"2 minutes\" \/>\n<script type=\"application\/ld+json\" class=\"yoast-schema-graph\">{\"@context\":\"https:\\\/\\\/schema.org\",\"@graph\":[{\"@type\":\"WebPage\",\"@id\":\"https:\\\/\\\/www.tournus.com\\\/de\\\/die-vorteile-von-tournus\\\/co-konstruktion\\\/\",\"url\":\"https:\\\/\\\/www.tournus.com\\\/de\\\/die-vorteile-von-tournus\\\/co-konstruktion\\\/\",\"name\":\"Einrichtung und Edelstahlm\u00f6bel f\u00fcr die K\u00fcche | Tournus Equipement DE\",\"isPartOf\":{\"@id\":\"https:\\\/\\\/www.tournus.com\\\/de\\\/#website\"},\"primaryImageOfPage\":{\"@id\":\"https:\\\/\\\/www.tournus.com\\\/de\\\/die-vorteile-von-tournus\\\/co-konstruktion\\\/#primaryimage\"},\"image\":{\"@id\":\"https:\\\/\\\/www.tournus.com\\\/de\\\/die-vorteile-von-tournus\\\/co-konstruktion\\\/#primaryimage\"},\"thumbnailUrl\":\"https:\\\/\\\/www.tournus.com\\\/de\\\/wp-content\\\/uploads\\\/sites\\\/4\\\/2014\\\/12\\\/co-conception-1-tournus-1024x366.jpg\",\"datePublished\":\"2014-12-01T15:40:37+00:00\",\"dateModified\":\"2025-01-09T10:52:42+00:00\",\"description\":\"Tournus, Spezialist f\u00fcr K\u00fccheneinrichtungen und Edelstahlm\u00f6bel, bietet Expertise f\u00fcr ma\u00dfgeschneiderte Produkte.\",\"breadcrumb\":{\"@id\":\"https:\\\/\\\/www.tournus.com\\\/de\\\/die-vorteile-von-tournus\\\/co-konstruktion\\\/#breadcrumb\"},\"inLanguage\":\"fr-FR\",\"potentialAction\":[{\"@type\":\"ReadAction\",\"target\":[\"https:\\\/\\\/www.tournus.com\\\/de\\\/die-vorteile-von-tournus\\\/co-konstruktion\\\/\"]}]},{\"@type\":\"ImageObject\",\"inLanguage\":\"fr-FR\",\"@id\":\"https:\\\/\\\/www.tournus.com\\\/de\\\/die-vorteile-von-tournus\\\/co-konstruktion\\\/#primaryimage\",\"url\":\"https:\\\/\\\/www.tournus.com\\\/de\\\/wp-content\\\/uploads\\\/sites\\\/4\\\/2014\\\/12\\\/co-conception-1-tournus.jpg\",\"contentUrl\":\"https:\\\/\\\/www.tournus.com\\\/de\\\/wp-content\\\/uploads\\\/sites\\\/4\\\/2014\\\/12\\\/co-conception-1-tournus.jpg\",\"width\":1140,\"height\":408,\"caption\":\"Co-conception\"},{\"@type\":\"BreadcrumbList\",\"@id\":\"https:\\\/\\\/www.tournus.com\\\/de\\\/die-vorteile-von-tournus\\\/co-konstruktion\\\/#breadcrumb\",\"itemListElement\":[{\"@type\":\"ListItem\",\"position\":1,\"name\":\"Startseite\",\"item\":\"https:\\\/\\\/www.tournus.com\\\/de\\\/\"},{\"@type\":\"ListItem\",\"position\":2,\"name\":\"Die Vorteile von Tournus\",\"item\":\"https:\\\/\\\/www.tournus.com\\\/de\\\/die-vorteile-von-tournus\\\/\"},{\"@type\":\"ListItem\",\"position\":3,\"name\":\"Co-Konstruktion\"}]},{\"@type\":\"WebSite\",\"@id\":\"https:\\\/\\\/www.tournus.com\\\/de\\\/#website\",\"url\":\"https:\\\/\\\/www.tournus.com\\\/de\\\/\",\"name\":\"Tournus Equipement DE\",\"description\":\"Fabricant Fran\u00e7ais pour la restauration &amp; le commerce alimentaire\",\"potentialAction\":[{\"@type\":\"SearchAction\",\"target\":{\"@type\":\"EntryPoint\",\"urlTemplate\":\"https:\\\/\\\/www.tournus.com\\\/de\\\/?s={search_term_string}\"},\"query-input\":{\"@type\":\"PropertyValueSpecification\",\"valueRequired\":true,\"valueName\":\"search_term_string\"}}],\"inLanguage\":\"fr-FR\"}]}<\/script>\n<!-- \/ Yoast SEO plugin. -->","yoast_head_json":{"title":"Einrichtung und Edelstahlm\u00f6bel f\u00fcr die K\u00fcche | Tournus Equipement DE","description":"Tournus, Spezialist f\u00fcr K\u00fccheneinrichtungen und Edelstahlm\u00f6bel, bietet Expertise f\u00fcr ma\u00dfgeschneiderte Produkte.","robots":{"index":"index","follow":"follow","max-snippet":"max-snippet:-1","max-image-preview":"max-image-preview:large","max-video-preview":"max-video-preview:-1"},"canonical":"https:\/\/www.tournus.com\/de\/die-vorteile-von-tournus\/co-konstruktion\/","og_locale":"fr_FR","og_type":"article","og_title":"Einrichtung und Edelstahlm\u00f6bel f\u00fcr die K\u00fcche | Tournus Equipement DE","og_description":"Tournus, Spezialist f\u00fcr K\u00fccheneinrichtungen und Edelstahlm\u00f6bel, bietet Expertise f\u00fcr ma\u00dfgeschneiderte Produkte.","og_url":"https:\/\/www.tournus.com\/de\/die-vorteile-von-tournus\/co-konstruktion\/","og_site_name":"Tournus Equipement DE","article_publisher":"https:\/\/www.facebook.com\/tournusfr","article_modified_time":"2025-01-09T10:52:42+00:00","og_image":[{"width":1140,"height":408,"url":"https:\/\/www.tournus.com\/de\/wp-content\/uploads\/sites\/4\/2014\/12\/co-conception-1-tournus.jpg","type":"image\/jpeg"}],"twitter_card":"summary_large_image","twitter_misc":{"Dur\u00e9e de lecture estim\u00e9e":"2 minutes"},"schema":{"@context":"https:\/\/schema.org","@graph":[{"@type":"WebPage","@id":"https:\/\/www.tournus.com\/de\/die-vorteile-von-tournus\/co-konstruktion\/","url":"https:\/\/www.tournus.com\/de\/die-vorteile-von-tournus\/co-konstruktion\/","name":"Einrichtung und Edelstahlm\u00f6bel f\u00fcr die K\u00fcche | Tournus Equipement DE","isPartOf":{"@id":"https:\/\/www.tournus.com\/de\/#website"},"primaryImageOfPage":{"@id":"https:\/\/www.tournus.com\/de\/die-vorteile-von-tournus\/co-konstruktion\/#primaryimage"},"image":{"@id":"https:\/\/www.tournus.com\/de\/die-vorteile-von-tournus\/co-konstruktion\/#primaryimage"},"thumbnailUrl":"https:\/\/www.tournus.com\/de\/wp-content\/uploads\/sites\/4\/2014\/12\/co-conception-1-tournus-1024x366.jpg","datePublished":"2014-12-01T15:40:37+00:00","dateModified":"2025-01-09T10:52:42+00:00","description":"Tournus, Spezialist f\u00fcr K\u00fccheneinrichtungen und Edelstahlm\u00f6bel, bietet Expertise f\u00fcr ma\u00dfgeschneiderte Produkte.","breadcrumb":{"@id":"https:\/\/www.tournus.com\/de\/die-vorteile-von-tournus\/co-konstruktion\/#breadcrumb"},"inLanguage":"fr-FR","potentialAction":[{"@type":"ReadAction","target":["https:\/\/www.tournus.com\/de\/die-vorteile-von-tournus\/co-konstruktion\/"]}]},{"@type":"ImageObject","inLanguage":"fr-FR","@id":"https:\/\/www.tournus.com\/de\/die-vorteile-von-tournus\/co-konstruktion\/#primaryimage","url":"https:\/\/www.tournus.com\/de\/wp-content\/uploads\/sites\/4\/2014\/12\/co-conception-1-tournus.jpg","contentUrl":"https:\/\/www.tournus.com\/de\/wp-content\/uploads\/sites\/4\/2014\/12\/co-conception-1-tournus.jpg","width":1140,"height":408,"caption":"Co-conception"},{"@type":"BreadcrumbList","@id":"https:\/\/www.tournus.com\/de\/die-vorteile-von-tournus\/co-konstruktion\/#breadcrumb","itemListElement":[{"@type":"ListItem","position":1,"name":"Startseite","item":"https:\/\/www.tournus.com\/de\/"},{"@type":"ListItem","position":2,"name":"Die Vorteile von Tournus","item":"https:\/\/www.tournus.com\/de\/die-vorteile-von-tournus\/"},{"@type":"ListItem","position":3,"name":"Co-Konstruktion"}]},{"@type":"WebSite","@id":"https:\/\/www.tournus.com\/de\/#website","url":"https:\/\/www.tournus.com\/de\/","name":"Tournus Equipement DE","description":"Fabricant Fran\u00e7ais pour la restauration &amp; le commerce alimentaire","potentialAction":[{"@type":"SearchAction","target":{"@type":"EntryPoint","urlTemplate":"https:\/\/www.tournus.com\/de\/?s={search_term_string}"},"query-input":{"@type":"PropertyValueSpecification","valueRequired":true,"valueName":"search_term_string"}}],"inLanguage":"fr-FR"}]}},"_links":{"self":[{"href":"https:\/\/www.tournus.com\/de\/wp-json\/wp\/v2\/pages\/79","targetHints":{"allow":["GET"]}}],"collection":[{"href":"https:\/\/www.tournus.com\/de\/wp-json\/wp\/v2\/pages"}],"about":[{"href":"https:\/\/www.tournus.com\/de\/wp-json\/wp\/v2\/types\/page"}],"author":[{"embeddable":true,"href":"https:\/\/www.tournus.com\/de\/wp-json\/wp\/v2\/users\/1"}],"replies":[{"embeddable":true,"href":"https:\/\/www.tournus.com\/de\/wp-json\/wp\/v2\/comments?post=79"}],"version-history":[{"count":18,"href":"https:\/\/www.tournus.com\/de\/wp-json\/wp\/v2\/pages\/79\/revisions"}],"predecessor-version":[{"id":16388,"href":"https:\/\/www.tournus.com\/de\/wp-json\/wp\/v2\/pages\/79\/revisions\/16388"}],"up":[{"embeddable":true,"href":"https:\/\/www.tournus.com\/de\/wp-json\/wp\/v2\/pages\/24"}],"wp:attachment":[{"href":"https:\/\/www.tournus.com\/de\/wp-json\/wp\/v2\/media?parent=79"}],"curies":[{"name":"wp","href":"https:\/\/api.w.org\/{rel}","templated":true}]}}