{"id":5652,"date":"2018-11-27T15:13:06","date_gmt":"2018-11-27T15:13:06","guid":{"rendered":"https:\/\/www.tournus.com\/?page_id=5652"},"modified":"2024-12-02T18:21:46","modified_gmt":"2024-12-02T17:21:46","slug":"datenschutz","status":"publish","type":"page","link":"https:\/\/www.tournus.com\/de\/datenschutz\/","title":{"rendered":"Datenschutz"},"content":{"rendered":"\t\t<div data-elementor-type=\"wp-page\" data-elementor-id=\"5652\" class=\"elementor elementor-5652\" data-elementor-post-type=\"page\">\n\t\t\t\t\t\t<section class=\"elementor-section elementor-top-section elementor-element elementor-element-a8cb661 elementor-section-full_width elementor-section-height-default elementor-section-height-default\" data-id=\"a8cb661\" data-element_type=\"section\" data-e-type=\"section\">\n\t\t\t\t\t\t<div class=\"elementor-container elementor-column-gap-default\">\n\t\t\t\t\t<div class=\"elementor-column elementor-col-100 elementor-top-column elementor-element elementor-element-757c869\" data-id=\"757c869\" data-element_type=\"column\" data-e-type=\"column\">\n\t\t\t<div class=\"elementor-widget-wrap elementor-element-populated\">\n\t\t\t\t\t\t<div class=\"elementor-element elementor-element-e3f7cbd elementor-toc--minimized-on-tablet elementor-widget elementor-widget-table-of-contents\" data-id=\"e3f7cbd\" data-element_type=\"widget\" data-e-type=\"widget\" data-settings=\"{&quot;exclude_headings_by_selector&quot;:[],&quot;headings_by_tags&quot;:[&quot;h2&quot;,&quot;h3&quot;,&quot;h4&quot;,&quot;h5&quot;,&quot;h6&quot;],&quot;marker_view&quot;:&quot;numbers&quot;,&quot;no_headings_message&quot;:&quot;Aucun titre n\\u2019a \\u00e9t\\u00e9 trouv\\u00e9 sur cette page.&quot;,&quot;minimize_box&quot;:&quot;yes&quot;,&quot;minimized_on&quot;:&quot;tablet&quot;,&quot;hierarchical_view&quot;:&quot;yes&quot;,&quot;min_height&quot;:{&quot;unit&quot;:&quot;px&quot;,&quot;size&quot;:&quot;&quot;,&quot;sizes&quot;:[]},&quot;min_height_tablet&quot;:{&quot;unit&quot;:&quot;px&quot;,&quot;size&quot;:&quot;&quot;,&quot;sizes&quot;:[]},&quot;min_height_mobile&quot;:{&quot;unit&quot;:&quot;px&quot;,&quot;size&quot;:&quot;&quot;,&quot;sizes&quot;:[]}}\" data-widget_type=\"table-of-contents.default\">\n\t\t\t\t<div class=\"elementor-widget-container\">\n\t\t\t\t\t\t\t\t\t<div class=\"elementor-toc__header\">\n\t\t\t\t\t\t<h4 class=\"elementor-toc__header-title\">\n\t\t\t\tTable des mati\u00e8res\t\t\t<\/h4>\n\t\t\t\t\t\t\t\t\t\t<div class=\"elementor-toc__toggle-button elementor-toc__toggle-button--expand\" role=\"button\" tabindex=\"0\" aria-controls=\"elementor-toc__e3f7cbd\" aria-expanded=\"true\" aria-label=\"Ouvrir la table des mati\u00e8res\"><i aria-hidden=\"true\" class=\"fas fa-chevron-down\"><\/i><\/div>\n\t\t\t\t<div class=\"elementor-toc__toggle-button elementor-toc__toggle-button--collapse\" role=\"button\" tabindex=\"0\" aria-controls=\"elementor-toc__e3f7cbd\" aria-expanded=\"true\" aria-label=\"Fermer la table des mati\u00e8res\"><i aria-hidden=\"true\" class=\"fas fa-chevron-up\"><\/i><\/div>\n\t\t\t\t\t<\/div>\n\t\t\t\t<div id=\"elementor-toc__e3f7cbd\" class=\"elementor-toc__body\">\n\t\t\t<div class=\"elementor-toc__spinner-container\">\n\t\t\t\t<i class=\"elementor-toc__spinner eicon-animation-spin eicon-loading\" aria-hidden=\"true\"><\/i>\t\t\t<\/div>\n\t\t<\/div>\n\t\t\t\t\t\t<\/div>\n\t\t\t\t<\/div>\n\t\t\t\t\t<\/div>\n\t\t<\/div>\n\t\t\t\t\t<\/div>\n\t\t<\/section>\n\t\t\t\t<section class=\"elementor-section elementor-top-section elementor-element elementor-element-3ff1ac23 elementor-section-full_width elementor-section-height-default elementor-section-height-default\" data-id=\"3ff1ac23\" data-element_type=\"section\" data-e-type=\"section\">\n\t\t\t\t\t\t<div class=\"elementor-container elementor-column-gap-default\">\n\t\t\t\t\t<div class=\"elementor-column elementor-col-100 elementor-top-column elementor-element elementor-element-ba12e51\" data-id=\"ba12e51\" data-element_type=\"column\" data-e-type=\"column\">\n\t\t\t<div class=\"elementor-widget-wrap elementor-element-populated\">\n\t\t\t\t\t\t<div class=\"elementor-element elementor-element-370b6962 elementor-widget elementor-widget-text-editor\" data-id=\"370b6962\" data-element_type=\"widget\" data-e-type=\"widget\" data-widget_type=\"text-editor.default\">\n\t\t\t\t<div class=\"elementor-widget-container\">\n\t\t\t\t\t\t\t\t\t<p>Le pr\u00e9sent document d\u00e9finit les pratiques mises en \u0153uvre par Tournus Equipement dans le cadre de l\u2019utilisation de notre site Internet en conformit\u00e9 avec le principe du droit au respect de la vie priv\u00e9e et la r\u00e9glementation applicable en mati\u00e8re de protection des donn\u00e9es personnelles.<\/p>\r\n<p>Au sein de Tournus Equipement nous avons souhait\u00e9 mettre en place une information claire de nos pratiques ayant pour objectif de prot\u00e9ger votre vie priv\u00e9e et vos donn\u00e9es personnelles. Nous pensons que chaque personne peut tirer b\u00e9n\u00e9fice de la libre circulation d\u2019information lorsque ces donn\u00e9es sont recueillies et utilis\u00e9es de mani\u00e8re responsable.<\/p>\r\n<h2>Droits d\u2019acc\u00e8s, modification, d\u2019opposition et de suppression de vos donn\u00e9es<\/h2>\r\n<p>Conform\u00e9ment \u00e0 la loi en vigueur, vous disposez d\u2019un droit d\u2019acc\u00e8s, de modification, de rectification et de suppression des donn\u00e9es vous concernant, conform\u00e9ment \u00e0 l&rsquo;article 34 de la loi \u00ab\u00a0informatique et libert\u00e9s\u00a0\u00bb du 6 janvier 1978.<\/p>\r\n<p>Pour exercer ce droit, vous devez nous envoyer votre demande par email \u00e0 : <a href=\"mailto:donneespersonnelles@tournus.com\">donneespersonnelles@tournus.com<\/a><\/p>\r\n<h2>Collecte et utilisation de vos donn\u00e9es<\/h2>\r\n<p>Tournus Equipement ne collecte pas et\/ou ne compile pas de donn\u00e9es personnelles ou d\u2019information obtenue via ce site dans le but de les exploiter pour le compte de tiers. Tournus Equipement n&rsquo;exploite aucune donn\u00e9e personnelle de navigation conform\u00e9ment \u00e0 la l\u00e9gislation europ\u00e9enne RGPD.<\/p>\r\n<p>Lorsque vous naviguez sur le site, Tournus Equipement ne collecte que les donn\u00e9es personnelles li\u00e9es \u00e0 l\u2019utilisation de cookies et de la fourniture des services list\u00e9s ci-dessous :<\/p>\r\n<ul>\r\n\t<li>Newsletter<br \/>\r\nTournus Equipement offre un service consistant \u00e0 informer, par l\u2019envoi d\u2019un courrier \u00e9lectronique, les personnes qui le souhaitent des actualit\u00e9s relatives \u00e0 notre soci\u00e9t\u00e9 et \u00a0\u00e0 nos produits. Lors de votre inscription, nous collecterons les donn\u00e9es personnelles permettant de vous contacter (par exemple vos nom et adresse \u00e9lectronique).<\/li>\r\n<\/ul>\r\n<ul>\r\n\t<li>Candidature \u00e0 une offre d\u2019emploi ou de stage<br \/>\r\nLorsque vous soumettez votre candidature pour une offre d\u2019emploi ou de stage sur notre site ou nos pages d\u00e9di\u00e9es sur les r\u00e9seaux sociaux, les informations que vous nous communiquez \u00e0 travers vos curriculum vitae et lettre de motivation ne seront trait\u00e9s qu\u2019en vue d\u2019un \u00e9ventuel recrutement.<\/li>\r\n\t<li>Analyse des visites<br \/>\r\nTournus Equipement utilise google analytics pour effectuer une analyse du trafic sur le site internet. Cet outil ne permet pas d\u2019identifier une personne par des donn\u00e9es personnelles.<\/li>\r\n<\/ul>\r\n<h2>Quelles donn\u00e9es collectons-nous\u00a0?<\/h2>\r\n<p>Avec votre consentement pr\u00e9alable, lorsque vous utilisez nos Supports nous sommes susceptibles de collecter et de traiter tout ou partie des donn\u00e9es suivantes :\u00a0les donn\u00e9es que vous fournissez en remplissant des formulaires, en chargeant en ligne des contenus) ou en nous adressant des correspondances :<\/p>\r\n<ul>\r\n\t<li>pr\u00e9nom et nom de famille ;<\/li>\r\n\t<li>adresse de courrier \u00e9lectronique ;<\/li>\r\n\t<li>num\u00e9ro de t\u00e9l\u00e9phone ;<\/li>\r\n\t<li>secteur d\u2019activit\u00e9<\/li>\r\n\t<li>adresse postale ;<\/li>\r\n\t<li>pays<\/li>\r\n\t<li>langue<\/li>\r\n\t<li>num\u00e9ro de client<\/li>\r\n\t<li>votre historique de navigation sur le site \u00a0;<\/li>\r\n\t<li>toute demande particuli\u00e8re que vous pourriez nous adresser (principalement pour des besoins d\u2019archivage) ;<\/li>\r\n<\/ul>\r\n<h2>O\u00f9 stockons-nous vos donn\u00e9es personnelles\u00a0?<\/h2>\r\n<p>Vos donn\u00e9es personnelles sont stock\u00e9es dans nos bases de donn\u00e9es.<\/p>\r\n<h2>Modification et r\u00e9tention des donn\u00e9es<\/h2>\r\n<p>Les informations relatives aux visiteurs du site ne seront conserv\u00e9es qu\u2019afin de leur fournir les services requis. Une fois ces services fournis, toutes les informations seront supprim\u00e9es conform\u00e9ment \u00e0 la politique de Tournus Equipement en la mati\u00e8re.<br \/>\r\nTournus Equipement s\u2019engage \u00e0 prot\u00e9ger vos donn\u00e9es personnelles contre toute perte, destruction, l\u2019alt\u00e9ration, acc\u00e8s ou divulgation non autoris\u00e9e.<\/p>\r\n<h2>Liens vers des sites tiers<\/h2>\r\n<p>Le site Internet de Tournus Equipement peut contenir pour fournir des liens vers des plate-formes de m\u00e9dias sociaux g\u00e9r\u00e9s sur des serveurs tiers, par des personnes ou organisations sur lesquels la soci\u00e9t\u00e9 n\u2019a aucun contr\u00f4le.<\/p>\r\n<p>A ce titre, Tournus Equipement ne peut en aucun cas \u00eatre tenu pour responsable de la fa\u00e7on dont vos donn\u00e9es seront stock\u00e9es ou utilis\u00e9es sur les serveurs de tiers. Nous vous conseillons de prendre connaissance de la politique applicable en mati\u00e8re de protection des donn\u00e9es personnelles de chaque site Internet tiers auquel vous acc\u00e9derez via notre site Internet afin d\u2019appr\u00e9cier la mani\u00e8re dont seront utilis\u00e9es vos donn\u00e9es personnelles.<\/p>\r\n<h2>Cookies<\/h2>\r\n<p>Un t\u00e9moin de connexion (ou \u00ab cookie \u00bb) est un petit fichier stock\u00e9 sur votre ordinateur qui permet le passage d\u2019une page Internet \u00e0 une autre en conservant vos param\u00e8tres de navigation.<br \/>\r\nLors de la navigation sur le site Internet de Tournus Equipement vous pouvez d\u00e9cider d\u2019autoriser ou non le d\u00e9p\u00f4t de cookies sur votre ordinateur. Si vous fa\u00eetes le choix de ne pas utiliser de cookie, vous pourriez \u00eatre priv\u00e9 de certaines fonctionnalit\u00e9s pr\u00e9sentes sur le site.<\/p>\r\n<p>Nous recueillons et conservons uniquement les informations li\u00e9es au trafic sur le site via une solution analytique, de mani\u00e8re anonyme : le nombre de visiteurs uniques, le nombre de pages vues, le pays d\u2019origine de la connexion sur le site, le service d\u2019origine qui en a fourni l\u2019acc\u00e8s (en direct, par un moteur de recherche ou un r\u00e9seau social), le type d\u2019appareil utilis\u00e9 (ordinateur, mobile ou tablette), les articles les plus vus et les plus partag\u00e9s ainsi que l\u2019heure et la date de fr\u00e9quentation.<br \/>\r\nLe param\u00e9trage des cookies se fait directement via votre navigateur Internet et, selon le type de navigateur employ\u00e9, permet au choix le refus syst\u00e9matique des cookies lors de la navigation ou de leur autorisation au cas par cas. Pour en savoir plus sur la configuration \u00e0 suivre, consultez la page d\u00e9di\u00e9e <a href=\"\/information-sur-les-cookies\/\">https:\/\/www.tournus.com\/information-sur-les-cookies\/<\/a> ou sur le site de la CNIL (<a href=\"https:\/\/www.cnil.fr\/fr\/cookies-les-outils-pour-les-maitriser\">https:\/\/www.cnil.fr\/fr\/cookies-les-outils-pour-les-maitriser<\/a>).<\/p>\r\n<h2>Modifications de la pr\u00e9sente politique<\/h2>\r\n<p>Tournus Equipement est susceptible de modifier la politique de protection des donn\u00e9es en tant que de besoin. Dans ce cas, les modifications r\u00e9alis\u00e9es ne seront applicables qu\u2019\u00e0 l\u2019expiration d\u2019un d\u00e9lai de 30 jours ouvr\u00e9s \u00e0 compter de la modification. Consultez p\u00e9riodiquement cette page si vous souhaitez surveiller les \u00e9ventuels changements.<\/p>\r\n<p>Date mise \u00e0 jour : 26\/11\/2019<\/p>\t\t\t\t\t\t\t\t<\/div>\n\t\t\t\t<\/div>\n\t\t\t\t\t<\/div>\n\t\t<\/div>\n\t\t\t\t\t<\/div>\n\t\t<\/section>\n\t\t\t\t<\/div>\n\t\t","protected":false},"excerpt":{"rendered":"<p>Table des mati\u00e8res Le pr\u00e9sent document d\u00e9finit les pratiques mises en \u0153uvre par Tournus Equipement dans le cadre de l\u2019utilisation de notre site Internet en conformit\u00e9 avec le principe du droit au respect de la vie priv\u00e9e et la r\u00e9glementation applicable en mati\u00e8re de protection des donn\u00e9es personnelles. Au sein de Tournus Equipement nous avons [&hellip;]<\/p>\n","protected":false},"author":1,"featured_media":0,"parent":0,"menu_order":150,"comment_status":"closed","ping_status":"closed","template":"","meta":{"footnotes":""},"class_list":["post-5652","page","type-page","status-publish","hentry"],"yoast_head":"<!-- This site is optimized with the Yoast SEO plugin v27.3 - https:\/\/yoast.com\/product\/yoast-seo-wordpress\/ -->\n<title>Protection des donn\u00e9es - Tournus Equipement DE<\/title>\n<meta name=\"description\" content=\"Table des mati\u00e8res Le pr\u00e9sent document d\u00e9finit les pratiques mises en \u0153uvre par Tournus Equipement dans le cadre de l\u2019utilisation de notre site Internet\" \/>\n<meta name=\"robots\" content=\"index, follow, max-snippet:-1, max-image-preview:large, max-video-preview:-1\" \/>\n<link rel=\"canonical\" href=\"https:\/\/www.tournus.com\/de\/datenschutz\/\" \/>\n<meta property=\"og:locale\" content=\"fr_FR\" \/>\n<meta property=\"og:type\" content=\"article\" \/>\n<meta property=\"og:title\" content=\"Protection des donn\u00e9es - Tournus Equipement DE\" \/>\n<meta property=\"og:description\" content=\"Table des mati\u00e8res Le pr\u00e9sent document d\u00e9finit les pratiques mises en \u0153uvre par Tournus Equipement dans le cadre de l\u2019utilisation de notre site Internet\" \/>\n<meta property=\"og:url\" content=\"https:\/\/www.tournus.com\/de\/datenschutz\/\" \/>\n<meta property=\"og:site_name\" content=\"Tournus Equipement DE\" \/>\n<meta property=\"article:publisher\" content=\"https:\/\/www.facebook.com\/tournusfr\" \/>\n<meta property=\"article:modified_time\" content=\"2024-12-02T17:21:46+00:00\" \/>\n<meta name=\"twitter:card\" content=\"summary_large_image\" \/>\n<meta name=\"twitter:label1\" content=\"Dur\u00e9e de lecture estim\u00e9e\" \/>\n\t<meta name=\"twitter:data1\" content=\"5 minutes\" \/>\n<script type=\"application\/ld+json\" class=\"yoast-schema-graph\">{\"@context\":\"https:\\\/\\\/schema.org\",\"@graph\":[{\"@type\":\"WebPage\",\"@id\":\"https:\\\/\\\/www.tournus.com\\\/de\\\/datenschutz\\\/\",\"url\":\"https:\\\/\\\/www.tournus.com\\\/de\\\/datenschutz\\\/\",\"name\":\"Protection des donn\u00e9es - Tournus Equipement DE\",\"isPartOf\":{\"@id\":\"https:\\\/\\\/www.tournus.com\\\/de\\\/#website\"},\"datePublished\":\"2018-11-27T15:13:06+00:00\",\"dateModified\":\"2024-12-02T17:21:46+00:00\",\"description\":\"Table des mati\u00e8res Le pr\u00e9sent document d\u00e9finit les pratiques mises en \u0153uvre par Tournus Equipement dans le cadre de l\u2019utilisation de notre site Internet\",\"breadcrumb\":{\"@id\":\"https:\\\/\\\/www.tournus.com\\\/de\\\/datenschutz\\\/#breadcrumb\"},\"inLanguage\":\"fr-FR\",\"potentialAction\":[{\"@type\":\"ReadAction\",\"target\":[\"https:\\\/\\\/www.tournus.com\\\/de\\\/datenschutz\\\/\"]}]},{\"@type\":\"BreadcrumbList\",\"@id\":\"https:\\\/\\\/www.tournus.com\\\/de\\\/datenschutz\\\/#breadcrumb\",\"itemListElement\":[{\"@type\":\"ListItem\",\"position\":1,\"name\":\"Startseite\",\"item\":\"https:\\\/\\\/www.tournus.com\\\/de\\\/\"},{\"@type\":\"ListItem\",\"position\":2,\"name\":\"Datenschutz\"}]},{\"@type\":\"WebSite\",\"@id\":\"https:\\\/\\\/www.tournus.com\\\/de\\\/#website\",\"url\":\"https:\\\/\\\/www.tournus.com\\\/de\\\/\",\"name\":\"Tournus Equipement DE\",\"description\":\"Fabricant Fran\u00e7ais pour la restauration &amp; le commerce alimentaire\",\"potentialAction\":[{\"@type\":\"SearchAction\",\"target\":{\"@type\":\"EntryPoint\",\"urlTemplate\":\"https:\\\/\\\/www.tournus.com\\\/de\\\/?s={search_term_string}\"},\"query-input\":{\"@type\":\"PropertyValueSpecification\",\"valueRequired\":true,\"valueName\":\"search_term_string\"}}],\"inLanguage\":\"fr-FR\"}]}<\/script>\n<!-- \/ Yoast SEO plugin. -->","yoast_head_json":{"title":"Protection des donn\u00e9es - Tournus Equipement DE","description":"Table des mati\u00e8res Le pr\u00e9sent document d\u00e9finit les pratiques mises en \u0153uvre par Tournus Equipement dans le cadre de l\u2019utilisation de notre site Internet","robots":{"index":"index","follow":"follow","max-snippet":"max-snippet:-1","max-image-preview":"max-image-preview:large","max-video-preview":"max-video-preview:-1"},"canonical":"https:\/\/www.tournus.com\/de\/datenschutz\/","og_locale":"fr_FR","og_type":"article","og_title":"Protection des donn\u00e9es - Tournus Equipement DE","og_description":"Table des mati\u00e8res Le pr\u00e9sent document d\u00e9finit les pratiques mises en \u0153uvre par Tournus Equipement dans le cadre de l\u2019utilisation de notre site Internet","og_url":"https:\/\/www.tournus.com\/de\/datenschutz\/","og_site_name":"Tournus Equipement DE","article_publisher":"https:\/\/www.facebook.com\/tournusfr","article_modified_time":"2024-12-02T17:21:46+00:00","twitter_card":"summary_large_image","twitter_misc":{"Dur\u00e9e de lecture estim\u00e9e":"5 minutes"},"schema":{"@context":"https:\/\/schema.org","@graph":[{"@type":"WebPage","@id":"https:\/\/www.tournus.com\/de\/datenschutz\/","url":"https:\/\/www.tournus.com\/de\/datenschutz\/","name":"Protection des donn\u00e9es - Tournus Equipement DE","isPartOf":{"@id":"https:\/\/www.tournus.com\/de\/#website"},"datePublished":"2018-11-27T15:13:06+00:00","dateModified":"2024-12-02T17:21:46+00:00","description":"Table des mati\u00e8res Le pr\u00e9sent document d\u00e9finit les pratiques mises en \u0153uvre par Tournus Equipement dans le cadre de l\u2019utilisation de notre site Internet","breadcrumb":{"@id":"https:\/\/www.tournus.com\/de\/datenschutz\/#breadcrumb"},"inLanguage":"fr-FR","potentialAction":[{"@type":"ReadAction","target":["https:\/\/www.tournus.com\/de\/datenschutz\/"]}]},{"@type":"BreadcrumbList","@id":"https:\/\/www.tournus.com\/de\/datenschutz\/#breadcrumb","itemListElement":[{"@type":"ListItem","position":1,"name":"Startseite","item":"https:\/\/www.tournus.com\/de\/"},{"@type":"ListItem","position":2,"name":"Datenschutz"}]},{"@type":"WebSite","@id":"https:\/\/www.tournus.com\/de\/#website","url":"https:\/\/www.tournus.com\/de\/","name":"Tournus Equipement DE","description":"Fabricant Fran\u00e7ais pour la restauration &amp; le commerce alimentaire","potentialAction":[{"@type":"SearchAction","target":{"@type":"EntryPoint","urlTemplate":"https:\/\/www.tournus.com\/de\/?s={search_term_string}"},"query-input":{"@type":"PropertyValueSpecification","valueRequired":true,"valueName":"search_term_string"}}],"inLanguage":"fr-FR"}]}},"_links":{"self":[{"href":"https:\/\/www.tournus.com\/de\/wp-json\/wp\/v2\/pages\/5652","targetHints":{"allow":["GET"]}}],"collection":[{"href":"https:\/\/www.tournus.com\/de\/wp-json\/wp\/v2\/pages"}],"about":[{"href":"https:\/\/www.tournus.com\/de\/wp-json\/wp\/v2\/types\/page"}],"author":[{"embeddable":true,"href":"https:\/\/www.tournus.com\/de\/wp-json\/wp\/v2\/users\/1"}],"replies":[{"embeddable":true,"href":"https:\/\/www.tournus.com\/de\/wp-json\/wp\/v2\/comments?post=5652"}],"version-history":[{"count":1,"href":"https:\/\/www.tournus.com\/de\/wp-json\/wp\/v2\/pages\/5652\/revisions"}],"predecessor-version":[{"id":14858,"href":"https:\/\/www.tournus.com\/de\/wp-json\/wp\/v2\/pages\/5652\/revisions\/14858"}],"wp:attachment":[{"href":"https:\/\/www.tournus.com\/de\/wp-json\/wp\/v2\/media?parent=5652"}],"curies":[{"name":"wp","href":"https:\/\/api.w.org\/{rel}","templated":true}]}}