{"id":5645,"date":"2018-11-27T09:07:35","date_gmt":"2018-11-27T09:07:35","guid":{"rendered":"https:\/\/www.tournus.com\/?page_id=5645"},"modified":"2025-01-06T14:04:17","modified_gmt":"2025-01-06T13:04:17","slug":"informationen-uber-cookies","status":"publish","type":"page","link":"https:\/\/www.tournus.com\/de\/informationen-uber-cookies\/","title":{"rendered":"Informationen \u00fcber Cookies"},"content":{"rendered":"\t\t<div data-elementor-type=\"wp-post\" data-elementor-id=\"5645\" class=\"elementor elementor-5645\" data-elementor-post-type=\"page\">\n\t\t\t\t\t\t<section class=\"elementor-section elementor-top-section elementor-element elementor-element-58c5aa70 elementor-section-boxed elementor-section-height-default elementor-section-height-default\" data-id=\"58c5aa70\" data-element_type=\"section\" data-e-type=\"section\">\n\t\t\t\t\t\t<div class=\"elementor-container elementor-column-gap-default\">\n\t\t\t\t\t<div class=\"elementor-column elementor-col-100 elementor-top-column elementor-element elementor-element-3e2dedcc\" data-id=\"3e2dedcc\" data-element_type=\"column\" data-e-type=\"column\">\n\t\t\t<div class=\"elementor-widget-wrap elementor-element-populated\">\n\t\t\t\t\t\t<div class=\"elementor-element elementor-element-6ce3ec46 elementor-widget elementor-widget-text-editor\" data-id=\"6ce3ec46\" data-element_type=\"widget\" data-e-type=\"widget\" data-widget_type=\"text-editor.default\">\n\t\t\t\t<div class=\"elementor-widget-container\">\n\t\t\t\t\t\t\t\t\t<p><strong>\u00a0<\/strong><\/p><p><strong>WAS IST EIN COOKIE ?<\/strong><\/p><p>Cookies sind kleine Textdateien, die auf Ihrem Ger\u00e4t (Computer, Tablet oder Mobiltelefon) gespeichert werden, wenn Sie auf Websites surfen, insbesondere auf den Websites von Tournus Equipement.<\/p><p>Wir verwenden diese Cookies haupts\u00e4chlich, um Ihre Navigation auf unseren Websites angenehmer zu gestalten und die Nutzung sowie die Funktionalit\u00e4t dieser Seiten zu verbessern. Zum Beispiel, um Sie bei Ihrem n\u00e4chsten Besuch wiederzuerkennen und Ihnen Inhalte anzuzeigen, die Ihren Erwartungen und Interessen entsprechen k\u00f6nnten. Dar\u00fcber hinaus verwenden wir diese Dateien auch, um Besucherstatistiken unserer Websites zu erstellen und nachzuvollziehen, wie Sie auf unsere Portale aufmerksam geworden sind.<\/p><p><strong>WELCHE COOKIES VERWENDER WIR ?<\/strong><\/p><p>Je nach dem Ger\u00e4t, das Sie verwenden, um auf einer unserer Websites zu surfen, setzen wir Cookies ein, insbesondere um:<\/p><ul><li>Sie zu identifizieren und besser kennenzulernen, um Ihnen eine personalisierte Navigation zu bieten.<\/li><li>Ihnen eine sichere Navigation zu gew\u00e4hrleisten und Betrug zu bek\u00e4mpfen.<\/li><li>Ihnen Inhalte anzubieten, die mit Ihren Interessen \u00fcbereinstimmen.<\/li><li>Ihnen kommerzielle Angebote vorzuschlagen, die insbesondere auf Ihre Vorlieben und Ihre letzten K\u00e4ufe abgestimmt sind.<\/li><\/ul><p><strong>WIE KANN ICH COOKIES \u00dcBER MEINEN INTERNET-BROWSER EINSTELLEN?<\/strong><\/p><p>Die Standardeinstellungen der Internetbrowser sind in der Regel so konfiguriert, dass Cookies akzeptiert werden. Sie k\u00f6nnen diese Einstellungen jedoch leicht \u00e4ndern, indem Sie die Optionen in Ihrem Browser anpassen. Wenn Sie sich jedoch daf\u00fcr entscheiden, Cookies \u00fcber Ihren Browser zu deaktivieren, k\u00f6nnten Sie m\u00f6glicherweise nicht mehr alle Funktionen nutzen, die wir auf unseren Websites anbieten.<\/p><p>Weitere Informationen zur Einstellung von Cookies finden Sie auf den folgenden Websites:<\/p><p><a href=\"http:\/\/www.cnil.fr\/vos-droits\/vos-traces\/les-cookies\/\" target=\"_blank\" rel=\"noopener\">http:\/\/www.cnil.fr\/vos-droits\/vos-traces\/les-cookies\/<\/a> (auf Franz\u00f6sisch) ou <a href=\"http:\/\/www.aboutcookies.org\/\" target=\"_blank\" rel=\"noopener\">http:\/\/www.aboutcookies.org\/<\/a>auf Englisch).<\/p><ul><li>F\u00fcr Internet Explorer\u2122: <a href=\"http:\/\/windows.microsoft.com\/fr-FR\/windows-vista\/Block-or-allow-cookies\" target=\"_blank\" rel=\"noopener\">http:\/\/windows.microsoft.com\/de-de\/windows-vista\/Block-or-allow-cookies<\/a><\/li><li>F\u00fcr Safari\u2122: <a href=\"https:\/\/support.apple.com\/de-de\/105082\">https:\/\/support.apple.com\/de-de\/105082<\/a><\/li><li>F\u00fcr Chrome\u2122: <a href=\"https:\/\/support.google.com\/chrome\/answer\/95647?hl=de\" target=\"_blank\" rel=\"noopener\">https:\/\/support.google.com\/chrome\/answer\/95647?hl=de<\/a>,<\/li><li>F\u00fcr Firefox\u2122 : <a href=\"https:\/\/support.mozilla.org\/de\/kb\/verbesserter-schutz-aktivitatenverfolgung-desktop\">https:\/\/support.mozilla.org\/de\/kb\/verbesserter-schutz-aktivitatenverfolgung-desktop<\/a>,<\/li><li>F\u00fcr Opera\u2122 : <a href=\"https:\/\/help.opera.com\/de\/latest\/web-preferences\/#cookies\">https:\/\/help.opera.com\/de\/latest\/web-preferences\/#cookies<\/a>.<\/li><\/ul><p><strong>WELCHE COOKIES WERDEN AUF UNSERER WEBSITE VERWENDET ?<\/strong><\/p><table border=\"1\"><tbody><tr><td width=\"42\">Status<\/td><td width=\"83\">Name<\/td><td>Zweck<\/td><td>Art<\/td><td>Beschreibung<\/td><\/tr><tr><td width=\"42\">Aktiv<\/td><td width=\"83\">Google Analytics<\/td><td><p>Verkehr und Nutzung der Website<\/p><\/td><td>Leistung<\/td><td><p>Jedem Besucher einer Webseite wird \u00fcber das Cookie __utma eine eindeutige Kennung zugewiesen. Dadurch erh\u00e4lt derselbe Besucher bei jedem Besuch dieselbe Kennung und wird nicht doppelt gez\u00e4hlt.<\/p><\/td><\/tr><tr><td width=\"42\">Aktiv<\/td><td width=\"83\">Tournus_Data<\/td><td><p>Ihre Verbindung zum Partnerbereich offen halten<\/p><\/td><td>Ergonomie\u00a0\u00a0<\/td><td>Wenn das Cookie auf dem PC vorhanden ist, bleibt die Verbindung bestehen. Wird es jedoch gel\u00f6scht, muss sich der Benutzer bei jedem Besuch erneut anmelden.<\/td><\/tr><\/tbody><\/table><p>Zur Erinnerung: Wenn Sie die als optional gekennzeichneten Cookies \u00fcber Ihren Browser deaktivieren, deaktivieren Sie gleichzeitig alle auf dieser Website verwendeten Cookies, einschlie\u00dflich derjenigen, die f\u00fcr das ordnungsgem\u00e4\u00dfe Funktionieren unserer Websites empfohlen werden.<\/p><p>Datum : 27\/11\/2018<\/p>\t\t\t\t\t\t\t\t<\/div>\n\t\t\t\t<\/div>\n\t\t\t\t\t<\/div>\n\t\t<\/div>\n\t\t\t\t\t<\/div>\n\t\t<\/section>\n\t\t\t\t<\/div>\n\t\t","protected":false},"excerpt":{"rendered":"<p>\u00a0 WAS IST EIN COOKIE ? Cookies sind kleine Textdateien, die auf Ihrem Ger\u00e4t (Computer, Tablet oder Mobiltelefon) gespeichert werden, wenn Sie auf Websites surfen, insbesondere auf den Websites von Tournus Equipement. Wir verwenden diese Cookies haupts\u00e4chlich, um Ihre Navigation auf unseren Websites angenehmer zu gestalten und die Nutzung sowie die Funktionalit\u00e4t dieser Seiten zu [&hellip;]<\/p>\n","protected":false},"author":1,"featured_media":0,"parent":0,"menu_order":130,"comment_status":"closed","ping_status":"closed","template":"","meta":{"footnotes":""},"class_list":["post-5645","page","type-page","status-publish","hentry"],"yoast_head":"<!-- This site is optimized with the Yoast SEO plugin v27.3 - https:\/\/yoast.com\/product\/yoast-seo-wordpress\/ -->\n<title>Informationen \u00fcber Cookies - Tournus Equipement DE<\/title>\n<meta name=\"description\" content=\"\u00a0 WAS IST EIN COOKIE ? Cookies sind kleine Textdateien, die auf Ihrem Ger\u00e4t (Computer, Tablet oder Mobiltelefon) gespeichert werden, wenn Sie auf Websites\" \/>\n<meta name=\"robots\" content=\"index, follow, max-snippet:-1, max-image-preview:large, max-video-preview:-1\" \/>\n<link rel=\"canonical\" href=\"https:\/\/www.tournus.com\/de\/informationen-uber-cookies\/\" \/>\n<meta property=\"og:locale\" content=\"fr_FR\" \/>\n<meta property=\"og:type\" content=\"article\" \/>\n<meta property=\"og:title\" content=\"Informationen \u00fcber Cookies - Tournus Equipement DE\" \/>\n<meta property=\"og:description\" content=\"\u00a0 WAS IST EIN COOKIE ? Cookies sind kleine Textdateien, die auf Ihrem Ger\u00e4t (Computer, Tablet oder Mobiltelefon) gespeichert werden, wenn Sie auf Websites\" \/>\n<meta property=\"og:url\" content=\"https:\/\/www.tournus.com\/de\/informationen-uber-cookies\/\" \/>\n<meta property=\"og:site_name\" content=\"Tournus Equipement DE\" \/>\n<meta property=\"article:publisher\" content=\"https:\/\/www.facebook.com\/tournusfr\" \/>\n<meta property=\"article:modified_time\" content=\"2025-01-06T13:04:17+00:00\" \/>\n<meta name=\"twitter:card\" content=\"summary_large_image\" \/>\n<meta name=\"twitter:label1\" content=\"Dur\u00e9e de lecture estim\u00e9e\" \/>\n\t<meta name=\"twitter:data1\" content=\"2 minutes\" \/>\n<script type=\"application\/ld+json\" class=\"yoast-schema-graph\">{\"@context\":\"https:\\\/\\\/schema.org\",\"@graph\":[{\"@type\":\"WebPage\",\"@id\":\"https:\\\/\\\/www.tournus.com\\\/de\\\/informationen-uber-cookies\\\/\",\"url\":\"https:\\\/\\\/www.tournus.com\\\/de\\\/informationen-uber-cookies\\\/\",\"name\":\"Informationen \u00fcber Cookies - Tournus Equipement DE\",\"isPartOf\":{\"@id\":\"https:\\\/\\\/www.tournus.com\\\/de\\\/#website\"},\"datePublished\":\"2018-11-27T09:07:35+00:00\",\"dateModified\":\"2025-01-06T13:04:17+00:00\",\"description\":\"\u00a0 WAS IST EIN COOKIE ? Cookies sind kleine Textdateien, die auf Ihrem Ger\u00e4t (Computer, Tablet oder Mobiltelefon) gespeichert werden, wenn Sie auf Websites\",\"breadcrumb\":{\"@id\":\"https:\\\/\\\/www.tournus.com\\\/de\\\/informationen-uber-cookies\\\/#breadcrumb\"},\"inLanguage\":\"fr-FR\",\"potentialAction\":[{\"@type\":\"ReadAction\",\"target\":[\"https:\\\/\\\/www.tournus.com\\\/de\\\/informationen-uber-cookies\\\/\"]}]},{\"@type\":\"BreadcrumbList\",\"@id\":\"https:\\\/\\\/www.tournus.com\\\/de\\\/informationen-uber-cookies\\\/#breadcrumb\",\"itemListElement\":[{\"@type\":\"ListItem\",\"position\":1,\"name\":\"Startseite\",\"item\":\"https:\\\/\\\/www.tournus.com\\\/de\\\/\"},{\"@type\":\"ListItem\",\"position\":2,\"name\":\"Informationen \u00fcber Cookies\"}]},{\"@type\":\"WebSite\",\"@id\":\"https:\\\/\\\/www.tournus.com\\\/de\\\/#website\",\"url\":\"https:\\\/\\\/www.tournus.com\\\/de\\\/\",\"name\":\"Tournus Equipement DE\",\"description\":\"Fabricant Fran\u00e7ais pour la restauration &amp; le commerce alimentaire\",\"potentialAction\":[{\"@type\":\"SearchAction\",\"target\":{\"@type\":\"EntryPoint\",\"urlTemplate\":\"https:\\\/\\\/www.tournus.com\\\/de\\\/?s={search_term_string}\"},\"query-input\":{\"@type\":\"PropertyValueSpecification\",\"valueRequired\":true,\"valueName\":\"search_term_string\"}}],\"inLanguage\":\"fr-FR\"}]}<\/script>\n<!-- \/ Yoast SEO plugin. -->","yoast_head_json":{"title":"Informationen \u00fcber Cookies - Tournus Equipement DE","description":"\u00a0 WAS IST EIN COOKIE ? Cookies sind kleine Textdateien, die auf Ihrem Ger\u00e4t (Computer, Tablet oder Mobiltelefon) gespeichert werden, wenn Sie auf Websites","robots":{"index":"index","follow":"follow","max-snippet":"max-snippet:-1","max-image-preview":"max-image-preview:large","max-video-preview":"max-video-preview:-1"},"canonical":"https:\/\/www.tournus.com\/de\/informationen-uber-cookies\/","og_locale":"fr_FR","og_type":"article","og_title":"Informationen \u00fcber Cookies - Tournus Equipement DE","og_description":"\u00a0 WAS IST EIN COOKIE ? Cookies sind kleine Textdateien, die auf Ihrem Ger\u00e4t (Computer, Tablet oder Mobiltelefon) gespeichert werden, wenn Sie auf Websites","og_url":"https:\/\/www.tournus.com\/de\/informationen-uber-cookies\/","og_site_name":"Tournus Equipement DE","article_publisher":"https:\/\/www.facebook.com\/tournusfr","article_modified_time":"2025-01-06T13:04:17+00:00","twitter_card":"summary_large_image","twitter_misc":{"Dur\u00e9e de lecture estim\u00e9e":"2 minutes"},"schema":{"@context":"https:\/\/schema.org","@graph":[{"@type":"WebPage","@id":"https:\/\/www.tournus.com\/de\/informationen-uber-cookies\/","url":"https:\/\/www.tournus.com\/de\/informationen-uber-cookies\/","name":"Informationen \u00fcber Cookies - Tournus Equipement DE","isPartOf":{"@id":"https:\/\/www.tournus.com\/de\/#website"},"datePublished":"2018-11-27T09:07:35+00:00","dateModified":"2025-01-06T13:04:17+00:00","description":"\u00a0 WAS IST EIN COOKIE ? Cookies sind kleine Textdateien, die auf Ihrem Ger\u00e4t (Computer, Tablet oder Mobiltelefon) gespeichert werden, wenn Sie auf Websites","breadcrumb":{"@id":"https:\/\/www.tournus.com\/de\/informationen-uber-cookies\/#breadcrumb"},"inLanguage":"fr-FR","potentialAction":[{"@type":"ReadAction","target":["https:\/\/www.tournus.com\/de\/informationen-uber-cookies\/"]}]},{"@type":"BreadcrumbList","@id":"https:\/\/www.tournus.com\/de\/informationen-uber-cookies\/#breadcrumb","itemListElement":[{"@type":"ListItem","position":1,"name":"Startseite","item":"https:\/\/www.tournus.com\/de\/"},{"@type":"ListItem","position":2,"name":"Informationen \u00fcber Cookies"}]},{"@type":"WebSite","@id":"https:\/\/www.tournus.com\/de\/#website","url":"https:\/\/www.tournus.com\/de\/","name":"Tournus Equipement DE","description":"Fabricant Fran\u00e7ais pour la restauration &amp; le commerce alimentaire","potentialAction":[{"@type":"SearchAction","target":{"@type":"EntryPoint","urlTemplate":"https:\/\/www.tournus.com\/de\/?s={search_term_string}"},"query-input":{"@type":"PropertyValueSpecification","valueRequired":true,"valueName":"search_term_string"}}],"inLanguage":"fr-FR"}]}},"_links":{"self":[{"href":"https:\/\/www.tournus.com\/de\/wp-json\/wp\/v2\/pages\/5645","targetHints":{"allow":["GET"]}}],"collection":[{"href":"https:\/\/www.tournus.com\/de\/wp-json\/wp\/v2\/pages"}],"about":[{"href":"https:\/\/www.tournus.com\/de\/wp-json\/wp\/v2\/types\/page"}],"author":[{"embeddable":true,"href":"https:\/\/www.tournus.com\/de\/wp-json\/wp\/v2\/users\/1"}],"replies":[{"embeddable":true,"href":"https:\/\/www.tournus.com\/de\/wp-json\/wp\/v2\/comments?post=5645"}],"version-history":[{"count":10,"href":"https:\/\/www.tournus.com\/de\/wp-json\/wp\/v2\/pages\/5645\/revisions"}],"predecessor-version":[{"id":16153,"href":"https:\/\/www.tournus.com\/de\/wp-json\/wp\/v2\/pages\/5645\/revisions\/16153"}],"wp:attachment":[{"href":"https:\/\/www.tournus.com\/de\/wp-json\/wp\/v2\/media?parent=5645"}],"curies":[{"name":"wp","href":"https:\/\/api.w.org\/{rel}","templated":true}]}}