{"id":5411,"date":"2017-02-16T08:32:23","date_gmt":"2017-02-16T08:32:23","guid":{"rendered":"https:\/\/www.tournus.com\/?page_id=5411"},"modified":"2025-01-10T13:38:20","modified_gmt":"2025-01-10T12:38:20","slug":"das-unternehmen-ced","status":"publish","type":"page","link":"https:\/\/www.tournus.com\/de\/unser-unternehmen\/das-unternehmen-ced\/","title":{"rendered":"Das Unternehmen CED"},"content":{"rendered":"\t\t<div data-elementor-type=\"wp-post\" data-elementor-id=\"5411\" class=\"elementor elementor-5411\" data-elementor-post-type=\"page\">\n\t\t\t\t\t\t<section class=\"elementor-section elementor-top-section elementor-element elementor-element-3ee692f7 elementor-section-full_width elementor-section-height-default elementor-section-height-default\" data-id=\"3ee692f7\" data-element_type=\"section\" data-e-type=\"section\">\n\t\t\t\t\t\t<div class=\"elementor-container elementor-column-gap-default\">\n\t\t\t\t\t<div class=\"elementor-column elementor-col-100 elementor-top-column elementor-element elementor-element-2961ca07\" data-id=\"2961ca07\" data-element_type=\"column\" data-e-type=\"column\">\n\t\t\t<div class=\"elementor-widget-wrap elementor-element-populated\">\n\t\t\t\t\t\t<div class=\"elementor-element elementor-element-6dd01d3c elementor-widget elementor-widget-text-editor\" data-id=\"6dd01d3c\" data-element_type=\"widget\" data-e-type=\"widget\" data-widget_type=\"text-editor.default\">\n\t\t\t\t<div class=\"elementor-widget-container\">\n\t\t\t\t\t\t\t\t\t<p>Tournus Equipement \u00fcbernahm im Jahr 2016 das Unternehmen CED (Catering Equipment Design), das in der N\u00e4he von Liverpool in England ans\u00e4ssig ist. Wie Tournus Equipement entwirft, produziert und vertreibt CED Ausr\u00fcstungen f\u00fcr Profik\u00fcchen. CED verf\u00fcgt \u00fcber 26 Jahre Erfahrung in der Entwicklung, Herstellung und Lieferung von Ausstattungen f\u00fcr die kommerzielle Gastronomie. CED hat in Gro\u00dfbritannien einen anerkannten Katalog sowie technische und kommerzielle Expertise im Bereich der Schnellgastronomie, des Take-away und der ma\u00dfgeschneiderten Fertigung von Speiseausgabebuffets.<\/p><p>\u00dcberblick \u00fcber die Produktlinien von CED :<\/p><p><strong>Designline:<\/strong> Eleganz, Robustheit und Zuverl\u00e4ssigkeit: Die Designline-Einbaumodule erm\u00f6glichen die Gestaltung von Linien mit Vitrinen und Auslagen in abgerundeter Form. Designline bietet eine gro\u00dfe Auswahl an beheizten, gek\u00fchlten und neutralen Modulen f\u00fcr Selbstbedienungs- und Thekenverkauf.<\/p><p><strong>Kubus:<\/strong> Geradlinige Profile, Exzellenz und Leistung: Die Einbaumodule Kubus optimieren eine schlichte, geradlinige Anordnung. Die Auslagen werden durch St\u00fctzen und eine rechteckige Struktur verst\u00e4rkt, die eloxiertes Aluminium und polierten Edelstahl kombiniert. Die dreistufigen Glasvitrinen maximieren die Sicht auf die Produkte.<\/p><p><strong>Sandwichverkauf:<\/strong> die unverzichtbare Erg\u00e4nzung f\u00fcr die kleine Gastronomie: Die Pr\u00e4sentation der Speisen wird durch die modernen Kubus- und Designline-Vitrinen optimiert. Diese gek\u00fchlten, beheizten oder neutralen Vitrinen sind in Selbstbedienungs- oder Thekenversion erh\u00e4ltlich. Sie verf\u00fcgen \u00fcber flache oder elegant gebogene Profile und stabile Aufbauten aus Edelstahl und Aluminium.<\/p><p><strong>Backbar:<\/strong> das vielseitige modulare Thekensystem f\u00fcr Bars: Backbar ist ein vielseitiges Thekensystem. Die Unterschr\u00e4nke k\u00f6nnen hinter ma\u00dfgefertigten Verkleidungen integriert werden, um alle wesentlichen Elemente einer Bartheke bereitzustellen, erg\u00e4nzt durch zahlreiche praktische Zubeh\u00f6rteile.<\/p>\t\t\t\t\t\t\t\t<\/div>\n\t\t\t\t<\/div>\n\t\t\t\t<section class=\"elementor-section elementor-inner-section elementor-element elementor-element-9306c59 elementor-section-full_width elementor-section-height-default elementor-section-height-default\" data-id=\"9306c59\" data-element_type=\"section\" data-e-type=\"section\">\n\t\t\t\t\t\t<div class=\"elementor-container elementor-column-gap-default\">\n\t\t\t\t\t<div class=\"elementor-column elementor-col-33 elementor-inner-column elementor-element elementor-element-3fc80d8\" data-id=\"3fc80d8\" data-element_type=\"column\" data-e-type=\"column\">\n\t\t\t<div class=\"elementor-widget-wrap\">\n\t\t\t\t\t\t\t<\/div>\n\t\t<\/div>\n\t\t\t\t<div class=\"elementor-column elementor-col-33 elementor-inner-column elementor-element elementor-element-0ac8c2b\" data-id=\"0ac8c2b\" data-element_type=\"column\" data-e-type=\"column\">\n\t\t\t<div class=\"elementor-widget-wrap elementor-element-populated\">\n\t\t\t\t\t\t<div class=\"elementor-element elementor-element-7e53135 elementor-widget elementor-widget-button\" data-id=\"7e53135\" data-element_type=\"widget\" data-e-type=\"widget\" data-widget_type=\"button.default\">\n\t\t\t\t<div class=\"elementor-widget-container\">\n\t\t\t\t\t\t\t\t\t<div class=\"elementor-button-wrapper\">\n\t\t\t\t\t<a class=\"elementor-button elementor-button-link elementor-size-sm\" href=\"http:\/\/www.cedfabsltd.co.uk\/\" target=\"_blank\">\n\t\t\t\t\t\t<span class=\"elementor-button-content-wrapper\">\n\t\t\t\t\t\t<span class=\"elementor-button-icon\">\n\t\t\t\t<i aria-hidden=\"true\" class=\"fas fa-search\"><\/i>\t\t\t<\/span>\n\t\t\t\t\t\t\t\t\t<span class=\"elementor-button-text\">Website von CED<\/span>\n\t\t\t\t\t<\/span>\n\t\t\t\t\t<\/a>\n\t\t\t\t<\/div>\n\t\t\t\t\t\t\t\t<\/div>\n\t\t\t\t<\/div>\n\t\t\t\t\t<\/div>\n\t\t<\/div>\n\t\t\t\t<div class=\"elementor-column elementor-col-33 elementor-inner-column elementor-element elementor-element-096eb92\" data-id=\"096eb92\" data-element_type=\"column\" data-e-type=\"column\">\n\t\t\t<div class=\"elementor-widget-wrap\">\n\t\t\t\t\t\t\t<\/div>\n\t\t<\/div>\n\t\t\t\t\t<\/div>\n\t\t<\/section>\n\t\t\t\t\t<\/div>\n\t\t<\/div>\n\t\t\t\t\t<\/div>\n\t\t<\/section>\n\t\t\t\t<\/div>\n\t\t","protected":false},"excerpt":{"rendered":"<p>Tournus Equipement \u00fcbernahm im Jahr 2016 das Unternehmen CED (Catering Equipment Design), das in der N\u00e4he von Liverpool in England ans\u00e4ssig ist. Wie Tournus Equipement entwirft, produziert und vertreibt CED Ausr\u00fcstungen f\u00fcr Profik\u00fcchen. CED verf\u00fcgt \u00fcber 26 Jahre Erfahrung in der Entwicklung, Herstellung und Lieferung von Ausstattungen f\u00fcr die kommerzielle Gastronomie. CED hat in Gro\u00dfbritannien [&hellip;]<\/p>\n","protected":false},"author":9,"featured_media":0,"parent":26,"menu_order":50,"comment_status":"closed","ping_status":"closed","template":"","meta":{"footnotes":""},"class_list":["post-5411","page","type-page","status-publish","hentry"],"yoast_head":"<!-- This site is optimized with the Yoast SEO plugin v27.3 - https:\/\/yoast.com\/product\/yoast-seo-wordpress\/ -->\n<title>Das Unternehmen CED - Tournus Equipement DE<\/title>\n<meta name=\"description\" content=\"Tournus Equipement \u00fcbernahm im Jahr 2016 das Unternehmen CED (Catering Equipment Design), das in der N\u00e4he von Liverpool in England ans\u00e4ssig ist. Wie\" \/>\n<meta name=\"robots\" content=\"index, follow, max-snippet:-1, max-image-preview:large, max-video-preview:-1\" \/>\n<link rel=\"canonical\" href=\"https:\/\/www.tournus.com\/de\/unser-unternehmen\/das-unternehmen-ced\/\" \/>\n<meta property=\"og:locale\" content=\"fr_FR\" \/>\n<meta property=\"og:type\" content=\"article\" \/>\n<meta property=\"og:title\" content=\"Das Unternehmen CED - Tournus Equipement DE\" \/>\n<meta property=\"og:description\" content=\"Tournus Equipement \u00fcbernahm im Jahr 2016 das Unternehmen CED (Catering Equipment Design), das in der N\u00e4he von Liverpool in England ans\u00e4ssig ist. Wie\" \/>\n<meta property=\"og:url\" content=\"https:\/\/www.tournus.com\/de\/unser-unternehmen\/das-unternehmen-ced\/\" \/>\n<meta property=\"og:site_name\" content=\"Tournus Equipement DE\" \/>\n<meta property=\"article:publisher\" content=\"https:\/\/www.facebook.com\/tournusfr\" \/>\n<meta property=\"article:modified_time\" content=\"2025-01-10T12:38:20+00:00\" \/>\n<meta name=\"twitter:card\" content=\"summary_large_image\" \/>\n<meta name=\"twitter:label1\" content=\"Dur\u00e9e de lecture estim\u00e9e\" \/>\n\t<meta name=\"twitter:data1\" content=\"2 minutes\" \/>\n<script type=\"application\/ld+json\" class=\"yoast-schema-graph\">{\"@context\":\"https:\\\/\\\/schema.org\",\"@graph\":[{\"@type\":\"WebPage\",\"@id\":\"https:\\\/\\\/www.tournus.com\\\/de\\\/unser-unternehmen\\\/das-unternehmen-ced\\\/\",\"url\":\"https:\\\/\\\/www.tournus.com\\\/de\\\/unser-unternehmen\\\/das-unternehmen-ced\\\/\",\"name\":\"Das Unternehmen CED - Tournus Equipement DE\",\"isPartOf\":{\"@id\":\"https:\\\/\\\/www.tournus.com\\\/de\\\/#website\"},\"datePublished\":\"2017-02-16T08:32:23+00:00\",\"dateModified\":\"2025-01-10T12:38:20+00:00\",\"description\":\"Tournus Equipement \u00fcbernahm im Jahr 2016 das Unternehmen CED (Catering Equipment Design), das in der N\u00e4he von Liverpool in England ans\u00e4ssig ist. Wie\",\"breadcrumb\":{\"@id\":\"https:\\\/\\\/www.tournus.com\\\/de\\\/unser-unternehmen\\\/das-unternehmen-ced\\\/#breadcrumb\"},\"inLanguage\":\"fr-FR\",\"potentialAction\":[{\"@type\":\"ReadAction\",\"target\":[\"https:\\\/\\\/www.tournus.com\\\/de\\\/unser-unternehmen\\\/das-unternehmen-ced\\\/\"]}]},{\"@type\":\"BreadcrumbList\",\"@id\":\"https:\\\/\\\/www.tournus.com\\\/de\\\/unser-unternehmen\\\/das-unternehmen-ced\\\/#breadcrumb\",\"itemListElement\":[{\"@type\":\"ListItem\",\"position\":1,\"name\":\"Startseite\",\"item\":\"https:\\\/\\\/www.tournus.com\\\/de\\\/\"},{\"@type\":\"ListItem\",\"position\":2,\"name\":\"Unser Unternehmen\",\"item\":\"https:\\\/\\\/www.tournus.com\\\/de\\\/unser-unternehmen\\\/\"},{\"@type\":\"ListItem\",\"position\":3,\"name\":\"Das Unternehmen CED\"}]},{\"@type\":\"WebSite\",\"@id\":\"https:\\\/\\\/www.tournus.com\\\/de\\\/#website\",\"url\":\"https:\\\/\\\/www.tournus.com\\\/de\\\/\",\"name\":\"Tournus Equipement DE\",\"description\":\"Fabricant Fran\u00e7ais pour la restauration &amp; le commerce alimentaire\",\"potentialAction\":[{\"@type\":\"SearchAction\",\"target\":{\"@type\":\"EntryPoint\",\"urlTemplate\":\"https:\\\/\\\/www.tournus.com\\\/de\\\/?s={search_term_string}\"},\"query-input\":{\"@type\":\"PropertyValueSpecification\",\"valueRequired\":true,\"valueName\":\"search_term_string\"}}],\"inLanguage\":\"fr-FR\"}]}<\/script>\n<!-- \/ Yoast SEO plugin. -->","yoast_head_json":{"title":"Das Unternehmen CED - Tournus Equipement DE","description":"Tournus Equipement \u00fcbernahm im Jahr 2016 das Unternehmen CED (Catering Equipment Design), das in der N\u00e4he von Liverpool in England ans\u00e4ssig ist. Wie","robots":{"index":"index","follow":"follow","max-snippet":"max-snippet:-1","max-image-preview":"max-image-preview:large","max-video-preview":"max-video-preview:-1"},"canonical":"https:\/\/www.tournus.com\/de\/unser-unternehmen\/das-unternehmen-ced\/","og_locale":"fr_FR","og_type":"article","og_title":"Das Unternehmen CED - Tournus Equipement DE","og_description":"Tournus Equipement \u00fcbernahm im Jahr 2016 das Unternehmen CED (Catering Equipment Design), das in der N\u00e4he von Liverpool in England ans\u00e4ssig ist. Wie","og_url":"https:\/\/www.tournus.com\/de\/unser-unternehmen\/das-unternehmen-ced\/","og_site_name":"Tournus Equipement DE","article_publisher":"https:\/\/www.facebook.com\/tournusfr","article_modified_time":"2025-01-10T12:38:20+00:00","twitter_card":"summary_large_image","twitter_misc":{"Dur\u00e9e de lecture estim\u00e9e":"2 minutes"},"schema":{"@context":"https:\/\/schema.org","@graph":[{"@type":"WebPage","@id":"https:\/\/www.tournus.com\/de\/unser-unternehmen\/das-unternehmen-ced\/","url":"https:\/\/www.tournus.com\/de\/unser-unternehmen\/das-unternehmen-ced\/","name":"Das Unternehmen CED - Tournus Equipement DE","isPartOf":{"@id":"https:\/\/www.tournus.com\/de\/#website"},"datePublished":"2017-02-16T08:32:23+00:00","dateModified":"2025-01-10T12:38:20+00:00","description":"Tournus Equipement \u00fcbernahm im Jahr 2016 das Unternehmen CED (Catering Equipment Design), das in der N\u00e4he von Liverpool in England ans\u00e4ssig ist. Wie","breadcrumb":{"@id":"https:\/\/www.tournus.com\/de\/unser-unternehmen\/das-unternehmen-ced\/#breadcrumb"},"inLanguage":"fr-FR","potentialAction":[{"@type":"ReadAction","target":["https:\/\/www.tournus.com\/de\/unser-unternehmen\/das-unternehmen-ced\/"]}]},{"@type":"BreadcrumbList","@id":"https:\/\/www.tournus.com\/de\/unser-unternehmen\/das-unternehmen-ced\/#breadcrumb","itemListElement":[{"@type":"ListItem","position":1,"name":"Startseite","item":"https:\/\/www.tournus.com\/de\/"},{"@type":"ListItem","position":2,"name":"Unser Unternehmen","item":"https:\/\/www.tournus.com\/de\/unser-unternehmen\/"},{"@type":"ListItem","position":3,"name":"Das Unternehmen CED"}]},{"@type":"WebSite","@id":"https:\/\/www.tournus.com\/de\/#website","url":"https:\/\/www.tournus.com\/de\/","name":"Tournus Equipement DE","description":"Fabricant Fran\u00e7ais pour la restauration &amp; le commerce alimentaire","potentialAction":[{"@type":"SearchAction","target":{"@type":"EntryPoint","urlTemplate":"https:\/\/www.tournus.com\/de\/?s={search_term_string}"},"query-input":{"@type":"PropertyValueSpecification","valueRequired":true,"valueName":"search_term_string"}}],"inLanguage":"fr-FR"}]}},"_links":{"self":[{"href":"https:\/\/www.tournus.com\/de\/wp-json\/wp\/v2\/pages\/5411","targetHints":{"allow":["GET"]}}],"collection":[{"href":"https:\/\/www.tournus.com\/de\/wp-json\/wp\/v2\/pages"}],"about":[{"href":"https:\/\/www.tournus.com\/de\/wp-json\/wp\/v2\/types\/page"}],"author":[{"embeddable":true,"href":"https:\/\/www.tournus.com\/de\/wp-json\/wp\/v2\/users\/9"}],"replies":[{"embeddable":true,"href":"https:\/\/www.tournus.com\/de\/wp-json\/wp\/v2\/comments?post=5411"}],"version-history":[{"count":12,"href":"https:\/\/www.tournus.com\/de\/wp-json\/wp\/v2\/pages\/5411\/revisions"}],"predecessor-version":[{"id":16424,"href":"https:\/\/www.tournus.com\/de\/wp-json\/wp\/v2\/pages\/5411\/revisions\/16424"}],"up":[{"embeddable":true,"href":"https:\/\/www.tournus.com\/de\/wp-json\/wp\/v2\/pages\/26"}],"wp:attachment":[{"href":"https:\/\/www.tournus.com\/de\/wp-json\/wp\/v2\/media?parent=5411"}],"curies":[{"name":"wp","href":"https:\/\/api.w.org\/{rel}","templated":true}]}}