{"id":54,"date":"2014-12-01T15:25:56","date_gmt":"2014-12-01T15:25:56","guid":{"rendered":"https:\/\/www.tournus.com\/?page_id=54"},"modified":"2025-01-09T11:35:24","modified_gmt":"2025-01-09T10:35:24","slug":"lebensmittelgeschafte","status":"publish","type":"page","link":"https:\/\/www.tournus.com\/de\/ihr-tatigkeitsfeld\/lebensmittelgeschafte\/","title":{"rendered":"Lebensmittelgesch\u00e4fte"},"content":{"rendered":"\t\t<div data-elementor-type=\"wp-post\" data-elementor-id=\"54\" class=\"elementor elementor-54\" data-elementor-post-type=\"page\">\n\t\t\t\t\t\t<section class=\"elementor-section elementor-top-section elementor-element elementor-element-32cc753c elementor-section-boxed elementor-section-height-default elementor-section-height-default\" data-id=\"32cc753c\" data-element_type=\"section\" data-e-type=\"section\">\n\t\t\t\t\t\t<div class=\"elementor-container elementor-column-gap-default\">\n\t\t\t\t\t<div class=\"elementor-column elementor-col-100 elementor-top-column elementor-element elementor-element-60a199ef\" data-id=\"60a199ef\" data-element_type=\"column\" data-e-type=\"column\">\n\t\t\t<div class=\"elementor-widget-wrap elementor-element-populated\">\n\t\t\t\t\t\t<div class=\"elementor-element elementor-element-48b89cd4 elementor-widget elementor-widget-text-editor\" data-id=\"48b89cd4\" data-element_type=\"widget\" data-e-type=\"widget\" data-widget_type=\"text-editor.default\">\n\t\t\t\t<div class=\"elementor-widget-container\">\n\t\t\t\t\t\t\t\t\t<p>Traditionelles Brot, Spezial- und Bio-Brot, Feingeb\u00e4ck, Kuchen, Torten, Schokolade und Macarons, aber auch Sandwiches, Quiches und Pizzen, s\u00fc\u00df oder herzhaft: F\u00fcr alle Genussmomente vereinen die Meister ihres Fachs Know-how und Kreativit\u00e4t mit dem Wunsch, inspirierend und tr\u00e4umerisch zu bleiben.<\/p><p>Tournus liefert die gesamte Edelstahleinrichtung f\u00fcr Ihre Vorbereitungen:<\/p><ul><li>Die Euronorm-Wagen: f\u00fcr Lagerung, Beh\u00e4lter, Plattformen und vieles mehr.<\/li><li>Edelstahleinrichtungen: Tische, Sp\u00fclen, M\u00f6bel.<\/li><li>Regalsysteme f\u00fcr Vorratsr\u00e4ume und K\u00fchlzellen.<\/li><li>Ebenfalls: Handwaschbecken, Insektenvernichter, Abfalleimer, Bodenrinnen.<\/li><\/ul><p>Tournus stattet zudem alle Berufe im Lebensmittelhandel aus.\u00a0<\/p>\t\t\t\t\t\t\t\t<\/div>\n\t\t\t\t<\/div>\n\t\t\t\t<div class=\"elementor-element elementor-element-3580b3ac elementor-pagination-position-outside elementor--h-position-center elementor--v-position-middle elementor-arrows-position-inside elementor-widget elementor-widget-slides\" data-id=\"3580b3ac\" data-element_type=\"widget\" data-e-type=\"widget\" data-settings=\"{&quot;autoplay_speed&quot;:&quot;3000&quot;,&quot;navigation&quot;:&quot;both&quot;,&quot;autoplay&quot;:&quot;yes&quot;,&quot;pause_on_hover&quot;:&quot;yes&quot;,&quot;pause_on_interaction&quot;:&quot;yes&quot;,&quot;infinite&quot;:&quot;yes&quot;,&quot;transition&quot;:&quot;slide&quot;,&quot;transition_speed&quot;:500}\" data-widget_type=\"slides.default\">\n\t\t\t\t<div class=\"elementor-widget-container\">\n\t\t\t\t\t\t\t\t\t<div class=\"elementor-swiper\">\n\t\t\t\t\t<div class=\"elementor-slides-wrapper elementor-main-swiper swiper\" role=\"region\" aria-roledescription=\"carousel\" aria-label=\"Diapositives\" dir=\"ltr\" data-animation=\"fadeInUp\">\n\t\t\t\t<div class=\"swiper-wrapper elementor-slides\">\n\t\t\t\t\t\t\t\t\t\t<div class=\"elementor-repeater-item-91fabf3 swiper-slide\" role=\"group\" aria-roledescription=\"slide\"><div class=\"swiper-slide-bg\" role=\"img\" aria-label=\"boulangerie-6-tournus\"><\/div><div class=\"swiper-slide-inner\" ><div class=\"swiper-slide-contents\"><\/div><\/div><\/div><div class=\"elementor-repeater-item-6bb1b24 swiper-slide\" role=\"group\" aria-roledescription=\"slide\"><div class=\"swiper-slide-bg\" role=\"img\" aria-label=\"Table Tournus Equipement\"><\/div><div class=\"swiper-slide-inner\" ><div class=\"swiper-slide-contents\"><\/div><\/div><\/div><div class=\"elementor-repeater-item-cb0f153 swiper-slide\" role=\"group\" aria-roledescription=\"slide\"><div class=\"swiper-slide-bg\" role=\"img\" aria-label=\"boulangerie-7-tournus\"><\/div><div class=\"swiper-slide-inner\" ><div class=\"swiper-slide-contents\"><\/div><\/div><\/div><div class=\"elementor-repeater-item-a2798d4 swiper-slide\" role=\"group\" aria-roledescription=\"slide\"><div class=\"swiper-slide-bg\" role=\"img\" aria-label=\"boulangerie-11-tournus\"><\/div><div class=\"swiper-slide-inner\" ><div class=\"swiper-slide-contents\"><\/div><\/div><\/div>\t\t\t\t<\/div>\n\t\t\t\t\t\t\t\t\t\t\t\t\t\t\t<div class=\"elementor-swiper-button elementor-swiper-button-prev\" role=\"button\" tabindex=\"0\" aria-label=\"Diapositive pr\u00e9c\u00e9dente\">\n\t\t\t\t\t\t\t<i aria-hidden=\"true\" class=\"eicon-chevron-left\"><\/i>\t\t\t\t\t\t<\/div>\n\t\t\t\t\t\t<div class=\"elementor-swiper-button elementor-swiper-button-next\" role=\"button\" tabindex=\"0\" aria-label=\"Diapositive suivante\">\n\t\t\t\t\t\t\t<i aria-hidden=\"true\" class=\"eicon-chevron-right\"><\/i>\t\t\t\t\t\t<\/div>\n\t\t\t\t\t\t\t\t\t\t\t\t\t\t\t\t<div class=\"swiper-pagination\"><\/div>\n\t\t\t\t\t\t\t\t\t\t\t\t<\/div>\n\t\t\t\t<\/div>\n\t\t\t\t\t\t\t\t<\/div>\n\t\t\t\t<\/div>\n\t\t\t\t\t<\/div>\n\t\t<\/div>\n\t\t\t\t\t<\/div>\n\t\t<\/section>\n\t\t\t\t<\/div>\n\t\t","protected":false},"excerpt":{"rendered":"<p>Traditionelles Brot, Spezial- und Bio-Brot, Feingeb\u00e4ck, Kuchen, Torten, Schokolade und Macarons, aber auch Sandwiches, Quiches und Pizzen, s\u00fc\u00df oder herzhaft: F\u00fcr alle Genussmomente vereinen die Meister ihres Fachs Know-how und Kreativit\u00e4t mit dem Wunsch, inspirierend und tr\u00e4umerisch zu bleiben. Tournus liefert die gesamte Edelstahleinrichtung f\u00fcr Ihre Vorbereitungen: Die Euronorm-Wagen: f\u00fcr Lagerung, Beh\u00e4lter, Plattformen und vieles [&hellip;]<\/p>\n","protected":false},"author":1,"featured_media":0,"parent":22,"menu_order":30,"comment_status":"closed","ping_status":"closed","template":"","meta":{"footnotes":""},"class_list":["post-54","page","type-page","status-publish","hentry"],"yoast_head":"<!-- This site is optimized with the Yoast SEO plugin v27.3 - https:\/\/yoast.com\/product\/yoast-seo-wordpress\/ -->\n<title>Lebensmittelgesch\u00e4fte - Tournus Equipement DE<\/title>\n<meta name=\"description\" content=\"Traditionelles Brot, Spezial- und Bio-Brot, Feingeb\u00e4ck, Kuchen, Torten, Schokolade und Macarons, aber auch Sandwiches, Quiches und Pizzen, s\u00fc\u00df oder\" \/>\n<meta name=\"robots\" content=\"index, follow, max-snippet:-1, max-image-preview:large, max-video-preview:-1\" \/>\n<link rel=\"canonical\" href=\"https:\/\/www.tournus.com\/de\/ihr-tatigkeitsfeld\/lebensmittelgeschafte\/\" \/>\n<meta property=\"og:locale\" content=\"fr_FR\" \/>\n<meta property=\"og:type\" content=\"article\" \/>\n<meta property=\"og:title\" content=\"Lebensmittelgesch\u00e4fte - Tournus Equipement DE\" \/>\n<meta property=\"og:description\" content=\"Traditionelles Brot, Spezial- und Bio-Brot, Feingeb\u00e4ck, Kuchen, Torten, Schokolade und Macarons, aber auch Sandwiches, Quiches und Pizzen, s\u00fc\u00df oder\" \/>\n<meta property=\"og:url\" content=\"https:\/\/www.tournus.com\/de\/ihr-tatigkeitsfeld\/lebensmittelgeschafte\/\" \/>\n<meta property=\"og:site_name\" content=\"Tournus Equipement DE\" \/>\n<meta property=\"article:publisher\" content=\"https:\/\/www.facebook.com\/tournusfr\" \/>\n<meta property=\"article:modified_time\" content=\"2025-01-09T10:35:24+00:00\" \/>\n<meta name=\"twitter:card\" content=\"summary_large_image\" \/>\n<meta name=\"twitter:label1\" content=\"Dur\u00e9e de lecture estim\u00e9e\" \/>\n\t<meta name=\"twitter:data1\" content=\"1 minute\" \/>\n<script type=\"application\/ld+json\" class=\"yoast-schema-graph\">{\"@context\":\"https:\\\/\\\/schema.org\",\"@graph\":[{\"@type\":\"WebPage\",\"@id\":\"https:\\\/\\\/www.tournus.com\\\/de\\\/ihr-tatigkeitsfeld\\\/lebensmittelgeschafte\\\/\",\"url\":\"https:\\\/\\\/www.tournus.com\\\/de\\\/ihr-tatigkeitsfeld\\\/lebensmittelgeschafte\\\/\",\"name\":\"Lebensmittelgesch\u00e4fte - Tournus Equipement DE\",\"isPartOf\":{\"@id\":\"https:\\\/\\\/www.tournus.com\\\/de\\\/#website\"},\"datePublished\":\"2014-12-01T15:25:56+00:00\",\"dateModified\":\"2025-01-09T10:35:24+00:00\",\"description\":\"Traditionelles Brot, Spezial- und Bio-Brot, Feingeb\u00e4ck, Kuchen, Torten, Schokolade und Macarons, aber auch Sandwiches, Quiches und Pizzen, s\u00fc\u00df oder\",\"breadcrumb\":{\"@id\":\"https:\\\/\\\/www.tournus.com\\\/de\\\/ihr-tatigkeitsfeld\\\/lebensmittelgeschafte\\\/#breadcrumb\"},\"inLanguage\":\"fr-FR\",\"potentialAction\":[{\"@type\":\"ReadAction\",\"target\":[\"https:\\\/\\\/www.tournus.com\\\/de\\\/ihr-tatigkeitsfeld\\\/lebensmittelgeschafte\\\/\"]}]},{\"@type\":\"BreadcrumbList\",\"@id\":\"https:\\\/\\\/www.tournus.com\\\/de\\\/ihr-tatigkeitsfeld\\\/lebensmittelgeschafte\\\/#breadcrumb\",\"itemListElement\":[{\"@type\":\"ListItem\",\"position\":1,\"name\":\"Startseite\",\"item\":\"https:\\\/\\\/www.tournus.com\\\/de\\\/\"},{\"@type\":\"ListItem\",\"position\":2,\"name\":\"Ihr T\u00e4tigkeitsfeld\",\"item\":\"https:\\\/\\\/www.tournus.com\\\/de\\\/ihr-tatigkeitsfeld\\\/\"},{\"@type\":\"ListItem\",\"position\":3,\"name\":\"Lebensmittelgesch\u00e4fte\"}]},{\"@type\":\"WebSite\",\"@id\":\"https:\\\/\\\/www.tournus.com\\\/de\\\/#website\",\"url\":\"https:\\\/\\\/www.tournus.com\\\/de\\\/\",\"name\":\"Tournus Equipement DE\",\"description\":\"Fabricant Fran\u00e7ais pour la restauration &amp; le commerce alimentaire\",\"potentialAction\":[{\"@type\":\"SearchAction\",\"target\":{\"@type\":\"EntryPoint\",\"urlTemplate\":\"https:\\\/\\\/www.tournus.com\\\/de\\\/?s={search_term_string}\"},\"query-input\":{\"@type\":\"PropertyValueSpecification\",\"valueRequired\":true,\"valueName\":\"search_term_string\"}}],\"inLanguage\":\"fr-FR\"}]}<\/script>\n<!-- \/ Yoast SEO plugin. -->","yoast_head_json":{"title":"Lebensmittelgesch\u00e4fte - Tournus Equipement DE","description":"Traditionelles Brot, Spezial- und Bio-Brot, Feingeb\u00e4ck, Kuchen, Torten, Schokolade und Macarons, aber auch Sandwiches, Quiches und Pizzen, s\u00fc\u00df oder","robots":{"index":"index","follow":"follow","max-snippet":"max-snippet:-1","max-image-preview":"max-image-preview:large","max-video-preview":"max-video-preview:-1"},"canonical":"https:\/\/www.tournus.com\/de\/ihr-tatigkeitsfeld\/lebensmittelgeschafte\/","og_locale":"fr_FR","og_type":"article","og_title":"Lebensmittelgesch\u00e4fte - Tournus Equipement DE","og_description":"Traditionelles Brot, Spezial- und Bio-Brot, Feingeb\u00e4ck, Kuchen, Torten, Schokolade und Macarons, aber auch Sandwiches, Quiches und Pizzen, s\u00fc\u00df oder","og_url":"https:\/\/www.tournus.com\/de\/ihr-tatigkeitsfeld\/lebensmittelgeschafte\/","og_site_name":"Tournus Equipement DE","article_publisher":"https:\/\/www.facebook.com\/tournusfr","article_modified_time":"2025-01-09T10:35:24+00:00","twitter_card":"summary_large_image","twitter_misc":{"Dur\u00e9e de lecture estim\u00e9e":"1 minute"},"schema":{"@context":"https:\/\/schema.org","@graph":[{"@type":"WebPage","@id":"https:\/\/www.tournus.com\/de\/ihr-tatigkeitsfeld\/lebensmittelgeschafte\/","url":"https:\/\/www.tournus.com\/de\/ihr-tatigkeitsfeld\/lebensmittelgeschafte\/","name":"Lebensmittelgesch\u00e4fte - Tournus Equipement DE","isPartOf":{"@id":"https:\/\/www.tournus.com\/de\/#website"},"datePublished":"2014-12-01T15:25:56+00:00","dateModified":"2025-01-09T10:35:24+00:00","description":"Traditionelles Brot, Spezial- und Bio-Brot, Feingeb\u00e4ck, Kuchen, Torten, Schokolade und Macarons, aber auch Sandwiches, Quiches und Pizzen, s\u00fc\u00df oder","breadcrumb":{"@id":"https:\/\/www.tournus.com\/de\/ihr-tatigkeitsfeld\/lebensmittelgeschafte\/#breadcrumb"},"inLanguage":"fr-FR","potentialAction":[{"@type":"ReadAction","target":["https:\/\/www.tournus.com\/de\/ihr-tatigkeitsfeld\/lebensmittelgeschafte\/"]}]},{"@type":"BreadcrumbList","@id":"https:\/\/www.tournus.com\/de\/ihr-tatigkeitsfeld\/lebensmittelgeschafte\/#breadcrumb","itemListElement":[{"@type":"ListItem","position":1,"name":"Startseite","item":"https:\/\/www.tournus.com\/de\/"},{"@type":"ListItem","position":2,"name":"Ihr T\u00e4tigkeitsfeld","item":"https:\/\/www.tournus.com\/de\/ihr-tatigkeitsfeld\/"},{"@type":"ListItem","position":3,"name":"Lebensmittelgesch\u00e4fte"}]},{"@type":"WebSite","@id":"https:\/\/www.tournus.com\/de\/#website","url":"https:\/\/www.tournus.com\/de\/","name":"Tournus Equipement DE","description":"Fabricant Fran\u00e7ais pour la restauration &amp; le commerce alimentaire","potentialAction":[{"@type":"SearchAction","target":{"@type":"EntryPoint","urlTemplate":"https:\/\/www.tournus.com\/de\/?s={search_term_string}"},"query-input":{"@type":"PropertyValueSpecification","valueRequired":true,"valueName":"search_term_string"}}],"inLanguage":"fr-FR"}]}},"_links":{"self":[{"href":"https:\/\/www.tournus.com\/de\/wp-json\/wp\/v2\/pages\/54","targetHints":{"allow":["GET"]}}],"collection":[{"href":"https:\/\/www.tournus.com\/de\/wp-json\/wp\/v2\/pages"}],"about":[{"href":"https:\/\/www.tournus.com\/de\/wp-json\/wp\/v2\/types\/page"}],"author":[{"embeddable":true,"href":"https:\/\/www.tournus.com\/de\/wp-json\/wp\/v2\/users\/1"}],"replies":[{"embeddable":true,"href":"https:\/\/www.tournus.com\/de\/wp-json\/wp\/v2\/comments?post=54"}],"version-history":[{"count":12,"href":"https:\/\/www.tournus.com\/de\/wp-json\/wp\/v2\/pages\/54\/revisions"}],"predecessor-version":[{"id":16357,"href":"https:\/\/www.tournus.com\/de\/wp-json\/wp\/v2\/pages\/54\/revisions\/16357"}],"up":[{"embeddable":true,"href":"https:\/\/www.tournus.com\/de\/wp-json\/wp\/v2\/pages\/22"}],"wp:attachment":[{"href":"https:\/\/www.tournus.com\/de\/wp-json\/wp\/v2\/media?parent=54"}],"curies":[{"name":"wp","href":"https:\/\/api.w.org\/{rel}","templated":true}]}}