{"id":5284,"date":"2016-04-28T12:31:45","date_gmt":"2016-04-28T12:31:45","guid":{"rendered":"https:\/\/www.tournus.com\/?page_id=5284"},"modified":"2025-01-10T14:11:24","modified_gmt":"2025-01-10T13:11:24","slug":"unser-umweltbewusster-ansatz","status":"publish","type":"page","link":"https:\/\/www.tournus.com\/de\/unser-unternehmen\/unser-umweltbewusster-ansatz\/","title":{"rendered":"Unser umweltbewusster Ansatz"},"content":{"rendered":"\t\t<div data-elementor-type=\"wp-post\" data-elementor-id=\"5284\" class=\"elementor elementor-5284\" data-elementor-post-type=\"page\">\n\t\t\t\t\t\t<section class=\"elementor-section elementor-top-section elementor-element elementor-element-aa19b99 elementor-section-full_width elementor-section-height-min-height elementor-section-height-default elementor-section-items-middle\" data-id=\"aa19b99\" data-element_type=\"section\" data-e-type=\"section\" data-settings=\"{&quot;background_background&quot;:&quot;classic&quot;}\">\n\t\t\t\t\t\t<div class=\"elementor-container elementor-column-gap-default\">\n\t\t\t\t\t<div class=\"elementor-column elementor-col-100 elementor-top-column elementor-element elementor-element-acdcb1e\" data-id=\"acdcb1e\" data-element_type=\"column\" data-e-type=\"column\">\n\t\t\t<div class=\"elementor-widget-wrap elementor-element-populated\">\n\t\t\t\t\t\t<div class=\"elementor-element elementor-element-4ae78b3 elementor-widget elementor-widget-spacer\" data-id=\"4ae78b3\" data-element_type=\"widget\" data-e-type=\"widget\" data-widget_type=\"spacer.default\">\n\t\t\t\t<div class=\"elementor-widget-container\">\n\t\t\t\t\t\t\t<div class=\"elementor-spacer\">\n\t\t\t<div class=\"elementor-spacer-inner\"><\/div>\n\t\t<\/div>\n\t\t\t\t\t\t<\/div>\n\t\t\t\t<\/div>\n\t\t\t\t\t<\/div>\n\t\t<\/div>\n\t\t\t\t\t<\/div>\n\t\t<\/section>\n\t\t\t\t<section class=\"elementor-section elementor-top-section elementor-element elementor-element-9b76417 elementor-section-full_width elementor-section-height-default elementor-section-height-default\" data-id=\"9b76417\" data-element_type=\"section\" data-e-type=\"section\">\n\t\t\t\t\t\t<div class=\"elementor-container elementor-column-gap-default\">\n\t\t\t\t\t<div class=\"elementor-column elementor-col-33 elementor-top-column elementor-element elementor-element-342ea8a\" data-id=\"342ea8a\" data-element_type=\"column\" data-e-type=\"column\">\n\t\t\t<div class=\"elementor-widget-wrap elementor-element-populated\">\n\t\t\t\t\t\t<div class=\"elementor-element elementor-element-2be83f3 elementor-widget elementor-widget-image\" data-id=\"2be83f3\" data-element_type=\"widget\" data-e-type=\"widget\" data-widget_type=\"image.default\">\n\t\t\t\t<div class=\"elementor-widget-container\">\n\t\t\t\t\t\t\t\t\t\t\t\t\t\t\t<img fetchpriority=\"high\" decoding=\"async\" width=\"640\" height=\"452\" src=\"https:\/\/www.tournus.com\/de\/wp-content\/uploads\/sites\/4\/2025\/01\/Umweltdokumentation-zum-Herunterladen-1030x728.jpg\" class=\"attachment-large size-large wp-image-16416\" alt=\"\" srcset=\"https:\/\/www.tournus.com\/de\/wp-content\/uploads\/sites\/4\/2025\/01\/Umweltdokumentation-zum-Herunterladen-1030x728.jpg 1030w, https:\/\/www.tournus.com\/de\/wp-content\/uploads\/sites\/4\/2025\/01\/Umweltdokumentation-zum-Herunterladen-800x566.jpg 800w, https:\/\/www.tournus.com\/de\/wp-content\/uploads\/sites\/4\/2025\/01\/Umweltdokumentation-zum-Herunterladen-768x543.jpg 768w, https:\/\/www.tournus.com\/de\/wp-content\/uploads\/sites\/4\/2025\/01\/Umweltdokumentation-zum-Herunterladen-1536x1086.jpg 1536w, https:\/\/www.tournus.com\/de\/wp-content\/uploads\/sites\/4\/2025\/01\/Umweltdokumentation-zum-Herunterladen.jpg 2000w\" sizes=\"(max-width: 640px) 100vw, 640px\" \/>\t\t\t\t\t\t\t\t\t\t\t\t\t\t\t<\/div>\n\t\t\t\t<\/div>\n\t\t\t\t\t<\/div>\n\t\t<\/div>\n\t\t\t\t<div class=\"elementor-column elementor-col-33 elementor-top-column elementor-element elementor-element-78e9a86\" data-id=\"78e9a86\" data-element_type=\"column\" data-e-type=\"column\">\n\t\t\t<div class=\"elementor-widget-wrap elementor-element-populated\">\n\t\t\t\t\t\t<div class=\"elementor-element elementor-element-c744633 elementor-widget elementor-widget-image\" data-id=\"c744633\" data-element_type=\"widget\" data-e-type=\"widget\" data-widget_type=\"image.default\">\n\t\t\t\t<div class=\"elementor-widget-container\">\n\t\t\t\t\t\t\t\t\t\t\t\t\t\t\t\t<a href=\"https:\/\/www.tournus.com\/wp-content\/uploads\/2021\/10\/R455A-dossier-de-presentation.pdf\" target=\"_blank\">\n\t\t\t\t\t\t\t<img decoding=\"async\" width=\"640\" height=\"452\" src=\"https:\/\/www.tournus.com\/de\/wp-content\/uploads\/sites\/4\/2025\/01\/Umweltdokumentation-zum-Herunterladen-3-1030x728.jpg\" class=\"attachment-large size-large wp-image-16432\" alt=\"\" srcset=\"https:\/\/www.tournus.com\/de\/wp-content\/uploads\/sites\/4\/2025\/01\/Umweltdokumentation-zum-Herunterladen-3-1030x728.jpg 1030w, https:\/\/www.tournus.com\/de\/wp-content\/uploads\/sites\/4\/2025\/01\/Umweltdokumentation-zum-Herunterladen-3-800x566.jpg 800w, https:\/\/www.tournus.com\/de\/wp-content\/uploads\/sites\/4\/2025\/01\/Umweltdokumentation-zum-Herunterladen-3-768x543.jpg 768w, https:\/\/www.tournus.com\/de\/wp-content\/uploads\/sites\/4\/2025\/01\/Umweltdokumentation-zum-Herunterladen-3-1536x1086.jpg 1536w, https:\/\/www.tournus.com\/de\/wp-content\/uploads\/sites\/4\/2025\/01\/Umweltdokumentation-zum-Herunterladen-3.jpg 2000w\" sizes=\"(max-width: 640px) 100vw, 640px\" \/>\t\t\t\t\t\t\t\t<\/a>\n\t\t\t\t\t\t\t\t\t\t\t\t\t\t\t<\/div>\n\t\t\t\t<\/div>\n\t\t\t\t\t<\/div>\n\t\t<\/div>\n\t\t\t\t<div class=\"elementor-column elementor-col-33 elementor-top-column elementor-element elementor-element-6b0fa55\" data-id=\"6b0fa55\" data-element_type=\"column\" data-e-type=\"column\">\n\t\t\t<div class=\"elementor-widget-wrap elementor-element-populated\">\n\t\t\t\t\t\t<div class=\"elementor-element elementor-element-43a23be elementor-widget elementor-widget-image\" data-id=\"43a23be\" data-element_type=\"widget\" data-e-type=\"widget\" data-widget_type=\"image.default\">\n\t\t\t\t<div class=\"elementor-widget-container\">\n\t\t\t\t\t\t\t\t\t\t\t\t<figure class=\"wp-caption\">\n\t\t\t\t\t\t\t\t\t\t<img decoding=\"async\" width=\"640\" height=\"452\" src=\"https:\/\/www.tournus.com\/de\/wp-content\/uploads\/sites\/4\/2025\/01\/Umweltdokumentation-zum-Herunterladen-1-1030x728.jpg\" class=\"attachment-large size-large wp-image-16425\" alt=\"\" srcset=\"https:\/\/www.tournus.com\/de\/wp-content\/uploads\/sites\/4\/2025\/01\/Umweltdokumentation-zum-Herunterladen-1-1030x728.jpg 1030w, https:\/\/www.tournus.com\/de\/wp-content\/uploads\/sites\/4\/2025\/01\/Umweltdokumentation-zum-Herunterladen-1-800x566.jpg 800w, https:\/\/www.tournus.com\/de\/wp-content\/uploads\/sites\/4\/2025\/01\/Umweltdokumentation-zum-Herunterladen-1-768x543.jpg 768w, https:\/\/www.tournus.com\/de\/wp-content\/uploads\/sites\/4\/2025\/01\/Umweltdokumentation-zum-Herunterladen-1-1536x1086.jpg 1536w, https:\/\/www.tournus.com\/de\/wp-content\/uploads\/sites\/4\/2025\/01\/Umweltdokumentation-zum-Herunterladen-1.jpg 2000w\" sizes=\"(max-width: 640px) 100vw, 640px\" \/>\t\t\t\t\t\t\t\t\t\t\t<figcaption class=\"widget-image-caption wp-caption-text\">Umweltdossier<\/figcaption>\n\t\t\t\t\t\t\t\t\t\t<\/figure>\n\t\t\t\t\t\t\t\t\t<\/div>\n\t\t\t\t<\/div>\n\t\t\t\t\t<\/div>\n\t\t<\/div>\n\t\t\t\t\t<\/div>\n\t\t<\/section>\n\t\t\t\t<section class=\"elementor-section elementor-top-section elementor-element elementor-element-701a86e elementor-section-full_width elementor-section-height-default elementor-section-height-default\" data-id=\"701a86e\" data-element_type=\"section\" data-e-type=\"section\">\n\t\t\t\t\t\t<div class=\"elementor-container elementor-column-gap-default\">\n\t\t\t\t\t<div class=\"elementor-column elementor-col-100 elementor-top-column elementor-element elementor-element-7e92c34f\" data-id=\"7e92c34f\" data-element_type=\"column\" data-e-type=\"column\">\n\t\t\t<div class=\"elementor-widget-wrap elementor-element-populated\">\n\t\t\t\t\t\t<section class=\"elementor-section elementor-inner-section elementor-element elementor-element-2c436795 elementor-section-full_width elementor-section-height-default elementor-section-height-default\" data-id=\"2c436795\" data-element_type=\"section\" data-e-type=\"section\">\n\t\t\t\t\t\t<div class=\"elementor-container elementor-column-gap-default\">\n\t\t\t\t\t<div class=\"elementor-column elementor-col-50 elementor-inner-column elementor-element elementor-element-5c0c1e88\" data-id=\"5c0c1e88\" data-element_type=\"column\" data-e-type=\"column\">\n\t\t\t<div class=\"elementor-widget-wrap elementor-element-populated\">\n\t\t\t\t\t\t<div class=\"elementor-element elementor-element-e5011e7 elementor-widget elementor-widget-text-editor\" data-id=\"e5011e7\" data-element_type=\"widget\" data-e-type=\"widget\" data-widget_type=\"text-editor.default\">\n\t\t\t\t<div class=\"elementor-widget-container\">\n\t\t\t\t\t\t\t\t\t<h2>CO\u2082-Bilanz<\/h2><p>Die CO\u2082-Bilanz zeigt ein ernsthaftes und messbares Engagement: ein qualitatives Bewertungskriterium bei Ausschreibungen. Die Verbesserungsma\u00dfnahmen betreffen:<\/p><ul><li>die Umsetzung von \u00d6kodesign-Projekten,<\/li><li>die Verwendung von Edelstahl AISI 441,<\/li><li>das Bewusstsein f\u00fcr bew\u00e4hrte Nutzungspraktiken unserer energieverbrauchenden Ger\u00e4te.<\/li><\/ul><p><strong>Tournus Equipement ist die einzige Fabrik der Branche, die eine \u201eCO\u2082-Bilanz\u201c erstellt hat.<\/strong><\/p><h2>Edelstahl AISI 441<\/h2><p>Tournus verwendet in seinen Produkten Edelstahl AISI 441. Dieser ist von gleicher Qualit\u00e4t wie AISI 304, emittiert jedoch bei der Herstellung 14 % weniger Treibhausgase.<\/p><p><strong>Ein aus AISI 441 gefertigtes Produkt ist in einem Projekt zur nachhaltigen Entwicklung ohne Leistungsverlust oder zus\u00e4tzliche Kosten wertvoll.<\/strong><\/p><h2>Energieeffizienz<\/h2><p>Das Design des Selbstbedienungsmodells Oreo2 erm\u00f6glicht eine Energieeinsparung von rund 40 % im Vergleich zur alten Serie \u2013 bei gleicher Leistung und Benutzerfreundlichkeit.<\/p><p><strong>Dies verhindert j\u00e4hrlich die Emission von etwa 1200 Tonnen CO\u2082.<\/strong><\/p>\t\t\t\t\t\t\t\t<\/div>\n\t\t\t\t<\/div>\n\t\t\t\t\t<\/div>\n\t\t<\/div>\n\t\t\t\t<div class=\"elementor-column elementor-col-50 elementor-inner-column elementor-element elementor-element-38ff5f4e\" data-id=\"38ff5f4e\" data-element_type=\"column\" data-e-type=\"column\">\n\t\t\t<div class=\"elementor-widget-wrap elementor-element-populated\">\n\t\t\t\t\t\t<div class=\"elementor-element elementor-element-709c59e0 elementor-widget elementor-widget-text-editor\" data-id=\"709c59e0\" data-element_type=\"widget\" data-e-type=\"widget\" data-widget_type=\"text-editor.default\">\n\t\t\t\t<div class=\"elementor-widget-container\">\n\t\t\t\t\t\t\t\t\t<h2>DEEE-Recycling<\/h2><p>Am Ende der Lebensdauer eines elektrischen Ger\u00e4ts von Tournus kann der Benutzer die Firma ECOLOGIC kontaktieren, die den Ablageort f\u00fcr das Produkt angibt. Die aus diesen Ger\u00e4ten stammenden Abf\u00e4lle (DEEE) werden recycelt.<\/p><p><strong>Die Anforderung einer Teilnahmebest\u00e4tigung am DEEE-System sch\u00fctzt den Kunden vor zuk\u00fcnftigen Umweltauflagen.<\/strong><\/p><h2>Unterst\u00fctzung f\u00fcr Fachleute<\/h2><p>Tournus Equipement stellt seinen Kunden Produktdatenbl\u00e4tter zur Verf\u00fcgung, die Entscheidungstr\u00e4ger bei HQE-Projekten unterst\u00fctzen. Diese geben die verwendeten Materialien und ihr jeweiliges Gewicht, den Wasserverbrauch, den Energieverbrauch, die Baustellenabf\u00e4lle und den Recyclinganteil jedes Produkts an.<\/p><p><strong>Die \u201eUmwelt\u201c-Datenbl\u00e4tter k\u00f6nnen in die Abnahmeunterlagen (D.O.E.) integriert werden und sind n\u00fctzlich, um einen Mindest-Recyclinganteil der eingesetzten Ger\u00e4te festzulegen.<\/strong><\/p><h2>CO\u2082-Einsparungen<\/h2><p>F\u00fcr jedes wichtige Projekt oder auf einfache Anfrage sendet Tournus Equipement dem Kunden zusammen mit dem Angebot eine \u00dcbersicht \u00fcber die Gesamteinsparungen an CO\u2082-Emissionen.<\/p><p><strong>Dies erm\u00f6glicht es dem Kunden, auf eine Ausschreibung mit Umweltauflagen zu reagieren.<\/strong><\/p>\t\t\t\t\t\t\t\t<\/div>\n\t\t\t\t<\/div>\n\t\t\t\t\t<\/div>\n\t\t<\/div>\n\t\t\t\t\t<\/div>\n\t\t<\/section>\n\t\t\t\t\t<\/div>\n\t\t<\/div>\n\t\t\t\t\t<\/div>\n\t\t<\/section>\n\t\t\t\t<section class=\"elementor-section elementor-top-section elementor-element elementor-element-3f2a141 elementor-section-full_width elementor-section-height-default elementor-section-height-default\" data-id=\"3f2a141\" data-element_type=\"section\" data-e-type=\"section\">\n\t\t\t\t\t\t<div class=\"elementor-container elementor-column-gap-default\">\n\t\t\t\t\t<div class=\"elementor-column elementor-col-100 elementor-top-column elementor-element elementor-element-9ccc1b9\" data-id=\"9ccc1b9\" data-element_type=\"column\" data-e-type=\"column\">\n\t\t\t<div class=\"elementor-widget-wrap elementor-element-populated\">\n\t\t\t\t\t\t<div class=\"elementor-element elementor-element-6fd1171b elementor-align-center elementor-widget elementor-widget-button\" data-id=\"6fd1171b\" data-element_type=\"widget\" data-e-type=\"widget\" data-widget_type=\"button.default\">\n\t\t\t\t<div class=\"elementor-widget-container\">\n\t\t\t\t\t\t\t\t\t<div class=\"elementor-button-wrapper\">\n\t\t\t\t\t<a class=\"elementor-button elementor-button-link elementor-size-sm\" href=\"https:\/\/www.tournus.com\/en\/wp-content\/uploads\/sites\/3\/2015\/11\/sustainable-development-program.pdf\" target=\"_blank\">\n\t\t\t\t\t\t<span class=\"elementor-button-content-wrapper\">\n\t\t\t\t\t\t<span class=\"elementor-button-icon\">\n\t\t\t\t<i aria-hidden=\"true\" class=\"fas fa-paperclip\"><\/i>\t\t\t<\/span>\n\t\t\t\t\t\t\t\t\t<span class=\"elementor-button-text\">Umweltdossier<\/span>\n\t\t\t\t\t<\/span>\n\t\t\t\t\t<\/a>\n\t\t\t\t<\/div>\n\t\t\t\t\t\t\t\t<\/div>\n\t\t\t\t<\/div>\n\t\t\t\t\t<\/div>\n\t\t<\/div>\n\t\t\t\t\t<\/div>\n\t\t<\/section>\n\t\t\t\t<\/div>\n\t\t","protected":false},"excerpt":{"rendered":"<p>Umweltdossier CO\u2082-Bilanz Die CO\u2082-Bilanz zeigt ein ernsthaftes und messbares Engagement: ein qualitatives Bewertungskriterium bei Ausschreibungen. Die Verbesserungsma\u00dfnahmen betreffen: die Umsetzung von \u00d6kodesign-Projekten, die Verwendung von Edelstahl AISI 441, das Bewusstsein f\u00fcr bew\u00e4hrte Nutzungspraktiken unserer energieverbrauchenden Ger\u00e4te. Tournus Equipement ist die einzige Fabrik der Branche, die eine \u201eCO\u2082-Bilanz\u201c erstellt hat. Edelstahl AISI 441 Tournus verwendet in [&hellip;]<\/p>\n","protected":false},"author":9,"featured_media":0,"parent":26,"menu_order":40,"comment_status":"closed","ping_status":"closed","template":"","meta":{"footnotes":""},"class_list":["post-5284","page","type-page","status-publish","hentry"],"yoast_head":"<!-- This site is optimized with the Yoast SEO plugin v27.3 - https:\/\/yoast.com\/product\/yoast-seo-wordpress\/ -->\n<title>Unser umweltbewusster Ansatz - Tournus Equipement DE<\/title>\n<meta name=\"description\" content=\"CO2-Bilanz, Treibhausgasemissionen, Energieeffizienz, Recycling: Entdecken Sie die konkreten Ma\u00dfnahmen unserer umweltbewussten Vorgehensweise.\" \/>\n<meta name=\"robots\" content=\"index, follow, max-snippet:-1, max-image-preview:large, max-video-preview:-1\" \/>\n<link rel=\"canonical\" href=\"https:\/\/www.tournus.com\/de\/unser-unternehmen\/unser-umweltbewusster-ansatz\/\" \/>\n<meta property=\"og:locale\" content=\"fr_FR\" \/>\n<meta property=\"og:type\" content=\"article\" \/>\n<meta property=\"og:title\" content=\"Unser umweltbewusster Ansatz - Tournus Equipement DE\" \/>\n<meta property=\"og:description\" content=\"CO2-Bilanz, Treibhausgasemissionen, Energieeffizienz, Recycling: Entdecken Sie die konkreten Ma\u00dfnahmen unserer umweltbewussten Vorgehensweise.\" \/>\n<meta property=\"og:url\" content=\"https:\/\/www.tournus.com\/de\/unser-unternehmen\/unser-umweltbewusster-ansatz\/\" \/>\n<meta property=\"og:site_name\" content=\"Tournus Equipement DE\" \/>\n<meta property=\"article:publisher\" content=\"https:\/\/www.facebook.com\/tournusfr\" \/>\n<meta property=\"article:modified_time\" content=\"2025-01-10T13:11:24+00:00\" \/>\n<meta property=\"og:image\" content=\"https:\/\/www.tournus.com\/de\/wp-content\/uploads\/sites\/4\/2025\/01\/Umweltdokumentation-zum-Herunterladen.jpg\" \/>\n\t<meta property=\"og:image:width\" content=\"2000\" \/>\n\t<meta property=\"og:image:height\" content=\"1414\" \/>\n\t<meta property=\"og:image:type\" content=\"image\/jpeg\" \/>\n<meta name=\"twitter:card\" content=\"summary_large_image\" \/>\n<meta name=\"twitter:label1\" content=\"Dur\u00e9e de lecture estim\u00e9e\" \/>\n\t<meta name=\"twitter:data1\" content=\"2 minutes\" \/>\n<script type=\"application\/ld+json\" class=\"yoast-schema-graph\">{\"@context\":\"https:\\\/\\\/schema.org\",\"@graph\":[{\"@type\":\"WebPage\",\"@id\":\"https:\\\/\\\/www.tournus.com\\\/de\\\/unser-unternehmen\\\/unser-umweltbewusster-ansatz\\\/\",\"url\":\"https:\\\/\\\/www.tournus.com\\\/de\\\/unser-unternehmen\\\/unser-umweltbewusster-ansatz\\\/\",\"name\":\"Unser umweltbewusster Ansatz - Tournus Equipement DE\",\"isPartOf\":{\"@id\":\"https:\\\/\\\/www.tournus.com\\\/de\\\/#website\"},\"primaryImageOfPage\":{\"@id\":\"https:\\\/\\\/www.tournus.com\\\/de\\\/unser-unternehmen\\\/unser-umweltbewusster-ansatz\\\/#primaryimage\"},\"image\":{\"@id\":\"https:\\\/\\\/www.tournus.com\\\/de\\\/unser-unternehmen\\\/unser-umweltbewusster-ansatz\\\/#primaryimage\"},\"thumbnailUrl\":\"https:\\\/\\\/www.tournus.com\\\/de\\\/wp-content\\\/uploads\\\/sites\\\/4\\\/2025\\\/01\\\/Umweltdokumentation-zum-Herunterladen-1030x728.jpg\",\"datePublished\":\"2016-04-28T12:31:45+00:00\",\"dateModified\":\"2025-01-10T13:11:24+00:00\",\"description\":\"CO2-Bilanz, Treibhausgasemissionen, Energieeffizienz, Recycling: Entdecken Sie die konkreten Ma\u00dfnahmen unserer umweltbewussten Vorgehensweise.\",\"breadcrumb\":{\"@id\":\"https:\\\/\\\/www.tournus.com\\\/de\\\/unser-unternehmen\\\/unser-umweltbewusster-ansatz\\\/#breadcrumb\"},\"inLanguage\":\"fr-FR\",\"potentialAction\":[{\"@type\":\"ReadAction\",\"target\":[\"https:\\\/\\\/www.tournus.com\\\/de\\\/unser-unternehmen\\\/unser-umweltbewusster-ansatz\\\/\"]}]},{\"@type\":\"ImageObject\",\"inLanguage\":\"fr-FR\",\"@id\":\"https:\\\/\\\/www.tournus.com\\\/de\\\/unser-unternehmen\\\/unser-umweltbewusster-ansatz\\\/#primaryimage\",\"url\":\"https:\\\/\\\/www.tournus.com\\\/de\\\/wp-content\\\/uploads\\\/sites\\\/4\\\/2025\\\/01\\\/Umweltdokumentation-zum-Herunterladen.jpg\",\"contentUrl\":\"https:\\\/\\\/www.tournus.com\\\/de\\\/wp-content\\\/uploads\\\/sites\\\/4\\\/2025\\\/01\\\/Umweltdokumentation-zum-Herunterladen.jpg\",\"width\":2000,\"height\":1414},{\"@type\":\"BreadcrumbList\",\"@id\":\"https:\\\/\\\/www.tournus.com\\\/de\\\/unser-unternehmen\\\/unser-umweltbewusster-ansatz\\\/#breadcrumb\",\"itemListElement\":[{\"@type\":\"ListItem\",\"position\":1,\"name\":\"Startseite\",\"item\":\"https:\\\/\\\/www.tournus.com\\\/de\\\/\"},{\"@type\":\"ListItem\",\"position\":2,\"name\":\"Unser Unternehmen\",\"item\":\"https:\\\/\\\/www.tournus.com\\\/de\\\/unser-unternehmen\\\/\"},{\"@type\":\"ListItem\",\"position\":3,\"name\":\"Unser umweltbewusster Ansatz\"}]},{\"@type\":\"WebSite\",\"@id\":\"https:\\\/\\\/www.tournus.com\\\/de\\\/#website\",\"url\":\"https:\\\/\\\/www.tournus.com\\\/de\\\/\",\"name\":\"Tournus Equipement DE\",\"description\":\"Fabricant Fran\u00e7ais pour la restauration &amp; le commerce alimentaire\",\"potentialAction\":[{\"@type\":\"SearchAction\",\"target\":{\"@type\":\"EntryPoint\",\"urlTemplate\":\"https:\\\/\\\/www.tournus.com\\\/de\\\/?s={search_term_string}\"},\"query-input\":{\"@type\":\"PropertyValueSpecification\",\"valueRequired\":true,\"valueName\":\"search_term_string\"}}],\"inLanguage\":\"fr-FR\"}]}<\/script>\n<!-- \/ Yoast SEO plugin. -->","yoast_head_json":{"title":"Unser umweltbewusster Ansatz - Tournus Equipement DE","description":"CO2-Bilanz, Treibhausgasemissionen, Energieeffizienz, Recycling: Entdecken Sie die konkreten Ma\u00dfnahmen unserer umweltbewussten Vorgehensweise.","robots":{"index":"index","follow":"follow","max-snippet":"max-snippet:-1","max-image-preview":"max-image-preview:large","max-video-preview":"max-video-preview:-1"},"canonical":"https:\/\/www.tournus.com\/de\/unser-unternehmen\/unser-umweltbewusster-ansatz\/","og_locale":"fr_FR","og_type":"article","og_title":"Unser umweltbewusster Ansatz - Tournus Equipement DE","og_description":"CO2-Bilanz, Treibhausgasemissionen, Energieeffizienz, Recycling: Entdecken Sie die konkreten Ma\u00dfnahmen unserer umweltbewussten Vorgehensweise.","og_url":"https:\/\/www.tournus.com\/de\/unser-unternehmen\/unser-umweltbewusster-ansatz\/","og_site_name":"Tournus Equipement DE","article_publisher":"https:\/\/www.facebook.com\/tournusfr","article_modified_time":"2025-01-10T13:11:24+00:00","og_image":[{"width":2000,"height":1414,"url":"https:\/\/www.tournus.com\/de\/wp-content\/uploads\/sites\/4\/2025\/01\/Umweltdokumentation-zum-Herunterladen.jpg","type":"image\/jpeg"}],"twitter_card":"summary_large_image","twitter_misc":{"Dur\u00e9e de lecture estim\u00e9e":"2 minutes"},"schema":{"@context":"https:\/\/schema.org","@graph":[{"@type":"WebPage","@id":"https:\/\/www.tournus.com\/de\/unser-unternehmen\/unser-umweltbewusster-ansatz\/","url":"https:\/\/www.tournus.com\/de\/unser-unternehmen\/unser-umweltbewusster-ansatz\/","name":"Unser umweltbewusster Ansatz - Tournus Equipement DE","isPartOf":{"@id":"https:\/\/www.tournus.com\/de\/#website"},"primaryImageOfPage":{"@id":"https:\/\/www.tournus.com\/de\/unser-unternehmen\/unser-umweltbewusster-ansatz\/#primaryimage"},"image":{"@id":"https:\/\/www.tournus.com\/de\/unser-unternehmen\/unser-umweltbewusster-ansatz\/#primaryimage"},"thumbnailUrl":"https:\/\/www.tournus.com\/de\/wp-content\/uploads\/sites\/4\/2025\/01\/Umweltdokumentation-zum-Herunterladen-1030x728.jpg","datePublished":"2016-04-28T12:31:45+00:00","dateModified":"2025-01-10T13:11:24+00:00","description":"CO2-Bilanz, Treibhausgasemissionen, Energieeffizienz, Recycling: Entdecken Sie die konkreten Ma\u00dfnahmen unserer umweltbewussten Vorgehensweise.","breadcrumb":{"@id":"https:\/\/www.tournus.com\/de\/unser-unternehmen\/unser-umweltbewusster-ansatz\/#breadcrumb"},"inLanguage":"fr-FR","potentialAction":[{"@type":"ReadAction","target":["https:\/\/www.tournus.com\/de\/unser-unternehmen\/unser-umweltbewusster-ansatz\/"]}]},{"@type":"ImageObject","inLanguage":"fr-FR","@id":"https:\/\/www.tournus.com\/de\/unser-unternehmen\/unser-umweltbewusster-ansatz\/#primaryimage","url":"https:\/\/www.tournus.com\/de\/wp-content\/uploads\/sites\/4\/2025\/01\/Umweltdokumentation-zum-Herunterladen.jpg","contentUrl":"https:\/\/www.tournus.com\/de\/wp-content\/uploads\/sites\/4\/2025\/01\/Umweltdokumentation-zum-Herunterladen.jpg","width":2000,"height":1414},{"@type":"BreadcrumbList","@id":"https:\/\/www.tournus.com\/de\/unser-unternehmen\/unser-umweltbewusster-ansatz\/#breadcrumb","itemListElement":[{"@type":"ListItem","position":1,"name":"Startseite","item":"https:\/\/www.tournus.com\/de\/"},{"@type":"ListItem","position":2,"name":"Unser Unternehmen","item":"https:\/\/www.tournus.com\/de\/unser-unternehmen\/"},{"@type":"ListItem","position":3,"name":"Unser umweltbewusster Ansatz"}]},{"@type":"WebSite","@id":"https:\/\/www.tournus.com\/de\/#website","url":"https:\/\/www.tournus.com\/de\/","name":"Tournus Equipement DE","description":"Fabricant Fran\u00e7ais pour la restauration &amp; le commerce alimentaire","potentialAction":[{"@type":"SearchAction","target":{"@type":"EntryPoint","urlTemplate":"https:\/\/www.tournus.com\/de\/?s={search_term_string}"},"query-input":{"@type":"PropertyValueSpecification","valueRequired":true,"valueName":"search_term_string"}}],"inLanguage":"fr-FR"}]}},"_links":{"self":[{"href":"https:\/\/www.tournus.com\/de\/wp-json\/wp\/v2\/pages\/5284","targetHints":{"allow":["GET"]}}],"collection":[{"href":"https:\/\/www.tournus.com\/de\/wp-json\/wp\/v2\/pages"}],"about":[{"href":"https:\/\/www.tournus.com\/de\/wp-json\/wp\/v2\/types\/page"}],"author":[{"embeddable":true,"href":"https:\/\/www.tournus.com\/de\/wp-json\/wp\/v2\/users\/9"}],"replies":[{"embeddable":true,"href":"https:\/\/www.tournus.com\/de\/wp-json\/wp\/v2\/comments?post=5284"}],"version-history":[{"count":31,"href":"https:\/\/www.tournus.com\/de\/wp-json\/wp\/v2\/pages\/5284\/revisions"}],"predecessor-version":[{"id":16438,"href":"https:\/\/www.tournus.com\/de\/wp-json\/wp\/v2\/pages\/5284\/revisions\/16438"}],"up":[{"embeddable":true,"href":"https:\/\/www.tournus.com\/de\/wp-json\/wp\/v2\/pages\/26"}],"wp:attachment":[{"href":"https:\/\/www.tournus.com\/de\/wp-json\/wp\/v2\/media?parent=5284"}],"curies":[{"name":"wp","href":"https:\/\/api.w.org\/{rel}","templated":true}]}}