{"id":52,"date":"2014-12-01T15:24:24","date_gmt":"2014-12-01T15:24:24","guid":{"rendered":"https:\/\/www.tournus.com\/?page_id=52"},"modified":"2025-02-04T15:23:41","modified_gmt":"2025-02-04T14:23:41","slug":"restaurants","status":"publish","type":"page","link":"https:\/\/www.tournus.com\/de\/ihr-tatigkeitsfeld\/restaurants\/","title":{"rendered":"Restaurants"},"content":{"rendered":"\t\t<div data-elementor-type=\"wp-post\" data-elementor-id=\"52\" class=\"elementor elementor-52\" data-elementor-post-type=\"page\">\n\t\t\t\t\t\t<section class=\"elementor-section elementor-top-section elementor-element elementor-element-464a0d94 elementor-section-boxed elementor-section-height-default elementor-section-height-default\" data-id=\"464a0d94\" data-element_type=\"section\" data-e-type=\"section\">\n\t\t\t\t\t\t<div class=\"elementor-container elementor-column-gap-default\">\n\t\t\t\t\t<div class=\"elementor-column elementor-col-100 elementor-top-column elementor-element elementor-element-295eb063\" data-id=\"295eb063\" data-element_type=\"column\" data-e-type=\"column\">\n\t\t\t<div class=\"elementor-widget-wrap elementor-element-populated\">\n\t\t\t\t\t\t<div class=\"elementor-element elementor-element-59c1533 elementor-widget elementor-widget-text-editor\" data-id=\"59c1533\" data-element_type=\"widget\" data-e-type=\"widget\" data-widget_type=\"text-editor.default\">\n\t\t\t\t<div class=\"elementor-widget-container\">\n\t\t\t\t\t\t\t\t\t<p>Traditionelle Restaurants, Gourmetrestaurants, Themenrestaurants, Bars, Brasserien, Fast-Food-Restaurants, Hotels mit Restaurant, Campingpl\u00e4tze, Street Food, Autobahnrastst\u00e4tten, Bahnhofs-Buffets, Schiffe, Gastronomie in Verkehrsmitteln: Tournus ist \u00fcberall vertreten.<\/p><ul><li>Edelstahleinrichtung: Warmhalten und Wiedererw\u00e4rmen, Transportwagen, Edelstahleinrichtungen, Regalsysteme, Handwaschbecken, Abfalleimer, Bodenrinnen, Sp\u00fclraumumgebung, Beh\u00e4lter, Container.<\/li><li>Speiseausgabe: Hotelbuffets<\/li><\/ul>\t\t\t\t\t\t\t\t<\/div>\n\t\t\t\t<\/div>\n\t\t\t\t<div class=\"elementor-element elementor-element-3ece4ce elementor-widget elementor-widget-heading\" data-id=\"3ece4ce\" data-element_type=\"widget\" data-e-type=\"widget\" data-widget_type=\"heading.default\">\n\t\t\t\t<div class=\"elementor-widget-container\">\n\t\t\t\t\t<h2 class=\"elementor-heading-title elementor-size-default\">Restaurants<\/h2>\t\t\t\t<\/div>\n\t\t\t\t<\/div>\n\t\t\t\t<div class=\"elementor-element elementor-element-7ffdede5 elementor-pagination-position-outside elementor--h-position-center elementor--v-position-middle elementor-arrows-position-inside elementor-widget elementor-widget-slides\" data-id=\"7ffdede5\" data-element_type=\"widget\" data-e-type=\"widget\" data-settings=\"{&quot;autoplay_speed&quot;:&quot;3000&quot;,&quot;navigation&quot;:&quot;both&quot;,&quot;autoplay&quot;:&quot;yes&quot;,&quot;pause_on_hover&quot;:&quot;yes&quot;,&quot;pause_on_interaction&quot;:&quot;yes&quot;,&quot;infinite&quot;:&quot;yes&quot;,&quot;transition&quot;:&quot;slide&quot;,&quot;transition_speed&quot;:500}\" data-widget_type=\"slides.default\">\n\t\t\t\t<div class=\"elementor-widget-container\">\n\t\t\t\t\t\t\t\t\t<div class=\"elementor-swiper\">\n\t\t\t\t\t<div class=\"elementor-slides-wrapper elementor-main-swiper swiper\" role=\"region\" aria-roledescription=\"carousel\" aria-label=\"Diapositives\" dir=\"ltr\" data-animation=\"fadeInUp\">\n\t\t\t\t<div class=\"swiper-wrapper elementor-slides\">\n\t\t\t\t\t\t\t\t\t\t<div class=\"elementor-repeater-item-e85f380 swiper-slide\" role=\"group\" aria-roledescription=\"slide\"><div class=\"swiper-slide-bg\" role=\"img\" aria-label=\"Etag\u00e8re et Armoires suspendue Tournus Equipement\"><\/div><div class=\"swiper-slide-inner\" ><div class=\"swiper-slide-contents\"><\/div><\/div><\/div><div class=\"elementor-repeater-item-cb0f153 swiper-slide\" role=\"group\" aria-roledescription=\"slide\"><div class=\"swiper-slide-bg\" role=\"img\" aria-label=\"Cuisine \u00c9quip\u00e9e Tournus Equipement\"><\/div><div class=\"swiper-slide-inner\" ><div class=\"swiper-slide-contents\"><\/div><\/div><\/div><div class=\"elementor-repeater-item-62d78cf swiper-slide\" role=\"group\" aria-roledescription=\"slide\"><div class=\"swiper-slide-bg\" role=\"img\" aria-label=\"Cuisine \u00e9quip\u00e9e Tournus Equipement\"><\/div><div class=\"swiper-slide-inner\" ><div class=\"swiper-slide-contents\"><\/div><\/div><\/div><div class=\"elementor-repeater-item-91fabf3 swiper-slide\" role=\"group\" aria-roledescription=\"slide\"><div class=\"swiper-slide-bg\" role=\"img\" aria-label=\"Rest2-TE\"><\/div><div class=\"swiper-slide-inner\" ><div class=\"swiper-slide-contents\"><\/div><\/div><\/div><div class=\"elementor-repeater-item-74780fe swiper-slide\" role=\"group\" aria-roledescription=\"slide\"><div class=\"swiper-slide-bg\" role=\"img\" aria-label=\"Rest1-TE\"><\/div><div class=\"swiper-slide-inner\" ><div class=\"swiper-slide-contents\"><\/div><\/div><\/div>\t\t\t\t<\/div>\n\t\t\t\t\t\t\t\t\t\t\t\t\t\t\t<div class=\"elementor-swiper-button elementor-swiper-button-prev\" role=\"button\" tabindex=\"0\" aria-label=\"Diapositive pr\u00e9c\u00e9dente\">\n\t\t\t\t\t\t\t<i aria-hidden=\"true\" class=\"eicon-chevron-left\"><\/i>\t\t\t\t\t\t<\/div>\n\t\t\t\t\t\t<div class=\"elementor-swiper-button elementor-swiper-button-next\" role=\"button\" tabindex=\"0\" aria-label=\"Diapositive suivante\">\n\t\t\t\t\t\t\t<i aria-hidden=\"true\" class=\"eicon-chevron-right\"><\/i>\t\t\t\t\t\t<\/div>\n\t\t\t\t\t\t\t\t\t\t\t\t\t\t\t\t<div class=\"swiper-pagination\"><\/div>\n\t\t\t\t\t\t\t\t\t\t\t\t<\/div>\n\t\t\t\t<\/div>\n\t\t\t\t\t\t\t\t<\/div>\n\t\t\t\t<\/div>\n\t\t\t\t<div class=\"elementor-element elementor-element-03a0eb1 elementor-widget elementor-widget-heading\" data-id=\"03a0eb1\" data-element_type=\"widget\" data-e-type=\"widget\" data-widget_type=\"heading.default\">\n\t\t\t\t<div class=\"elementor-widget-container\">\n\t\t\t\t\t<h2 class=\"elementor-heading-title elementor-size-default\">Kleine K\u00fcchen<\/h2>\t\t\t\t<\/div>\n\t\t\t\t<\/div>\n\t\t\t\t<div class=\"elementor-element elementor-element-581a367 elementor-widget elementor-widget-text-editor\" data-id=\"581a367\" data-element_type=\"widget\" data-e-type=\"widget\" data-widget_type=\"text-editor.default\">\n\t\t\t\t<div class=\"elementor-widget-container\">\n\t\t\t\t\t\t\t\t\t<p><span style=\"font-family: georgia, palatino, serif\"><span style=\"font-size: 16px\">Ihre Idee \u2026 Unser Team entwirft Ihr Projekt unter Einhaltung der geltenden Hygienevorschriften und optimiert gleichzeitig die Raumaufteilung Ihrer Vorbereitungsbereiche. Unsere Produktpalette ist sehr vielf\u00e4ltig und wird all Ihren Anforderungen gerecht. Unsere Sortimente sind geeignet f\u00fcr Lagerung, Vorbereitung, Handhabung und Reinigung. Einfach zu installieren, benutzerfreundlich und pflegeleicht, bieten unsere Produkte zudem eine hohe Ergonomie.<\/span><\/span><\/p>\t\t\t\t\t\t\t\t<\/div>\n\t\t\t\t<\/div>\n\t\t\t\t<div class=\"elementor-element elementor-element-f0e9d9c elementor-pagination-position-outside elementor--h-position-center elementor--v-position-middle elementor-arrows-position-inside elementor-widget elementor-widget-slides\" data-id=\"f0e9d9c\" data-element_type=\"widget\" data-e-type=\"widget\" data-settings=\"{&quot;autoplay_speed&quot;:&quot;3000&quot;,&quot;navigation&quot;:&quot;both&quot;,&quot;autoplay&quot;:&quot;yes&quot;,&quot;pause_on_hover&quot;:&quot;yes&quot;,&quot;pause_on_interaction&quot;:&quot;yes&quot;,&quot;infinite&quot;:&quot;yes&quot;,&quot;transition&quot;:&quot;slide&quot;,&quot;transition_speed&quot;:500}\" data-widget_type=\"slides.default\">\n\t\t\t\t<div class=\"elementor-widget-container\">\n\t\t\t\t\t\t\t\t\t<div class=\"elementor-swiper\">\n\t\t\t\t\t<div class=\"elementor-slides-wrapper elementor-main-swiper swiper\" role=\"region\" aria-roledescription=\"carousel\" aria-label=\"Diapositives\" dir=\"ltr\" data-animation=\"fadeInUp\">\n\t\t\t\t<div class=\"swiper-wrapper elementor-slides\">\n\t\t\t\t\t\t\t\t\t\t<div class=\"elementor-repeater-item-62d78cf swiper-slide\" role=\"group\" aria-roledescription=\"slide\"><div class=\"swiper-slide-bg\" role=\"img\" aria-label=\"Design sans titre\"><\/div><div class=\"swiper-slide-inner\" ><div class=\"swiper-slide-contents\"><\/div><\/div><\/div><div class=\"elementor-repeater-item-e85f380 swiper-slide\" role=\"group\" aria-roledescription=\"slide\"><div class=\"swiper-slide-bg\" role=\"img\" aria-label=\"Design sans titre (1)\"><\/div><div class=\"swiper-slide-inner\" ><div class=\"swiper-slide-contents\"><\/div><\/div><\/div>\t\t\t\t<\/div>\n\t\t\t\t\t\t\t\t\t\t\t\t\t\t\t<div class=\"elementor-swiper-button elementor-swiper-button-prev\" role=\"button\" tabindex=\"0\" aria-label=\"Diapositive pr\u00e9c\u00e9dente\">\n\t\t\t\t\t\t\t<i aria-hidden=\"true\" class=\"eicon-chevron-left\"><\/i>\t\t\t\t\t\t<\/div>\n\t\t\t\t\t\t<div class=\"elementor-swiper-button elementor-swiper-button-next\" role=\"button\" tabindex=\"0\" aria-label=\"Diapositive suivante\">\n\t\t\t\t\t\t\t<i aria-hidden=\"true\" class=\"eicon-chevron-right\"><\/i>\t\t\t\t\t\t<\/div>\n\t\t\t\t\t\t\t\t\t\t\t\t\t\t\t\t<div class=\"swiper-pagination\"><\/div>\n\t\t\t\t\t\t\t\t\t\t\t\t<\/div>\n\t\t\t\t<\/div>\n\t\t\t\t\t\t\t\t<\/div>\n\t\t\t\t<\/div>\n\t\t\t\t<div class=\"elementor-element elementor-element-c60d618 elementor-widget elementor-widget-heading\" data-id=\"c60d618\" data-element_type=\"widget\" data-e-type=\"widget\" data-widget_type=\"heading.default\">\n\t\t\t\t<div class=\"elementor-widget-container\">\n\t\t\t\t\t<h2 class=\"elementor-heading-title elementor-size-default\">Hotel<\/h2>\t\t\t\t<\/div>\n\t\t\t\t<\/div>\n\t\t\t\t<div class=\"elementor-element elementor-element-d103b1d elementor-pagination-position-outside elementor--h-position-center elementor--v-position-middle elementor-arrows-position-inside elementor-widget elementor-widget-slides\" data-id=\"d103b1d\" data-element_type=\"widget\" data-e-type=\"widget\" data-settings=\"{&quot;autoplay_speed&quot;:&quot;3000&quot;,&quot;navigation&quot;:&quot;both&quot;,&quot;autoplay&quot;:&quot;yes&quot;,&quot;pause_on_hover&quot;:&quot;yes&quot;,&quot;pause_on_interaction&quot;:&quot;yes&quot;,&quot;infinite&quot;:&quot;yes&quot;,&quot;transition&quot;:&quot;slide&quot;,&quot;transition_speed&quot;:500}\" data-widget_type=\"slides.default\">\n\t\t\t\t<div class=\"elementor-widget-container\">\n\t\t\t\t\t\t\t\t\t<div class=\"elementor-swiper\">\n\t\t\t\t\t<div class=\"elementor-slides-wrapper elementor-main-swiper swiper\" role=\"region\" aria-roledescription=\"carousel\" aria-label=\"Diapositives\" dir=\"ltr\" data-animation=\"fadeInUp\">\n\t\t\t\t<div class=\"swiper-wrapper elementor-slides\">\n\t\t\t\t\t\t\t\t\t\t<div class=\"elementor-repeater-item-e85f380 swiper-slide\" role=\"group\" aria-roledescription=\"slide\"><div class=\"swiper-slide-bg\" role=\"img\" aria-label=\"restauration-commerciale-6-tournus\"><\/div><div class=\"swiper-slide-inner\" ><div class=\"swiper-slide-contents\"><\/div><\/div><\/div><div class=\"elementor-repeater-item-cb0f153 swiper-slide\" role=\"group\" aria-roledescription=\"slide\"><div class=\"swiper-slide-bg\" role=\"img\" aria-label=\"restauration-commerciale-8-tournus\"><\/div><div class=\"swiper-slide-inner\" ><div class=\"swiper-slide-contents\"><\/div><\/div><\/div><div class=\"elementor-repeater-item-62d78cf swiper-slide\" role=\"group\" aria-roledescription=\"slide\"><div class=\"swiper-slide-bg\" role=\"img\" aria-label=\"restauration-commerciale-1-tournus\"><\/div><div class=\"swiper-slide-inner\" ><div class=\"swiper-slide-contents\"><\/div><\/div><\/div><div class=\"elementor-repeater-item-91fabf3 swiper-slide\" role=\"group\" aria-roledescription=\"slide\"><div class=\"swiper-slide-bg\" role=\"img\" aria-label=\"restauration-commerciale-2-tournus\"><\/div><div class=\"swiper-slide-inner\" ><div class=\"swiper-slide-contents\"><\/div><\/div><\/div><div class=\"elementor-repeater-item-43166e4 swiper-slide\" role=\"group\" aria-roledescription=\"slide\"><div class=\"swiper-slide-bg\" role=\"img\" aria-label=\"restauration-commerciale-4-tournus\"><\/div><div class=\"swiper-slide-inner\" ><div class=\"swiper-slide-contents\"><\/div><\/div><\/div>\t\t\t\t<\/div>\n\t\t\t\t\t\t\t\t\t\t\t\t\t\t\t<div class=\"elementor-swiper-button elementor-swiper-button-prev\" role=\"button\" tabindex=\"0\" aria-label=\"Diapositive pr\u00e9c\u00e9dente\">\n\t\t\t\t\t\t\t<i aria-hidden=\"true\" class=\"eicon-chevron-left\"><\/i>\t\t\t\t\t\t<\/div>\n\t\t\t\t\t\t<div class=\"elementor-swiper-button elementor-swiper-button-next\" role=\"button\" tabindex=\"0\" aria-label=\"Diapositive suivante\">\n\t\t\t\t\t\t\t<i aria-hidden=\"true\" class=\"eicon-chevron-right\"><\/i>\t\t\t\t\t\t<\/div>\n\t\t\t\t\t\t\t\t\t\t\t\t\t\t\t\t<div class=\"swiper-pagination\"><\/div>\n\t\t\t\t\t\t\t\t\t\t\t\t<\/div>\n\t\t\t\t<\/div>\n\t\t\t\t\t\t\t\t<\/div>\n\t\t\t\t<\/div>\n\t\t\t\t\t<\/div>\n\t\t<\/div>\n\t\t\t\t\t<\/div>\n\t\t<\/section>\n\t\t\t\t<\/div>\n\t\t","protected":false},"excerpt":{"rendered":"<p>Traditionelle Restaurants, Gourmetrestaurants, Themenrestaurants, Bars, Brasserien, Fast-Food-Restaurants, Hotels mit Restaurant, Campingpl\u00e4tze, Street Food, Autobahnrastst\u00e4tten, Bahnhofs-Buffets, Schiffe, Gastronomie in Verkehrsmitteln: Tournus ist \u00fcberall vertreten. Edelstahleinrichtung: Warmhalten und Wiedererw\u00e4rmen, Transportwagen, Edelstahleinrichtungen, Regalsysteme, Handwaschbecken, Abfalleimer, Bodenrinnen, Sp\u00fclraumumgebung, Beh\u00e4lter, Container. Speiseausgabe: Hotelbuffets Restaurants Kleine K\u00fcchen Ihre Idee \u2026 Unser Team entwirft Ihr Projekt unter Einhaltung der geltenden Hygienevorschriften und [&hellip;]<\/p>\n","protected":false},"author":1,"featured_media":0,"parent":22,"menu_order":20,"comment_status":"closed","ping_status":"closed","template":"","meta":{"footnotes":""},"class_list":["post-52","page","type-page","status-publish","hentry"],"yoast_head":"<!-- This site is optimized with the Yoast SEO plugin v27.3 - https:\/\/yoast.com\/product\/yoast-seo-wordpress\/ -->\n<title>Mobilien f\u00fcr die Gastronomie - Restaurants | Tournus Equipement DE<\/title>\n<meta name=\"description\" content=\"Hier ist die gesamte Palette an Edelstahlm\u00f6beln f\u00fcr die Gastronomie: Hotels, Restaurants, Bars, Brauereien.\" \/>\n<meta name=\"robots\" content=\"index, follow, max-snippet:-1, max-image-preview:large, max-video-preview:-1\" \/>\n<link rel=\"canonical\" href=\"https:\/\/www.tournus.com\/de\/ihr-tatigkeitsfeld\/restaurants\/\" \/>\n<meta property=\"og:locale\" content=\"fr_FR\" \/>\n<meta property=\"og:type\" content=\"article\" \/>\n<meta property=\"og:title\" content=\"Mobilien f\u00fcr die Gastronomie - Restaurants | Tournus Equipement DE\" \/>\n<meta property=\"og:description\" content=\"Hier ist die gesamte Palette an Edelstahlm\u00f6beln f\u00fcr die Gastronomie: Hotels, Restaurants, Bars, Brauereien.\" \/>\n<meta property=\"og:url\" content=\"https:\/\/www.tournus.com\/de\/ihr-tatigkeitsfeld\/restaurants\/\" \/>\n<meta property=\"og:site_name\" content=\"Tournus Equipement DE\" \/>\n<meta property=\"article:publisher\" content=\"https:\/\/www.facebook.com\/tournusfr\" \/>\n<meta property=\"article:modified_time\" content=\"2025-02-04T14:23:41+00:00\" \/>\n<meta name=\"twitter:card\" content=\"summary_large_image\" \/>\n<meta name=\"twitter:label1\" content=\"Dur\u00e9e de lecture estim\u00e9e\" \/>\n\t<meta name=\"twitter:data1\" content=\"1 minute\" \/>\n<script type=\"application\/ld+json\" class=\"yoast-schema-graph\">{\"@context\":\"https:\\\/\\\/schema.org\",\"@graph\":[{\"@type\":\"WebPage\",\"@id\":\"https:\\\/\\\/www.tournus.com\\\/de\\\/ihr-tatigkeitsfeld\\\/restaurants\\\/\",\"url\":\"https:\\\/\\\/www.tournus.com\\\/de\\\/ihr-tatigkeitsfeld\\\/restaurants\\\/\",\"name\":\"Mobilien f\u00fcr die Gastronomie - Restaurants | Tournus Equipement DE\",\"isPartOf\":{\"@id\":\"https:\\\/\\\/www.tournus.com\\\/de\\\/#website\"},\"datePublished\":\"2014-12-01T15:24:24+00:00\",\"dateModified\":\"2025-02-04T14:23:41+00:00\",\"description\":\"Hier ist die gesamte Palette an Edelstahlm\u00f6beln f\u00fcr die Gastronomie: Hotels, Restaurants, Bars, Brauereien.\",\"breadcrumb\":{\"@id\":\"https:\\\/\\\/www.tournus.com\\\/de\\\/ihr-tatigkeitsfeld\\\/restaurants\\\/#breadcrumb\"},\"inLanguage\":\"fr-FR\",\"potentialAction\":[{\"@type\":\"ReadAction\",\"target\":[\"https:\\\/\\\/www.tournus.com\\\/de\\\/ihr-tatigkeitsfeld\\\/restaurants\\\/\"]}]},{\"@type\":\"BreadcrumbList\",\"@id\":\"https:\\\/\\\/www.tournus.com\\\/de\\\/ihr-tatigkeitsfeld\\\/restaurants\\\/#breadcrumb\",\"itemListElement\":[{\"@type\":\"ListItem\",\"position\":1,\"name\":\"Startseite\",\"item\":\"https:\\\/\\\/www.tournus.com\\\/de\\\/\"},{\"@type\":\"ListItem\",\"position\":2,\"name\":\"Ihr T\u00e4tigkeitsfeld\",\"item\":\"https:\\\/\\\/www.tournus.com\\\/de\\\/ihr-tatigkeitsfeld\\\/\"},{\"@type\":\"ListItem\",\"position\":3,\"name\":\"Restaurants\"}]},{\"@type\":\"WebSite\",\"@id\":\"https:\\\/\\\/www.tournus.com\\\/de\\\/#website\",\"url\":\"https:\\\/\\\/www.tournus.com\\\/de\\\/\",\"name\":\"Tournus Equipement DE\",\"description\":\"Fabricant Fran\u00e7ais pour la restauration &amp; le commerce alimentaire\",\"potentialAction\":[{\"@type\":\"SearchAction\",\"target\":{\"@type\":\"EntryPoint\",\"urlTemplate\":\"https:\\\/\\\/www.tournus.com\\\/de\\\/?s={search_term_string}\"},\"query-input\":{\"@type\":\"PropertyValueSpecification\",\"valueRequired\":true,\"valueName\":\"search_term_string\"}}],\"inLanguage\":\"fr-FR\"}]}<\/script>\n<!-- \/ Yoast SEO plugin. -->","yoast_head_json":{"title":"Mobilien f\u00fcr die Gastronomie - Restaurants | Tournus Equipement DE","description":"Hier ist die gesamte Palette an Edelstahlm\u00f6beln f\u00fcr die Gastronomie: Hotels, Restaurants, Bars, Brauereien.","robots":{"index":"index","follow":"follow","max-snippet":"max-snippet:-1","max-image-preview":"max-image-preview:large","max-video-preview":"max-video-preview:-1"},"canonical":"https:\/\/www.tournus.com\/de\/ihr-tatigkeitsfeld\/restaurants\/","og_locale":"fr_FR","og_type":"article","og_title":"Mobilien f\u00fcr die Gastronomie - Restaurants | Tournus Equipement DE","og_description":"Hier ist die gesamte Palette an Edelstahlm\u00f6beln f\u00fcr die Gastronomie: Hotels, Restaurants, Bars, Brauereien.","og_url":"https:\/\/www.tournus.com\/de\/ihr-tatigkeitsfeld\/restaurants\/","og_site_name":"Tournus Equipement DE","article_publisher":"https:\/\/www.facebook.com\/tournusfr","article_modified_time":"2025-02-04T14:23:41+00:00","twitter_card":"summary_large_image","twitter_misc":{"Dur\u00e9e de lecture estim\u00e9e":"1 minute"},"schema":{"@context":"https:\/\/schema.org","@graph":[{"@type":"WebPage","@id":"https:\/\/www.tournus.com\/de\/ihr-tatigkeitsfeld\/restaurants\/","url":"https:\/\/www.tournus.com\/de\/ihr-tatigkeitsfeld\/restaurants\/","name":"Mobilien f\u00fcr die Gastronomie - Restaurants | Tournus Equipement DE","isPartOf":{"@id":"https:\/\/www.tournus.com\/de\/#website"},"datePublished":"2014-12-01T15:24:24+00:00","dateModified":"2025-02-04T14:23:41+00:00","description":"Hier ist die gesamte Palette an Edelstahlm\u00f6beln f\u00fcr die Gastronomie: Hotels, Restaurants, Bars, Brauereien.","breadcrumb":{"@id":"https:\/\/www.tournus.com\/de\/ihr-tatigkeitsfeld\/restaurants\/#breadcrumb"},"inLanguage":"fr-FR","potentialAction":[{"@type":"ReadAction","target":["https:\/\/www.tournus.com\/de\/ihr-tatigkeitsfeld\/restaurants\/"]}]},{"@type":"BreadcrumbList","@id":"https:\/\/www.tournus.com\/de\/ihr-tatigkeitsfeld\/restaurants\/#breadcrumb","itemListElement":[{"@type":"ListItem","position":1,"name":"Startseite","item":"https:\/\/www.tournus.com\/de\/"},{"@type":"ListItem","position":2,"name":"Ihr T\u00e4tigkeitsfeld","item":"https:\/\/www.tournus.com\/de\/ihr-tatigkeitsfeld\/"},{"@type":"ListItem","position":3,"name":"Restaurants"}]},{"@type":"WebSite","@id":"https:\/\/www.tournus.com\/de\/#website","url":"https:\/\/www.tournus.com\/de\/","name":"Tournus Equipement DE","description":"Fabricant Fran\u00e7ais pour la restauration &amp; le commerce alimentaire","potentialAction":[{"@type":"SearchAction","target":{"@type":"EntryPoint","urlTemplate":"https:\/\/www.tournus.com\/de\/?s={search_term_string}"},"query-input":{"@type":"PropertyValueSpecification","valueRequired":true,"valueName":"search_term_string"}}],"inLanguage":"fr-FR"}]}},"_links":{"self":[{"href":"https:\/\/www.tournus.com\/de\/wp-json\/wp\/v2\/pages\/52","targetHints":{"allow":["GET"]}}],"collection":[{"href":"https:\/\/www.tournus.com\/de\/wp-json\/wp\/v2\/pages"}],"about":[{"href":"https:\/\/www.tournus.com\/de\/wp-json\/wp\/v2\/types\/page"}],"author":[{"embeddable":true,"href":"https:\/\/www.tournus.com\/de\/wp-json\/wp\/v2\/users\/1"}],"replies":[{"embeddable":true,"href":"https:\/\/www.tournus.com\/de\/wp-json\/wp\/v2\/comments?post=52"}],"version-history":[{"count":19,"href":"https:\/\/www.tournus.com\/de\/wp-json\/wp\/v2\/pages\/52\/revisions"}],"predecessor-version":[{"id":16597,"href":"https:\/\/www.tournus.com\/de\/wp-json\/wp\/v2\/pages\/52\/revisions\/16597"}],"up":[{"embeddable":true,"href":"https:\/\/www.tournus.com\/de\/wp-json\/wp\/v2\/pages\/22"}],"wp:attachment":[{"href":"https:\/\/www.tournus.com\/de\/wp-json\/wp\/v2\/media?parent=52"}],"curies":[{"name":"wp","href":"https:\/\/api.w.org\/{rel}","templated":true}]}}