{"id":4174,"date":"2015-07-09T12:20:49","date_gmt":"2015-07-09T12:20:49","guid":{"rendered":"https:\/\/www.tournus.com\/?page_id=4174"},"modified":"2025-01-09T14:33:03","modified_gmt":"2025-01-09T13:33:03","slug":"interaktive-kuche","status":"publish","type":"page","link":"https:\/\/www.tournus.com\/de\/die-vorteile-von-tournus\/interaktive-kuche\/","title":{"rendered":"Interaktive K\u00fcche"},"content":{"rendered":"\t\t<div data-elementor-type=\"wp-page\" data-elementor-id=\"4174\" class=\"elementor elementor-4174\" data-elementor-post-type=\"page\">\n\t\t\t\t\t\t<section class=\"elementor-section elementor-top-section elementor-element elementor-element-85d8d89 elementor-section-full_width elementor-section-height-default elementor-section-height-default\" data-id=\"85d8d89\" data-element_type=\"section\" data-e-type=\"section\">\n\t\t\t\t\t\t<div class=\"elementor-container elementor-column-gap-default\">\n\t\t\t\t\t<div class=\"elementor-column elementor-col-100 elementor-top-column elementor-element elementor-element-71fe42b7\" data-id=\"71fe42b7\" data-element_type=\"column\" data-e-type=\"column\">\n\t\t\t<div class=\"elementor-widget-wrap elementor-element-populated\">\n\t\t\t\t\t\t<div class=\"elementor-element elementor-element-698a2dd elementor-widget elementor-widget-image\" data-id=\"698a2dd\" data-element_type=\"widget\" data-e-type=\"widget\" data-widget_type=\"image.default\">\n\t\t\t\t<div class=\"elementor-widget-container\">\n\t\t\t\t\t\t\t\t\t\t\t\t\t\t\t<img fetchpriority=\"high\" decoding=\"async\" width=\"640\" height=\"229\" src=\"https:\/\/www.tournus.com\/de\/wp-content\/uploads\/sites\/4\/2015\/07\/photo-qr-code-tournus-1024x366.jpg\" class=\"attachment-large size-large wp-image-4582\" alt=\"Cuisine interactive\" srcset=\"https:\/\/www.tournus.com\/de\/wp-content\/uploads\/sites\/4\/2015\/07\/photo-qr-code-tournus-1024x366.jpg 1024w, https:\/\/www.tournus.com\/de\/wp-content\/uploads\/sites\/4\/2015\/07\/photo-qr-code-tournus-300x107.jpg 300w, https:\/\/www.tournus.com\/de\/wp-content\/uploads\/sites\/4\/2015\/07\/photo-qr-code-tournus-768x275.jpg 768w, https:\/\/www.tournus.com\/de\/wp-content\/uploads\/sites\/4\/2015\/07\/photo-qr-code-tournus.jpg 1140w\" sizes=\"(max-width: 640px) 100vw, 640px\" \/>\t\t\t\t\t\t\t\t\t\t\t\t\t\t\t<\/div>\n\t\t\t\t<\/div>\n\t\t\t\t<section class=\"elementor-section elementor-inner-section elementor-element elementor-element-b3ed93a elementor-section-full_width elementor-section-height-default elementor-section-height-default\" data-id=\"b3ed93a\" data-element_type=\"section\" data-e-type=\"section\">\n\t\t\t\t\t\t<div class=\"elementor-container elementor-column-gap-default\">\n\t\t\t\t\t<div class=\"elementor-column elementor-col-50 elementor-inner-column elementor-element elementor-element-7553e0e\" data-id=\"7553e0e\" data-element_type=\"column\" data-e-type=\"column\">\n\t\t\t<div class=\"elementor-widget-wrap elementor-element-populated\">\n\t\t\t\t\t\t<div class=\"elementor-element elementor-element-a655a77 elementor-widget elementor-widget-text-editor\" data-id=\"a655a77\" data-element_type=\"widget\" data-e-type=\"widget\" data-widget_type=\"text-editor.default\">\n\t\t\t\t<div class=\"elementor-widget-container\">\n\t\t\t\t\t\t\t\t\t<h2>Ihre K\u00fcche wird interaktiv<\/h2><p>Sie befinden sich in einer Restaurantk\u00fcche und m\u00f6chten Informationen zur Wartung des Produkts erhalten?<\/p><p>Sie m\u00f6chten ein Ersatzteil bestellen oder sich \u00fcber die Herkunft der Ausstattung vergewissern?<\/p><p>Durch das Scannen des Etiketts mit Ihrem Smartphone erhalten Sie sofort und eigenst\u00e4ndig Zugang zu absolut verl\u00e4sslichen Informationen.<\/p>\t\t\t\t\t\t\t\t<\/div>\n\t\t\t\t<\/div>\n\t\t\t\t\t<\/div>\n\t\t<\/div>\n\t\t\t\t<div class=\"elementor-column elementor-col-50 elementor-inner-column elementor-element elementor-element-d77d570\" data-id=\"d77d570\" data-element_type=\"column\" data-e-type=\"column\">\n\t\t\t<div class=\"elementor-widget-wrap elementor-element-populated\">\n\t\t\t\t\t\t<div class=\"elementor-element elementor-element-56fa60e elementor-widget elementor-widget-image\" data-id=\"56fa60e\" data-element_type=\"widget\" data-e-type=\"widget\" data-widget_type=\"image.default\">\n\t\t\t\t<div class=\"elementor-widget-container\">\n\t\t\t\t\t\t\t\t\t\t\t\t\t\t\t<img decoding=\"async\" src=\"https:\/\/www.tournus.com\/de\/wp-content\/uploads\/sites\/4\/elementor\/thumbs\/Theken-10-qzr7i50lj35qm7aenstphtnvfpwb8qz4d237em6fts.jpg\" title=\"-Theken (10)\" alt=\"-Theken (10)\" loading=\"lazy\" \/>\t\t\t\t\t\t\t\t\t\t\t\t\t\t\t<\/div>\n\t\t\t\t<\/div>\n\t\t\t\t\t<\/div>\n\t\t<\/div>\n\t\t\t\t\t<\/div>\n\t\t<\/section>\n\t\t\t\t<section class=\"elementor-section elementor-inner-section elementor-element elementor-element-280b84f elementor-section-full_width elementor-section-height-default elementor-section-height-default\" data-id=\"280b84f\" data-element_type=\"section\" data-e-type=\"section\">\n\t\t\t\t\t\t<div class=\"elementor-container elementor-column-gap-default\">\n\t\t\t\t\t<div class=\"elementor-column elementor-col-33 elementor-inner-column elementor-element elementor-element-4533c1a\" data-id=\"4533c1a\" data-element_type=\"column\" data-e-type=\"column\">\n\t\t\t<div class=\"elementor-widget-wrap elementor-element-populated\">\n\t\t\t\t\t\t<div class=\"elementor-element elementor-element-b08f4a1 elementor-widget elementor-widget-text-editor\" data-id=\"b08f4a1\" data-element_type=\"widget\" data-e-type=\"widget\" data-widget_type=\"text-editor.default\">\n\t\t\t\t<div class=\"elementor-widget-container\">\n\t\t\t\t\t\t\t\t\t<h2>Wie funktioniert es?<\/h2><ul><li>Starten Sie die Anwendung auf Ihrem Smartphone (z. B. i-nigma)<\/li><li>Scannen Sie den QR-Code mit Ihrem Ger\u00e4t<\/li><li>W\u00e4hlen Sie die gew\u00fcnschte Sprache (Franz\u00f6sisch, Englisch, Deutsch)<\/li><li>W\u00e4hlen Sie die gew\u00fcnschten Dokumente aus<\/li><li>In weniger als einer Minute haben Sie Zugriff auf alle Informationen<\/li><\/ul>\t\t\t\t\t\t\t\t<\/div>\n\t\t\t\t<\/div>\n\t\t\t\t\t<\/div>\n\t\t<\/div>\n\t\t\t\t<div class=\"elementor-column elementor-col-33 elementor-inner-column elementor-element elementor-element-6d2ec88\" data-id=\"6d2ec88\" data-element_type=\"column\" data-e-type=\"column\">\n\t\t\t<div class=\"elementor-widget-wrap elementor-element-populated\">\n\t\t\t\t\t\t<div class=\"elementor-element elementor-element-91e59ea elementor-widget elementor-widget-text-editor\" data-id=\"91e59ea\" data-element_type=\"widget\" data-e-type=\"widget\" data-widget_type=\"text-editor.default\">\n\t\t\t\t<div class=\"elementor-widget-container\">\n\t\t\t\t\t\t\t\t\t<h2>Der QR-Code liefert Ihnen\u2026<\/h2><ul><li>Den Produktcode und die Bezeichnung<\/li><li>Das Herstellungsdatum und die Seriennummer des Produkts<\/li><li>Den Namen des Mitarbeiters, der es hergestellt hat<\/li><li>Die technische Anleitung des Produkts<\/li><li>Die Liste der Komponenten f\u00fcr den Kundendienst<\/li><li>Pflegehinweise f\u00fcr das Produkt<\/li><li>Informationen zum Recycling am Ende der Lebensdauer<\/li><\/ul>\t\t\t\t\t\t\t\t<\/div>\n\t\t\t\t<\/div>\n\t\t\t\t\t<\/div>\n\t\t<\/div>\n\t\t\t\t<div class=\"elementor-column elementor-col-33 elementor-inner-column elementor-element elementor-element-9b56153\" data-id=\"9b56153\" data-element_type=\"column\" data-e-type=\"column\">\n\t\t\t<div class=\"elementor-widget-wrap elementor-element-populated\">\n\t\t\t\t\t\t<div class=\"elementor-element elementor-element-93088fd elementor-widget elementor-widget-image\" data-id=\"93088fd\" data-element_type=\"widget\" data-e-type=\"widget\" data-widget_type=\"image.default\">\n\t\t\t\t<div class=\"elementor-widget-container\">\n\t\t\t\t\t\t\t\t\t\t\t\t\t\t\t<img decoding=\"async\" width=\"300\" height=\"300\" src=\"https:\/\/www.tournus.com\/de\/wp-content\/uploads\/sites\/4\/2015\/06\/scanning-tournus.jpg\" class=\"attachment-large size-large wp-image-2998\" alt=\"\" srcset=\"https:\/\/www.tournus.com\/de\/wp-content\/uploads\/sites\/4\/2015\/06\/scanning-tournus.jpg 300w, https:\/\/www.tournus.com\/de\/wp-content\/uploads\/sites\/4\/2015\/06\/scanning-tournus-150x150.jpg 150w\" sizes=\"(max-width: 300px) 100vw, 300px\" \/>\t\t\t\t\t\t\t\t\t\t\t\t\t\t\t<\/div>\n\t\t\t\t<\/div>\n\t\t\t\t\t<\/div>\n\t\t<\/div>\n\t\t\t\t\t<\/div>\n\t\t<\/section>\n\t\t\t\t\t<\/div>\n\t\t<\/div>\n\t\t\t\t\t<\/div>\n\t\t<\/section>\n\t\t\t\t<section class=\"elementor-section elementor-inner-section elementor-element elementor-element-65241617 elementor-section-full_width elementor-section-height-default elementor-section-height-default\" data-id=\"65241617\" data-element_type=\"section\" data-e-type=\"section\">\n\t\t\t\t\t\t<div class=\"elementor-container elementor-column-gap-default\">\n\t\t\t\t\t<div class=\"elementor-column elementor-col-50 elementor-inner-column elementor-element elementor-element-4efeb8ff\" data-id=\"4efeb8ff\" data-element_type=\"column\" data-e-type=\"column\">\n\t\t\t<div class=\"elementor-widget-wrap elementor-element-populated\">\n\t\t\t\t\t\t<div class=\"elementor-element elementor-element-7bc17a1 elementor-widget elementor-widget-button\" data-id=\"7bc17a1\" data-element_type=\"widget\" data-e-type=\"widget\" data-widget_type=\"button.default\">\n\t\t\t\t<div class=\"elementor-widget-container\">\n\t\t\t\t\t\t\t\t\t<div class=\"elementor-button-wrapper\">\n\t\t\t\t\t<a class=\"elementor-button elementor-button-link elementor-size-sm\" href=\"https:\/\/youtu.be\/6ifvU2EEOOY\" target=\"_blank\">\n\t\t\t\t\t\t<span class=\"elementor-button-content-wrapper\">\n\t\t\t\t\t\t<span class=\"elementor-button-icon\">\n\t\t\t\t<i aria-hidden=\"true\" class=\"fab fa-youtube\"><\/i>\t\t\t<\/span>\n\t\t\t\t\t\t\t\t\t<span class=\"elementor-button-text\">QR-Code-Video<\/span>\n\t\t\t\t\t<\/span>\n\t\t\t\t\t<\/a>\n\t\t\t\t<\/div>\n\t\t\t\t\t\t\t\t<\/div>\n\t\t\t\t<\/div>\n\t\t\t\t\t<\/div>\n\t\t<\/div>\n\t\t\t\t<div class=\"elementor-column elementor-col-50 elementor-inner-column elementor-element elementor-element-1db920e7\" data-id=\"1db920e7\" data-element_type=\"column\" data-e-type=\"column\">\n\t\t\t<div class=\"elementor-widget-wrap\">\n\t\t\t\t\t\t\t<\/div>\n\t\t<\/div>\n\t\t\t\t\t<\/div>\n\t\t<\/section>\n\t\t\t\t<\/div>\n\t\t","protected":false},"excerpt":{"rendered":"<p>Ihre K\u00fcche wird interaktiv Sie befinden sich in einer Restaurantk\u00fcche und m\u00f6chten Informationen zur Wartung des Produkts erhalten? Sie m\u00f6chten ein Ersatzteil bestellen oder sich \u00fcber die Herkunft der Ausstattung vergewissern? Durch das Scannen des Etiketts mit Ihrem Smartphone erhalten Sie sofort und eigenst\u00e4ndig Zugang zu absolut verl\u00e4sslichen Informationen. Wie funktioniert es? Starten Sie die [&hellip;]<\/p>\n","protected":false},"author":1,"featured_media":0,"parent":24,"menu_order":70,"comment_status":"closed","ping_status":"closed","template":"","meta":{"footnotes":""},"class_list":["post-4174","page","type-page","status-publish","hentry"],"yoast_head":"<!-- This site is optimized with the Yoast SEO plugin v27.3 - https:\/\/yoast.com\/product\/yoast-seo-wordpress\/ -->\n<title>QR-Code Interaktive Edelstahlk\u00fcchenm\u00f6bel | Tournus Equipement DE<\/title>\n<meta name=\"description\" content=\"Tournus \u00c9quipement ist ein Experte f\u00fcr Edelstahlm\u00f6bel. Entdecken Sie die interaktive K\u00fcche und die Dienstleistungen \u00fcber QR-Codes.\" \/>\n<meta name=\"robots\" content=\"index, follow, max-snippet:-1, max-image-preview:large, max-video-preview:-1\" \/>\n<link rel=\"canonical\" href=\"https:\/\/www.tournus.com\/de\/die-vorteile-von-tournus\/interaktive-kuche\/\" \/>\n<meta property=\"og:locale\" content=\"fr_FR\" \/>\n<meta property=\"og:type\" content=\"article\" \/>\n<meta property=\"og:title\" content=\"QR-Code Interaktive Edelstahlk\u00fcchenm\u00f6bel | Tournus Equipement DE\" \/>\n<meta property=\"og:description\" content=\"Tournus \u00c9quipement ist ein Experte f\u00fcr Edelstahlm\u00f6bel. Entdecken Sie die interaktive K\u00fcche und die Dienstleistungen \u00fcber QR-Codes.\" \/>\n<meta property=\"og:url\" content=\"https:\/\/www.tournus.com\/de\/die-vorteile-von-tournus\/interaktive-kuche\/\" \/>\n<meta property=\"og:site_name\" content=\"Tournus Equipement DE\" \/>\n<meta property=\"article:publisher\" content=\"https:\/\/www.facebook.com\/tournusfr\" \/>\n<meta property=\"article:modified_time\" content=\"2025-01-09T13:33:03+00:00\" \/>\n<meta property=\"og:image\" content=\"https:\/\/www.tournus.com\/de\/wp-content\/uploads\/sites\/4\/2015\/07\/photo-qr-code-tournus.jpg\" \/>\n\t<meta property=\"og:image:width\" content=\"1140\" \/>\n\t<meta property=\"og:image:height\" content=\"408\" \/>\n\t<meta property=\"og:image:type\" content=\"image\/jpeg\" \/>\n<meta name=\"twitter:card\" content=\"summary_large_image\" \/>\n<meta name=\"twitter:label1\" content=\"Dur\u00e9e de lecture estim\u00e9e\" \/>\n\t<meta name=\"twitter:data1\" content=\"2 minutes\" \/>\n<script type=\"application\/ld+json\" class=\"yoast-schema-graph\">{\"@context\":\"https:\\\/\\\/schema.org\",\"@graph\":[{\"@type\":\"WebPage\",\"@id\":\"https:\\\/\\\/www.tournus.com\\\/de\\\/die-vorteile-von-tournus\\\/interaktive-kuche\\\/\",\"url\":\"https:\\\/\\\/www.tournus.com\\\/de\\\/die-vorteile-von-tournus\\\/interaktive-kuche\\\/\",\"name\":\"QR-Code Interaktive Edelstahlk\u00fcchenm\u00f6bel | Tournus Equipement DE\",\"isPartOf\":{\"@id\":\"https:\\\/\\\/www.tournus.com\\\/de\\\/#website\"},\"primaryImageOfPage\":{\"@id\":\"https:\\\/\\\/www.tournus.com\\\/de\\\/die-vorteile-von-tournus\\\/interaktive-kuche\\\/#primaryimage\"},\"image\":{\"@id\":\"https:\\\/\\\/www.tournus.com\\\/de\\\/die-vorteile-von-tournus\\\/interaktive-kuche\\\/#primaryimage\"},\"thumbnailUrl\":\"https:\\\/\\\/www.tournus.com\\\/de\\\/wp-content\\\/uploads\\\/sites\\\/4\\\/2015\\\/07\\\/photo-qr-code-tournus-1024x366.jpg\",\"datePublished\":\"2015-07-09T12:20:49+00:00\",\"dateModified\":\"2025-01-09T13:33:03+00:00\",\"description\":\"Tournus \u00c9quipement ist ein Experte f\u00fcr Edelstahlm\u00f6bel. Entdecken Sie die interaktive K\u00fcche und die Dienstleistungen \u00fcber QR-Codes.\",\"breadcrumb\":{\"@id\":\"https:\\\/\\\/www.tournus.com\\\/de\\\/die-vorteile-von-tournus\\\/interaktive-kuche\\\/#breadcrumb\"},\"inLanguage\":\"fr-FR\",\"potentialAction\":[{\"@type\":\"ReadAction\",\"target\":[\"https:\\\/\\\/www.tournus.com\\\/de\\\/die-vorteile-von-tournus\\\/interaktive-kuche\\\/\"]}]},{\"@type\":\"ImageObject\",\"inLanguage\":\"fr-FR\",\"@id\":\"https:\\\/\\\/www.tournus.com\\\/de\\\/die-vorteile-von-tournus\\\/interaktive-kuche\\\/#primaryimage\",\"url\":\"https:\\\/\\\/www.tournus.com\\\/de\\\/wp-content\\\/uploads\\\/sites\\\/4\\\/2015\\\/07\\\/photo-qr-code-tournus.jpg\",\"contentUrl\":\"https:\\\/\\\/www.tournus.com\\\/de\\\/wp-content\\\/uploads\\\/sites\\\/4\\\/2015\\\/07\\\/photo-qr-code-tournus.jpg\",\"width\":1140,\"height\":408,\"caption\":\"Cuisine interactive\"},{\"@type\":\"BreadcrumbList\",\"@id\":\"https:\\\/\\\/www.tournus.com\\\/de\\\/die-vorteile-von-tournus\\\/interaktive-kuche\\\/#breadcrumb\",\"itemListElement\":[{\"@type\":\"ListItem\",\"position\":1,\"name\":\"Startseite\",\"item\":\"https:\\\/\\\/www.tournus.com\\\/de\\\/\"},{\"@type\":\"ListItem\",\"position\":2,\"name\":\"Die Vorteile von Tournus\",\"item\":\"https:\\\/\\\/www.tournus.com\\\/de\\\/die-vorteile-von-tournus\\\/\"},{\"@type\":\"ListItem\",\"position\":3,\"name\":\"Interaktive K\u00fcche\"}]},{\"@type\":\"WebSite\",\"@id\":\"https:\\\/\\\/www.tournus.com\\\/de\\\/#website\",\"url\":\"https:\\\/\\\/www.tournus.com\\\/de\\\/\",\"name\":\"Tournus Equipement DE\",\"description\":\"Fabricant Fran\u00e7ais pour la restauration &amp; le commerce alimentaire\",\"potentialAction\":[{\"@type\":\"SearchAction\",\"target\":{\"@type\":\"EntryPoint\",\"urlTemplate\":\"https:\\\/\\\/www.tournus.com\\\/de\\\/?s={search_term_string}\"},\"query-input\":{\"@type\":\"PropertyValueSpecification\",\"valueRequired\":true,\"valueName\":\"search_term_string\"}}],\"inLanguage\":\"fr-FR\"}]}<\/script>\n<!-- \/ Yoast SEO plugin. -->","yoast_head_json":{"title":"QR-Code Interaktive Edelstahlk\u00fcchenm\u00f6bel | Tournus Equipement DE","description":"Tournus \u00c9quipement ist ein Experte f\u00fcr Edelstahlm\u00f6bel. Entdecken Sie die interaktive K\u00fcche und die Dienstleistungen \u00fcber QR-Codes.","robots":{"index":"index","follow":"follow","max-snippet":"max-snippet:-1","max-image-preview":"max-image-preview:large","max-video-preview":"max-video-preview:-1"},"canonical":"https:\/\/www.tournus.com\/de\/die-vorteile-von-tournus\/interaktive-kuche\/","og_locale":"fr_FR","og_type":"article","og_title":"QR-Code Interaktive Edelstahlk\u00fcchenm\u00f6bel | Tournus Equipement DE","og_description":"Tournus \u00c9quipement ist ein Experte f\u00fcr Edelstahlm\u00f6bel. Entdecken Sie die interaktive K\u00fcche und die Dienstleistungen \u00fcber QR-Codes.","og_url":"https:\/\/www.tournus.com\/de\/die-vorteile-von-tournus\/interaktive-kuche\/","og_site_name":"Tournus Equipement DE","article_publisher":"https:\/\/www.facebook.com\/tournusfr","article_modified_time":"2025-01-09T13:33:03+00:00","og_image":[{"width":1140,"height":408,"url":"https:\/\/www.tournus.com\/de\/wp-content\/uploads\/sites\/4\/2015\/07\/photo-qr-code-tournus.jpg","type":"image\/jpeg"}],"twitter_card":"summary_large_image","twitter_misc":{"Dur\u00e9e de lecture estim\u00e9e":"2 minutes"},"schema":{"@context":"https:\/\/schema.org","@graph":[{"@type":"WebPage","@id":"https:\/\/www.tournus.com\/de\/die-vorteile-von-tournus\/interaktive-kuche\/","url":"https:\/\/www.tournus.com\/de\/die-vorteile-von-tournus\/interaktive-kuche\/","name":"QR-Code Interaktive Edelstahlk\u00fcchenm\u00f6bel | Tournus Equipement DE","isPartOf":{"@id":"https:\/\/www.tournus.com\/de\/#website"},"primaryImageOfPage":{"@id":"https:\/\/www.tournus.com\/de\/die-vorteile-von-tournus\/interaktive-kuche\/#primaryimage"},"image":{"@id":"https:\/\/www.tournus.com\/de\/die-vorteile-von-tournus\/interaktive-kuche\/#primaryimage"},"thumbnailUrl":"https:\/\/www.tournus.com\/de\/wp-content\/uploads\/sites\/4\/2015\/07\/photo-qr-code-tournus-1024x366.jpg","datePublished":"2015-07-09T12:20:49+00:00","dateModified":"2025-01-09T13:33:03+00:00","description":"Tournus \u00c9quipement ist ein Experte f\u00fcr Edelstahlm\u00f6bel. Entdecken Sie die interaktive K\u00fcche und die Dienstleistungen \u00fcber QR-Codes.","breadcrumb":{"@id":"https:\/\/www.tournus.com\/de\/die-vorteile-von-tournus\/interaktive-kuche\/#breadcrumb"},"inLanguage":"fr-FR","potentialAction":[{"@type":"ReadAction","target":["https:\/\/www.tournus.com\/de\/die-vorteile-von-tournus\/interaktive-kuche\/"]}]},{"@type":"ImageObject","inLanguage":"fr-FR","@id":"https:\/\/www.tournus.com\/de\/die-vorteile-von-tournus\/interaktive-kuche\/#primaryimage","url":"https:\/\/www.tournus.com\/de\/wp-content\/uploads\/sites\/4\/2015\/07\/photo-qr-code-tournus.jpg","contentUrl":"https:\/\/www.tournus.com\/de\/wp-content\/uploads\/sites\/4\/2015\/07\/photo-qr-code-tournus.jpg","width":1140,"height":408,"caption":"Cuisine interactive"},{"@type":"BreadcrumbList","@id":"https:\/\/www.tournus.com\/de\/die-vorteile-von-tournus\/interaktive-kuche\/#breadcrumb","itemListElement":[{"@type":"ListItem","position":1,"name":"Startseite","item":"https:\/\/www.tournus.com\/de\/"},{"@type":"ListItem","position":2,"name":"Die Vorteile von Tournus","item":"https:\/\/www.tournus.com\/de\/die-vorteile-von-tournus\/"},{"@type":"ListItem","position":3,"name":"Interaktive K\u00fcche"}]},{"@type":"WebSite","@id":"https:\/\/www.tournus.com\/de\/#website","url":"https:\/\/www.tournus.com\/de\/","name":"Tournus Equipement DE","description":"Fabricant Fran\u00e7ais pour la restauration &amp; le commerce alimentaire","potentialAction":[{"@type":"SearchAction","target":{"@type":"EntryPoint","urlTemplate":"https:\/\/www.tournus.com\/de\/?s={search_term_string}"},"query-input":{"@type":"PropertyValueSpecification","valueRequired":true,"valueName":"search_term_string"}}],"inLanguage":"fr-FR"}]}},"_links":{"self":[{"href":"https:\/\/www.tournus.com\/de\/wp-json\/wp\/v2\/pages\/4174","targetHints":{"allow":["GET"]}}],"collection":[{"href":"https:\/\/www.tournus.com\/de\/wp-json\/wp\/v2\/pages"}],"about":[{"href":"https:\/\/www.tournus.com\/de\/wp-json\/wp\/v2\/types\/page"}],"author":[{"embeddable":true,"href":"https:\/\/www.tournus.com\/de\/wp-json\/wp\/v2\/users\/1"}],"replies":[{"embeddable":true,"href":"https:\/\/www.tournus.com\/de\/wp-json\/wp\/v2\/comments?post=4174"}],"version-history":[{"count":15,"href":"https:\/\/www.tournus.com\/de\/wp-json\/wp\/v2\/pages\/4174\/revisions"}],"predecessor-version":[{"id":16415,"href":"https:\/\/www.tournus.com\/de\/wp-json\/wp\/v2\/pages\/4174\/revisions\/16415"}],"up":[{"embeddable":true,"href":"https:\/\/www.tournus.com\/de\/wp-json\/wp\/v2\/pages\/24"}],"wp:attachment":[{"href":"https:\/\/www.tournus.com\/de\/wp-json\/wp\/v2\/media?parent=4174"}],"curies":[{"name":"wp","href":"https:\/\/api.w.org\/{rel}","templated":true}]}}