{"id":30,"date":"2014-12-01T14:20:07","date_gmt":"2014-12-01T14:20:07","guid":{"rendered":"https:\/\/www.tournus.com\/?page_id=30"},"modified":"2025-01-06T12:12:29","modified_gmt":"2025-01-06T11:12:29","slug":"impressum","status":"publish","type":"page","link":"https:\/\/www.tournus.com\/de\/impressum\/","title":{"rendered":"Impressum"},"content":{"rendered":"\t\t<div data-elementor-type=\"wp-post\" data-elementor-id=\"30\" class=\"elementor elementor-30\" data-elementor-post-type=\"page\">\n\t\t\t\t\t\t<section class=\"elementor-section elementor-top-section elementor-element elementor-element-33c16c3 elementor-section-full_width elementor-section-height-default elementor-section-height-default\" data-id=\"33c16c3\" data-element_type=\"section\" data-e-type=\"section\">\n\t\t\t\t\t\t<div class=\"elementor-container elementor-column-gap-default\">\n\t\t\t\t\t<div class=\"elementor-column elementor-col-33 elementor-top-column elementor-element elementor-element-c9bef4d\" data-id=\"c9bef4d\" data-element_type=\"column\" data-e-type=\"column\">\n\t\t\t<div class=\"elementor-widget-wrap elementor-element-populated\">\n\t\t\t\t\t\t<div class=\"elementor-element elementor-element-1e2c89e elementor-widget elementor-widget-text-editor\" data-id=\"1e2c89e\" data-element_type=\"widget\" data-e-type=\"widget\" data-widget_type=\"text-editor.default\">\n\t\t\t\t<div class=\"elementor-widget-container\">\n\t\t\t\t\t\t\t\t\t<h2>Herausbeger<\/h2><p>Firmenname: TOURNUS EQUIPEMENT<br \/>Sitz: 25 avenue Jean Moulin \u2013 CS20005 \u2013 71700 TOURNUS &#8211; FRANKREICH<br \/>Handelsregister M\u00e2con: B 383 567 104<br \/>E-Mail: <a href=\"mailto:commercial@tournus.com\">commercial@tournus.com<\/a><br \/>Tel.: +33(0)3 85 27 42 00<\/p><p>Umsatzsteuer-Identifikationsnummer: FR 24 383 567 104<\/p><p>Verantwortlicher f\u00fcr die Ver\u00f6ffentlichung<br \/>Herr Pierre MARCEL<\/p>\t\t\t\t\t\t\t\t<\/div>\n\t\t\t\t<\/div>\n\t\t\t\t\t<\/div>\n\t\t<\/div>\n\t\t\t\t<div class=\"elementor-column elementor-col-33 elementor-top-column elementor-element elementor-element-48346d6\" data-id=\"48346d6\" data-element_type=\"column\" data-e-type=\"column\">\n\t\t\t<div class=\"elementor-widget-wrap elementor-element-populated\">\n\t\t\t\t\t\t<div class=\"elementor-element elementor-element-1f95a6d elementor-widget elementor-widget-text-editor\" data-id=\"1f95a6d\" data-element_type=\"widget\" data-e-type=\"widget\" data-widget_type=\"text-editor.default\">\n\t\t\t\t<div class=\"elementor-widget-container\">\n\t\t\t\t\t\t\t\t\t<h2>Webdesign et Entwicklung<\/h2><p>Mister Harry \u2013 Agentur f\u00fcr digitale Kommunikation<br \/>24, rue de la Banque<br \/>71100 Chalon-sur-Sa\u00f4ne<\/p><p><a href=\"mailto:travaillonsensemble@misterharry.fr\">travaillonsensemble@misterharry.fr<\/a><\/p><p><a href=\"http:\/\/www.misterharry.fr\/\">www.misterharry.fr<\/a><\/p>\t\t\t\t\t\t\t\t<\/div>\n\t\t\t\t<\/div>\n\t\t\t\t\t<\/div>\n\t\t<\/div>\n\t\t\t\t<div class=\"elementor-column elementor-col-33 elementor-top-column elementor-element elementor-element-128daa0\" data-id=\"128daa0\" data-element_type=\"column\" data-e-type=\"column\">\n\t\t\t<div class=\"elementor-widget-wrap elementor-element-populated\">\n\t\t\t\t\t\t<div class=\"elementor-element elementor-element-bbdf89f elementor-widget elementor-widget-text-editor\" data-id=\"bbdf89f\" data-element_type=\"widget\" data-e-type=\"widget\" data-widget_type=\"text-editor.default\">\n\t\t\t\t<div class=\"elementor-widget-container\">\n\t\t\t\t\t\t\t\t\t<h2>Hosting-Anbieter<\/h2><p><strong>OVH SAS<\/strong><br \/>2 rue Kellermann<br \/>59100 Roubaix \u2013 France<br \/>T\u00e9l. : 1007<\/p>\t\t\t\t\t\t\t\t<\/div>\n\t\t\t\t<\/div>\n\t\t\t\t\t<\/div>\n\t\t<\/div>\n\t\t\t\t\t<\/div>\n\t\t<\/section>\n\t\t\t\t<section class=\"elementor-section elementor-top-section elementor-element elementor-element-7ee61a28 elementor-section-full_width elementor-section-height-default elementor-section-height-default\" data-id=\"7ee61a28\" data-element_type=\"section\" data-e-type=\"section\">\n\t\t\t\t\t\t<div class=\"elementor-container elementor-column-gap-default\">\n\t\t\t\t\t<div class=\"elementor-column elementor-col-100 elementor-top-column elementor-element elementor-element-5be3a245\" data-id=\"5be3a245\" data-element_type=\"column\" data-e-type=\"column\">\n\t\t\t<div class=\"elementor-widget-wrap elementor-element-populated\">\n\t\t\t\t\t\t<div class=\"elementor-element elementor-element-121479e2 elementor-widget elementor-widget-text-editor\" data-id=\"121479e2\" data-element_type=\"widget\" data-e-type=\"widget\" data-widget_type=\"text-editor.default\">\n\t\t\t\t<div class=\"elementor-widget-container\">\n\t\t\t\t\t\t\t\t\t<h2>INFORMATIK UND FREIHEIT<\/h2><p>Wir erinnern Sie daran, dass Sie gem\u00e4\u00df Artikel 34 des Gesetzes \u201eInformatik und Freiheit\u201c vom 6. Januar 1978 das Recht auf Zugang, \u00c4nderung, Berichtigung und L\u00f6schung Ihrer personenbezogenen Daten haben.<\/p><h2>ALLGEMEINE NUTZUNGSBEDINGUNGEN<\/h2><p>Der Nutzer erkennt an, dass er die vorliegenden Allgemeinen Nutzungsbedingungen zur Kenntnis genommen hat, und verpflichtet sich, diese einzuhalten. Tournus Equipement beh\u00e4lt sich das Recht vor, diesen Hinweis jederzeit zu \u00e4ndern. Der Nutzer verpflichtet sich daher, ihn regelm\u00e4\u00dfig einzusehen.<\/p><p>Falls Sie von einem anderen Staat als Frankreich auf die Website www.tournus.com zugreifen, verpflichten Sie sich, sicherzustellen, dass die lokal geltenden Gesetze ebenfalls eingehalten werden.<\/p><h2>URHEBERRECHT &#8211; COPYRIGHT<\/h2><p>Diese gesamte Website unterliegt der franz\u00f6sischen und internationalen Gesetzgebung zum Urheberrecht und geistigen Eigentum.<\/p><p>Alle Rechte zur Vervielf\u00e4ltigung sind vorbehalten, einschlie\u00dflich herunterladbarer Dokumente sowie ikonografischer und fotografischer Darstellungen.<\/p><p>Die vollst\u00e4ndige oder teilweise Reproduktion dieser Website auf einem elektronischen Medium, gleich welcher Art, ist ohne ausdr\u00fcckliche Genehmigung des Herausgebers strengstens untersagt.<\/p><p>Das Setzen eines Hyperlinks zur Website www.tournus.com erfordert eine vorherige schriftliche Genehmigung von Tournus Equipement.<\/p><h2>HAFTUNGSAUSSCHLUSSKLAUSEL<\/h2><p>Die Website von Tournus Equipement enth\u00e4lt Links zu anderen Websites, die zu Informationszwecken bereitgestellt werden. Diese Websites werden nicht alle von Tournus Equipement verwaltet. Tournus Equipement lehnt jede Verantwortung f\u00fcr den Inhalt dieser Websites ab.<\/p><h2>GOOGLE ANALYTICS<\/h2><p>Tournus Equipement verwendet den Website-Analyse-Dienst von Google Inc.: Google Analytics. Dieser Dienst verwendet \u201eCookies\u201c (Textdateien, die auf Ihrem Computer gespeichert werden), um die Nutzung der Website von Tournus Equipement durch die Nutzer zu analysieren. Die durch die Cookies erzeugten Daten werden von Google auf Servern in den Vereinigten Staaten \u00fcbertragen und dort gespeichert. Google verwendet diese Informationen, um Ihre Nutzung der Website von Tournus Equipement zu analysieren und Aktivit\u00e4tsberichte zu erstellen.<\/p><p>Im Falle einer gesetzlichen Verpflichtung kann Google diese Daten an Dritte weitergeben. Ihre IP-Adresse wird jedoch von Google nicht mit anderen Daten verkn\u00fcpft, die Google m\u00f6glicherweise besitzt. Wenn Sie nicht m\u00f6chten, dass Google Ihre Cookies verwendet, k\u00f6nnen Sie diese in den Einstellungen Ihres Internetbrowsers deaktivieren.<\/p><p>Durch die Nutzung der Website von Tournus Equipement stimmen Sie zu, dass Ihre Daten wie oben beschrieben von Google erhoben und verarbeitet werden. Sie haben das Recht, diese Datenerhebung jederzeit zu widerrufen, indem Sie <a href=\"https:\/\/tools.google.com\/dlpage\/gaoptout?hl=de\">https:\/\/tools.google.com\/dlpage\/gaoptout?hl=de<\/a> besuchen.<\/p>\t\t\t\t\t\t\t\t<\/div>\n\t\t\t\t<\/div>\n\t\t\t\t\t<\/div>\n\t\t<\/div>\n\t\t\t\t\t<\/div>\n\t\t<\/section>\n\t\t\t\t<\/div>\n\t\t","protected":false},"excerpt":{"rendered":"<p>Herausbeger Firmenname: TOURNUS EQUIPEMENTSitz: 25 avenue Jean Moulin \u2013 CS20005 \u2013 71700 TOURNUS &#8211; FRANKREICHHandelsregister M\u00e2con: B 383 567 104E-Mail: commercial@tournus.comTel.: +33(0)3 85 27 42 00 Umsatzsteuer-Identifikationsnummer: FR 24 383 567 104 Verantwortlicher f\u00fcr die Ver\u00f6ffentlichungHerr Pierre MARCEL Webdesign et Entwicklung Mister Harry \u2013 Agentur f\u00fcr digitale Kommunikation24, rue de la Banque71100 Chalon-sur-Sa\u00f4ne travaillonsensemble@misterharry.fr www.misterharry.fr [&hellip;]<\/p>\n","protected":false},"author":1,"featured_media":0,"parent":0,"menu_order":120,"comment_status":"closed","ping_status":"closed","template":"","meta":{"footnotes":""},"class_list":["post-30","page","type-page","status-publish","hentry"],"yoast_head":"<!-- This site is optimized with the Yoast SEO plugin v27.3 - https:\/\/yoast.com\/product\/yoast-seo-wordpress\/ -->\n<title>Impressum - Tournus Equipement DE<\/title>\n<meta name=\"description\" content=\"HerausbegerFirmenname: TOURNUS EQUIPEMENTSitz: 25 avenue Jean Moulin \u2013 CS20005 \u2013 71700 TOURNUS - FRANKREICHHandelsregister M\u00e2con: B 383 567 104E-Mail:\" \/>\n<meta name=\"robots\" content=\"index, follow, max-snippet:-1, max-image-preview:large, max-video-preview:-1\" \/>\n<link rel=\"canonical\" href=\"https:\/\/www.tournus.com\/de\/impressum\/\" \/>\n<meta property=\"og:locale\" content=\"fr_FR\" \/>\n<meta property=\"og:type\" content=\"article\" \/>\n<meta property=\"og:title\" content=\"Impressum - Tournus Equipement DE\" \/>\n<meta property=\"og:description\" content=\"HerausbegerFirmenname: TOURNUS EQUIPEMENTSitz: 25 avenue Jean Moulin \u2013 CS20005 \u2013 71700 TOURNUS - FRANKREICHHandelsregister M\u00e2con: B 383 567 104E-Mail:\" \/>\n<meta property=\"og:url\" content=\"https:\/\/www.tournus.com\/de\/impressum\/\" \/>\n<meta property=\"og:site_name\" content=\"Tournus Equipement DE\" \/>\n<meta property=\"article:publisher\" content=\"https:\/\/www.facebook.com\/tournusfr\" \/>\n<meta property=\"article:modified_time\" content=\"2025-01-06T11:12:29+00:00\" \/>\n<meta name=\"twitter:card\" content=\"summary_large_image\" \/>\n<meta name=\"twitter:label1\" content=\"Dur\u00e9e de lecture estim\u00e9e\" \/>\n\t<meta name=\"twitter:data1\" content=\"3 minutes\" \/>\n<script type=\"application\/ld+json\" class=\"yoast-schema-graph\">{\"@context\":\"https:\\\/\\\/schema.org\",\"@graph\":[{\"@type\":\"WebPage\",\"@id\":\"https:\\\/\\\/www.tournus.com\\\/de\\\/impressum\\\/\",\"url\":\"https:\\\/\\\/www.tournus.com\\\/de\\\/impressum\\\/\",\"name\":\"Impressum - Tournus Equipement DE\",\"isPartOf\":{\"@id\":\"https:\\\/\\\/www.tournus.com\\\/de\\\/#website\"},\"datePublished\":\"2014-12-01T14:20:07+00:00\",\"dateModified\":\"2025-01-06T11:12:29+00:00\",\"description\":\"HerausbegerFirmenname: TOURNUS EQUIPEMENTSitz: 25 avenue Jean Moulin \u2013 CS20005 \u2013 71700 TOURNUS - FRANKREICHHandelsregister M\u00e2con: B 383 567 104E-Mail:\",\"breadcrumb\":{\"@id\":\"https:\\\/\\\/www.tournus.com\\\/de\\\/impressum\\\/#breadcrumb\"},\"inLanguage\":\"fr-FR\",\"potentialAction\":[{\"@type\":\"ReadAction\",\"target\":[\"https:\\\/\\\/www.tournus.com\\\/de\\\/impressum\\\/\"]}]},{\"@type\":\"BreadcrumbList\",\"@id\":\"https:\\\/\\\/www.tournus.com\\\/de\\\/impressum\\\/#breadcrumb\",\"itemListElement\":[{\"@type\":\"ListItem\",\"position\":1,\"name\":\"Startseite\",\"item\":\"https:\\\/\\\/www.tournus.com\\\/de\\\/\"},{\"@type\":\"ListItem\",\"position\":2,\"name\":\"Impressum\"}]},{\"@type\":\"WebSite\",\"@id\":\"https:\\\/\\\/www.tournus.com\\\/de\\\/#website\",\"url\":\"https:\\\/\\\/www.tournus.com\\\/de\\\/\",\"name\":\"Tournus Equipement DE\",\"description\":\"Fabricant Fran\u00e7ais pour la restauration &amp; le commerce alimentaire\",\"potentialAction\":[{\"@type\":\"SearchAction\",\"target\":{\"@type\":\"EntryPoint\",\"urlTemplate\":\"https:\\\/\\\/www.tournus.com\\\/de\\\/?s={search_term_string}\"},\"query-input\":{\"@type\":\"PropertyValueSpecification\",\"valueRequired\":true,\"valueName\":\"search_term_string\"}}],\"inLanguage\":\"fr-FR\"}]}<\/script>\n<!-- \/ Yoast SEO plugin. -->","yoast_head_json":{"title":"Impressum - Tournus Equipement DE","description":"HerausbegerFirmenname: TOURNUS EQUIPEMENTSitz: 25 avenue Jean Moulin \u2013 CS20005 \u2013 71700 TOURNUS - FRANKREICHHandelsregister M\u00e2con: B 383 567 104E-Mail:","robots":{"index":"index","follow":"follow","max-snippet":"max-snippet:-1","max-image-preview":"max-image-preview:large","max-video-preview":"max-video-preview:-1"},"canonical":"https:\/\/www.tournus.com\/de\/impressum\/","og_locale":"fr_FR","og_type":"article","og_title":"Impressum - Tournus Equipement DE","og_description":"HerausbegerFirmenname: TOURNUS EQUIPEMENTSitz: 25 avenue Jean Moulin \u2013 CS20005 \u2013 71700 TOURNUS - FRANKREICHHandelsregister M\u00e2con: B 383 567 104E-Mail:","og_url":"https:\/\/www.tournus.com\/de\/impressum\/","og_site_name":"Tournus Equipement DE","article_publisher":"https:\/\/www.facebook.com\/tournusfr","article_modified_time":"2025-01-06T11:12:29+00:00","twitter_card":"summary_large_image","twitter_misc":{"Dur\u00e9e de lecture estim\u00e9e":"3 minutes"},"schema":{"@context":"https:\/\/schema.org","@graph":[{"@type":"WebPage","@id":"https:\/\/www.tournus.com\/de\/impressum\/","url":"https:\/\/www.tournus.com\/de\/impressum\/","name":"Impressum - Tournus Equipement DE","isPartOf":{"@id":"https:\/\/www.tournus.com\/de\/#website"},"datePublished":"2014-12-01T14:20:07+00:00","dateModified":"2025-01-06T11:12:29+00:00","description":"HerausbegerFirmenname: TOURNUS EQUIPEMENTSitz: 25 avenue Jean Moulin \u2013 CS20005 \u2013 71700 TOURNUS - FRANKREICHHandelsregister M\u00e2con: B 383 567 104E-Mail:","breadcrumb":{"@id":"https:\/\/www.tournus.com\/de\/impressum\/#breadcrumb"},"inLanguage":"fr-FR","potentialAction":[{"@type":"ReadAction","target":["https:\/\/www.tournus.com\/de\/impressum\/"]}]},{"@type":"BreadcrumbList","@id":"https:\/\/www.tournus.com\/de\/impressum\/#breadcrumb","itemListElement":[{"@type":"ListItem","position":1,"name":"Startseite","item":"https:\/\/www.tournus.com\/de\/"},{"@type":"ListItem","position":2,"name":"Impressum"}]},{"@type":"WebSite","@id":"https:\/\/www.tournus.com\/de\/#website","url":"https:\/\/www.tournus.com\/de\/","name":"Tournus Equipement DE","description":"Fabricant Fran\u00e7ais pour la restauration &amp; le commerce alimentaire","potentialAction":[{"@type":"SearchAction","target":{"@type":"EntryPoint","urlTemplate":"https:\/\/www.tournus.com\/de\/?s={search_term_string}"},"query-input":{"@type":"PropertyValueSpecification","valueRequired":true,"valueName":"search_term_string"}}],"inLanguage":"fr-FR"}]}},"_links":{"self":[{"href":"https:\/\/www.tournus.com\/de\/wp-json\/wp\/v2\/pages\/30","targetHints":{"allow":["GET"]}}],"collection":[{"href":"https:\/\/www.tournus.com\/de\/wp-json\/wp\/v2\/pages"}],"about":[{"href":"https:\/\/www.tournus.com\/de\/wp-json\/wp\/v2\/types\/page"}],"author":[{"embeddable":true,"href":"https:\/\/www.tournus.com\/de\/wp-json\/wp\/v2\/users\/1"}],"replies":[{"embeddable":true,"href":"https:\/\/www.tournus.com\/de\/wp-json\/wp\/v2\/comments?post=30"}],"version-history":[{"count":15,"href":"https:\/\/www.tournus.com\/de\/wp-json\/wp\/v2\/pages\/30\/revisions"}],"predecessor-version":[{"id":16113,"href":"https:\/\/www.tournus.com\/de\/wp-json\/wp\/v2\/pages\/30\/revisions\/16113"}],"wp:attachment":[{"href":"https:\/\/www.tournus.com\/de\/wp-json\/wp\/v2\/media?parent=30"}],"curies":[{"name":"wp","href":"https:\/\/api.w.org\/{rel}","templated":true}]}}