{"id":15299,"date":"2024-12-11T17:59:32","date_gmt":"2024-12-11T16:59:32","guid":{"rendered":"https:\/\/www.tournus.com\/de\/?page_id=15299"},"modified":"2025-02-25T11:41:18","modified_gmt":"2025-02-25T10:41:18","slug":"bim-projekte","status":"publish","type":"page","link":"https:\/\/www.tournus.com\/de\/bim-projekte\/","title":{"rendered":"BIM-Projekte"},"content":{"rendered":"\t\t<div data-elementor-type=\"wp-page\" data-elementor-id=\"15299\" class=\"elementor elementor-15299\" data-elementor-post-type=\"page\">\n\t\t\t\t\t\t<section class=\"elementor-section elementor-top-section elementor-element elementor-element-53740bcc elementor-section-full_width elementor-section-height-default elementor-section-height-default\" data-id=\"53740bcc\" data-element_type=\"section\" data-e-type=\"section\">\n\t\t\t\t\t\t<div class=\"elementor-container elementor-column-gap-default\">\n\t\t\t\t\t<div class=\"elementor-column elementor-col-100 elementor-top-column elementor-element elementor-element-1b1847f3\" data-id=\"1b1847f3\" data-element_type=\"column\" data-e-type=\"column\">\n\t\t\t<div class=\"elementor-widget-wrap elementor-element-populated\">\n\t\t\t\t\t\t<div class=\"elementor-element elementor-element-65dc2996 elementor-widget elementor-widget-text-editor\" data-id=\"65dc2996\" data-element_type=\"widget\" data-e-type=\"widget\" data-widget_type=\"text-editor.default\">\n\t\t\t\t<div class=\"elementor-widget-container\">\n\t\t\t\t\t\t\t\t\t<p>Die Produkte unseres Katalogs stehen f\u00fcr Projekte im BIM-Format zur Verf\u00fcgung. Unsere Bibliothek im rfa-Format kann im Partnerbereich heruntergeladen werden.<\/p><p>In diesem Bereich finden Sie auch Ansichten im dwg- und skp-Format f\u00fcr Ihre Planungen in Autocad oder Sketchup.<\/p><p>Dar\u00fcber hinaus ist Tournus auch in den Angebots- und Planungsprogrammen Sp\u00e9cifi und SWS vertreten.<\/p><div>\u00a0<\/div>\t\t\t\t\t\t\t\t<\/div>\n\t\t\t\t<\/div>\n\t\t\t\t<section class=\"elementor-section elementor-inner-section elementor-element elementor-element-5511b44b elementor-section-full_width elementor-section-height-default elementor-section-height-default\" data-id=\"5511b44b\" data-element_type=\"section\" data-e-type=\"section\">\n\t\t\t\t\t\t<div class=\"elementor-container elementor-column-gap-default\">\n\t\t\t\t\t<div class=\"elementor-column elementor-col-50 elementor-inner-column elementor-element elementor-element-194a046c\" data-id=\"194a046c\" data-element_type=\"column\" data-e-type=\"column\">\n\t\t\t<div class=\"elementor-widget-wrap elementor-element-populated\">\n\t\t\t\t\t\t<div class=\"elementor-element elementor-element-7a295f6b elementor-widget elementor-widget-image\" data-id=\"7a295f6b\" data-element_type=\"widget\" data-e-type=\"widget\" data-widget_type=\"image.default\">\n\t\t\t\t<div class=\"elementor-widget-container\">\n\t\t\t\t\t\t\t\t\t\t\t\t\t\t\t<img fetchpriority=\"high\" decoding=\"async\" width=\"600\" height=\"600\" src=\"https:\/\/www.tournus.com\/de\/wp-content\/uploads\/sites\/4\/2024\/12\/image-1-3D-tournus-6001.jpg\" class=\"attachment-large size-large wp-image-15301\" alt=\"\" srcset=\"https:\/\/www.tournus.com\/de\/wp-content\/uploads\/sites\/4\/2024\/12\/image-1-3D-tournus-6001.jpg 600w, https:\/\/www.tournus.com\/de\/wp-content\/uploads\/sites\/4\/2024\/12\/image-1-3D-tournus-6001-80x80.jpg 80w\" sizes=\"(max-width: 600px) 100vw, 600px\" \/>\t\t\t\t\t\t\t\t\t\t\t\t\t\t\t<\/div>\n\t\t\t\t<\/div>\n\t\t\t\t<div class=\"elementor-element elementor-element-9d86c9a elementor-align-center elementor-widget elementor-widget-button\" data-id=\"9d86c9a\" data-element_type=\"widget\" data-e-type=\"widget\" data-widget_type=\"button.default\">\n\t\t\t\t<div class=\"elementor-widget-container\">\n\t\t\t\t\t\t\t\t\t<div class=\"elementor-button-wrapper\">\n\t\t\t\t\t<a class=\"elementor-button elementor-button-link elementor-size-sm\" href=\"https:\/\/partenaire.tournus.com\/documentation\/thematic\/11\" target=\"_blank\">\n\t\t\t\t\t\t<span class=\"elementor-button-content-wrapper\">\n\t\t\t\t\t\t<span class=\"elementor-button-icon\">\n\t\t\t\t<i aria-hidden=\"true\" class=\"fas fa-check\"><\/i>\t\t\t<\/span>\n\t\t\t\t\t\t\t\t\t<span class=\"elementor-button-text\">Zugriff auf 2D- und 3D-Ansichten<\/span>\n\t\t\t\t\t<\/span>\n\t\t\t\t\t<\/a>\n\t\t\t\t<\/div>\n\t\t\t\t\t\t\t\t<\/div>\n\t\t\t\t<\/div>\n\t\t\t\t\t<\/div>\n\t\t<\/div>\n\t\t\t\t<div class=\"elementor-column elementor-col-50 elementor-inner-column elementor-element elementor-element-6d517f76\" data-id=\"6d517f76\" data-element_type=\"column\" data-e-type=\"column\">\n\t\t\t<div class=\"elementor-widget-wrap elementor-element-populated\">\n\t\t\t\t\t\t<div class=\"elementor-element elementor-element-3ef1681f elementor-widget elementor-widget-image\" data-id=\"3ef1681f\" data-element_type=\"widget\" data-e-type=\"widget\" data-widget_type=\"image.default\">\n\t\t\t\t<div class=\"elementor-widget-container\">\n\t\t\t\t\t\t\t\t\t\t\t\t\t\t\t<img decoding=\"async\" width=\"600\" height=\"600\" src=\"https:\/\/www.tournus.com\/de\/wp-content\/uploads\/sites\/4\/2024\/12\/bim.jpg\" class=\"attachment-large size-large wp-image-15302\" alt=\"\" srcset=\"https:\/\/www.tournus.com\/de\/wp-content\/uploads\/sites\/4\/2024\/12\/bim.jpg 600w, https:\/\/www.tournus.com\/de\/wp-content\/uploads\/sites\/4\/2024\/12\/bim-80x80.jpg 80w\" sizes=\"(max-width: 600px) 100vw, 600px\" \/>\t\t\t\t\t\t\t\t\t\t\t\t\t\t\t<\/div>\n\t\t\t\t<\/div>\n\t\t\t\t<div class=\"elementor-element elementor-element-18f4cb74 elementor-align-center elementor-widget elementor-widget-button\" data-id=\"18f4cb74\" data-element_type=\"widget\" data-e-type=\"widget\" data-widget_type=\"button.default\">\n\t\t\t\t<div class=\"elementor-widget-container\">\n\t\t\t\t\t\t\t\t\t<div class=\"elementor-button-wrapper\">\n\t\t\t\t\t<a class=\"elementor-button elementor-button-link elementor-size-sm\" href=\"https:\/\/youtu.be\/_nn47W1auC4\" target=\"_blank\">\n\t\t\t\t\t\t<span class=\"elementor-button-content-wrapper\">\n\t\t\t\t\t\t<span class=\"elementor-button-icon\">\n\t\t\t\t<i aria-hidden=\"true\" class=\"fab fa-youtube\"><\/i>\t\t\t<\/span>\n\t\t\t\t\t\t\t\t\t<span class=\"elementor-button-text\">BIM-Video<\/span>\n\t\t\t\t\t<\/span>\n\t\t\t\t\t<\/a>\n\t\t\t\t<\/div>\n\t\t\t\t\t\t\t\t<\/div>\n\t\t\t\t<\/div>\n\t\t\t\t\t<\/div>\n\t\t<\/div>\n\t\t\t\t\t<\/div>\n\t\t<\/section>\n\t\t\t\t\t<\/div>\n\t\t<\/div>\n\t\t\t\t\t<\/div>\n\t\t<\/section>\n\t\t\t\t<\/div>\n\t\t","protected":false},"excerpt":{"rendered":"<p>Die Produkte unseres Katalogs stehen f\u00fcr Projekte im BIM-Format zur Verf\u00fcgung. Unsere Bibliothek im rfa-Format kann im Partnerbereich heruntergeladen werden. In diesem Bereich finden Sie auch Ansichten im dwg- und skp-Format f\u00fcr Ihre Planungen in Autocad oder Sketchup. Dar\u00fcber hinaus ist Tournus auch in den Angebots- und Planungsprogrammen Sp\u00e9cifi und SWS vertreten. \u00a0 Zugriff auf [&hellip;]<\/p>\n","protected":false},"author":1,"featured_media":0,"parent":0,"menu_order":0,"comment_status":"closed","ping_status":"closed","template":"","meta":{"footnotes":""},"class_list":["post-15299","page","type-page","status-publish","hentry"],"yoast_head":"<!-- This site is optimized with the Yoast SEO plugin v27.3 - https:\/\/yoast.com\/product\/yoast-seo-wordpress\/ -->\n<title>BIM-Projekte - Tournus Equipement DE<\/title>\n<meta name=\"description\" content=\"Die Produkte unseres Katalogs stehen f\u00fcr Projekte im BIM-Format zur Verf\u00fcgung. Unsere Bibliothek im rfa-Format kann im Partnerbereich heruntergeladen\" \/>\n<meta name=\"robots\" content=\"index, follow, max-snippet:-1, max-image-preview:large, max-video-preview:-1\" \/>\n<link rel=\"canonical\" href=\"https:\/\/www.tournus.com\/de\/bim-projekte\/\" \/>\n<meta property=\"og:locale\" content=\"fr_FR\" \/>\n<meta property=\"og:type\" content=\"article\" \/>\n<meta property=\"og:title\" content=\"BIM-Projekte - Tournus Equipement DE\" \/>\n<meta property=\"og:description\" content=\"Die Produkte unseres Katalogs stehen f\u00fcr Projekte im BIM-Format zur Verf\u00fcgung. Unsere Bibliothek im rfa-Format kann im Partnerbereich heruntergeladen\" \/>\n<meta property=\"og:url\" content=\"https:\/\/www.tournus.com\/de\/bim-projekte\/\" \/>\n<meta property=\"og:site_name\" content=\"Tournus Equipement DE\" \/>\n<meta property=\"article:publisher\" content=\"https:\/\/www.facebook.com\/tournusfr\" \/>\n<meta property=\"article:modified_time\" content=\"2025-02-25T10:41:18+00:00\" \/>\n<meta property=\"og:image\" content=\"https:\/\/www.tournus.com\/de\/wp-content\/uploads\/sites\/4\/2024\/12\/image-1-3D-tournus-6001.jpg\" \/>\n\t<meta property=\"og:image:width\" content=\"600\" \/>\n\t<meta property=\"og:image:height\" content=\"600\" \/>\n\t<meta property=\"og:image:type\" content=\"image\/jpeg\" \/>\n<meta name=\"twitter:card\" content=\"summary_large_image\" \/>\n<meta name=\"twitter:label1\" content=\"Dur\u00e9e de lecture estim\u00e9e\" \/>\n\t<meta name=\"twitter:data1\" content=\"1 minute\" \/>\n<script type=\"application\/ld+json\" class=\"yoast-schema-graph\">{\"@context\":\"https:\\\/\\\/schema.org\",\"@graph\":[{\"@type\":\"WebPage\",\"@id\":\"https:\\\/\\\/www.tournus.com\\\/de\\\/bim-projekte\\\/\",\"url\":\"https:\\\/\\\/www.tournus.com\\\/de\\\/bim-projekte\\\/\",\"name\":\"BIM-Projekte - Tournus Equipement DE\",\"isPartOf\":{\"@id\":\"https:\\\/\\\/www.tournus.com\\\/de\\\/#website\"},\"primaryImageOfPage\":{\"@id\":\"https:\\\/\\\/www.tournus.com\\\/de\\\/bim-projekte\\\/#primaryimage\"},\"image\":{\"@id\":\"https:\\\/\\\/www.tournus.com\\\/de\\\/bim-projekte\\\/#primaryimage\"},\"thumbnailUrl\":\"https:\\\/\\\/www.tournus.com\\\/de\\\/wp-content\\\/uploads\\\/sites\\\/4\\\/2024\\\/12\\\/image-1-3D-tournus-6001.jpg\",\"datePublished\":\"2024-12-11T16:59:32+00:00\",\"dateModified\":\"2025-02-25T10:41:18+00:00\",\"description\":\"Die Produkte unseres Katalogs stehen f\u00fcr Projekte im BIM-Format zur Verf\u00fcgung. Unsere Bibliothek im rfa-Format kann im Partnerbereich heruntergeladen\",\"breadcrumb\":{\"@id\":\"https:\\\/\\\/www.tournus.com\\\/de\\\/bim-projekte\\\/#breadcrumb\"},\"inLanguage\":\"fr-FR\",\"potentialAction\":[{\"@type\":\"ReadAction\",\"target\":[\"https:\\\/\\\/www.tournus.com\\\/de\\\/bim-projekte\\\/\"]}]},{\"@type\":\"ImageObject\",\"inLanguage\":\"fr-FR\",\"@id\":\"https:\\\/\\\/www.tournus.com\\\/de\\\/bim-projekte\\\/#primaryimage\",\"url\":\"https:\\\/\\\/www.tournus.com\\\/de\\\/wp-content\\\/uploads\\\/sites\\\/4\\\/2024\\\/12\\\/image-1-3D-tournus-6001.jpg\",\"contentUrl\":\"https:\\\/\\\/www.tournus.com\\\/de\\\/wp-content\\\/uploads\\\/sites\\\/4\\\/2024\\\/12\\\/image-1-3D-tournus-6001.jpg\",\"width\":600,\"height\":600},{\"@type\":\"BreadcrumbList\",\"@id\":\"https:\\\/\\\/www.tournus.com\\\/de\\\/bim-projekte\\\/#breadcrumb\",\"itemListElement\":[{\"@type\":\"ListItem\",\"position\":1,\"name\":\"Startseite\",\"item\":\"https:\\\/\\\/www.tournus.com\\\/de\\\/\"},{\"@type\":\"ListItem\",\"position\":2,\"name\":\"BIM-Projekte\"}]},{\"@type\":\"WebSite\",\"@id\":\"https:\\\/\\\/www.tournus.com\\\/de\\\/#website\",\"url\":\"https:\\\/\\\/www.tournus.com\\\/de\\\/\",\"name\":\"Tournus Equipement DE\",\"description\":\"Fabricant Fran\u00e7ais pour la restauration &amp; le commerce alimentaire\",\"potentialAction\":[{\"@type\":\"SearchAction\",\"target\":{\"@type\":\"EntryPoint\",\"urlTemplate\":\"https:\\\/\\\/www.tournus.com\\\/de\\\/?s={search_term_string}\"},\"query-input\":{\"@type\":\"PropertyValueSpecification\",\"valueRequired\":true,\"valueName\":\"search_term_string\"}}],\"inLanguage\":\"fr-FR\"}]}<\/script>\n<!-- \/ Yoast SEO plugin. -->","yoast_head_json":{"title":"BIM-Projekte - Tournus Equipement DE","description":"Die Produkte unseres Katalogs stehen f\u00fcr Projekte im BIM-Format zur Verf\u00fcgung. Unsere Bibliothek im rfa-Format kann im Partnerbereich heruntergeladen","robots":{"index":"index","follow":"follow","max-snippet":"max-snippet:-1","max-image-preview":"max-image-preview:large","max-video-preview":"max-video-preview:-1"},"canonical":"https:\/\/www.tournus.com\/de\/bim-projekte\/","og_locale":"fr_FR","og_type":"article","og_title":"BIM-Projekte - Tournus Equipement DE","og_description":"Die Produkte unseres Katalogs stehen f\u00fcr Projekte im BIM-Format zur Verf\u00fcgung. Unsere Bibliothek im rfa-Format kann im Partnerbereich heruntergeladen","og_url":"https:\/\/www.tournus.com\/de\/bim-projekte\/","og_site_name":"Tournus Equipement DE","article_publisher":"https:\/\/www.facebook.com\/tournusfr","article_modified_time":"2025-02-25T10:41:18+00:00","og_image":[{"width":600,"height":600,"url":"https:\/\/www.tournus.com\/de\/wp-content\/uploads\/sites\/4\/2024\/12\/image-1-3D-tournus-6001.jpg","type":"image\/jpeg"}],"twitter_card":"summary_large_image","twitter_misc":{"Dur\u00e9e de lecture estim\u00e9e":"1 minute"},"schema":{"@context":"https:\/\/schema.org","@graph":[{"@type":"WebPage","@id":"https:\/\/www.tournus.com\/de\/bim-projekte\/","url":"https:\/\/www.tournus.com\/de\/bim-projekte\/","name":"BIM-Projekte - Tournus Equipement DE","isPartOf":{"@id":"https:\/\/www.tournus.com\/de\/#website"},"primaryImageOfPage":{"@id":"https:\/\/www.tournus.com\/de\/bim-projekte\/#primaryimage"},"image":{"@id":"https:\/\/www.tournus.com\/de\/bim-projekte\/#primaryimage"},"thumbnailUrl":"https:\/\/www.tournus.com\/de\/wp-content\/uploads\/sites\/4\/2024\/12\/image-1-3D-tournus-6001.jpg","datePublished":"2024-12-11T16:59:32+00:00","dateModified":"2025-02-25T10:41:18+00:00","description":"Die Produkte unseres Katalogs stehen f\u00fcr Projekte im BIM-Format zur Verf\u00fcgung. Unsere Bibliothek im rfa-Format kann im Partnerbereich heruntergeladen","breadcrumb":{"@id":"https:\/\/www.tournus.com\/de\/bim-projekte\/#breadcrumb"},"inLanguage":"fr-FR","potentialAction":[{"@type":"ReadAction","target":["https:\/\/www.tournus.com\/de\/bim-projekte\/"]}]},{"@type":"ImageObject","inLanguage":"fr-FR","@id":"https:\/\/www.tournus.com\/de\/bim-projekte\/#primaryimage","url":"https:\/\/www.tournus.com\/de\/wp-content\/uploads\/sites\/4\/2024\/12\/image-1-3D-tournus-6001.jpg","contentUrl":"https:\/\/www.tournus.com\/de\/wp-content\/uploads\/sites\/4\/2024\/12\/image-1-3D-tournus-6001.jpg","width":600,"height":600},{"@type":"BreadcrumbList","@id":"https:\/\/www.tournus.com\/de\/bim-projekte\/#breadcrumb","itemListElement":[{"@type":"ListItem","position":1,"name":"Startseite","item":"https:\/\/www.tournus.com\/de\/"},{"@type":"ListItem","position":2,"name":"BIM-Projekte"}]},{"@type":"WebSite","@id":"https:\/\/www.tournus.com\/de\/#website","url":"https:\/\/www.tournus.com\/de\/","name":"Tournus Equipement DE","description":"Fabricant Fran\u00e7ais pour la restauration &amp; le commerce alimentaire","potentialAction":[{"@type":"SearchAction","target":{"@type":"EntryPoint","urlTemplate":"https:\/\/www.tournus.com\/de\/?s={search_term_string}"},"query-input":{"@type":"PropertyValueSpecification","valueRequired":true,"valueName":"search_term_string"}}],"inLanguage":"fr-FR"}]}},"_links":{"self":[{"href":"https:\/\/www.tournus.com\/de\/wp-json\/wp\/v2\/pages\/15299","targetHints":{"allow":["GET"]}}],"collection":[{"href":"https:\/\/www.tournus.com\/de\/wp-json\/wp\/v2\/pages"}],"about":[{"href":"https:\/\/www.tournus.com\/de\/wp-json\/wp\/v2\/types\/page"}],"author":[{"embeddable":true,"href":"https:\/\/www.tournus.com\/de\/wp-json\/wp\/v2\/users\/1"}],"replies":[{"embeddable":true,"href":"https:\/\/www.tournus.com\/de\/wp-json\/wp\/v2\/comments?post=15299"}],"version-history":[{"count":21,"href":"https:\/\/www.tournus.com\/de\/wp-json\/wp\/v2\/pages\/15299\/revisions"}],"predecessor-version":[{"id":16896,"href":"https:\/\/www.tournus.com\/de\/wp-json\/wp\/v2\/pages\/15299\/revisions\/16896"}],"wp:attachment":[{"href":"https:\/\/www.tournus.com\/de\/wp-json\/wp\/v2\/media?parent=15299"}],"curies":[{"name":"wp","href":"https:\/\/api.w.org\/{rel}","templated":true}]}}