{"id":13116,"date":"2022-04-12T08:26:52","date_gmt":"2022-04-12T08:26:52","guid":{"rendered":"https:\/\/www.tournus.com\/?page_id=13116"},"modified":"2022-04-12T08:26:52","modified_gmt":"2022-04-12T08:26:52","slug":"remerciements-landing-page","status":"publish","type":"page","link":"https:\/\/www.tournus.com\/de\/remerciements-landing-page\/","title":{"rendered":"Remerciements landing page"},"content":{"rendered":"\t\t<div data-elementor-type=\"wp-post\" data-elementor-id=\"13116\" class=\"elementor elementor-13116\" data-elementor-post-type=\"page\">\n\t\t\t\t\t\t<section class=\"elementor-section elementor-top-section elementor-element elementor-element-7bd6a6c1 slider-top elementor-section-stretched elementor-section-full_width elementor-section-height-default elementor-section-height-default\" data-id=\"7bd6a6c1\" data-element_type=\"section\" data-e-type=\"section\" data-settings=\"{&quot;stretch_section&quot;:&quot;section-stretched&quot;}\">\n\t\t\t\t\t\t<div class=\"elementor-container elementor-column-gap-default\">\n\t\t\t\t\t<div class=\"elementor-column elementor-col-100 elementor-top-column elementor-element elementor-element-86ee1c1 slider-gauche\" data-id=\"86ee1c1\" data-element_type=\"column\" data-e-type=\"column\">\n\t\t\t<div class=\"elementor-widget-wrap elementor-element-populated\">\n\t\t\t\t\t\t<div class=\"elementor-element elementor-element-75db221c elementor-widget elementor-widget-image\" data-id=\"75db221c\" data-element_type=\"widget\" data-e-type=\"widget\" data-widget_type=\"image.default\">\n\t\t\t\t<div class=\"elementor-widget-container\">\n\t\t\t\t\t\t\t\t\t\t\t\t\t\t\t<img decoding=\"async\" src=\"https:\/\/www.tournus.com\/de\/wp-content\/uploads\/sites\/4\/2022\/04\/couv-tournus-sombre.jpg\" title=\"Origine France Garantie\" alt=\"Origine France Garantie\" loading=\"lazy\" \/>\t\t\t\t\t\t\t\t\t\t\t\t\t\t\t<\/div>\n\t\t\t\t<\/div>\n\t\t\t\t<div class=\"elementor-element elementor-element-77a831cd texte-top elementor-widget elementor-widget-heading\" data-id=\"77a831cd\" data-element_type=\"widget\" data-e-type=\"widget\" data-widget_type=\"heading.default\">\n\t\t\t\t<div class=\"elementor-widget-container\">\n\t\t\t\t\t<h1 class=\"elementor-heading-title elementor-size-default\">Merci !<br>\nNous avons bien pris en compte votre\ndemande et nous allons vous adresser une r\u00e9ponse\ndans les meilleurs d\u00e9lais.<\/h1>\t\t\t\t<\/div>\n\t\t\t\t<\/div>\n\t\t\t\t\t<\/div>\n\t\t<\/div>\n\t\t\t\t\t<\/div>\n\t\t<\/section>\n\t\t\t\t<section class=\"elementor-section elementor-top-section elementor-element elementor-element-793de01 elementor-section-boxed elementor-section-height-default elementor-section-height-default\" data-id=\"793de01\" data-element_type=\"section\" data-e-type=\"section\">\n\t\t\t\t\t\t<div class=\"elementor-container elementor-column-gap-default\">\n\t\t\t\t\t<div class=\"elementor-column elementor-col-100 elementor-top-column elementor-element elementor-element-094f17a\" data-id=\"094f17a\" data-element_type=\"column\" data-e-type=\"column\">\n\t\t\t<div class=\"elementor-widget-wrap elementor-element-populated\">\n\t\t\t\t\t\t<section class=\"elementor-section elementor-inner-section elementor-element elementor-element-36055da elementor-section-boxed elementor-section-height-default elementor-section-height-default\" data-id=\"36055da\" data-element_type=\"section\" data-e-type=\"section\">\n\t\t\t\t\t\t<div class=\"elementor-container elementor-column-gap-default\">\n\t\t\t\t\t<div class=\"elementor-column elementor-col-50 elementor-inner-column elementor-element elementor-element-49d50b4 accroche\" data-id=\"49d50b4\" data-element_type=\"column\" data-e-type=\"column\">\n\t\t\t<div class=\"elementor-widget-wrap elementor-element-populated\">\n\t\t\t\t\t\t<div class=\"elementor-element elementor-element-8bb9002 txt-accroche remerciements elementor-widget elementor-widget-text-editor\" data-id=\"8bb9002\" data-element_type=\"widget\" data-e-type=\"widget\" data-widget_type=\"text-editor.default\">\n\t\t\t\t<div class=\"elementor-widget-container\">\n\t\t\t\t\t\t\t\t\t<h2>Une cuisine optimis\u00e9e en petite surface.<br>Surface mini, production maxi !<\/h2>\t\t\t\t\t\t\t\t<\/div>\n\t\t\t\t<\/div>\n\t\t\t\t\t<\/div>\n\t\t<\/div>\n\t\t\t\t<div class=\"elementor-column elementor-col-50 elementor-inner-column elementor-element elementor-element-a218aa1 bloc-catalogue\" data-id=\"a218aa1\" data-element_type=\"column\" data-e-type=\"column\" data-settings=\"{&quot;background_background&quot;:&quot;classic&quot;}\">\n\t\t\t<div class=\"elementor-widget-wrap elementor-element-populated\">\n\t\t\t\t\t\t<div class=\"elementor-element elementor-element-44a6c99 elementor-widget elementor-widget-image\" data-id=\"44a6c99\" data-element_type=\"widget\" data-e-type=\"widget\" data-widget_type=\"image.default\">\n\t\t\t\t<div class=\"elementor-widget-container\">\n\t\t\t\t\t\t\t\t\t\t\t\t\t\t\t\t<a href=\"https:\/\/www.tournus.com\/wp-content\/uploads\/2022\/04\/suface_mini-cuisine.pdf\">\n\t\t\t\t\t\t\t<img decoding=\"async\" width=\"172\" height=\"169\" src=\"https:\/\/www.tournus.com\/de\/wp-content\/uploads\/sites\/4\/2022\/04\/catalogue2.png\" class=\"attachment-full size-full wp-image-13140\" alt=\"catalogue tournus equipement\" \/>\t\t\t\t\t\t\t\t<\/a>\n\t\t\t\t\t\t\t\t\t\t\t\t\t\t\t<\/div>\n\t\t\t\t<\/div>\n\t\t\t\t<div class=\"elementor-element elementor-element-4134d2f elementor-widget elementor-widget-text-editor\" data-id=\"4134d2f\" data-element_type=\"widget\" data-e-type=\"widget\" data-widget_type=\"text-editor.default\">\n\t\t\t\t<div class=\"elementor-widget-container\">\n\t\t\t\t\t\t\t\t\t<h3 style=\"text-align: center;\"><a href=\"https:\/\/www.tournus.com\/wp-content\/uploads\/2022\/04\/suface_mini-cuisine.pdf\" target=\"blank\">Pour retrouver toute notre offre, t\u00e9l\u00e9chargez notre<br \/>\ndocumentation<\/a><\/h3>\t\t\t\t\t\t\t\t<\/div>\n\t\t\t\t<\/div>\n\t\t\t\t\t<\/div>\n\t\t<\/div>\n\t\t\t\t\t<\/div>\n\t\t<\/section>\n\t\t\t\t\t<\/div>\n\t\t<\/div>\n\t\t\t\t\t<\/div>\n\t\t<\/section>\n\t\t\t\t<\/div>\n\t\t","protected":false},"excerpt":{"rendered":"<p>Merci ! Nous avons bien pris en compte votre demande et nous allons vous adresser une r\u00e9ponse dans les meilleurs d\u00e9lais. Une cuisine optimis\u00e9e en petite surface.Surface mini, production maxi ! Pour retrouver toute notre offre, t\u00e9l\u00e9chargez notre documentation<\/p>\n","protected":false},"author":1,"featured_media":0,"parent":0,"menu_order":0,"comment_status":"closed","ping_status":"closed","template":"","meta":{"footnotes":""},"class_list":["post-13116","page","type-page","status-publish","hentry"],"yoast_head":"<!-- This site is optimized with the Yoast SEO plugin v27.3 - https:\/\/yoast.com\/product\/yoast-seo-wordpress\/ -->\n<title>Remerciements landing page - Tournus Equipement DE<\/title>\n<meta name=\"description\" content=\"Merci ! Nous avons bien pris en compte votre demande et nous allons vous adresser une r\u00e9ponse dans les meilleurs d\u00e9lais. Une cuisine optimis\u00e9e en petite\" \/>\n<meta name=\"robots\" content=\"index, follow, max-snippet:-1, max-image-preview:large, max-video-preview:-1\" \/>\n<link rel=\"canonical\" href=\"https:\/\/www.tournus.com\/de\/remerciements-landing-page\/\" \/>\n<meta property=\"og:locale\" content=\"fr_FR\" \/>\n<meta property=\"og:type\" content=\"article\" \/>\n<meta property=\"og:title\" content=\"Remerciements landing page - Tournus Equipement DE\" \/>\n<meta property=\"og:description\" content=\"Merci ! Nous avons bien pris en compte votre demande et nous allons vous adresser une r\u00e9ponse dans les meilleurs d\u00e9lais. Une cuisine optimis\u00e9e en petite\" \/>\n<meta property=\"og:url\" content=\"https:\/\/www.tournus.com\/de\/remerciements-landing-page\/\" \/>\n<meta property=\"og:site_name\" content=\"Tournus Equipement DE\" \/>\n<meta property=\"article:publisher\" content=\"https:\/\/www.facebook.com\/tournusfr\" \/>\n<meta property=\"og:image\" content=\"https:\/\/www.tournus.com\/de\/wp-content\/uploads\/sites\/4\/2022\/04\/couv-tournus-sombre.jpg\" \/>\n<meta name=\"twitter:card\" content=\"summary_large_image\" \/>\n<meta name=\"twitter:label1\" content=\"Dur\u00e9e de lecture estim\u00e9e\" \/>\n\t<meta name=\"twitter:data1\" content=\"1 minute\" \/>\n<script type=\"application\/ld+json\" class=\"yoast-schema-graph\">{\"@context\":\"https:\\\/\\\/schema.org\",\"@graph\":[{\"@type\":\"WebPage\",\"@id\":\"https:\\\/\\\/www.tournus.com\\\/de\\\/remerciements-landing-page\\\/\",\"url\":\"https:\\\/\\\/www.tournus.com\\\/de\\\/remerciements-landing-page\\\/\",\"name\":\"Remerciements landing page - Tournus Equipement DE\",\"isPartOf\":{\"@id\":\"https:\\\/\\\/www.tournus.com\\\/de\\\/#website\"},\"primaryImageOfPage\":{\"@id\":\"https:\\\/\\\/www.tournus.com\\\/de\\\/remerciements-landing-page\\\/#primaryimage\"},\"image\":{\"@id\":\"https:\\\/\\\/www.tournus.com\\\/de\\\/remerciements-landing-page\\\/#primaryimage\"},\"thumbnailUrl\":\"https:\\\/\\\/www.tournus.com\\\/de\\\/wp-content\\\/uploads\\\/sites\\\/4\\\/2022\\\/04\\\/couv-tournus-sombre.jpg\",\"datePublished\":\"2022-04-12T08:26:52+00:00\",\"description\":\"Merci ! Nous avons bien pris en compte votre demande et nous allons vous adresser une r\u00e9ponse dans les meilleurs d\u00e9lais. Une cuisine optimis\u00e9e en petite\",\"breadcrumb\":{\"@id\":\"https:\\\/\\\/www.tournus.com\\\/de\\\/remerciements-landing-page\\\/#breadcrumb\"},\"inLanguage\":\"fr-FR\",\"potentialAction\":[{\"@type\":\"ReadAction\",\"target\":[\"https:\\\/\\\/www.tournus.com\\\/de\\\/remerciements-landing-page\\\/\"]}]},{\"@type\":\"ImageObject\",\"inLanguage\":\"fr-FR\",\"@id\":\"https:\\\/\\\/www.tournus.com\\\/de\\\/remerciements-landing-page\\\/#primaryimage\",\"url\":\"https:\\\/\\\/www.tournus.com\\\/de\\\/wp-content\\\/uploads\\\/sites\\\/4\\\/2022\\\/04\\\/couv-tournus-sombre.jpg\",\"contentUrl\":\"https:\\\/\\\/www.tournus.com\\\/de\\\/wp-content\\\/uploads\\\/sites\\\/4\\\/2022\\\/04\\\/couv-tournus-sombre.jpg\",\"width\":1450,\"height\":421,\"caption\":\"Origine France Garantie\"},{\"@type\":\"BreadcrumbList\",\"@id\":\"https:\\\/\\\/www.tournus.com\\\/de\\\/remerciements-landing-page\\\/#breadcrumb\",\"itemListElement\":[{\"@type\":\"ListItem\",\"position\":1,\"name\":\"Startseite\",\"item\":\"https:\\\/\\\/www.tournus.com\\\/de\\\/\"},{\"@type\":\"ListItem\",\"position\":2,\"name\":\"Remerciements landing page\"}]},{\"@type\":\"WebSite\",\"@id\":\"https:\\\/\\\/www.tournus.com\\\/de\\\/#website\",\"url\":\"https:\\\/\\\/www.tournus.com\\\/de\\\/\",\"name\":\"Tournus Equipement DE\",\"description\":\"Fabricant Fran\u00e7ais pour la restauration &amp; le commerce alimentaire\",\"potentialAction\":[{\"@type\":\"SearchAction\",\"target\":{\"@type\":\"EntryPoint\",\"urlTemplate\":\"https:\\\/\\\/www.tournus.com\\\/de\\\/?s={search_term_string}\"},\"query-input\":{\"@type\":\"PropertyValueSpecification\",\"valueRequired\":true,\"valueName\":\"search_term_string\"}}],\"inLanguage\":\"fr-FR\"}]}<\/script>\n<!-- \/ Yoast SEO plugin. -->","yoast_head_json":{"title":"Remerciements landing page - Tournus Equipement DE","description":"Merci ! Nous avons bien pris en compte votre demande et nous allons vous adresser une r\u00e9ponse dans les meilleurs d\u00e9lais. Une cuisine optimis\u00e9e en petite","robots":{"index":"index","follow":"follow","max-snippet":"max-snippet:-1","max-image-preview":"max-image-preview:large","max-video-preview":"max-video-preview:-1"},"canonical":"https:\/\/www.tournus.com\/de\/remerciements-landing-page\/","og_locale":"fr_FR","og_type":"article","og_title":"Remerciements landing page - Tournus Equipement DE","og_description":"Merci ! Nous avons bien pris en compte votre demande et nous allons vous adresser une r\u00e9ponse dans les meilleurs d\u00e9lais. Une cuisine optimis\u00e9e en petite","og_url":"https:\/\/www.tournus.com\/de\/remerciements-landing-page\/","og_site_name":"Tournus Equipement DE","article_publisher":"https:\/\/www.facebook.com\/tournusfr","og_image":[{"url":"https:\/\/www.tournus.com\/de\/wp-content\/uploads\/sites\/4\/2022\/04\/couv-tournus-sombre.jpg","type":"","width":"","height":""}],"twitter_card":"summary_large_image","twitter_misc":{"Dur\u00e9e de lecture estim\u00e9e":"1 minute"},"schema":{"@context":"https:\/\/schema.org","@graph":[{"@type":"WebPage","@id":"https:\/\/www.tournus.com\/de\/remerciements-landing-page\/","url":"https:\/\/www.tournus.com\/de\/remerciements-landing-page\/","name":"Remerciements landing page - Tournus Equipement DE","isPartOf":{"@id":"https:\/\/www.tournus.com\/de\/#website"},"primaryImageOfPage":{"@id":"https:\/\/www.tournus.com\/de\/remerciements-landing-page\/#primaryimage"},"image":{"@id":"https:\/\/www.tournus.com\/de\/remerciements-landing-page\/#primaryimage"},"thumbnailUrl":"https:\/\/www.tournus.com\/de\/wp-content\/uploads\/sites\/4\/2022\/04\/couv-tournus-sombre.jpg","datePublished":"2022-04-12T08:26:52+00:00","description":"Merci ! Nous avons bien pris en compte votre demande et nous allons vous adresser une r\u00e9ponse dans les meilleurs d\u00e9lais. Une cuisine optimis\u00e9e en petite","breadcrumb":{"@id":"https:\/\/www.tournus.com\/de\/remerciements-landing-page\/#breadcrumb"},"inLanguage":"fr-FR","potentialAction":[{"@type":"ReadAction","target":["https:\/\/www.tournus.com\/de\/remerciements-landing-page\/"]}]},{"@type":"ImageObject","inLanguage":"fr-FR","@id":"https:\/\/www.tournus.com\/de\/remerciements-landing-page\/#primaryimage","url":"https:\/\/www.tournus.com\/de\/wp-content\/uploads\/sites\/4\/2022\/04\/couv-tournus-sombre.jpg","contentUrl":"https:\/\/www.tournus.com\/de\/wp-content\/uploads\/sites\/4\/2022\/04\/couv-tournus-sombre.jpg","width":1450,"height":421,"caption":"Origine France Garantie"},{"@type":"BreadcrumbList","@id":"https:\/\/www.tournus.com\/de\/remerciements-landing-page\/#breadcrumb","itemListElement":[{"@type":"ListItem","position":1,"name":"Startseite","item":"https:\/\/www.tournus.com\/de\/"},{"@type":"ListItem","position":2,"name":"Remerciements landing page"}]},{"@type":"WebSite","@id":"https:\/\/www.tournus.com\/de\/#website","url":"https:\/\/www.tournus.com\/de\/","name":"Tournus Equipement DE","description":"Fabricant Fran\u00e7ais pour la restauration &amp; le commerce alimentaire","potentialAction":[{"@type":"SearchAction","target":{"@type":"EntryPoint","urlTemplate":"https:\/\/www.tournus.com\/de\/?s={search_term_string}"},"query-input":{"@type":"PropertyValueSpecification","valueRequired":true,"valueName":"search_term_string"}}],"inLanguage":"fr-FR"}]}},"_links":{"self":[{"href":"https:\/\/www.tournus.com\/de\/wp-json\/wp\/v2\/pages\/13116","targetHints":{"allow":["GET"]}}],"collection":[{"href":"https:\/\/www.tournus.com\/de\/wp-json\/wp\/v2\/pages"}],"about":[{"href":"https:\/\/www.tournus.com\/de\/wp-json\/wp\/v2\/types\/page"}],"author":[{"embeddable":true,"href":"https:\/\/www.tournus.com\/de\/wp-json\/wp\/v2\/users\/1"}],"replies":[{"embeddable":true,"href":"https:\/\/www.tournus.com\/de\/wp-json\/wp\/v2\/comments?post=13116"}],"version-history":[{"count":0,"href":"https:\/\/www.tournus.com\/de\/wp-json\/wp\/v2\/pages\/13116\/revisions"}],"wp:attachment":[{"href":"https:\/\/www.tournus.com\/de\/wp-json\/wp\/v2\/media?parent=13116"}],"curies":[{"name":"wp","href":"https:\/\/api.w.org\/{rel}","templated":true}]}}