{"id":12128,"date":"2021-11-09T15:47:19","date_gmt":"2021-11-09T15:47:19","guid":{"rendered":"https:\/\/www.tournus.com\/?page_id=12128"},"modified":"2024-12-11T18:15:27","modified_gmt":"2024-12-11T17:15:27","slug":"seitenubersicht","status":"publish","type":"page","link":"https:\/\/www.tournus.com\/de\/seitenubersicht\/","title":{"rendered":"Seiten\u00fcbersicht"},"content":{"rendered":"<p><code><strong><div class=\"wsp-container\"><h2 class=\"wsp-pages-title\">Pages<\/h2>\n<ul class=\"wsp-pages-list\">\n<li class=\"page_item page-item-15299\"><a href=\"https:\/\/www.tournus.com\/de\/bim-projekte\/\">BIM-Projekte<\/a><\/li>\n<li class=\"page_item page-item-13189\"><a href=\"https:\/\/www.tournus.com\/de\/landing-page-cuisine-a-b-testing\/\">Landing page cuisine a-b-testing<\/a><\/li>\n<li class=\"page_item page-item-2\"><a href=\"https:\/\/www.tournus.com\/de\/page-d-exemple\/\">Page d\u2019exemple<\/a><\/li>\n<li class=\"page_item page-item-13970\"><a href=\"https:\/\/www.tournus.com\/de\/remerciements-contacter-nous\/\">Remerciements contacter nous<\/a><\/li>\n<li class=\"page_item page-item-13116\"><a href=\"https:\/\/www.tournus.com\/de\/remerciements-landing-page\/\">Remerciements landing page<\/a><\/li>\n<li class=\"page_item page-item-13\"><a href=\"https:\/\/www.tournus.com\/de\/\">Startseite<\/a><\/li>\n<li class=\"page_item page-item-12898\"><a href=\"https:\/\/www.tournus.com\/de\/surface-mini-production-maxi\/\">Surface mini production maxi<\/a><\/li>\n<li class=\"page_item page-item-17\"><a href=\"https:\/\/www.tournus.com\/de\/fertigung-nach-mas\/\">Fertigung nach Ma\u00df<\/a><\/li>\n<li class=\"page_item page-item-22 page_item_has_children\"><a href=\"https:\/\/www.tournus.com\/de\/ihr-tatigkeitsfeld\/\">Ihr T\u00e4tigkeitsfeld<\/a>\n<ul class='children'>\n\t<li class=\"page_item page-item-50\"><a href=\"https:\/\/www.tournus.com\/de\/ihr-tatigkeitsfeld\/offentliche-einrichtungen\/\">\u00d6ffentliche Einrichtungen<\/a><\/li>\n\t<li class=\"page_item page-item-52\"><a href=\"https:\/\/www.tournus.com\/de\/ihr-tatigkeitsfeld\/restaurants\/\">Restaurants<\/a><\/li>\n\t<li class=\"page_item page-item-54\"><a href=\"https:\/\/www.tournus.com\/de\/ihr-tatigkeitsfeld\/lebensmittelgeschafte\/\">Lebensmittelgesch\u00e4fte<\/a><\/li>\n\t<li class=\"page_item page-item-65\"><a href=\"https:\/\/www.tournus.com\/de\/ihr-tatigkeitsfeld\/gros-und-einzelhandel\/\">Gro\u00df- und Einzelhandel<\/a><\/li>\n<\/ul>\n<\/li>\n<li class=\"page_item page-item-24 page_item_has_children\"><a href=\"https:\/\/www.tournus.com\/de\/die-vorteile-von-tournus\/\">Die Vorteile von Tournus<\/a>\n<ul class='children'>\n\t<li class=\"page_item page-item-79\"><a href=\"https:\/\/www.tournus.com\/de\/die-vorteile-von-tournus\/co-konstruktion\/\">Co-Konstruktion<\/a><\/li>\n\t<li class=\"page_item page-item-81\"><a href=\"https:\/\/www.tournus.com\/de\/die-vorteile-von-tournus\/planungssoftware-fur-regalsysteme\/\">Planungssoftware f\u00fcr Regalsysteme<\/a><\/li>\n\t<li class=\"page_item page-item-85\"><a href=\"https:\/\/www.tournus.com\/de\/die-vorteile-von-tournus\/ultraschnelle-lieferung\/\">Ultraschnelle Lieferung<\/a><\/li>\n\t<li class=\"page_item page-item-87\"><a href=\"https:\/\/www.tournus.com\/de\/die-vorteile-von-tournus\/unsere-experten-tipps\/\">Unsere Experten-Tipps<\/a><\/li>\n\t<li class=\"page_item page-item-89\"><a href=\"https:\/\/www.tournus.com\/de\/die-vorteile-von-tournus\/abnahmeunterlagen\/\">Abnahmeunterlagen<\/a><\/li>\n\t<li class=\"page_item page-item-4174\"><a href=\"https:\/\/www.tournus.com\/de\/die-vorteile-von-tournus\/interaktive-kuche\/\">Interaktive K\u00fcche<\/a><\/li>\n<\/ul>\n<\/li>\n<li class=\"page_item page-item-26 page_item_has_children\"><a href=\"https:\/\/www.tournus.com\/de\/unser-unternehmen\/\">Unser Unternehmen<\/a>\n<ul class='children'>\n\t<li class=\"page_item page-item-92\"><a href=\"https:\/\/www.tournus.com\/de\/unser-unternehmen\/unsere-geschichte\/\">Unsere Geschichte<\/a><\/li>\n\t<li class=\"page_item page-item-94\"><a href=\"https:\/\/www.tournus.com\/de\/unser-unternehmen\/unsere-mittel\/\">Unsere Mittel<\/a><\/li>\n\t<li class=\"page_item page-item-96\"><a href=\"https:\/\/www.tournus.com\/de\/unser-unternehmen\/origine-france-garantie\/\">Origine France Garantie<\/a><\/li>\n\t<li class=\"page_item page-item-5284\"><a href=\"https:\/\/www.tournus.com\/de\/unser-unternehmen\/unser-umweltbewusster-ansatz\/\">Unser umweltbewusster Ansatz<\/a><\/li>\n\t<li class=\"page_item page-item-5411\"><a href=\"https:\/\/www.tournus.com\/de\/unser-unternehmen\/das-unternehmen-ced\/\">Das Unternehmen CED<\/a><\/li>\n<\/ul>\n<\/li>\n<li class=\"page_item page-item-6085 current_page_parent\"><a href=\"https:\/\/www.tournus.com\/de\/unsere-neuigkeiten\/\">Unsere Neuigkeiten<\/a><\/li>\n<li class=\"page_item page-item-28\"><a href=\"https:\/\/www.tournus.com\/de\/kontakt\/\">Kontakt<\/a><\/li>\n<li class=\"page_item page-item-12128\"><a href=\"https:\/\/www.tournus.com\/de\/seitenubersicht\/\">Seiten\u00fcbersicht<\/a><\/li>\n<li class=\"page_item page-item-30\"><a href=\"https:\/\/www.tournus.com\/de\/impressum\/\">Impressum<\/a><\/li>\n<li class=\"page_item page-item-5645\"><a href=\"https:\/\/www.tournus.com\/de\/informationen-uber-cookies\/\">Informationen \u00fcber Cookies<\/a><\/li>\n<li class=\"page_item page-item-4179\"><a href=\"https:\/\/www.tournus.com\/de\/nutzliche-links\/\">N\u00fctzliche Links<\/a><\/li>\n<li class=\"page_item page-item-5652\"><a href=\"https:\/\/www.tournus.com\/de\/datenschutz\/\">Datenschutz<\/a><\/li>\n<\/ul>\n<h2 class=\"wsp-posts-title\">Articles par cat\u00e9gorie<\/h2>\n<ul class=\"wsp-posts-list\">\n\t<li><strong class=\"wsp-category-title\">Cat\u00e9gorie\u00a0: <a href=\"https:\/\/www.tournus.com\/de\/category\/actualites\/\">Actualit\u00e9s<\/a><\/strong>\n<ul class=\"wsp-posts-list\">\t\t<li class=\"wsp-post\"><a href=\"https:\/\/www.tournus.com\/de\/actualites\/ihre-versandzeit-consult-express\/\">Ihre Versandzeit: Consult&rsquo;Express<\/a><\/li>\n\t\t<li class=\"wsp-post\"><a href=\"https:\/\/www.tournus.com\/de\/actualites\/neue-longtime-zertifizierung\/\">Neue Longtime-Zertifizierung<\/a><\/li>\n<\/ul><\/li>\n<\/ul>\n<h2 class=\"wsp-produits-title\">Nos produits<\/h2>\n<ul class=\"wsp-produits-list\">\n<li><a href=\"https:\/\/www.tournus.com\/de\/unsere-produkte\/wandhalterungen-fur-utensilien\/\">Wandhalterungen f\u00fcr Utensilien<\/a><\/li>\n<li><a href=\"https:\/\/www.tournus.com\/de\/unsere-produkte\/regale-mit-unterschiedlichen-auflageflachen\/\">Regale mit unterschiedlichen Auflagefl\u00e4chen<\/a><\/li>\n<li><a href=\"https:\/\/www.tournus.com\/de\/unsere-produkte\/technische-vorwandverkleidung\/\">Technische Vorwandverkleidung<\/a><\/li>\n<li><a href=\"https:\/\/www.tournus.com\/de\/unsere-produkte\/element-tische\/\">ELEMENT-Tische<\/a><\/li>\n<li><a href=\"https:\/\/www.tournus.com\/de\/unsere-produkte\/spender-fur-desinfektionsmittel\/\">Spender f\u00fcr Desinfektionsmittel<\/a><\/li>\n<li><a href=\"https:\/\/www.tournus.com\/de\/unsere-produkte\/chr-tische\/\">CHR-Tische<\/a><\/li>\n<li><a href=\"https:\/\/www.tournus.com\/de\/unsere-produkte\/chr-hohe-schranke\/\">CHR Hohe Schr\u00e4nke<\/a><\/li>\n<li><a href=\"https:\/\/www.tournus.com\/de\/unsere-produkte\/die-schranke-fur-reinigungsprodukte\/\">Die Schr\u00e4nke f\u00fcr Reinigungsprodukte<\/a><\/li>\n<li><a href=\"https:\/\/www.tournus.com\/de\/unsere-produkte\/chr-wandregale\/\">CHR-Wandregale<\/a><\/li>\n<li><a href=\"https:\/\/www.tournus.com\/de\/unsere-produkte\/mobel\/\">M\u00f6bel<\/a><\/li>\n<li><a href=\"https:\/\/www.tournus.com\/de\/unsere-produkte\/chr-hangeschranke\/\">CHR-H\u00e4ngeschr\u00e4nke<\/a><\/li>\n<li><a href=\"https:\/\/www.tournus.com\/de\/unsere-produkte\/chr-spulbecken\/\">CHR-Sp\u00fclbecken<\/a><\/li>\n<li><a href=\"https:\/\/www.tournus.com\/de\/unsere-produkte\/ergonomix-arbeitsplatten\/\">Ergonomix-Arbeitsplatten<\/a><\/li>\n<li><a href=\"https:\/\/www.tournus.com\/de\/unsere-produkte\/hybridstand-theken\/\">HybridStand-Theken<\/a><\/li>\n<li><a href=\"https:\/\/www.tournus.com\/de\/unsere-produkte\/oreo3\/\">Or\u00e9o3<\/a><\/li>\n<li><a href=\"https:\/\/www.tournus.com\/de\/unsere-produkte\/gepragte-spulbecken\/\">Gepr\u00e4gte Sp\u00fclbecken<\/a><\/li>\n<li><a href=\"https:\/\/www.tournus.com\/de\/unsere-produkte\/neutrale-mobel\/\">Neutrale M\u00f6bel<\/a><\/li>\n<li><a href=\"https:\/\/www.tournus.com\/de\/unsere-produkte\/ts-2000n\/\">TS 2000N<\/a><\/li>\n<li><a href=\"https:\/\/www.tournus.com\/de\/unsere-produkte\/regale-mit-herausnehmbaren-boden\/\">Regale mit herausnehmbaren B\u00f6den<\/a><\/li>\n<li><a href=\"https:\/\/www.tournus.com\/de\/unsere-produkte\/fischtheken-modell-mariteam\/\">Fischtheken Modell Mariteam<\/a><\/li>\n<li><a href=\"https:\/\/www.tournus.com\/de\/unsere-produkte\/abfalltrennung\/\">Abfalltrennung<\/a><\/li>\n<li><a href=\"https:\/\/www.tournus.com\/de\/unsere-produkte\/mobile-sackhalter\/\">Mobile Sackhalter<\/a><\/li>\n<li><a href=\"https:\/\/www.tournus.com\/de\/unsere-produkte\/servierwagen\/\">Servierwagen<\/a><\/li>\n<li><a href=\"https:\/\/www.tournus.com\/de\/unsere-produkte\/rundrohr-theken\/\">Rundrohr-Theken<\/a><\/li>\n<li><a href=\"https:\/\/www.tournus.com\/de\/unsere-produkte\/handwaschbecken-ga\/\">Handwaschbecken GA<\/a><\/li>\n<li><a href=\"https:\/\/www.tournus.com\/de\/unsere-produkte\/hohe-schranke\/\">Hohe Schr\u00e4nke<\/a><\/li>\n<li><a href=\"https:\/\/www.tournus.com\/de\/unsere-produkte\/edelstahltische\/\">Edelstahltische<\/a><\/li>\n<li><a href=\"https:\/\/www.tournus.com\/de\/unsere-produkte\/tellerwagen\/\">Tellerwagen<\/a><\/li>\n<li><a href=\"https:\/\/www.tournus.com\/de\/unsere-produkte\/sackhalter-mit-klemme\/\">Sackhalter mit Klemme<\/a><\/li>\n<li><a href=\"https:\/\/www.tournus.com\/de\/unsere-produkte\/handwaschbecken-gc\/\">Handwaschbecken GC<\/a><\/li>\n<li><a href=\"https:\/\/www.tournus.com\/de\/unsere-produkte\/mehrfacetten-theken\/\">Mehrfacetten-Theken<\/a><\/li>\n<li><a href=\"https:\/\/www.tournus.com\/de\/unsere-produkte\/hangeschranke\/\">H\u00e4ngeschr\u00e4nke<\/a><\/li>\n<li><a href=\"https:\/\/www.tournus.com\/de\/unsere-produkte\/theken-mit-kontrollierter-kuhlung\/\">Theken mit kontrollierter K\u00fchlung<\/a><\/li>\n<li><a href=\"https:\/\/www.tournus.com\/de\/unsere-produkte\/wagen-mit-konstantem-niveau-fur-teller\/\">Wagen mit konstantem Niveau f\u00fcr Teller<\/a><\/li>\n<li><a href=\"https:\/\/www.tournus.com\/de\/unsere-produkte\/gastronorm-behalter-aus-edelstahl\/\">Gastronorm-Beh\u00e4lter aus Edelstahl<\/a><\/li>\n<li><a href=\"https:\/\/www.tournus.com\/de\/unsere-produkte\/wagen-mit-konstantem-niveau-fur-glaser-und-tabletts\/\">Wagen mit konstantem Niveau f\u00fcr Gl\u00e4ser und Tabletts<\/a><\/li>\n<li><a href=\"https:\/\/www.tournus.com\/de\/unsere-produkte\/pariser-mobel\/\">Pariser M\u00f6bel<\/a><\/li>\n<li><a href=\"https:\/\/www.tournus.com\/de\/unsere-produkte\/modulare-theken\/\">Modulare Theken<\/a><\/li>\n<li><a href=\"https:\/\/www.tournus.com\/de\/unsere-produkte\/spulen-fur-grose-utensilien\/\">Sp\u00fclen f\u00fcr gro\u00dfe Utensilien<\/a><\/li>\n<li><a href=\"https:\/\/www.tournus.com\/de\/unsere-produkte\/spulbereich-umgebung\/\">Sp\u00fclbereich Umgebung<\/a><\/li>\n<li><a href=\"https:\/\/www.tournus.com\/de\/unsere-produkte\/behalterwagen\/\">Beh\u00e4lterwagen<\/a><\/li>\n<li><a href=\"https:\/\/www.tournus.com\/de\/unsere-produkte\/wandregale-aus-edelstahl\/\">Wandregale aus Edelstahl<\/a><\/li>\n<li><a href=\"https:\/\/www.tournus.com\/de\/unsere-produkte\/autonomes-handwaschbecken\/\">Autonomes Handwaschbecken<\/a><\/li>\n<li><a href=\"https:\/\/www.tournus.com\/de\/unsere-produkte\/kuhlmobel\/\">K\u00fchlm\u00f6bel<\/a><\/li>\n<li><a href=\"https:\/\/www.tournus.com\/de\/unsere-produkte\/cafeteria-abraumwagen\/\">Cafeteria Abr\u00e4umwagen<\/a><\/li>\n<li><a href=\"https:\/\/www.tournus.com\/de\/unsere-produkte\/gastronorm-behalter-aus-copolyester\/\">Gastronorm Beh\u00e4lter aus Copolyester<\/a><\/li>\n<li><a href=\"https:\/\/www.tournus.com\/de\/unsere-produkte\/heizmobel\/\">Heizm\u00f6bel<\/a><\/li>\n<li><a href=\"https:\/\/www.tournus.com\/de\/unsere-produkte\/aktionsmobel\/\">Aktionsm\u00f6bel<\/a><\/li>\n<li><a href=\"https:\/\/www.tournus.com\/de\/unsere-produkte\/spulen-mit-unterschrank\/\">Sp\u00fclen mit Unterschrank<\/a><\/li>\n<li><a href=\"https:\/\/www.tournus.com\/de\/unsere-produkte\/ideco3\/\">Ideco3<\/a><\/li>\n<li><a href=\"https:\/\/www.tournus.com\/de\/unsere-produkte\/bergerie-mobel\/\">Bergerie-M\u00f6bel<\/a><\/li>\n<li><a href=\"https:\/\/www.tournus.com\/de\/unsere-produkte\/handwaschbecken-ausgus-kombination\/\">Handwaschbecken-Ausgu\u00df-Kombination<\/a><\/li>\n<li><a href=\"https:\/\/www.tournus.com\/de\/unsere-produkte\/die-umgebung-der-abteilung\/\">Die Umgebung der Abteilung<\/a><\/li>\n<li><a href=\"https:\/\/www.tournus.com\/de\/unsere-produkte\/wagen-mit-gastronorm-schienen\/\">Wagen mit Gastronorm-Schienen<\/a><\/li>\n<li><a href=\"https:\/\/www.tournus.com\/de\/unsere-produkte\/wandregale\/\">Wandregale<\/a><\/li>\n<li><a href=\"https:\/\/www.tournus.com\/de\/unsere-produkte\/zylindrische-mulleimer-und-hygienebehalter\/\">Zylindrische M\u00fclleimer und Hygienebeh\u00e4lter<\/a><\/li>\n<li><a href=\"https:\/\/www.tournus.com\/de\/unsere-produkte\/schneidetische\/\">Schneidetische<\/a><\/li>\n<li><a href=\"https:\/\/www.tournus.com\/de\/unsere-produkte\/wagen-mit-euronorm-schienen\/\">Wagen mit Euronorm-Schienen<\/a><\/li>\n<li><a href=\"https:\/\/www.tournus.com\/de\/unsere-produkte\/geschirrwagen-fur-gefullte-teller\/\">Geschirrwagen f\u00fcr gef\u00fcllte Teller<\/a><\/li>\n<li><a href=\"https:\/\/www.tournus.com\/de\/unsere-produkte\/weitere-tische\/\">Weitere Tische<\/a><\/li>\n<li><a href=\"https:\/\/www.tournus.com\/de\/unsere-produkte\/snack-mulleimer\/\">Snack-M\u00fclleimer<\/a><\/li>\n<li><a href=\"https:\/\/www.tournus.com\/de\/unsere-produkte\/bambino3\/\">Bambino3<\/a><\/li>\n<li><a href=\"https:\/\/www.tournus.com\/de\/unsere-produkte\/gastronorm-behalter-aus-polypropylen\/\">Gastronorm-Beh\u00e4lter aus Polypropylen<\/a><\/li>\n<li><a href=\"https:\/\/www.tournus.com\/de\/unsere-produkte\/topfregale\/\">Topfregale<\/a><\/li>\n<li><a href=\"https:\/\/www.tournus.com\/de\/unsere-produkte\/wagen-fur-gastronorm-behalter\/\">W\u00e4gen f\u00fcr Gastronorm-Beh\u00e4lter<\/a><\/li>\n<li><a href=\"https:\/\/www.tournus.com\/de\/unsere-produkte\/temp-up\/\">Temp Up<\/a><\/li>\n<li><a href=\"https:\/\/www.tournus.com\/de\/unsere-produkte\/platten-gitter-tabletts\/\">Platten, Gitter, Tabletts<\/a><\/li>\n<li><a href=\"https:\/\/www.tournus.com\/de\/unsere-produkte\/bodensiphons\/\">Bodensiphons<\/a><\/li>\n<li><a href=\"https:\/\/www.tournus.com\/de\/unsere-produkte\/mandarine\/\">Mandarine<\/a><\/li>\n<li><a href=\"https:\/\/www.tournus.com\/de\/unsere-produkte\/bodenablaufe\/\">Bodenabl\u00e4ufe<\/a><\/li>\n<li><a href=\"https:\/\/www.tournus.com\/de\/unsere-produkte\/roll-fresh\/\">Roll'Fresh<\/a><\/li>\n<li><a href=\"https:\/\/www.tournus.com\/de\/unsere-produkte\/roll-service\/\">Roll'Service<\/a><\/li>\n<li><a href=\"https:\/\/www.tournus.com\/de\/unsere-produkte\/andere-wagen\/\">Andere Wagen<\/a><\/li>\n<li><a href=\"https:\/\/www.tournus.com\/de\/unsere-produkte\/wasserspender\/\">Wasserspender<\/a><\/li>\n<\/ul>\n<h2 class=\"wsp-categories_produitss-title\">Cat\u00e9gories produits<\/h2>\n<ul class=\"wsp-categories_produitss-list\">\n<li><a href=\"https:\/\/www.tournus.com\/de\/produkte\/bodenablaufe\/\">Bodenabl\u00e4ufe<\/a><\/li>\n<li><a href=\"https:\/\/www.tournus.com\/de\/produkte\/edelstahl-fischtheken\/\">Edelstahl-Fischtheken<\/a><\/li>\n<li><a href=\"https:\/\/www.tournus.com\/de\/produkte\/edelstahl-handwaschbecken\/\">Edelstahl-Handwaschbecken<\/a><\/li>\n<li><a href=\"https:\/\/www.tournus.com\/de\/produkte\/edelstahlmobel\/\">Edelstahlm\u00f6bel<\/a><\/li>\n<li><a href=\"https:\/\/www.tournus.com\/de\/produkte\/edelstahlmobel-chr\/\">Edelstahlm\u00f6bel CHR<\/a><\/li>\n<li><a href=\"https:\/\/www.tournus.com\/de\/produkte\/edelstahlspulen\/\">Edelstahlsp\u00fclen<\/a><\/li>\n<li><a href=\"https:\/\/www.tournus.com\/de\/produkte\/edelstahltische\/\">Edelstahltische<\/a><\/li>\n<li><a href=\"https:\/\/www.tournus.com\/de\/produkte\/edelstahlwagen\/\">Edelstahlwagen<\/a><\/li>\n<li><a href=\"https:\/\/www.tournus.com\/de\/produkte\/hygiene\/\">Hygiene<\/a><\/li>\n<li><a href=\"https:\/\/www.tournus.com\/de\/produkte\/mulleimer\/\">M\u00fclleimer<\/a><\/li>\n<li><a href=\"https:\/\/www.tournus.com\/de\/produkte\/regale\/\">Regale<\/a><\/li>\n<li><a href=\"https:\/\/www.tournus.com\/de\/produkte\/regenerieren-und-warmhalten\/\">Regenerieren und Warmhalten<\/a><\/li>\n<li><a href=\"https:\/\/www.tournus.com\/de\/produkte\/schalen-und-gitter\/\">Schalen und Gitter<\/a><\/li>\n<li><a href=\"https:\/\/www.tournus.com\/de\/produkte\/selbstbedienung\/\">Selbstbedienung<\/a><\/li>\n<li><a href=\"https:\/\/www.tournus.com\/de\/produkte\/spulkuche\/\">Sp\u00fclk\u00fcche<\/a><\/li>\n<\/ul>\n<\/div><\/strong><\/code><\/p>\n","protected":false},"excerpt":{"rendered":"","protected":false},"author":1,"featured_media":0,"parent":0,"menu_order":110,"comment_status":"closed","ping_status":"closed","template":"","meta":{"footnotes":""},"class_list":["post-12128","page","type-page","status-publish","hentry"],"yoast_head":"<!-- This site is optimized with the Yoast SEO plugin v27.3 - https:\/\/yoast.com\/product\/yoast-seo-wordpress\/ -->\n<title>Seiten\u00fcbersicht - Tournus Equipement DE<\/title>\n<meta name=\"description\" content=\"Retrouvez sur cette rubrique du plan du site Tournus \u00c9quipement et consultez directement la page ou le contenu qui vous int\u00e9resse.\" \/>\n<meta name=\"robots\" content=\"index, follow, max-snippet:-1, max-image-preview:large, max-video-preview:-1\" \/>\n<link rel=\"canonical\" href=\"https:\/\/www.tournus.com\/de\/seitenubersicht\/\" \/>\n<meta property=\"og:locale\" content=\"fr_FR\" \/>\n<meta property=\"og:type\" content=\"article\" \/>\n<meta property=\"og:title\" content=\"Seiten\u00fcbersicht - Tournus Equipement DE\" \/>\n<meta property=\"og:description\" content=\"Retrouvez sur cette rubrique du plan du site Tournus \u00c9quipement et consultez directement la page ou le contenu qui vous int\u00e9resse.\" \/>\n<meta property=\"og:url\" content=\"https:\/\/www.tournus.com\/de\/seitenubersicht\/\" \/>\n<meta property=\"og:site_name\" content=\"Tournus Equipement DE\" \/>\n<meta property=\"article:publisher\" content=\"https:\/\/www.facebook.com\/tournusfr\" \/>\n<meta property=\"article:modified_time\" content=\"2024-12-11T17:15:27+00:00\" \/>\n<meta name=\"twitter:card\" content=\"summary_large_image\" \/>\n<script type=\"application\/ld+json\" class=\"yoast-schema-graph\">{\"@context\":\"https:\\\/\\\/schema.org\",\"@graph\":[{\"@type\":\"WebPage\",\"@id\":\"https:\\\/\\\/www.tournus.com\\\/de\\\/seitenubersicht\\\/\",\"url\":\"https:\\\/\\\/www.tournus.com\\\/de\\\/seitenubersicht\\\/\",\"name\":\"Seiten\u00fcbersicht - Tournus Equipement DE\",\"isPartOf\":{\"@id\":\"https:\\\/\\\/www.tournus.com\\\/de\\\/#website\"},\"datePublished\":\"2021-11-09T15:47:19+00:00\",\"dateModified\":\"2024-12-11T17:15:27+00:00\",\"description\":\"Retrouvez sur cette rubrique du plan du site Tournus \u00c9quipement et consultez directement la page ou le contenu qui vous int\u00e9resse.\",\"breadcrumb\":{\"@id\":\"https:\\\/\\\/www.tournus.com\\\/de\\\/seitenubersicht\\\/#breadcrumb\"},\"inLanguage\":\"fr-FR\",\"potentialAction\":[{\"@type\":\"ReadAction\",\"target\":[\"https:\\\/\\\/www.tournus.com\\\/de\\\/seitenubersicht\\\/\"]}]},{\"@type\":\"BreadcrumbList\",\"@id\":\"https:\\\/\\\/www.tournus.com\\\/de\\\/seitenubersicht\\\/#breadcrumb\",\"itemListElement\":[{\"@type\":\"ListItem\",\"position\":1,\"name\":\"Startseite\",\"item\":\"https:\\\/\\\/www.tournus.com\\\/de\\\/\"},{\"@type\":\"ListItem\",\"position\":2,\"name\":\"Seiten\u00fcbersicht\"}]},{\"@type\":\"WebSite\",\"@id\":\"https:\\\/\\\/www.tournus.com\\\/de\\\/#website\",\"url\":\"https:\\\/\\\/www.tournus.com\\\/de\\\/\",\"name\":\"Tournus Equipement DE\",\"description\":\"Fabricant Fran\u00e7ais pour la restauration &amp; le commerce alimentaire\",\"potentialAction\":[{\"@type\":\"SearchAction\",\"target\":{\"@type\":\"EntryPoint\",\"urlTemplate\":\"https:\\\/\\\/www.tournus.com\\\/de\\\/?s={search_term_string}\"},\"query-input\":{\"@type\":\"PropertyValueSpecification\",\"valueRequired\":true,\"valueName\":\"search_term_string\"}}],\"inLanguage\":\"fr-FR\"}]}<\/script>\n<!-- \/ Yoast SEO plugin. -->","yoast_head_json":{"title":"Seiten\u00fcbersicht - Tournus Equipement DE","description":"Retrouvez sur cette rubrique du plan du site Tournus \u00c9quipement et consultez directement la page ou le contenu qui vous int\u00e9resse.","robots":{"index":"index","follow":"follow","max-snippet":"max-snippet:-1","max-image-preview":"max-image-preview:large","max-video-preview":"max-video-preview:-1"},"canonical":"https:\/\/www.tournus.com\/de\/seitenubersicht\/","og_locale":"fr_FR","og_type":"article","og_title":"Seiten\u00fcbersicht - Tournus Equipement DE","og_description":"Retrouvez sur cette rubrique du plan du site Tournus \u00c9quipement et consultez directement la page ou le contenu qui vous int\u00e9resse.","og_url":"https:\/\/www.tournus.com\/de\/seitenubersicht\/","og_site_name":"Tournus Equipement DE","article_publisher":"https:\/\/www.facebook.com\/tournusfr","article_modified_time":"2024-12-11T17:15:27+00:00","twitter_card":"summary_large_image","schema":{"@context":"https:\/\/schema.org","@graph":[{"@type":"WebPage","@id":"https:\/\/www.tournus.com\/de\/seitenubersicht\/","url":"https:\/\/www.tournus.com\/de\/seitenubersicht\/","name":"Seiten\u00fcbersicht - Tournus Equipement DE","isPartOf":{"@id":"https:\/\/www.tournus.com\/de\/#website"},"datePublished":"2021-11-09T15:47:19+00:00","dateModified":"2024-12-11T17:15:27+00:00","description":"Retrouvez sur cette rubrique du plan du site Tournus \u00c9quipement et consultez directement la page ou le contenu qui vous int\u00e9resse.","breadcrumb":{"@id":"https:\/\/www.tournus.com\/de\/seitenubersicht\/#breadcrumb"},"inLanguage":"fr-FR","potentialAction":[{"@type":"ReadAction","target":["https:\/\/www.tournus.com\/de\/seitenubersicht\/"]}]},{"@type":"BreadcrumbList","@id":"https:\/\/www.tournus.com\/de\/seitenubersicht\/#breadcrumb","itemListElement":[{"@type":"ListItem","position":1,"name":"Startseite","item":"https:\/\/www.tournus.com\/de\/"},{"@type":"ListItem","position":2,"name":"Seiten\u00fcbersicht"}]},{"@type":"WebSite","@id":"https:\/\/www.tournus.com\/de\/#website","url":"https:\/\/www.tournus.com\/de\/","name":"Tournus Equipement DE","description":"Fabricant Fran\u00e7ais pour la restauration &amp; le commerce alimentaire","potentialAction":[{"@type":"SearchAction","target":{"@type":"EntryPoint","urlTemplate":"https:\/\/www.tournus.com\/de\/?s={search_term_string}"},"query-input":{"@type":"PropertyValueSpecification","valueRequired":true,"valueName":"search_term_string"}}],"inLanguage":"fr-FR"}]}},"_links":{"self":[{"href":"https:\/\/www.tournus.com\/de\/wp-json\/wp\/v2\/pages\/12128","targetHints":{"allow":["GET"]}}],"collection":[{"href":"https:\/\/www.tournus.com\/de\/wp-json\/wp\/v2\/pages"}],"about":[{"href":"https:\/\/www.tournus.com\/de\/wp-json\/wp\/v2\/types\/page"}],"author":[{"embeddable":true,"href":"https:\/\/www.tournus.com\/de\/wp-json\/wp\/v2\/users\/1"}],"replies":[{"embeddable":true,"href":"https:\/\/www.tournus.com\/de\/wp-json\/wp\/v2\/comments?post=12128"}],"version-history":[{"count":1,"href":"https:\/\/www.tournus.com\/de\/wp-json\/wp\/v2\/pages\/12128\/revisions"}],"predecessor-version":[{"id":15312,"href":"https:\/\/www.tournus.com\/de\/wp-json\/wp\/v2\/pages\/12128\/revisions\/15312"}],"wp:attachment":[{"href":"https:\/\/www.tournus.com\/de\/wp-json\/wp\/v2\/media?parent=12128"}],"curies":[{"name":"wp","href":"https:\/\/api.w.org\/{rel}","templated":true}]}}